{"id":228,"date":"2011-02-23T16:53:12","date_gmt":"2011-02-23T14:53:12","guid":{"rendered":"https:\/\/webs.uab.cat\/oic\/ucmmadrid\/"},"modified":"2022-10-05T13:11:31","modified_gmt":"2022-10-05T11:11:31","slug":"ucmmadrid","status":"publish","type":"page","link":"https:\/\/webs.uab.cat\/oic\/es\/ucmmadrid\/","title":{"rendered":"Grupo de An\u00e1lisis de la divulgaci\u00f3n cultural y cient\u00edfica en los medios de comunicaci\u00f3n social"},"content":{"rendered":"\n<div class=\"wp-block-media-text alignwide is-stacked-on-mobile has-primary-background-color has-background\" style=\"grid-template-columns:20% auto\"><figure class=\"wp-block-media-text__media\"><img decoding=\"async\" src=\"http:\/\/centresderecerca.uab.cat\/oic\/sites\/centresderecerca.uab.cat.oic\/files\/images\/Logo UCM.jpg\" alt=\"\"\/><\/figure><div class=\"wp-block-media-text__content\">\n<p class=\"has-small-font-size\">El grupo investigaci\u00f3n sobre el An\u00e1lisis de la divulgaci\u00f3n cultural y cient\u00edfica en los medios de comunicaci\u00f3n social de la Universidad Complutense de Madrid, tiene entre sus objetivos espec\u00edficos el An\u00e1lisis de contenido de los mensajes period\u00edsticos; el estudio de las Pol\u00edticas p\u00fablicas de impulso a la sociedad de la informaci\u00f3n; la Informaci\u00f3n internacional y de conflictos como divulgaci\u00f3n cultural e ideol\u00f3gica; la Deontolog\u00eda period\u00edstica; las relaciones entre Comunicaci\u00f3n, pol\u00edtica y cooperaci\u00f3n para el desarrollo; y la Divulgaci\u00f3n de la ciencia y la tecnolog\u00eda.<\/p>\n<\/div><\/div>\n\n\n\n<h2 class=\"wp-block-heading\"><strong>Directoras<\/strong><\/h2>\n\n\n\n<p><a href=\"http:\/\/webs.uab.cat\/oic\/pinar-agudiez\">Dra. Pinar Agudiez<\/a><\/p>\n\n\n\n<p><a href=\"http:\/\/webs.uab.cat\/oic\/elena-real\">Dra. Elena Real<\/a><\/p>\n\n\n\n<p>Universidad Complutense de Madrid<\/p>\n\n\n\n<p>Facultad de Ciencias de la Informaci\u00f3n<\/p>\n\n\n\n<p>pagudiez@ccinf.ucm.es<\/p>\n\n\n\n<p>ereal@ccinf.ucm.es<\/p>\n","protected":false},"excerpt":{"rendered":"<p>El grupo investigaci\u00f3n sobre el An\u00e1lisis de la divulgaci\u00f3n cultural y cient\u00edfica en los medios de comunicaci\u00f3n social de la Universidad Complutense de Madrid, tiene entre sus objetivos espec\u00edficos el An\u00e1lisis de contenido de los mensajes period\u00edsticos; el estudio de las Pol\u00edticas p\u00fablicas de impulso a la sociedad de la informaci\u00f3n; la Informaci\u00f3n internacional y [&hellip;]<\/p>\n","protected":false},"author":20,"featured_media":0,"parent":0,"menu_order":0,"comment_status":"closed","ping_status":"closed","template":"","meta":{"footnotes":""},"class_list":["post-228","page","type-page","status-publish","hentry"],"_links":{"self":[{"href":"https:\/\/webs.uab.cat\/oic\/es\/wp-json\/wp\/v2\/pages\/228","targetHints":{"allow":["GET"]}}],"collection":[{"href":"https:\/\/webs.uab.cat\/oic\/es\/wp-json\/wp\/v2\/pages"}],"about":[{"href":"https:\/\/webs.uab.cat\/oic\/es\/wp-json\/wp\/v2\/types\/page"}],"author":[{"embeddable":true,"href":"https:\/\/webs.uab.cat\/oic\/es\/wp-json\/wp\/v2\/users\/20"}],"replies":[{"embeddable":true,"href":"https:\/\/webs.uab.cat\/oic\/es\/wp-json\/wp\/v2\/comments?post=228"}],"version-history":[{"count":1,"href":"https:\/\/webs.uab.cat\/oic\/es\/wp-json\/wp\/v2\/pages\/228\/revisions"}],"predecessor-version":[{"id":2396,"href":"https:\/\/webs.uab.cat\/oic\/es\/wp-json\/wp\/v2\/pages\/228\/revisions\/2396"}],"wp:attachment":[{"href":"https:\/\/webs.uab.cat\/oic\/es\/wp-json\/wp\/v2\/media?parent=228"}],"curies":[{"name":"wp","href":"https:\/\/api.w.org\/{rel}","templated":true}]}}