{"id":229,"date":"2011-02-23T16:53:54","date_gmt":"2011-02-23T14:53:54","guid":{"rendered":"https:\/\/webs.uab.cat\/oic\/uciiimadrid\/"},"modified":"2022-10-05T13:00:55","modified_gmt":"2022-10-05T11:00:55","slug":"uciiimadrid","status":"publish","type":"page","link":"https:\/\/webs.uab.cat\/oic\/es\/uciiimadrid\/","title":{"rendered":"Grupo Periodismo y An\u00e1lisis Social: Evoluci\u00f3n, Efectos y Tendencias (PASEET)"},"content":{"rendered":"\n<div class=\"wp-block-media-text alignwide is-stacked-on-mobile has-primary-background-color has-background\" style=\"grid-template-columns:23% auto\"><figure class=\"wp-block-media-text__media\"><img decoding=\"async\" src=\"http:\/\/centresderecerca.uab.cat\/oic\/sites\/centresderecerca.uab.cat.oic\/files\/images\/Universidad%20Carlos%20III%20de%20Madrid%20peque%C3%B1o_0.png\" alt=\"\"\/><\/figure><div class=\"wp-block-media-text__content\">\n<p class=\"has-small-font-size\">&nbsp;Este equipo de la Universidad Carlos III de Madrid (UC3M) aborda an\u00e1lisis sistem\u00e1ticos sobre tendencias en el tratamiento de la informaci\u00f3n en el panorama medi\u00e1tico espa\u00f1ol. Se trata del an\u00e1lisis tanto de las tendencias de los contenidos, como del sistema organizativo de las redacciones, el tratamiento de la informaci\u00f3n, la configuraci\u00f3n de las agendas medi\u00e1ticas (en este caso, contempladas fundamentalmente frente a, o en convivencia con la esfera p\u00fablica, civil y pol\u00edtica), el acceso a las fuentes\u2026Todo ello, sin perjuicio de otras l\u00edneas complementarias de investigaci\u00f3n como puedan ser los nuevos g\u00e9neros y estilos, formatos,&nbsp; dise\u00f1o, usabilidad, perfil del periodista, sin olvidar, finalmente, la propia ense\u00f1anza del periodismo digital.<\/p>\n<\/div><\/div>\n\n\n\n<p>El surgimiento de nuevos lenguajes de comunicaci\u00f3n y el tratamiento de los contenidos period\u00edsticos que se transmiten a trav\u00e9s de la Red centrar\u00e1, por consiguiente, la labor del grupo investigador, que se desarrollar\u00e1 fundamentalmente en los medios en espa\u00f1ol. El grupo realizar\u00e1 un seguimiento y an\u00e1lisis sistem\u00e1ticos de la situaci\u00f3n y evoluci\u00f3n de los medios digitales, de las funciones y la formaci\u00f3n de los nuevos periodistas, as\u00ed como de los nuevos lenguajes y c\u00f3digos de comunicaci\u00f3n en los contenidos period\u00edsticos on line, recogiendo al tiempo la informaci\u00f3n y el conocimiento de los especialistas en la materia.&nbsp;<\/p>\n\n\n\n<p>Se pretende deducir c\u00f3mo se trabaja en la profesi\u00f3n, tanto en los medios tradicionales como en la Red. Poder as\u00ed analizar los m\u00e9todos y las b\u00fasquedas de la informaci\u00f3n, la toma de decisiones, los temas tratados,&nbsp; la iniciativa de la cobertura period\u00edstica, la valoraci\u00f3n de las noticias, los g\u00e9neros utilizados (este apartado se completar\u00e1 con el del an\u00e1lisis de los cambios que la Red introduce&nbsp; en el campo de los g\u00e9neros), las fuentes informativas, los personajes que aparecen en las noticias.<\/p>\n\n\n\n<p><strong>Directora<\/strong>:<\/p>\n\n\n\n<p><a href=\"http:\/\/webs.uab.cat\/oic\/pilar-diezhandino\">Dra. Mar\u00eda del Pilar Diezhandino Nieto<\/a><\/p>\n\n\n\n<p>Universidad Carlos III de Madrid<\/p>\n\n\n\n<p>Facultad de Humanidades, Comunicaci\u00f3n y Documentaci\u00f3n<\/p>\n\n\n\n<p>pdnieto@hum.uc3m.es<\/p>\n","protected":false},"excerpt":{"rendered":"<p>&nbsp;Este equipo de la Universidad Carlos III de Madrid (UC3M) aborda an\u00e1lisis sistem\u00e1ticos sobre tendencias en el tratamiento de la informaci\u00f3n en el panorama medi\u00e1tico espa\u00f1ol. Se trata del an\u00e1lisis tanto de las tendencias de los contenidos, como del sistema organizativo de las redacciones, el tratamiento de la informaci\u00f3n, la configuraci\u00f3n de las agendas medi\u00e1ticas [&hellip;]<\/p>\n","protected":false},"author":20,"featured_media":0,"parent":0,"menu_order":0,"comment_status":"closed","ping_status":"closed","template":"","meta":{"footnotes":""},"class_list":["post-229","page","type-page","status-publish","hentry"],"_links":{"self":[{"href":"https:\/\/webs.uab.cat\/oic\/es\/wp-json\/wp\/v2\/pages\/229","targetHints":{"allow":["GET"]}}],"collection":[{"href":"https:\/\/webs.uab.cat\/oic\/es\/wp-json\/wp\/v2\/pages"}],"about":[{"href":"https:\/\/webs.uab.cat\/oic\/es\/wp-json\/wp\/v2\/types\/page"}],"author":[{"embeddable":true,"href":"https:\/\/webs.uab.cat\/oic\/es\/wp-json\/wp\/v2\/users\/20"}],"replies":[{"embeddable":true,"href":"https:\/\/webs.uab.cat\/oic\/es\/wp-json\/wp\/v2\/comments?post=229"}],"version-history":[{"count":1,"href":"https:\/\/webs.uab.cat\/oic\/es\/wp-json\/wp\/v2\/pages\/229\/revisions"}],"predecessor-version":[{"id":2378,"href":"https:\/\/webs.uab.cat\/oic\/es\/wp-json\/wp\/v2\/pages\/229\/revisions\/2378"}],"wp:attachment":[{"href":"https:\/\/webs.uab.cat\/oic\/es\/wp-json\/wp\/v2\/media?parent=229"}],"curies":[{"name":"wp","href":"https:\/\/api.w.org\/{rel}","templated":true}]}}