{"id":2329,"date":"2022-10-05T11:52:42","date_gmt":"2022-10-05T09:52:42","guid":{"rendered":"https:\/\/webs.uab.cat\/oic\/grup-localcom\/"},"modified":"2022-10-05T11:57:00","modified_gmt":"2022-10-05T09:57:00","slug":"grup-localcom","status":"publish","type":"page","link":"https:\/\/webs.uab.cat\/oic\/es\/grup-localcom\/","title":{"rendered":"Grupo LOCALCOM"},"content":{"rendered":"<div class=\"wp-block-image\">\n<figure class=\"aligncenter size-full is-resized\"><img loading=\"lazy\" decoding=\"async\" src=\"https:\/\/webs.uab.cat\/oic\/wp-content\/uploads\/sites\/223\/2015\/05\/localcom-icono-letras_1.png\" alt=\"\" class=\"wp-image-79\" width=\"415\" height=\"108\"\/><\/figure>\n<\/div>\n\n\n<p>El<strong>&nbsp;Grupo de<\/strong>&nbsp;<strong>Estudios Locales de Comunicaci\u00f3n<\/strong>&nbsp;(LOCALCOM) es un n\u00facleo de investigaci\u00f3n consolidado, localizado en la Universitat Aut\u00f2noma de Barcelona. Este n\u00facleo promueve la R<strong>ed interuniversitaria e interdisciplinar LOCALCOM<\/strong>&nbsp;orientada a la cooperaci\u00f3n y generaci\u00f3n de conocimientos en el campo de la&nbsp;comunicaci\u00f3n.&nbsp;La red LOCALCOM est\u00e1 coordinada por la&nbsp;Universitat&nbsp;Aut\u00f2noma de Barcelona, e integra&nbsp;a las universidades de Alicante, de M\u00e1laga, de Santiago de Compostela, del Pa\u00eds Vasco,&nbsp;Complutense y Carlos III de Madrid.&nbsp;El n\u00facleo LOCALCOM desarrolla su actividad preferentemente en el \u00e1mbito de los espacios locales, pues es en estos territorios, no siempre considerados por la investigaci\u00f3n,&nbsp;donde se establecen las articulaciones esenciales entre la comunicaci\u00f3n, la cultura, la econom\u00eda, las pol\u00edticas p\u00fablicas y el desarrollo del bienestar&nbsp;social.&nbsp;<\/p>\n\n\n\n<p>El Grupo&nbsp;ha aplicado sus conocimientos al an\u00e1lisis del impacto de los procesos comunicativos en las distintas comunidades aut\u00f3nomas espa\u00f1olas, con la mirada puesta en tres actores fundamentales: los ciudadanos, la industria y la administraci\u00f3n p\u00fablica. A partir de esta experiencia, LOCALCOM dispone&nbsp;de metodolog\u00edas aplicables al escenario euro-iberoamericano, espacio en el que tambi\u00e9n est\u00e1 presente a trav\u00e9s de la&nbsp;<strong>Red Interuniversitaria de Estudios de Comunicaci\u00f3n<\/strong>&nbsp;(RIEC). LOCALCOM ha sido acreditado como&nbsp;<a href=\"https:\/\/portalrecerca.csuc.cat\/cris\/ou\/ou42512\"><strong>Grupo&nbsp;de Investigaci\u00f3n Reconocido<\/strong><\/a><em>&nbsp;<\/em>por la Generalitat de Catalunya &nbsp;(2014SGR0252) y como&nbsp;<strong>Grupo de Investigaci\u00f3n de Calidad<\/strong><strong>&nbsp;<\/strong>(GIC-2607) por la Universidad Aut\u00f3noma de Barcelona, en reconocimiento a su trayectoria cient\u00edfica y acad\u00e9mica.<\/p>\n\n\n\n<p>Los principales \u00e1mbitos tem\u00e1ticos de los que se ocupa el grupo son: las Industrias Creativas y Culturales (ICC), la Sociedad de la Informaci\u00f3n, las Pol\u00edticas de Comunicaci\u00f3n y&nbsp;la Estructura y Din\u00e1mica de los Medios.<\/p>\n\n\n\n<p>El grupo ha consolidado su trayectoria desde el a\u00f1o 2000 con la presencia continuada en congresos, la publicaci\u00f3n de art\u00edculos y libros, la direcci\u00f3n de tesis doctorales y con el desarrollo de proyectos de investigaci\u00f3n del Plan nacional de I+D+i sobre los \u00e1mbitos tem\u00e1ticos mencionados (<a href=\"https:\/\/webs.uab.cat\/oic\/tic-comunidades-autonomas\">SEC 2003\/07024<\/a>,\u00a0<a href=\"https:\/\/webs.uab.cat\/oic\/politicas-publicas-sociedad-informacion-presentacion\">CSO2008\/00587<\/a>,\u00a0<a href=\"https:\/\/webs.uab.cat\/oic\/resumen-0\">CF181137<\/a>\u00a0y\u00a0<a href=\"https:\/\/webs.uab.cat\/oic\/industrias-culturales-creativas-presentacion\">CSO2013-42822R<\/a>).<\/p>\n","protected":false},"excerpt":{"rendered":"<p>El&nbsp;Grupo de&nbsp;Estudios Locales de Comunicaci\u00f3n&nbsp;(LOCALCOM) es un n\u00facleo de investigaci\u00f3n consolidado, localizado en la Universitat Aut\u00f2noma de Barcelona. Este n\u00facleo promueve la Red interuniversitaria e interdisciplinar LOCALCOM&nbsp;orientada a la cooperaci\u00f3n y generaci\u00f3n de conocimientos en el campo de la&nbsp;comunicaci\u00f3n.&nbsp;La red LOCALCOM est\u00e1 coordinada por la&nbsp;Universitat&nbsp;Aut\u00f2noma de Barcelona, e integra&nbsp;a las universidades de Alicante, de M\u00e1laga, [&hellip;]<\/p>\n","protected":false},"author":20,"featured_media":0,"parent":0,"menu_order":0,"comment_status":"closed","ping_status":"closed","template":"","meta":{"footnotes":""},"class_list":["post-2329","page","type-page","status-publish","hentry"],"_links":{"self":[{"href":"https:\/\/webs.uab.cat\/oic\/es\/wp-json\/wp\/v2\/pages\/2329","targetHints":{"allow":["GET"]}}],"collection":[{"href":"https:\/\/webs.uab.cat\/oic\/es\/wp-json\/wp\/v2\/pages"}],"about":[{"href":"https:\/\/webs.uab.cat\/oic\/es\/wp-json\/wp\/v2\/types\/page"}],"author":[{"embeddable":true,"href":"https:\/\/webs.uab.cat\/oic\/es\/wp-json\/wp\/v2\/users\/20"}],"replies":[{"embeddable":true,"href":"https:\/\/webs.uab.cat\/oic\/es\/wp-json\/wp\/v2\/comments?post=2329"}],"version-history":[{"count":2,"href":"https:\/\/webs.uab.cat\/oic\/es\/wp-json\/wp\/v2\/pages\/2329\/revisions"}],"predecessor-version":[{"id":2338,"href":"https:\/\/webs.uab.cat\/oic\/es\/wp-json\/wp\/v2\/pages\/2329\/revisions\/2338"}],"wp:attachment":[{"href":"https:\/\/webs.uab.cat\/oic\/es\/wp-json\/wp\/v2\/media?parent=2329"}],"curies":[{"name":"wp","href":"https:\/\/api.w.org\/{rel}","templated":true}]}}