{"id":233,"date":"2011-02-23T17:03:06","date_gmt":"2011-02-23T15:03:06","guid":{"rendered":"https:\/\/webs.uab.cat\/oic\/aecidmadrid\/"},"modified":"2022-10-05T14:11:54","modified_gmt":"2022-10-05T12:11:54","slug":"aecidmadrid","status":"publish","type":"page","link":"https:\/\/webs.uab.cat\/oic\/es\/aecidmadrid\/","title":{"rendered":"Agencia Espa\u00f1ola de Cooperaci\u00f3n para el Desarrollo"},"content":{"rendered":"\n<div class=\"wp-block-media-text alignwide is-stacked-on-mobile has-primary-background-color has-background\" style=\"grid-template-columns:30% auto\"><figure class=\"wp-block-media-text__media\"><img decoding=\"async\" src=\"http:\/\/centresderecerca.uab.cat\/oic\/sites\/centresderecerca.uab.cat.oic\/files\/images\/logo_aecid_0_0.jpg\" alt=\"\"\/><\/figure><div class=\"wp-block-media-text__content\">\n<p class=\"has-small-font-size\">La Agencia Espa\u00f1ola de Cooperaci\u00f3n Internacional para el Desarrollo (AECID) es una Entidad de Derecho P\u00fablico adscrita al Ministerio de Asuntos Exteriores y de Cooperaci\u00f3n a trav\u00e9s de la Secretar\u00eda de Estado de Cooperaci\u00f3n Internacional (SECI).<\/p>\n<\/div><\/div>\n\n\n\n<p> Es, como establece la Ley 23\/1998, de 7 de julio, el \u00f3rgano de gesti\u00f3n de la pol\u00edtica espa\u00f1ola de cooperaci\u00f3n internacional para el desarrollo. De acuerdo con el Estatuto de la Agencia Espa\u00f1ola de Cooperaci\u00f3n Internacional para el Desarrollo, su objeto es el fomento, la gesti\u00f3n y la ejecuci\u00f3n de las pol\u00edticas p\u00fablicas de cooperaci\u00f3n internacional para el desarrollo, dirigidas a la lucha contra la pobreza y la consecuci\u00f3n de un desarrollo humano sostenible en los pa\u00edses en desarrollo, particularmente los recogidos en el Plan Director en vigor cada cuatro a\u00f1os.La lucha contra la pobreza es el objetivo central de la pol\u00edtica espa\u00f1ola de cooperaci\u00f3n internacional para el desarrollo. Esta pol\u00edtica forma parte de la acci\u00f3n exterior del Estado y est\u00e1 basada en una concepci\u00f3n interdependiente y solidaria de la sociedad internacional.<\/p>\n","protected":false},"excerpt":{"rendered":"<p>La Agencia Espa\u00f1ola de Cooperaci\u00f3n Internacional para el Desarrollo (AECID) es una Entidad de Derecho P\u00fablico adscrita al Ministerio de Asuntos Exteriores y de Cooperaci\u00f3n a trav\u00e9s de la Secretar\u00eda de Estado de Cooperaci\u00f3n Internacional (SECI). Es, como establece la Ley 23\/1998, de 7 de julio, el \u00f3rgano de gesti\u00f3n de la pol\u00edtica espa\u00f1ola de [&hellip;]<\/p>\n","protected":false},"author":20,"featured_media":0,"parent":0,"menu_order":0,"comment_status":"closed","ping_status":"closed","template":"","meta":{"footnotes":""},"class_list":["post-233","page","type-page","status-publish","hentry"],"_links":{"self":[{"href":"https:\/\/webs.uab.cat\/oic\/es\/wp-json\/wp\/v2\/pages\/233","targetHints":{"allow":["GET"]}}],"collection":[{"href":"https:\/\/webs.uab.cat\/oic\/es\/wp-json\/wp\/v2\/pages"}],"about":[{"href":"https:\/\/webs.uab.cat\/oic\/es\/wp-json\/wp\/v2\/types\/page"}],"author":[{"embeddable":true,"href":"https:\/\/webs.uab.cat\/oic\/es\/wp-json\/wp\/v2\/users\/20"}],"replies":[{"embeddable":true,"href":"https:\/\/webs.uab.cat\/oic\/es\/wp-json\/wp\/v2\/comments?post=233"}],"version-history":[{"count":1,"href":"https:\/\/webs.uab.cat\/oic\/es\/wp-json\/wp\/v2\/pages\/233\/revisions"}],"predecessor-version":[{"id":2476,"href":"https:\/\/webs.uab.cat\/oic\/es\/wp-json\/wp\/v2\/pages\/233\/revisions\/2476"}],"wp:attachment":[{"href":"https:\/\/webs.uab.cat\/oic\/es\/wp-json\/wp\/v2\/media?parent=233"}],"curies":[{"name":"wp","href":"https:\/\/api.w.org\/{rel}","templated":true}]}}