{"id":234,"date":"2011-02-23T17:03:38","date_gmt":"2011-02-23T15:03:38","guid":{"rendered":"https:\/\/webs.uab.cat\/oic\/ipsroma\/"},"modified":"2022-10-05T14:13:05","modified_gmt":"2022-10-05T12:13:05","slug":"ipsroma","status":"publish","type":"page","link":"https:\/\/webs.uab.cat\/oic\/es\/ipsroma\/","title":{"rendered":"Agencia IPS-Inter Press Service"},"content":{"rendered":"\n<div class=\"wp-block-media-text alignwide is-stacked-on-mobile has-primary-background-color has-background\" style=\"grid-template-columns:30% auto\"><figure class=\"wp-block-media-text__media\"><img decoding=\"async\" src=\"http:\/\/centresderecerca.uab.cat\/oic\/sites\/centresderecerca.uab.cat.oic\/files\/images\/Logo IPS_0.jpg\" alt=\"\"\/><\/figure><div class=\"wp-block-media-text__content\">\n<p class=\"has-small-font-size\">La Agencia de Noticias Inter Press Service (IPS), la principal fuente mundial de informaci\u00f3n sobre temas globales, cuenta con el respaldo de una red de periodistas en m\u00e1s de 100 pa\u00edses. Sus clientes incluyen a 3.000 medios de comunicaci\u00f3n y decenas de miles de grupos de la sociedad civil, acad\u00e9micos y otros usuarios.<\/p>\n<\/div><\/div>\n\n\n\n<p>IPS proporciona an\u00e1lisis y comentarios de periodistas y expertos sobre los eventos y procesos globales que afectan el desarrollo econ\u00f3mico, social y pol\u00edtico de los pueblos y las naciones, particularmente en el Sur. Las notas de IPS analizan los principales hechos del d\u00eda y explican c\u00f3mo y por qu\u00e9 suceden los acontecimientos. Los principales temas globales que cubre IPS incluyen: Medio Ambiente, Desarrollo, Derechos Humanos, Cultura, Integraci\u00f3n, Agricultura, Econom\u00eda y Pol\u00edtica.<\/p>\n\n\n\n<p>IPS concentra su cobertura de noticias en los eventos y procesos globales que afectan al desarrollo econ\u00f3mico, social y pol\u00edtico de los pueblos y las naciones.<\/p>\n","protected":false},"excerpt":{"rendered":"<p>La Agencia de Noticias Inter Press Service (IPS), la principal fuente mundial de informaci\u00f3n sobre temas globales, cuenta con el respaldo de una red de periodistas en m\u00e1s de 100 pa\u00edses. Sus clientes incluyen a 3.000 medios de comunicaci\u00f3n y decenas de miles de grupos de la sociedad civil, acad\u00e9micos y otros usuarios. IPS proporciona [&hellip;]<\/p>\n","protected":false},"author":20,"featured_media":0,"parent":0,"menu_order":0,"comment_status":"closed","ping_status":"closed","template":"","meta":{"footnotes":""},"class_list":["post-234","page","type-page","status-publish","hentry"],"_links":{"self":[{"href":"https:\/\/webs.uab.cat\/oic\/es\/wp-json\/wp\/v2\/pages\/234","targetHints":{"allow":["GET"]}}],"collection":[{"href":"https:\/\/webs.uab.cat\/oic\/es\/wp-json\/wp\/v2\/pages"}],"about":[{"href":"https:\/\/webs.uab.cat\/oic\/es\/wp-json\/wp\/v2\/types\/page"}],"author":[{"embeddable":true,"href":"https:\/\/webs.uab.cat\/oic\/es\/wp-json\/wp\/v2\/users\/20"}],"replies":[{"embeddable":true,"href":"https:\/\/webs.uab.cat\/oic\/es\/wp-json\/wp\/v2\/comments?post=234"}],"version-history":[{"count":1,"href":"https:\/\/webs.uab.cat\/oic\/es\/wp-json\/wp\/v2\/pages\/234\/revisions"}],"predecessor-version":[{"id":2479,"href":"https:\/\/webs.uab.cat\/oic\/es\/wp-json\/wp\/v2\/pages\/234\/revisions\/2479"}],"wp:attachment":[{"href":"https:\/\/webs.uab.cat\/oic\/es\/wp-json\/wp\/v2\/media?parent=234"}],"curies":[{"name":"wp","href":"https:\/\/api.w.org\/{rel}","templated":true}]}}