{"id":2383,"date":"2011-05-31T17:03:54","date_gmt":"2011-05-31T15:03:54","guid":{"rendered":"https:\/\/webs.uab.cat\/oic\/uabcatalunya\/"},"modified":"2022-10-05T13:07:10","modified_gmt":"2022-10-05T11:07:10","slug":"uabcatalunya","status":"publish","type":"page","link":"https:\/\/webs.uab.cat\/oic\/es\/uabcatalunya\/","title":{"rendered":"UAB_Catalunya"},"content":{"rendered":"\n<h2 class=\"wp-block-heading\">Observatori Iberoameric\u00e0 de la Comunicaci\u00f3<span class=\"inline inline-left\"><\/span><\/h2>\n\n\n\n<div class=\"wp-block-media-text alignwide is-stacked-on-mobile has-primary-background-color has-background\" style=\"grid-template-columns:20% auto\"><figure class=\"wp-block-media-text__media\"><img loading=\"lazy\" decoding=\"async\" width=\"1003\" height=\"1000\" src=\"https:\/\/webs.uab.cat\/oic\/wp-content\/uploads\/sites\/223\/2016\/10\/Logo-OIC-reformado_1.png\" alt=\"Logo OIC reformado_1\" class=\"wp-image-1161 size-full\" srcset=\"https:\/\/webs.uab.cat\/oic\/wp-content\/uploads\/sites\/223\/2016\/10\/Logo-OIC-reformado_1.png 1003w, https:\/\/webs.uab.cat\/oic\/wp-content\/uploads\/sites\/223\/2016\/10\/Logo-OIC-reformado_1-300x300.png 300w, https:\/\/webs.uab.cat\/oic\/wp-content\/uploads\/sites\/223\/2016\/10\/Logo-OIC-reformado_1-150x150.png 150w, https:\/\/webs.uab.cat\/oic\/wp-content\/uploads\/sites\/223\/2016\/10\/Logo-OIC-reformado_1-768x766.png 768w\" sizes=\"auto, (max-width: 1003px) 100vw, 1003px\" \/><\/figure><div class=\"wp-block-media-text__content\">\n<p class=\"has-small-font-size\">El&nbsp;<strong>Observatorio Iberoamericano de la Comunicaci\u00f3n<\/strong>&nbsp;(<strong>OIC<\/strong>) es un centro de investigaci\u00f3n que articula diversas redes acad\u00e9micas, grupos de trabajo y acciones de cooperaci\u00f3n interuniversitaria para la Investigaci\u00f3n, la Docencia, la Transferencia de conocimientos y la Difusi\u00f3n de publicaciones en comunicaci\u00f3n, cultura y desarrollo humano, adscrito al departamento de Periodismo y Ciencias de la Comunicaci\u00f3n de la Universidad Aut\u00f3noma de Barcelona.<\/p>\n<\/div><\/div>\n\n\n\n<p>Sus principales campos de actuaci\u00f3n son: las tecnolog\u00edas de la informaci\u00f3n y las comunicaciones (TIC), las pol\u00edticas de comunicaci\u00f3n, el sector audiovisual y el comportamiento de los medios.<\/p>\n\n\n\n<p><strong>Director:<\/strong><\/p>\n\n\n\n<p><a href=\"https:\/\/webs.uab.cat\/oic\/marcial-murciano\">Dr. Marcial Murciano<\/a><\/p>\n\n\n\n<p>Universidad Aut\u00f3noma de Barcelona<\/p>\n\n\n\n<p>Facultad de Ciencias de la Comunicaci\u00f3n<\/p>\n\n\n\n<p><a href=\"mailto:Marcial.Murciano@uab.cat\">Marcial.Murciano@uab.cat<\/a><\/p>\n","protected":false},"excerpt":{"rendered":"<p>Observatori Iberoameric\u00e0 de la Comunicaci\u00f3 El&nbsp;Observatorio Iberoamericano de la Comunicaci\u00f3n&nbsp;(OIC) es un centro de investigaci\u00f3n que articula diversas redes acad\u00e9micas, grupos de trabajo y acciones de cooperaci\u00f3n interuniversitaria para la Investigaci\u00f3n, la Docencia, la Transferencia de conocimientos y la Difusi\u00f3n de publicaciones en comunicaci\u00f3n, cultura y desarrollo humano, adscrito al departamento de Periodismo y Ciencias [&hellip;]<\/p>\n","protected":false},"author":20,"featured_media":0,"parent":0,"menu_order":0,"comment_status":"closed","ping_status":"closed","template":"","meta":{"footnotes":""},"class_list":["post-2383","page","type-page","status-publish","hentry"],"_links":{"self":[{"href":"https:\/\/webs.uab.cat\/oic\/es\/wp-json\/wp\/v2\/pages\/2383","targetHints":{"allow":["GET"]}}],"collection":[{"href":"https:\/\/webs.uab.cat\/oic\/es\/wp-json\/wp\/v2\/pages"}],"about":[{"href":"https:\/\/webs.uab.cat\/oic\/es\/wp-json\/wp\/v2\/types\/page"}],"author":[{"embeddable":true,"href":"https:\/\/webs.uab.cat\/oic\/es\/wp-json\/wp\/v2\/users\/20"}],"replies":[{"embeddable":true,"href":"https:\/\/webs.uab.cat\/oic\/es\/wp-json\/wp\/v2\/comments?post=2383"}],"version-history":[{"count":5,"href":"https:\/\/webs.uab.cat\/oic\/es\/wp-json\/wp\/v2\/pages\/2383\/revisions"}],"predecessor-version":[{"id":2392,"href":"https:\/\/webs.uab.cat\/oic\/es\/wp-json\/wp\/v2\/pages\/2383\/revisions\/2392"}],"wp:attachment":[{"href":"https:\/\/webs.uab.cat\/oic\/es\/wp-json\/wp\/v2\/media?parent=2383"}],"curies":[{"name":"wp","href":"https:\/\/api.w.org\/{rel}","templated":true}]}}