{"id":243,"date":"2011-02-23T19:01:47","date_gmt":"2011-02-23T17:01:47","guid":{"rendered":"https:\/\/webs.uab.cat\/oic\/resumen-0\/"},"modified":"2022-10-05T15:31:19","modified_gmt":"2022-10-05T13:31:19","slug":"resumen-0","status":"publish","type":"page","link":"https:\/\/webs.uab.cat\/oic\/es\/resumen-0\/","title":{"rendered":"Cobertura de la cooperaci\u00f3n para el desarrollo en la prensa de referencia europea"},"content":{"rendered":"\n<div class=\"wp-block-media-text alignwide is-stacked-on-mobile\" style=\"grid-template-columns:30% auto\"><figure class=\"wp-block-media-text__media\"><img loading=\"lazy\" decoding=\"async\" width=\"300\" height=\"329\" src=\"https:\/\/webs.uab.cat\/oic\/wp-content\/uploads\/sites\/223\/2011\/02\/ips_0.png\" alt=\"\" class=\"wp-image-240 size-full\" srcset=\"https:\/\/webs.uab.cat\/oic\/wp-content\/uploads\/sites\/223\/2011\/02\/ips_0.png 300w, https:\/\/webs.uab.cat\/oic\/wp-content\/uploads\/sites\/223\/2011\/02\/ips_0-274x300.png 274w\" sizes=\"auto, (max-width: 300px) 100vw, 300px\" \/><\/figure><div class=\"wp-block-media-text__content\">\n<p class=\"has-normal-font-size\">La investigaci\u00f3n CF181137 es el resultado de un proyecto de colaboraci\u00f3n entre la agencia internacional Inter Press Service (IPS), la Agencia Espa\u00f1ola de Cooperaci\u00f3n Internacional para el Desarrollo (AECID) y el <a href=\"http:\/\/webs.uab.cat\/oic\/grupogii\">Grupo de Investigaciones sobre la Informaci\u00f3n (GII) <\/a>del Observatorio Iberoamericano de la Comunicaci\u00f3n de la Universidad Aut\u00f3noma de Barcelona (UAB).<\/p>\n<\/div><\/div>\n\n\n\n<p>En el origen de este estudio se encuentra una preocupaci\u00f3n manifiesta por identificar la amplitud y las caracter\u00edsticas de las informaciones que aparecen en la gran prensa europea sobre la cooperaci\u00f3n internacional para el desarrollo, es decir, los principales actores y los temas tratados preferentemente por los diarios. El supuesto principal de esta preocupaci\u00f3n descansa en un reconocimiento impl\u00edcito y positivo de las complejas relaciones que se establecen entre las pol\u00edticas y las actuaciones de la ayuda al desarrollo, la visibilidad que \u00e9stas adquieren en los medios de comunicaci\u00f3n \u2014y en particular en la prensa de calidad o de referencia\u2014 y del grado de conocimiento que finalmente la opini\u00f3n p\u00fablica adquiere sobre la cooperaci\u00f3n para el desarrollo a trav\u00e9s de la cobertura informativa de los medios.<\/p>\n\n\n\n<p>Algunos sondeos y estudios acad\u00e9micos han puesto de manifiesto, a lo largo de la presente d\u00e9cada, que el grado de conocimiento y comprensi\u00f3n del esfuerzo que las agencias y otros actores de la cooperaci\u00f3n realizan con respecto a la ayuda y a las dem\u00e1s cuestiones vinculadas con el desarrollo es escaso, poco significativo o superficial entre la opini\u00f3n p\u00fablica, en relaci\u00f3n con el n\u00famero y la dimensi\u00f3n de las actividades desarrolladas por la cooperaci\u00f3n (Jerez; Sampedro, 2004); (Angulo, 2007); (CIDEM, 2008); (Eurobar\u00f3metro, 2009).<\/p>\n\n\n\n<p>A la luz de estas premisas, se impondr\u00eda un punto de vista ampliamente generalizado entre los actores de la cooperaci\u00f3n \u2014los organismos internacionales, las diferentes administraciones del Estado y de las comunidades aut\u00f3nomas en el caso espa\u00f1ol, los municipios, las universidades, las empresas, las ONG, etc.\u2014 seg\u00fan el cual los medios no incorporan con regularidad, en su agenda informativa sobre los acontecimientos de actualidad, los grandes temas establecidos por la agenda sobre la cooperaci\u00f3n internacional y las actuaciones de ayuda al desarrollo. O, al menos, no lo hacen en la forma continuada y con la profundidad necesaria para generar conocimiento, consenso y el apoyo necesarios que les permita establecer un compromiso permanente entre los gestores pol\u00edticos y sociales, responsables de las pol\u00edticas de la cooperaci\u00f3n, los medios, encargados de seleccionar, analizar y difundir estas actividades y la ciudadan\u00eda, que por d\u00e9ficit de conocimiento puede subestimar este esfuerzo y carecer de elementos de referencia para fiscalizar y apoyar los diferentes programas y el destino de los fondos.<\/p>\n\n\n\n<p>Sin embargo, el d\u00e9ficit informativo mencionado \u2014y puesto en evidencia de forma reiterada por la investigaci\u00f3n y los sondeos de opini\u00f3n p\u00fablica\u2014 no lleva a cuestionar en ning\u00fan caso el apoyo de la ciudadan\u00eda a la ayuda al desarrollo, que se ha venido manteniendo alto y en general estable durante las dos \u00faltimas d\u00e9cadas. Por ejemplo, una reciente encuesta publicada por el Eurobar\u00f3metro de la Uni\u00f3n Europea de finales de 2009 pone de manifiesto que aunque s\u00f3lo un 5% de los europeos entrevistados conoce los Objetivos de Desarrollo para el Milenio (ODM) y un 42% piensa que la cobertura informativa de estos temas es \u00abdemasiado poca\u00bb, el 88% apoya la ayuda europea al desarrollo, incluso en un per\u00edodo de fuerte recesi\u00f3n econ\u00f3mica como el actual (Eurobar\u00f3metro, 2009).<\/p>\n\n\n\n<p>Por otra parte, la investigaci\u00f3n sobre <em>La prensa y la cooperaci\u00f3n internacional. Cobertura de la cooperaci\u00f3n para el desarrollo en nueve diarios europeos<\/em> se sit\u00faa en el contexto de un debate m\u00e1s amplio y en construcci\u00f3n, aunque cada vez m\u00e1s extendido, sobre el compromiso que tienen expl\u00edcita o impl\u00edcitamente los medios de comunicaci\u00f3n como actores del amplio proceso social sobre la ayuda y la cooperaci\u00f3n internacional para el desarrollo. En este sentido, el \u00e1mbito acad\u00e9mico de la investigaci\u00f3n es el espacio desde el que se verifican las caracter\u00edsticas emp\u00edricas sobre la naturaleza, car\u00e1cter y tratamiento de la informaci\u00f3n relacionada con la cooperaci\u00f3n para el desarrollo. Caracter\u00edsticas que la presente investigaci\u00f3n identifica en un objeto de estudio concreto: los grandes diarios europeos, tambi\u00e9n conocidos como prensa de referencia o de calidad (Merrill, 1968).<\/p>\n\n\n\n<p>Esta prensa est\u00e1 formada por un selecto grupo de peri\u00f3dicos, que por lo general otorga un gran espacio a la informaci\u00f3n internacional, una gran variedad y profundidad tem\u00e1tica a su propia agenda y una presentaci\u00f3n rigurosa y contrastada de la informaci\u00f3n publicada, lo que en gran manera determina su importante implantaci\u00f3n e influencia nacional e internacional.<\/p>\n\n\n\n<p>Los diarios seleccionados para este estudio son nueve, entre los m\u00e1s representativos de la Uni\u00f3n Europea: tres de ellos son espa\u00f1oles (ABC, El Pa\u00eds y La Vanguardia), tres franceses (Le Figaro, Le Monde y Lib\u00e9ration) y tres ingleses (The Daily Telegraph, The Guardian y The Times). Se trata de nueve cabeceras que reflejan las principales l\u00edneas editoriales predominantes \u2014del centro derecha a la izquierda\u2014 en el panorama de la prensa de referencia internacional y cuya circulaci\u00f3n e influencia los colocan entre los m\u00e1s difundidos en sus respectivos pa\u00edses.<\/p>\n\n\n\n<p>A lo largo de tres meses, entre el 14 de septiembre de 2009 y el 6 de diciembre de 2009, cada uno de los peri\u00f3dicos seleccionados se codific\u00f3 a dos niveles. En un primer nivel se procedi\u00f3 al vaciado de los contenidos redaccionales de los diarios en funci\u00f3n de las secciones, identific\u00e1ndose un total de 86.859 Unidades Period\u00edsticas (UP). De estas, se discriminaron 3.025 relacionadas con la Cooperaci\u00f3n para el Desarrollo (UPC). En el segundo nivel se aplic\u00f3 un cuestionario de an\u00e1lisis de contenido integrado por variables vinculadas a aspectos period\u00edsticos (extensi\u00f3n de la informaci\u00f3n, secci\u00f3n, autor\u00eda, jerarquizaci\u00f3n, etc.), contextuales (pa\u00eds de edici\u00f3n, cabecera, protagonismo institucional, etc.) y tem\u00e1ticos (acceso a la salud, a la educaci\u00f3n, gobernabilidad, protecci\u00f3n del medio ambiente, etc.).<\/p>\n\n\n\n<p>Para los fines del presente estudio, las Unidades Period\u00edsticas son todos los relatos informativos o de opini\u00f3n elaborados o seleccionados por los diarios (noticias, entrevistas, reportajes, editoriales, art\u00edculos, vi\u00f1etas, breves, etc.). El resto de los contenidos (publicidad, promociones, fotograf\u00edas, suplementos especiales, cartelera, agenda, sumarios, servicios, etc.) no forman parte del objeto de la investigaci\u00f3n.<\/p>\n\n\n\n<p>El trabajo est\u00e1 basado en una construcci\u00f3n operativa propia de los temas y descriptores de la cooperaci\u00f3n para el desarrollo (Tabla 23). Esta elaboraci\u00f3n parte de los est\u00e1ndares internacionales en la materia, que no siempre coincide con la percepci\u00f3n m\u00e1s generalizada sobre el desarrollo, y responde tanto a las necesidades de la metodolog\u00eda cient\u00edfica en s\u00ed misma, como a las especificidades del an\u00e1lisis de contenido aplicado. Los temas de la cooperaci\u00f3n abordados son: Lucha contra la pobreza (acceso a la educaci\u00f3n, a la salud, al agua y al saneamiento y a otros servicios b\u00e1sicos); Protecci\u00f3n del medio ambiente; Gobernabilidad y fortalecimiento de la democracia; Econom\u00eda; Asistencia humanitaria o de emergencia; Buen gobierno mundial y Sistema internacional de cooperaci\u00f3n para el desarrollo.<\/p>\n\n\n\n<p>La codificaci\u00f3n estuvo a cargo del Grupo de Investigaciones sobre la Informaci\u00f3n (GII), dirigido por el profesor Marcial Murciano, catedr\u00e1tico de Periodismo de la Universidad Aut\u00f3noma de Barcelona. Este grupo de profesores investigadores de la informaci\u00f3n, especialmente formados para trabajar con las t\u00e9cnicas y herramientas metodol\u00f3gicas desarrolladas, pertenecen a dos universidades espa\u00f1olas: la Universidad Aut\u00f3noma de Barcelona (Carmina Crusaf\u00f3n, Olga del R\u00edo, Carlos Gonz\u00e1lez-Saavedra y Fernando Sab\u00e9s) y la Universidad Complutense de Madrid (Pinar Agud\u00edez, Rafael D\u00edaz, Ram\u00f3n Garc\u00eda, Raquel Mart\u00ednez, Sergio Pr\u00edncipe y Elena Real).<\/p>\n\n\n\n<p><a href=\"https:\/\/webs.uab.cat\/oic\/wp-content\/uploads\/sites\/223\/2016\/10\/La-prensa-y-la-cooperacion-internacional.-Presentacion.pdf\" data-type=\"attachment\" data-id=\"246\" target=\"_blank\" rel=\"noreferrer noopener\">Resumen ejecutivo del proyecto de investigaci\u00f3n <em>La prensa y la cooperaci\u00f3n internacional<\/em><\/a><\/p>\n\n\n\n<p>&nbsp;<\/p>\n","protected":false},"excerpt":{"rendered":"<p>La investigaci\u00f3n CF181137 es el resultado de un proyecto de colaboraci\u00f3n entre la agencia internacional Inter Press Service (IPS), la Agencia Espa\u00f1ola de Cooperaci\u00f3n Internacional para el Desarrollo (AECID) y el Grupo de Investigaciones sobre la Informaci\u00f3n (GII) del Observatorio Iberoamericano de la Comunicaci\u00f3n de la Universidad Aut\u00f3noma de Barcelona (UAB). En el origen de [&hellip;]<\/p>\n","protected":false},"author":20,"featured_media":0,"parent":0,"menu_order":0,"comment_status":"closed","ping_status":"closed","template":"","meta":{"footnotes":""},"class_list":["post-243","page","type-page","status-publish","hentry"],"_links":{"self":[{"href":"https:\/\/webs.uab.cat\/oic\/es\/wp-json\/wp\/v2\/pages\/243","targetHints":{"allow":["GET"]}}],"collection":[{"href":"https:\/\/webs.uab.cat\/oic\/es\/wp-json\/wp\/v2\/pages"}],"about":[{"href":"https:\/\/webs.uab.cat\/oic\/es\/wp-json\/wp\/v2\/types\/page"}],"author":[{"embeddable":true,"href":"https:\/\/webs.uab.cat\/oic\/es\/wp-json\/wp\/v2\/users\/20"}],"replies":[{"embeddable":true,"href":"https:\/\/webs.uab.cat\/oic\/es\/wp-json\/wp\/v2\/comments?post=243"}],"version-history":[{"count":1,"href":"https:\/\/webs.uab.cat\/oic\/es\/wp-json\/wp\/v2\/pages\/243\/revisions"}],"predecessor-version":[{"id":2625,"href":"https:\/\/webs.uab.cat\/oic\/es\/wp-json\/wp\/v2\/pages\/243\/revisions\/2625"}],"wp:attachment":[{"href":"https:\/\/webs.uab.cat\/oic\/es\/wp-json\/wp\/v2\/media?parent=243"}],"curies":[{"name":"wp","href":"https:\/\/api.w.org\/{rel}","templated":true}]}}