{"id":270,"date":"2011-03-17T20:28:22","date_gmt":"2011-03-17T18:28:22","guid":{"rendered":"https:\/\/webs.uab.cat\/oic\/resultados-ips-aecid\/"},"modified":"2011-03-17T20:28:22","modified_gmt":"2011-03-17T18:28:22","slug":"resultados-ips-aecid","status":"publish","type":"page","link":"https:\/\/webs.uab.cat\/oic\/es\/resultados-ips-aecid\/","title":{"rendered":"Principales resultados-ips-aecid"},"content":{"rendered":"<p>Una s\u00edntesis de los resultados de la presente investigaci\u00f3n demuestra, como se observar\u00e1 en las p\u00e1ginas siguientes, que contrariamente a la opini\u00f3n ampliamente extendida, la prensa de referencia estudiada s\u00ed aborda con regularidad en su contenido informaciones relacionadas con la cooperaci\u00f3n para el desarrollo, si bien tambi\u00e9n es cierto \u2014y tal como se ha verificado en otros estudios\u2014 que el espacio que se dedica a estos temas es por lo general reducido en comparaci\u00f3n con el total de los contenidos publicados por los diarios, pues s\u00f3lo ocupa un 3,5%.<\/p>\n<p class=\"rtejustify\"><strong>Distribuci\u00f3n del peso de las UPC en la prensa europea, seg\u00fan cabeceras<\/strong><\/p>\n<p><img loading=\"lazy\" decoding=\"async\" alt=\"IPS_resultados_1\" height=\"388\" src=\"http:\/\/centresderecerca.uab.cat\/oic\/sites\/centresderecerca.uab.cat.oic\/files\/images\/IPS_resultados_1.png\" title=\"IPS_resultados_1\" width=\"511\" \/><\/p>\n<p>La regularidad en la cobertura sobre la cooperaci\u00f3n se incrementa puntualmente cuando se concentran en un periodo de tiempo breve acontecimientos relacionados con la agenda internacional de la cooperaci\u00f3n para el desarrollo (como por ejemplo, y durante la segunda semana de septiembre, la Asamblea Anual de la Organizaci\u00f3n de las Naciones Unidas, en Nueva York; la Reuni\u00f3n del G-20, en Pittsburg; y las recomendaciones del fondo Monetario Internacional sobre la crisis econ\u00f3mica y financiera mundial). El tratamiento dado a estos temas elev\u00f3 la cobertura de la cooperaci\u00f3n para el desarrollo en m\u00e1s de dos puntos porcentuales durante el periodo estudiado, hasta el 5,6%.<\/p>\n<p><strong>Distribuci\u00f3n del peso de la cooperaci\u00f3n en los diarios, seg\u00fan nacionalidad, semanas y agenda&nbsp; (%)<\/strong><\/p>\n<p><img loading=\"lazy\" decoding=\"async\" alt=\"\" height=\"318\" src=\"http:\/\/centresderecerca.uab.cat\/oic\/sites\/centresderecerca.uab.cat.oic\/files\/images\/IPS_resultados_2_0.png\" width=\"518\" \/><\/p>\n<p>Resulta muy significativo tambi\u00e9n el an\u00e1lisis del peso de la cobertura sobre la cooperaci\u00f3n en las portadas, pues es generalmente mayor en todos los diarios estudiados, si este valor se compara con la media.<\/p>\n<p><strong>Distribuci\u00f3n del peso de las UPC en todo el peri\u00f3dico y en las portadas, seg\u00fan semanas<\/strong><\/p>\n<p><img loading=\"lazy\" decoding=\"async\" alt=\"\" height=\"187\" src=\"http:\/\/centresderecerca.uab.cat\/oic\/sites\/centresderecerca.uab.cat.oic\/files\/images\/IPS_resultados_3_1.png\" width=\"527\" \/><\/p>\n<p>Desde el punto de vista de la l\u00ednea editorial de los peri\u00f3dicos, los diarios con una l\u00ednea editorial de centro-izquierda son m\u00e1s proclives a llevar a la portada la cooperaci\u00f3n internacional para el desarrollo. Por cada dos noticias de cooperaci\u00f3n para el desarrollo que estos llevan a esta primera p\u00e1gina, los peri\u00f3dicos de tendencia conservadora publican s\u00f3lo una.<\/p>\n<p><strong>Distribuci\u00f3n de las UPC por ubicaci\u00f3n en portada, seg\u00fan l\u00ednea editorial de los peri\u00f3dicos<\/strong><\/p>\n<p><img loading=\"lazy\" decoding=\"async\" alt=\"\" height=\"360\" src=\"http:\/\/centresderecerca.uab.cat\/oic\/sites\/centresderecerca.uab.cat.oic\/files\/images\/IPS_resultados_4.png\" width=\"516\" \/><\/p>\n<p>Hay tres temas que los medios analizados llevan con m\u00e1s frecuencia a sus portadas y que nos permiten identificar las prioridades de su agenda informativa. Estos son: la asistencia humanitaria y de emergencia en los casos de desastres naturales, la protecci\u00f3n del medio ambiente \u2014situada durante este per\u00edodo en la primera p\u00e1gina debido a la Cumbre del Clima de Copenhague\u2014 y el buen gobierno mundial.<\/p>\n<p><strong>Distribuci\u00f3n de las UPC por ubicaci\u00f3n, seg\u00fan tema general<\/strong><\/p>\n<p><img loading=\"lazy\" decoding=\"async\" alt=\"\" height=\"421\" src=\"http:\/\/centresderecerca.uab.cat\/oic\/sites\/centresderecerca.uab.cat.oic\/files\/images\/IPS_resultados_5.png.jpg\" width=\"524\" \/><\/p>\n<p>Por otra parte, s\u00f3lo en una de las secciones de los diarios estudiados el peso de las noticias o unidades period\u00edsticas sobre cooperaci\u00f3n para el desarrollo registran un nivel significativo: se trata de la secci\u00f3n de Informaci\u00f3n internacional, donde las noticias aparecen representadas en un 14,8%. Este hecho es coherente con el espacio que la prensa de referencia dedica a los temas de alcance mundial, dentro de los cuales sit\u00faa la cooperaci\u00f3n para el desarrollo.<\/p>\n<p><strong>Distribuci\u00f3n del peso de la cooperaci\u00f3n en el contenido de los diarios, seg\u00fan secciones (%)<\/strong><\/p>\n<p><img loading=\"lazy\" decoding=\"async\" alt=\"\" height=\"294\" src=\"http:\/\/centresderecerca.uab.cat\/oic\/sites\/centresderecerca.uab.cat.oic\/files\/images\/IPS_resultados_6.png\" width=\"518\" \/><\/p>\n<p>De cada diez unidades period\u00edsticas encontradas sobre cooperaci\u00f3n, ocho corresponden a g\u00e9neros informativos (noticias, cr\u00f3nicas, reportajes, etc.) y dos a g\u00e9neros de opini\u00f3n (editoriales, art\u00edculos, etc.).&nbsp;<\/p>\n<p><strong>Distribuci\u00f3n del contenido de los diarios, seg\u00fan tipo de unidad period\u00edstica<\/strong><\/p>\n<p><img loading=\"lazy\" decoding=\"async\" alt=\"\" height=\"330\" src=\"http:\/\/centresderecerca.uab.cat\/oic\/sites\/centresderecerca.uab.cat.oic\/files\/images\/IPS_resultados_7.png\" width=\"521\" \/><\/p>\n<p>Entre los principales temas abordados por las noticias sobre la cooperaci\u00f3n para el desarrollo se encuentran: la gobernabilidad y el fortalecimiento de la democracia (31%), la protecci\u00f3n del medio ambiente (21,9%) y el buen gobierno mundial (18,2%), que juntas representan m\u00e1s del 70% del total.<\/p>\n<p><strong>Distribuci\u00f3n de las UPC por tem\u00e1tica general<\/strong><\/p>\n<p><img loading=\"lazy\" decoding=\"async\" alt=\"\" height=\"309\" src=\"http:\/\/centresderecerca.uab.cat\/oic\/sites\/centresderecerca.uab.cat.oic\/files\/images\/IPS_resultados_8.png\" width=\"518\" \/><\/p>\n<p>Como se pone en evidencia en los p\u00e1rrafos anteriores, la agenda medi\u00e1tica sobre los temas de la cooperaci\u00f3n se encuentra estrechamente vinculada con la agenda pol\u00edtica internacional, pues los diarios asumen como espec\u00edficos de su agenda determinados temas internacionales y, por la misma raz\u00f3n, dejan de lado otros de gran transcendencia e importancia para el debate p\u00fablico, como los Objetivos de Desarrollo del Milenio, el alivio de la deuda, el trabajo infantil y las minas antipersonales.<\/p>\n<p>Por lo que se refiere a las noticias dedicadas a los temas de cooperaci\u00f3n para el desarrollo, un 42,7% de las mismas son espec\u00edficas, mientras que en el 57,3% restante la cooperaci\u00f3n s\u00f3lo complementa el tema central de la informaci\u00f3n. Esta tendencia se mantiene para Espa\u00f1a y Reino Unido, no as\u00ed en los diarios franceses, en los que las noticias centradas en la cooperaci\u00f3n constituyen dos tercios del total.<\/p>\n<p><strong>Distribuci\u00f3n de las UPC por centralidad de la cooperaci\u00f3n en el texto, seg\u00fan pa\u00edses<\/strong><\/p>\n<p><img loading=\"lazy\" decoding=\"async\" alt=\"\" height=\"287\" src=\"http:\/\/centresderecerca.uab.cat\/oic\/sites\/centresderecerca.uab.cat.oic\/files\/images\/IPS_resultados_9.png\" width=\"514\" \/><\/p>\n<p>Por lo que se refiere al enfoque geogr\u00e1fico predominante en las informaciones que publica la prensa de los distintos pa\u00edses analizados, no siempre existe una correlaci\u00f3n entre \u00e9sta y las regiones hacia donde sus respectivos gobiernos destinan prioritariamente la ayuda oficial al desarrollo. Por ejemplo, Am\u00e9rica Latina y el Caribe es la principal receptora de ayuda proveniente de la cooperaci\u00f3n espa\u00f1ola (35% en 2007) y la regi\u00f3n protagoniza en exclusiva m\u00e1s de una cuarta parte de las UPC publicadas por el ABC, El Pa\u00eds y La Vanguardia. La ayuda francesa e inglesa, por su parte, est\u00e1 muy focalizada en el \u00c1frica subsahariana (casi el 50% en ambos casos durante 2007), pero la atenci\u00f3n que prestan los medios a este subcontinente no es tan notoria, 12,2% y 14,1% respectivamente. Por otra parte, existe una mayor coincidencia de intereses entre la cooperaci\u00f3n del Reino Unido con la regi\u00f3n Asia\/Pac\u00edfico, receptora del 22% de la ayuda brit\u00e1nica, y el 14,9% de UPC relacionadas con este \u00e1mbito geogr\u00e1fico.<\/p>\n<p><strong>Distribuci\u00f3n de las UPC por enfoque geogr\u00e1fico predominante, seg\u00fan pa\u00edses<\/strong><\/p>\n<p><img loading=\"lazy\" decoding=\"async\" alt=\"\" height=\"340\" src=\"http:\/\/centresderecerca.uab.cat\/oic\/sites\/centresderecerca.uab.cat.oic\/files\/images\/IPS_resultados_10.png\" width=\"516\" \/><\/p>\n<p>Los gobiernos y las agencias p\u00fablicas de cooperaci\u00f3n son las instituciones que m\u00e1s frecuentemente centran las noticias vinculadas a la cooperaci\u00f3n para el desarrollo, pues los actores gubernamentales protagonizan el 45,7% de las unidades period\u00edsticas.<\/p>\n<p><strong>Protagonismo institucional en las UPC<\/strong><\/p>\n<p><img loading=\"lazy\" decoding=\"async\" alt=\"\" height=\"438\" src=\"http:\/\/centresderecerca.uab.cat\/oic\/sites\/centresderecerca.uab.cat.oic\/files\/images\/IPS_resultados_11.png\" width=\"511\" \/><\/p>\n<p>Dentro de la muestra analizada se han diferenciado las unidades period\u00edsticas espec\u00edficas sobre cooperaci\u00f3n para el desarrollo, es decir, aquellas donde \u00e9sta constituye el hecho noticioso fundamental, de aquellas donde la cooperaci\u00f3n s\u00f3lo complementa otros temas informativos. Desde esta perspectiva, las ONG son las que consiguen ubicar en la agenda medi\u00e1tica m\u00e1s noticias espec\u00edficas sobre cooperaci\u00f3n para el desarrollo (58,4%), superando incluso a las agencias multilaterales (55,3%). Esta singularidad de la cobertura informativa de la labor de las ONG puede transmitir un mensaje impl\u00edcito: sone instituciones las m\u00e1s claramente identificadas con la cooperaci\u00f3n para el desarrollo.<\/p>\n<p><strong>Distribuci\u00f3n de las UPC por centralidad de la cooperaci\u00f3n en el texto, seg\u00fan protagonismo institucional<\/strong><\/p>\n<p><img loading=\"lazy\" decoding=\"async\" alt=\"\" height=\"322\" src=\"http:\/\/centresderecerca.uab.cat\/oic\/sites\/centresderecerca.uab.cat.oic\/files\/images\/IPS_resultados_12.png\" width=\"503\" \/><\/p>\n<p>La Cumbre de Copenhague y la lucha contra el cambio clim\u00e1tico, la Misi\u00f3n internacional de la ONU en Afganist\u00e1n, y la Mediaci\u00f3n multilateral para lograr el desarme nuclear en Ir\u00e1n son los tres grandes bloques de noticias vinculadas a la agenda pol\u00edtica global que se imponen en el periodo estudiado y en la que se inserta la informaci\u00f3n sobre la cooperaci\u00f3n para el desarrollo. A \u00e9stas le siguen, en una clasificaci\u00f3n de las diez primeras noticias sobre cooperaci\u00f3n en todos los medios: las Cumbres del G-20 y el FMI sobre la regulaci\u00f3n financiera internacional; la Inmigraci\u00f3n y los refugiados; la Seguridad alimentaria y cumbre de la FAO; la Mediaci\u00f3n de la ONU, la UE y de EUA para la resoluci\u00f3n del conflicto en Honduras; el Proceso de paz entre Israel y Palestina; la Defensa de los DDHH en distintos pa\u00edses del mundo; y la Asamblea General de la ONU. Por el contrario, las informaciones sobre los Objetivos de Desarrollo del Milenio, el Alivio de la deuda, el Trabajo infantil y las Minas antipersonales, entre otras, prioritarias para la cooperaci\u00f3n, son las que tienen una menor presencia en el contenido de los diarios.<\/p>\n<p><strong>Subtemas sobre cooperaci\u00f3n para el desarrollo con mayor y menor presencia en los medios<\/strong><\/p>\n<p><img loading=\"lazy\" decoding=\"async\" alt=\"\" height=\"482\" src=\"http:\/\/centresderecerca.uab.cat\/oic\/sites\/centresderecerca.uab.cat.oic\/files\/images\/IPS_resultados_13.png\" width=\"500\" \/><\/p>\n<p>Finalmente, las noticias en las que se produce un cuestionamiento de la cooperaci\u00f3n internacional o de la ayuda al desarrollo son minoritarias, pues suponen tan s\u00f3lo un 3,2% del total de las UPC analizadas.<\/p>\n<p><strong>Distribuci\u00f3n de las UPC por l\u00ednea editorial, seg\u00fan cuestionamiento de la ayuda<\/strong><\/p>\n<p><img loading=\"lazy\" decoding=\"async\" alt=\"\" height=\"212\" src=\"http:\/\/centresderecerca.uab.cat\/oic\/sites\/centresderecerca.uab.cat.oic\/files\/images\/IPS_resultados_14.png\" width=\"499\" \/><\/p>\n<p>&nbsp;<\/p>\n","protected":false},"excerpt":{"rendered":"<p>Una s\u00edntesis de los resultados de la presente investigaci\u00f3n demuestra, como se observar\u00e1 en las p\u00e1ginas siguientes, que contrariamente a la opini\u00f3n ampliamente extendida, la prensa de referencia estudiada s\u00ed aborda con regularidad en su contenido informaciones relacionadas con la cooperaci\u00f3n para el desarrollo, si bien tambi\u00e9n es cierto \u2014y tal como se ha verificado [&hellip;]<\/p>\n","protected":false},"author":20,"featured_media":0,"parent":0,"menu_order":0,"comment_status":"closed","ping_status":"closed","template":"","meta":{"footnotes":""},"class_list":["post-270","page","type-page","status-publish","hentry"],"_links":{"self":[{"href":"https:\/\/webs.uab.cat\/oic\/es\/wp-json\/wp\/v2\/pages\/270","targetHints":{"allow":["GET"]}}],"collection":[{"href":"https:\/\/webs.uab.cat\/oic\/es\/wp-json\/wp\/v2\/pages"}],"about":[{"href":"https:\/\/webs.uab.cat\/oic\/es\/wp-json\/wp\/v2\/types\/page"}],"author":[{"embeddable":true,"href":"https:\/\/webs.uab.cat\/oic\/es\/wp-json\/wp\/v2\/users\/20"}],"replies":[{"embeddable":true,"href":"https:\/\/webs.uab.cat\/oic\/es\/wp-json\/wp\/v2\/comments?post=270"}],"version-history":[{"count":0,"href":"https:\/\/webs.uab.cat\/oic\/es\/wp-json\/wp\/v2\/pages\/270\/revisions"}],"wp:attachment":[{"href":"https:\/\/webs.uab.cat\/oic\/es\/wp-json\/wp\/v2\/media?parent=270"}],"curies":[{"name":"wp","href":"https:\/\/api.w.org\/{rel}","templated":true}]}}