{"id":275,"date":"2011-04-05T12:13:40","date_gmt":"2011-04-05T10:13:40","guid":{"rendered":"https:\/\/webs.uab.cat\/oic\/libro-blanco-estudios-comunicacion\/"},"modified":"2022-10-05T15:36:27","modified_gmt":"2022-10-05T13:36:27","slug":"libro-blanco-estudios-comunicacion","status":"publish","type":"page","link":"https:\/\/webs.uab.cat\/oic\/es\/libro-blanco-estudios-comunicacion\/","title":{"rendered":"Libro Blanco de los estudios de comunicaci\u00f3n"},"content":{"rendered":"\n<div class=\"wp-block-media-text alignwide is-stacked-on-mobile\" style=\"grid-template-columns:30% auto\"><figure class=\"wp-block-media-text__media\"><img loading=\"lazy\" decoding=\"async\" width=\"433\" height=\"600\" src=\"https:\/\/webs.uab.cat\/oic\/wp-content\/uploads\/sites\/223\/2011\/04\/libro-blanco_aneca.png\" alt=\"libro-blanco_aneca.png\" class=\"wp-image-272 size-full\" srcset=\"https:\/\/webs.uab.cat\/oic\/wp-content\/uploads\/sites\/223\/2011\/04\/libro-blanco_aneca.png 433w, https:\/\/webs.uab.cat\/oic\/wp-content\/uploads\/sites\/223\/2011\/04\/libro-blanco_aneca-217x300.png 217w\" sizes=\"auto, (max-width: 433px) 100vw, 433px\" \/><\/figure><div class=\"wp-block-media-text__content\">\n<p class=\"has-normal-font-size\">Este proyecto, financiado por la Agencia Nacional de Evaluaci\u00f3n de la Calidad y Acreditaci\u00f3n (ANECA), permiti\u00f3 establecer un an\u00e1lisis pormenorizado de los estudios de comunicaci\u00f3n&nbsp;(titulaciones de Periodismo, Comunicaci\u00f3n Audiovisual y Publicidad y Relaciones P\u00fablicas) en las universidades espa\u00f1olas. El objetivo principal era disponer de un documento marco para la adpataci\u00f3n de los estudios espa\u00f1oles a la convergencia europea, siguiendo las l\u00edneas marcadas por&nbsp;las declaraciones de la Sorbona (1998) y Bolonia (1999) y por el comunicado de Praga (2001).<\/p>\n<\/div><\/div>\n\n\n\n<p>En 2003 exist\u00edan en Espa\u00f1a cuarenta centros que impart\u00edan al menos una de las tres titulaciones de comunicaci\u00f3n, cifra que pon\u00eda&nbsp;de manifiesto el incremento experimentado en los tres \u00faltimos decenios.&nbsp;En general, las titulaciones se ubicaban&nbsp;en facultades de Comunicaci\u00f3n y tambi\u00e9n en otros centros, como Letras, Ciencias Sociales y de la Educaci\u00f3n o Biblioteconom\u00eda y Documentaci\u00f3n.&nbsp;La investigaci\u00f3n fue desarrollada con la colaboraci\u00f3n de la totalidad de las universidades espa\u00f1olas en las que se &nbsp;ofrec\u00eda&nbsp;alguna de las tres titulaciones mencionadas. Para la coordinaci\u00f3n del proyecto se cre\u00f3 un grupo de trabajo denominado <em>Presidencia del Proyecto ANECA en Comunicaci\u00f3n<\/em>, formado por el Dr. Javier Davara (Universidad Complutense), Dr. Xos\u00e9 L\u00f3pez&nbsp;(Universidad de Santiago de Compostela) y Dr. Miguel Nieto (Universidad de Sevilla) y dirigido por el Dr. Marcial Murciano (Universidad Aut\u00f3noma de Barcelona).<\/p>\n\n\n\n<p>La presidencia estableci\u00f3 tres <em>Subcomisiones<\/em>, una por cada licenciatura. Esta decisi\u00f3n se fundament\u00f3 por la diferente&nbsp;evoluci\u00f3n del mercado laboral espa\u00f1ol y europeo, que demandaba crecientemente competencias y habilidades diferenciadas para cada una de las especialidades y que se traduc\u00eda&nbsp;en una empleabilidad cada vez m\u00e1s segmentada. El periodismo&nbsp;requiere conocimientos diferenciados de los de un publicitario y estos a su vez son significativamente diferentes a los que se requieren para trabajar en un entorno de producci\u00f3n audiovisual y multimedia. En este sentido, durante las \u00faltimas d\u00e9cadas se han consolidado asociaciones profesionales diferenciadas en cada uno de estos sectores (asociaciones profesionales de periodistas, colegios profesionales de periodistas y sindicatos de periodistas; colegios profesionales del sector audiovisual y sindicatos del mismo sector; y tambi\u00e9n colegios profesionales de publicitarios, etc.) con objetivos, problem\u00e1ticas profesionales, mercados de trabajo y demandas laborales espec\u00edficas.<\/p>\n\n\n\n<p>Despu\u00e9s de finalizar el trabajo encomendado por la ANECA, se concluy\u00f3&nbsp;que no era&nbsp;apropiada la agrupaci\u00f3n de las titulaciones en una sola, general, sino en mantener las tres de forma independiente, atendiendo a la evoluci\u00f3n propia de estas carreras profesionales y a la experiencia de trayectorias acad\u00e9micas diferenciadas.<\/p>\n\n\n\n<p><a href=\"http:\/\/www.aneca.es\/var\/media\/150336\/libroblanco_comunicacion_def.pdf\">Consultar el Libro blanco de los T\u00edtulos de Grado en Ciencias de la Comunicaci\u00f3n<\/a><\/p>\n","protected":false},"excerpt":{"rendered":"<p>Este proyecto, financiado por la Agencia Nacional de Evaluaci\u00f3n de la Calidad y Acreditaci\u00f3n (ANECA), permiti\u00f3 establecer un an\u00e1lisis pormenorizado de los estudios de comunicaci\u00f3n&nbsp;(titulaciones de Periodismo, Comunicaci\u00f3n Audiovisual y Publicidad y Relaciones P\u00fablicas) en las universidades espa\u00f1olas. El objetivo principal era disponer de un documento marco para la adpataci\u00f3n de los estudios espa\u00f1oles a [&hellip;]<\/p>\n","protected":false},"author":20,"featured_media":0,"parent":0,"menu_order":0,"comment_status":"closed","ping_status":"closed","template":"","meta":{"footnotes":""},"class_list":["post-275","page","type-page","status-publish","hentry"],"_links":{"self":[{"href":"https:\/\/webs.uab.cat\/oic\/es\/wp-json\/wp\/v2\/pages\/275","targetHints":{"allow":["GET"]}}],"collection":[{"href":"https:\/\/webs.uab.cat\/oic\/es\/wp-json\/wp\/v2\/pages"}],"about":[{"href":"https:\/\/webs.uab.cat\/oic\/es\/wp-json\/wp\/v2\/types\/page"}],"author":[{"embeddable":true,"href":"https:\/\/webs.uab.cat\/oic\/es\/wp-json\/wp\/v2\/users\/20"}],"replies":[{"embeddable":true,"href":"https:\/\/webs.uab.cat\/oic\/es\/wp-json\/wp\/v2\/comments?post=275"}],"version-history":[{"count":2,"href":"https:\/\/webs.uab.cat\/oic\/es\/wp-json\/wp\/v2\/pages\/275\/revisions"}],"predecessor-version":[{"id":2632,"href":"https:\/\/webs.uab.cat\/oic\/es\/wp-json\/wp\/v2\/pages\/275\/revisions\/2632"}],"wp:attachment":[{"href":"https:\/\/webs.uab.cat\/oic\/es\/wp-json\/wp\/v2\/media?parent=275"}],"curies":[{"name":"wp","href":"https:\/\/api.w.org\/{rel}","templated":true}]}}