{"id":347,"date":"2011-09-15T10:35:32","date_gmt":"2011-09-15T08:35:32","guid":{"rendered":"https:\/\/webs.uab.cat\/oic\/normas-editoriales\/"},"modified":"2011-09-15T10:35:32","modified_gmt":"2011-09-15T08:35:32","slug":"normas-editoriales","status":"publish","type":"page","link":"https:\/\/webs.uab.cat\/oic\/es\/normas-editoriales\/","title":{"rendered":"Normas Editoriales"},"content":{"rendered":"<p><em>CONEXIONES. Revista iberoamericana de comunicaci\u00f3n<\/em> admite la publicaci\u00f3n de trabajos originales: 1) art\u00edculos acad\u00e9micos, 2) res\u00famenes de documentos relacionados con la comunicaci\u00f3n en el \u00e1mbito iberoamericano y 3) rese\u00f1as bibliogr\u00e1ficas sobre obras publicadas durante el a\u00f1o de edici\u00f3n de la revista.<\/p>\n<p>Los art\u00edculos remitidos deben ser in\u00e9ditos y no encontrarse en tr\u00e1mites de publicaci\u00f3n en otras revistas. La secretar\u00eda de CONEXIONES acusar\u00e1 recibo de la recepci\u00f3n de los originales.<\/p>\n<p><!--more--><\/p>\n<p><em>CONEXIONES. Revista iberoamericana de comunicaci\u00f3n<\/em> admite la publicaci\u00f3n de trabajos originales: 1) art\u00edculos acad\u00e9micos, 2) res\u00famenes de documentos relacionados con la comunicaci\u00f3n en el \u00e1mbito iberoamericano y 3) rese\u00f1as bibliogr\u00e1ficas sobre obras publicadas durante el a\u00f1o de edici\u00f3n de la revista.<\/p>\n<p>Los art\u00edculos remitidos deben ser in\u00e9ditos y no encontrarse en tr\u00e1mites de publicaci\u00f3n en otras revistas. La secretar\u00eda de CONEXIONES acusar\u00e1 recibo de la recepci\u00f3n de los originales.<\/p>\n<p>La revista realiza un sistema de evaluaci\u00f3n a ciegas por pares para la publicaci\u00f3n de originales. Se aceptar\u00e1n \u00fanicamente aquellos trabajos que cuenten con el dictamen favorable de dos evaluadores.<\/p>\n<p>La decisi\u00f3n del Consejo de Redacci\u00f3n en lo que concierne a la publicaci\u00f3n o no de un art\u00edculo ser\u00e1 debidamente notificada a su autor.<\/p>\n<p>Los art\u00edculos deben enviarse en formato <em>word<\/em> por correo electr\u00f3nico a:<\/p>\n<p>Marcial.Murciano@uab.es o Carmina.Crusafon@uab.es<\/p>\n<p><strong>Idioma<\/strong><\/p>\n<p>Los trabajos deber\u00e1n estar escritos en espa\u00f1ol o portugu\u00e9s.<\/p>\n<p><strong>Art\u00edculos<\/strong><\/p>\n<p>Los art\u00edculos tendr\u00e1n una extensi\u00f3n entre 5.500 y 7.500 palabras. La tipograf\u00eda ser\u00e1 <em>Times New Roman<\/em>, el tama\u00f1o de letra 11 y el interlineado sencillo.<\/p>\n<p>Los art\u00edculos no deben incluir referencias directas al autor en el texto o en la bibliograf\u00eda para facilitar su valoraci\u00f3n an\u00f3nima.<\/p>\n<p><strong>Primera p\u00e1gina<\/strong><\/p>\n<p>En la primera p\u00e1gina deben constar \u00fanicamente: el t\u00edtulo del art\u00edculo y su traducci\u00f3n al ingl\u00e9s, el nombre del autor\/es y la universidad o instituci\u00f3n en la\/s que trabaja\/n, as\u00ed como la direcci\u00f3n\/es electr\u00f3nica\/s.<\/p>\n<p><strong>Encabezado del art\u00edculo<\/strong><\/p>\n<p>T\u00edtulo del art\u00edculo sin nombre del autor\/es para favorecer su anonimato;<\/p>\n<p>Un resumen de 100 palabras y su traducci\u00f3n al ingl\u00e9s;<\/p>\n<p>Una lista de 5 palabras clave y su traducci\u00f3n al ingl\u00e9s;<\/p>\n<p><strong>Ep\u00edgrafes y subep\u00edgrafes<\/strong><\/p>\n<p>Los ep\u00edgrafes y subep\u00edgrafes se indicar\u00e1n, sin numerar, del siguiente modo con la tipograf\u00eda:<\/p>\n<p><strong><em>Primer nivel<\/em>: <em>negrita o seminegrita cursiva<\/em>\/ Times New Roman 12<\/strong><\/p>\n<p><em>Segundo nivel<\/em>: <em>cursiva \/ Times New Roman 12<\/em><\/p>\n<p>Tercer nivel: redonda \/ Times New Roman 11<\/p>\n<p><strong>Citas textuales<\/strong><\/p>\n<p>Las citas textuales, si son breves, deben incluirse de forma entrecomillada. Cuando la longitud del texto citado exceda las tres l\u00edneas deber\u00e1 ubicarse en un nuevo p\u00e1rrafo independiente. Las citas deben ir acompa\u00f1adas, entre par\u00e9ntesis, del nombre del autor, el a\u00f1o de publicaci\u00f3n y las p\u00e1ginas correspondientes. Ejemplo (Wolton, 2000:145). Si se repite el trabajo de un autor en el mismo a\u00f1o, se deben utilizar las letras a, b, c&#8230; para diferenciarlas (Wolton, 2000a).<\/p>\n<p><strong>Referencias bibliogr\u00e1ficas<\/strong><\/p>\n<p>Todas las referencias bibliogr\u00e1ficas deber\u00e1n citarse al final de documento \u2014letra Times New Roman en tama\u00f1o 10\u2014 y el nombre de los autores siempre deber\u00e1 estar en min\u00fascula y ajustarse a los siguientes modelos:<\/p>\n<p><em>Libros<\/em>: D\u00edaz Arias, R. (2006). <em>Periodismo en televisi\u00f3n: entre el espect\u00e1culo y el testimonio de la realidad.<\/em> Barcelona: Bosch.<\/p>\n<p><em>Cap\u00edtulos en libros<\/em>: Rey, G. (2002). \u201cLa televisi\u00f3n en Colombia\u201d, en G. Orozco, <em>Historias de la televisi\u00f3n en Am\u00e9rica Latina<\/em>. Barcelona: Gedisa.<\/p>\n<p><em>Art\u00edculos en publicaciones peri\u00f3dicas<\/em>: Buquet, G. (2002). \u00abLa m\u00fasica en la red: dif\u00edcil toma de posici\u00f3n de las empresas espa\u00f1olas\u00bb. <em>Telos. Cuadernos de comunicaci\u00f3n, tecnolog\u00eda y sociedad<\/em> (53, n\u00ba1), 54-59. La cita de todo art\u00edculo de revista incluir\u00e1 la menci\u00f3n del volumen y n\u00famero seg\u00fan la estructura (volumen, n\u00famero). En el ejemplo anterior, (53, n\u00ba1), se refiere al volumen 53, n\u00famero 1.<\/p>\n<p><em>Referencias electr\u00f3nicas<\/em>: Son similares a las anteriores. No es necesario incluir el lugar de publicaci\u00f3n o editorial, pero siempre debe constar el nombre del autor. Como los materiales electr\u00f3nicos son susceptibles de cambios, es imprescindible incluir la fecha de acceso y la direcci\u00f3n electr\u00f3nica completa. Se especificar\u00e1n las direcciones web de las referencias citadas. El modelo de citaci\u00f3n es el siguiente: Bonderbjerg, K. (2005). <em>Web Communication and the Public Sphere in a European perspective<\/em>. Recuperado el 15 de febrero de 2009 de, http:\/\/www.media.ku.dk<\/p>\n<p><strong>Figuras, gr\u00e1ficos y tablas<\/strong><\/p>\n<p>Las figuras y los gr\u00e1ficos deber\u00e1n presentarse dentro del texto en el sitio que les corresponde y no al final. Ir\u00e1n acompa\u00f1adas de un t\u00edtulo corto y descriptivo, y se presentar\u00e1n con n\u00fameros ar\u00e1bigos (ejemplo: Figura \/ Gr\u00e1fico 1).<\/p>\n<p>Las tablas ir\u00e1n insertas en el texto. Ir\u00e1n acompa\u00f1adas de un t\u00edtulo corto y descriptivo, y se presentar\u00e1n con n\u00fameros romanos (ejemplo: Tabla I). No se admite la nomenclatura Cuadro o Imagen.<\/p>\n<p><strong>Notas al pie de p\u00e1gina<\/strong><\/p>\n<p>Toda nota al pie se situar\u00e1 exactamente en la misma p\u00e1gina y nunca ser\u00e1 una referencia bibliogr\u00e1fica. La tipograf\u00eda ser\u00e1 Times New Roman en tama\u00f1o 9 y con interlineado sencillo.<\/p>\n<p><strong>Rese\u00f1as de libros y\/o documentos <\/strong><\/p>\n<p>Se rese\u00f1ar\u00e1n novedades bibliogr\u00e1ficas (libros y documentos) de inter\u00e9s cient\u00edfico en el \u00e1mbito de la comunicaci\u00f3n, publicadas durante el a\u00f1o de edici\u00f3n de la revista. Las rese\u00f1as tendr\u00e1n una extensi\u00f3n entre 1.000 y 1.500 palabras.<\/p>\n<p>La estructura que deber\u00e1n seguir es la siguiente:<\/p>\n<p>Autor\/es, director, coordinador, editor<\/p>\n<p>T\u00edtulo (en letra cursiva)<\/p>\n<p>Editorial<\/p>\n<p>Lugar de publicaci\u00f3n<\/p>\n<p>A\u00f1o de publicaci\u00f3n<\/p>\n<p>Ejemplo: Jos\u00e9 Marques de Melo, <em>Pensamiento comunicacional latinoamericano<\/em>. Editorial Comunicaci\u00f3n Social, Sevilla \/ Zamora, 2009.<\/p>\n<p>La rese\u00f1a deber\u00eda incluir algunos datos breves del autor o de la instituci\u00f3n, del contenido de la obra, citas textuales que sirvan de apoyo a lo expuesto por el autor, una valoraci\u00f3n cr\u00edtica razonada haciendo referencia a determinados p\u00e1rrafos o partes de la obra y una conclusi\u00f3n en la que se informe al lector del valor, inter\u00e9s o conveniencia de la obra rese\u00f1ada.<\/p>\n<p>La rese\u00f1a ir\u00e1 firmada por el nombre y apellido del autor y la instituci\u00f3n donde trabaja.<\/p>\n","protected":false},"excerpt":{"rendered":"<p>CONEXIONES. Revista iberoamericana de comunicaci\u00f3n admite la publicaci\u00f3n de trabajos originales: 1) art\u00edculos acad\u00e9micos, 2) res\u00famenes de documentos relacionados con la comunicaci\u00f3n en el \u00e1mbito iberoamericano y 3) rese\u00f1as bibliogr\u00e1ficas sobre obras publicadas durante el a\u00f1o de edici\u00f3n de la revista. Los art\u00edculos remitidos deben ser in\u00e9ditos y no encontrarse en tr\u00e1mites de publicaci\u00f3n en [&hellip;]<\/p>\n","protected":false},"author":20,"featured_media":0,"parent":0,"menu_order":0,"comment_status":"closed","ping_status":"closed","template":"","meta":{"footnotes":""},"class_list":["post-347","page","type-page","status-publish","hentry"],"_links":{"self":[{"href":"https:\/\/webs.uab.cat\/oic\/es\/wp-json\/wp\/v2\/pages\/347","targetHints":{"allow":["GET"]}}],"collection":[{"href":"https:\/\/webs.uab.cat\/oic\/es\/wp-json\/wp\/v2\/pages"}],"about":[{"href":"https:\/\/webs.uab.cat\/oic\/es\/wp-json\/wp\/v2\/types\/page"}],"author":[{"embeddable":true,"href":"https:\/\/webs.uab.cat\/oic\/es\/wp-json\/wp\/v2\/users\/20"}],"replies":[{"embeddable":true,"href":"https:\/\/webs.uab.cat\/oic\/es\/wp-json\/wp\/v2\/comments?post=347"}],"version-history":[{"count":0,"href":"https:\/\/webs.uab.cat\/oic\/es\/wp-json\/wp\/v2\/pages\/347\/revisions"}],"wp:attachment":[{"href":"https:\/\/webs.uab.cat\/oic\/es\/wp-json\/wp\/v2\/media?parent=347"}],"curies":[{"name":"wp","href":"https:\/\/api.w.org\/{rel}","templated":true}]}}