{"id":391,"date":"2011-11-03T12:57:27","date_gmt":"2011-11-03T10:57:27","guid":{"rendered":"https:\/\/webs.uab.cat\/oic\/doctorado\/"},"modified":"2011-11-03T12:57:27","modified_gmt":"2011-11-03T10:57:27","slug":"doctorado","status":"publish","type":"page","link":"https:\/\/webs.uab.cat\/oic\/es\/doctorado\/","title":{"rendered":"Doctorado"},"content":{"rendered":"<p>Los investigadores del OIC imparten docencia en doctorados oficiales de diferentes universidades espa\u00f1olas e iberoamericanas.<\/p>\n<p>En la Universitat Aut\u00f2noma de Barcelona, los docentes del OIC dirigen tesis doctorales en el marco del programa de doctorado en <a href=\"http:\/\/www.uab.cat\/servlet\/Satellite\/postgrado\/doctorados\/ciencias-sociales\/informacion-general\/comunicacion-y-periodismo-1096483530891.html?param1=2011&amp;param2=1090573141859\">Comunicaci\u00f3n y Periodismo<\/a>.<\/p>\n<p>Para la orientaci\u00f3n y direcci\u00f3n de tesis doctorales, los profesores del OIC aceptan proyectos que se encuentran dentro de las <a href=\"http:\/\/centresderecerca.uab.cat\/oic\/content\/investigacion-oic\">l\u00edneas de investigaci\u00f3n<\/a>&nbsp;prioritarias para el grupo:<\/p>\n<ul>\n<li>Sociedad de la informaci\u00f3n, tecnolog\u00eda y globalizaci\u00f3n<\/li>\n<li>Pol\u00edticas de comunicaci\u00f3n, regulaci\u00f3n y sistema de medios<\/li>\n<li>Sector audiovisual, integraci\u00f3n regional y diversidad cultural<\/li>\n<li>Contenido de los medios y nuevas din\u00e1micas sociales<\/li>\n<\/ul>\n","protected":false},"excerpt":{"rendered":"<p>Los investigadores del OIC imparten docencia en doctorados oficiales de diferentes universidades espa\u00f1olas e iberoamericanas. En la Universitat Aut\u00f2noma de Barcelona, los docentes del OIC dirigen tesis doctorales en el marco del programa de doctorado en Comunicaci\u00f3n y Periodismo. Para la orientaci\u00f3n y direcci\u00f3n de tesis doctorales, los profesores del OIC aceptan proyectos que se [&hellip;]<\/p>\n","protected":false},"author":20,"featured_media":0,"parent":0,"menu_order":0,"comment_status":"closed","ping_status":"closed","template":"","meta":{"footnotes":""},"class_list":["post-391","page","type-page","status-publish","hentry"],"_links":{"self":[{"href":"https:\/\/webs.uab.cat\/oic\/es\/wp-json\/wp\/v2\/pages\/391","targetHints":{"allow":["GET"]}}],"collection":[{"href":"https:\/\/webs.uab.cat\/oic\/es\/wp-json\/wp\/v2\/pages"}],"about":[{"href":"https:\/\/webs.uab.cat\/oic\/es\/wp-json\/wp\/v2\/types\/page"}],"author":[{"embeddable":true,"href":"https:\/\/webs.uab.cat\/oic\/es\/wp-json\/wp\/v2\/users\/20"}],"replies":[{"embeddable":true,"href":"https:\/\/webs.uab.cat\/oic\/es\/wp-json\/wp\/v2\/comments?post=391"}],"version-history":[{"count":0,"href":"https:\/\/webs.uab.cat\/oic\/es\/wp-json\/wp\/v2\/pages\/391\/revisions"}],"wp:attachment":[{"href":"https:\/\/webs.uab.cat\/oic\/es\/wp-json\/wp\/v2\/media?parent=391"}],"curies":[{"name":"wp","href":"https:\/\/api.w.org\/{rel}","templated":true}]}}