{"id":494,"date":"2015-06-01T21:44:27","date_gmt":"2015-06-01T19:44:27","guid":{"rendered":"https:\/\/webs.uab.cat\/oic\/estrategia\/"},"modified":"2015-06-01T21:44:27","modified_gmt":"2015-06-01T19:44:27","slug":"estrategia","status":"publish","type":"page","link":"https:\/\/webs.uab.cat\/oic\/es\/estrategia\/","title":{"rendered":"Estrategia"},"content":{"rendered":"<p>&nbsp;La estrategia del grupo de investigaci\u00f3n LOCALCOM para el periodo 2018 &#8211; 2021 est\u00e1 orientada a tres objetivos principales:<\/p>\n<ol>\n<li>Incrementar la investigaci\u00f3n competitiva y la presencia del Grupo a escala nacional<\/li>\n<li>Internacionalizar las diferentes actividades de los miembros del grupo<\/li>\n<li>Potenciar la transferencia de conocimientos del Observatorio Iberoamericano de la Comunicaci\u00f3n (OIC) a las redes de colaboradores y a los grupos de inter\u00e9s espec\u00edficos.<\/li>\n<\/ol>\n<p>&nbsp;<\/p>\n","protected":false},"excerpt":{"rendered":"<p>&nbsp;La estrategia del grupo de investigaci\u00f3n LOCALCOM para el periodo 2018 &#8211; 2021 est\u00e1 orientada a tres objetivos principales: Incrementar la investigaci\u00f3n competitiva y la presencia del Grupo a escala nacional Internacionalizar las diferentes actividades de los miembros del grupo Potenciar la transferencia de conocimientos del Observatorio Iberoamericano de la Comunicaci\u00f3n (OIC) a las redes [&hellip;]<\/p>\n","protected":false},"author":20,"featured_media":0,"parent":0,"menu_order":0,"comment_status":"closed","ping_status":"closed","template":"","meta":{"footnotes":""},"class_list":["post-494","page","type-page","status-publish","hentry"],"_links":{"self":[{"href":"https:\/\/webs.uab.cat\/oic\/es\/wp-json\/wp\/v2\/pages\/494","targetHints":{"allow":["GET"]}}],"collection":[{"href":"https:\/\/webs.uab.cat\/oic\/es\/wp-json\/wp\/v2\/pages"}],"about":[{"href":"https:\/\/webs.uab.cat\/oic\/es\/wp-json\/wp\/v2\/types\/page"}],"author":[{"embeddable":true,"href":"https:\/\/webs.uab.cat\/oic\/es\/wp-json\/wp\/v2\/users\/20"}],"replies":[{"embeddable":true,"href":"https:\/\/webs.uab.cat\/oic\/es\/wp-json\/wp\/v2\/comments?post=494"}],"version-history":[{"count":0,"href":"https:\/\/webs.uab.cat\/oic\/es\/wp-json\/wp\/v2\/pages\/494\/revisions"}],"wp:attachment":[{"href":"https:\/\/webs.uab.cat\/oic\/es\/wp-json\/wp\/v2\/media?parent=494"}],"curies":[{"name":"wp","href":"https:\/\/api.w.org\/{rel}","templated":true}]}}