{"id":540,"date":"2018-01-17T13:46:10","date_gmt":"2018-01-17T11:46:10","guid":{"rendered":"https:\/\/webs.uab.cat\/oic\/esptv-presentacion\/"},"modified":"2022-10-05T14:51:25","modified_gmt":"2022-10-05T12:51:25","slug":"esptv-presentacion","status":"publish","type":"page","link":"https:\/\/webs.uab.cat\/oic\/es\/esptv-presentacion\/","title":{"rendered":"Televisi\u00f3n p\u00fablica y entorno digital"},"content":{"rendered":"<div class=\"wp-block-image\">\n<figure class=\"aligncenter is-resized\"><img loading=\"lazy\" decoding=\"async\" src=\"https:\/\/webs.uab.cat\/oic\/wp-content\/uploads\/sites\/223\/2018\/01\/psm-spain.gif\" alt=\"Televisi\u00f3n p\u00fablica en Espa\u00f1a\" class=\"wp-image-537\" width=\"586\" height=\"350\"\/><\/figure>\n<\/div>\n\n\n<p>El proyecto <em>Los retos de la televisi\u00f3n p\u00fablica en Espa\u00f1a ante el mercado \u00fanico digital europeo: estrategias multipantalla, innovaci\u00f3n y renovaci\u00f3n de los mandatos del servicio p\u00fablico<\/em>&nbsp;es una iniciativa desarrollada por el grupo Localcom en el marco del Programa Estatal de Investigaci\u00f3n, Desarrollo e Innovaci\u00f3n Orientada a los Retos de la Sociedad,&nbsp;financiado por el Ministerio de Ciencia, Innovaci\u00f3n y Universidades.<\/p>\n\n\n\n<p>\u00a0\u00a0\u00a0 \u00bb <a href=\"#RESU\"><strong>Resumen<\/strong><\/a><br>\u00a0\u00a0\u00a0 \u00bb <strong><a href=\"#EQU\">Finalidad del proyecto<\/a><\/strong><\/p>\n\n\n\n<h2 class=\"wp-block-heading\" id=\"RESU\">Resumen<\/h2>\n\n\n\n<p>El pleno funcionamiento de un mercado \u00fanico digital es uno de los grandes objetivos de la Uni\u00f3n Europea en el marco de la estrategia Europa 2020. Su implementaci\u00f3n afecta a todos los sectores econ\u00f3micos y entre ellos, a las televisiones p\u00fablicas. El despliegue de la tecnolog\u00eda digital en el sector televisivo tiene unas singularidades que requieren de un estudio detallado. Adem\u00e1s la convergencia de la televisi\u00f3n e Internet permite al p\u00fablico acceder a los contenidos audiovisuales pr\u00e1cticamente desde cualquier lugar y en todo momento a trav\u00e9s de diversos dispositivos conectados.<\/p>\n\n\n\n<p>Ante esta realidad, los canales de televisi\u00f3n de servicio p\u00fablico se esfuerzan por atraer y mantener a sus audiencias con nuevas plataformas y aplicaciones digitales, con la finalidad de fortalecer la interacci\u00f3n con sus espectadores y diferenciarse de otros canales, mediante el conjunto de valores institucionales que le son propios. Aunque en la Uni\u00f3n Europea existen directrices precisas respecto al desarrollo del mercado \u00fanico digital y a la gesti\u00f3n del espectro radioel\u00e9ctrico, el dise\u00f1o y desarrollo del servicio p\u00fablico se encuentra bajo la competencia de los Estados miembros. A falta de una pol\u00edtica com\u00fan, m\u00e1s&nbsp;all\u00e1 del mantenimiento de la importancia del mandato de servicio p\u00fablico, la nueva realidad multipantalla plantea muchos interrogantes acerca de c\u00f3mo mantener la vitalidad y la relevancia de la televisi\u00f3n p\u00fablica. Por otra parte, a partir de 2020 el impacto de la liberalizaci\u00f3n de la banda de los 700Mhz y el desarrollo de la tecnolog\u00eda 5G podr\u00e1n en cuesti\u00f3n el espacio espectral destinado a la televisi\u00f3n digital terrestre y favorecer\u00e1n la trasmisi\u00f3n en red de las se\u00f1ales de v\u00eddeo de calidad.<\/p>\n\n\n\n<p>En este escenario, las estrategias de innovaci\u00f3n y adaptaci\u00f3n de la televisi\u00f3n p\u00fablica a un ecosistema multipantalla se han convertido en temas prioritarios para investigadores y medios a escala europea. Asimismo deber ocurrir en el caso espa\u00f1ol donde deber\u00eda colocarse en la agenda de prioridades de la televisi\u00f3n p\u00fablica, nacional, auton\u00f3mica y local.<\/p>\n\n\n\n<h2 class=\"wp-block-heading\" id=\"EQU\">FInalidad del proyecto<\/h2>\n\n\n\n<p>El presente proyecto de investigaci\u00f3n tiene la voluntad de aportar desde el \u00e1mbito acad\u00e9mico propuestas sobre la estructura y la pol\u00edtica de comunicaci\u00f3n que contribuyan a colocar en la agenda de los medios p\u00fablicos este imperioso debate. La propuesta persigue los siguientes objetivos espec\u00edficos:<\/p>\n\n\n\n<p>1) Seleccionar, analizar y valorar, desde una perspectiva comparada, las estrategias internacionales desplegadas por las televisiones p\u00fablicas para su adaptaci\u00f3n al escenario multipantalla en el marco de la consolidaci\u00f3n del mercado \u00fanico digital europeo;<\/p>\n\n\n\n<p>2) Elaborar un modelo de indicadores, basado en los criterios de disponibilidad, usos y contexto, que permita medir y diagnosticar la adaptaci\u00f3n de los medios p\u00fablicos al nuevo entorno digital;<\/p>\n\n\n\n<p>3) Aplicar el modelo de indicadores desarrollado al caso espa\u00f1ol, a partir de una muestra de canales p\u00fablicos que emiten en los siguientes espacios comunicativos: nacional, auton\u00f3mico y local;<\/p>\n\n\n\n<p>4) Crear una cartograf\u00eda de plataformas, din\u00e1micas de interacci\u00f3n y recursos digitales de la televisi\u00f3n p\u00fablica a escala nacional, auton\u00f3mica y local, con el fin de evaluar y comparar su adaptaci\u00f3n al escenario multipantalla; y<\/p>\n\n\n\n<p>5) Proponer una agenda de iniciativas pol\u00edticas que permitan dar continuidad a los principios del servicio p\u00fablico en el escenario multicanal, multiplataforma y con diversidad de contenidos.<\/p>\n","protected":false},"excerpt":{"rendered":"<p>El proyecto Los retos de la televisi\u00f3n p\u00fablica en Espa\u00f1a ante el mercado \u00fanico digital europeo: estrategias multipantalla, innovaci\u00f3n y renovaci\u00f3n de los mandatos del servicio p\u00fablico&nbsp;es una iniciativa desarrollada por el grupo Localcom en el marco del Programa Estatal de Investigaci\u00f3n, Desarrollo e Innovaci\u00f3n Orientada a los Retos de la Sociedad,&nbsp;financiado por el Ministerio [&hellip;]<\/p>\n","protected":false},"author":20,"featured_media":0,"parent":0,"menu_order":0,"comment_status":"closed","ping_status":"closed","template":"","meta":{"footnotes":""},"class_list":["post-540","page","type-page","status-publish","hentry"],"_links":{"self":[{"href":"https:\/\/webs.uab.cat\/oic\/es\/wp-json\/wp\/v2\/pages\/540","targetHints":{"allow":["GET"]}}],"collection":[{"href":"https:\/\/webs.uab.cat\/oic\/es\/wp-json\/wp\/v2\/pages"}],"about":[{"href":"https:\/\/webs.uab.cat\/oic\/es\/wp-json\/wp\/v2\/types\/page"}],"author":[{"embeddable":true,"href":"https:\/\/webs.uab.cat\/oic\/es\/wp-json\/wp\/v2\/users\/20"}],"replies":[{"embeddable":true,"href":"https:\/\/webs.uab.cat\/oic\/es\/wp-json\/wp\/v2\/comments?post=540"}],"version-history":[{"count":1,"href":"https:\/\/webs.uab.cat\/oic\/es\/wp-json\/wp\/v2\/pages\/540\/revisions"}],"predecessor-version":[{"id":2515,"href":"https:\/\/webs.uab.cat\/oic\/es\/wp-json\/wp\/v2\/pages\/540\/revisions\/2515"}],"wp:attachment":[{"href":"https:\/\/webs.uab.cat\/oic\/es\/wp-json\/wp\/v2\/media?parent=540"}],"curies":[{"name":"wp","href":"https:\/\/api.w.org\/{rel}","templated":true}]}}