{"id":115,"date":"2010-06-22T15:31:41","date_gmt":"2010-06-22T13:31:41","guid":{"rendered":"https:\/\/webs.uab.cat\/oic\/recerca\/"},"modified":"2022-10-05T14:24:34","modified_gmt":"2022-10-05T12:24:34","slug":"recerca","status":"publish","type":"page","link":"https:\/\/webs.uab.cat\/oic\/recerca\/","title":{"rendered":"L\u00ednies de recerca"},"content":{"rendered":"\n<p>L&#8217;OIC treballa quatre l\u00ednies de recerca:<\/p>\n\n\n\n<ol class=\"wp-block-list\"><li><strong><a href=\"#ANA\">Ind\u00fastries creactives, continguts i noves din\u00e0miques socials<\/a><\/strong><\/li><li><strong><a href=\"#TIC\">Societat de la informaci\u00f3, tecnologia i globalitzaci\u00f3 <\/a><\/strong><\/li><li><strong><a href=\"#POL\">Pol\u00edtiques de comunicaci\u00f3, regulaci\u00f3 i sistema de mitjans<\/a><\/strong><\/li><li><strong><a href=\"#AUD\">Audiovisual, integraci\u00f3 regional i diversitat cultural<\/a><\/strong><\/li><\/ol>\n\n\n\n<h2 class=\"wp-block-heading\" id=\"ANA\">Ind\u00fastries creatives, continguts i noves din\u00e0miques socials<\/h2>\n\n\n\n<p>Aquesta l\u00ednia de recerca est\u00e0 especialitzada en l&#8217;\u00fas d&#8217;eines emp\u00edriques i qualitatives per estudiar el comportament de les ind\u00fastries de la comunicaci\u00f3, creatives i culturals. \u00c9s un camp de treball plural que posa l&#8217;\u00e8mfasi en la investigaci\u00f3 especialitzada per facilitar als professionals dels mitjans, a l&#8217;administraci\u00f3 p\u00fablica, als agents sectorials i als usuaris de la comunicaci\u00f3, instruments estrat\u00e8gics per a la presa de decisions. El disseny i la implementaci\u00f3 de la recerca en aquest camp entronca amb els plantejaments del programa de la Uni\u00f3 Europea Horitz\u00f3 2020, que impulsa el paper de les tecnologies i la gesti\u00f3 de la informaci\u00f3, incloses les TIC, els continguts digitals i la creativitat, en tant que instruments per abordar els grans reptes socials i el nou lideratge industrial.<\/p>\n\n\n\n<h2 class=\"wp-block-heading\" id=\"TIC\">Societat de la informaci\u00f3, tecnologia i globalitzaci\u00f3<\/h2>\n\n\n\n<p>Aquesta l\u00ednia de treball sorgeix de l&#8217;inter\u00e8s cient\u00edfic per analitzar el nivell de desenvolupament dels diferents sistemes comunicatius locals o auton\u00f2mics i els efectes que tenen les tecnologies de la comunicaci\u00f3 i la informaci\u00f3 (TIC) en les formes tradicionals d&#8217;organitzaci\u00f3, producci\u00f3 i funcionament dels mitjans. Tamb\u00e9 ens interessa con\u00e8ixer el nivell de canvi que es produeix en el treball i en el contingut dels mitjans com a conseq\u00fc\u00e8ncia de la converg\u00e8ncia digital en el sector i el creixent protagonisme dels usuaris en entorns tecnol\u00f2gics interactius. At\u00e8s que les institucions locals i els seus actors pol\u00edtics tenen en l&#8217;actual escenari tecnol\u00f2gic un paper actiu i significatiu, proposem una aproximaci\u00f3 al tema de les TIC des de la perspectiva local, que considera tant als operadors del sistema dels mitjans que ofereixen nous serveis per les infraestructures emergents, com les estrat\u00e8gies de cohesi\u00f3 territorial que impulsen les xarxes emergents. En aquest sentit, cal estudiar els objectius estrat\u00e8gics prioritaris de les institucions locals i prendre decisions a favor de la informaci\u00f3 de proximitat, la descentralitzaci\u00f3 i el reequilibri territorial comunicatiu, aix\u00ed com la descentralitzaci\u00f3 de serveis com poden ser l&#8217;educaci\u00f3 a dist\u00e0ncia o l&#8217;administraci\u00f3 en l\u00ednia.<\/p>\n\n\n\n<h2 class=\"wp-block-heading\" id=\"POL\">Pol\u00edtiques de comunicaci\u00f3, regulaci\u00f3 i sistema de mitjans<\/h2>\n\n\n\n<p>El desenvolupament del sistema de mitjans ha tingut la virtut de plantejar en el debat sobre l&#8217;inter\u00e8s general i les pol\u00edtiques de comunicaci\u00f3 aspectes que estaven absents o circumscrits a l&#8217;\u00e0mbit de la ind\u00fastria i el comer\u00e7. Per aquest motiu, vinculem l&#8217;estudi de les pol\u00edtiques de comunicaci\u00f3 al benestar social de les societats, a l&#8217;aprofundiment de la democr\u00e0cia, al desenvolupament econ\u00f2mic i social i a la cooperaci\u00f3 per al desenvolupament. Valors com la innovaci\u00f3, la compet\u00e8ncia (la regulaci\u00f3), l&#8217;ocupaci\u00f3 i el desenvolupament econ\u00f2mic, adquireixen avui una gran pres\u00e8ncia i visibilitat, com a conseq\u00fc\u00e8ncia del proc\u00e9s de converg\u00e8ncia esmentat i la consideraci\u00f3 que la ind\u00fastria cultural i les noves tecnologies s\u00f3n els ponts de pas a la societat de la informaci\u00f3.<\/p>\n\n\n\n<h2 class=\"wp-block-heading\" id=\"AUD\">Audiovisual, integraci\u00f3 regional i diversitat cultural<\/h2>\n\n\n\n<p>L&#8217;objectiu d&#8217;aquesta l\u00ednia de recerca \u00e9s analitzar el sector audiovisual nacional i internacional des de les diverses perspectives socials, econ\u00f2miques i tecnol\u00f2giques. Es tracta d&#8217;abordar els factors que impulsen l&#8217;evoluci\u00f3 de l&#8217;audiovisual com a activitat central de la ind\u00fastria cultural. El ple funcionament d&#8217;un mercat \u00fanic digital condiciona el desenvolupament del sector i obliga a nous plantejaments de pol\u00edtiques p\u00fabliques i models de negoci empresarials. El desplegament de la tecnologia digital en el sector audiovisual t\u00e9 singularitats que requereixen de&nbsp;estudis detallats amb \u00e8mfasi en les seves conseq\u00fc\u00e8ncies nacionals, regionals i globals.<\/p>\n","protected":false},"excerpt":{"rendered":"<p>L&#8217;OIC treballa quatre l\u00ednies de recerca: Ind\u00fastries creactives, continguts i noves din\u00e0miques socials Societat de la informaci\u00f3, tecnologia i globalitzaci\u00f3 Pol\u00edtiques de comunicaci\u00f3, regulaci\u00f3 i sistema de mitjans Audiovisual, integraci\u00f3 regional i diversitat cultural Ind\u00fastries creatives, continguts i noves din\u00e0miques socials Aquesta l\u00ednia de recerca est\u00e0 especialitzada en l&#8217;\u00fas d&#8217;eines emp\u00edriques i qualitatives per estudiar [&hellip;]<\/p>\n","protected":false},"author":20,"featured_media":0,"parent":0,"menu_order":0,"comment_status":"closed","ping_status":"closed","template":"","meta":{"footnotes":""},"class_list":["post-115","page","type-page","status-publish","hentry"],"_links":{"self":[{"href":"https:\/\/webs.uab.cat\/oic\/wp-json\/wp\/v2\/pages\/115","targetHints":{"allow":["GET"]}}],"collection":[{"href":"https:\/\/webs.uab.cat\/oic\/wp-json\/wp\/v2\/pages"}],"about":[{"href":"https:\/\/webs.uab.cat\/oic\/wp-json\/wp\/v2\/types\/page"}],"author":[{"embeddable":true,"href":"https:\/\/webs.uab.cat\/oic\/wp-json\/wp\/v2\/users\/20"}],"replies":[{"embeddable":true,"href":"https:\/\/webs.uab.cat\/oic\/wp-json\/wp\/v2\/comments?post=115"}],"version-history":[{"count":1,"href":"https:\/\/webs.uab.cat\/oic\/wp-json\/wp\/v2\/pages\/115\/revisions"}],"predecessor-version":[{"id":2497,"href":"https:\/\/webs.uab.cat\/oic\/wp-json\/wp\/v2\/pages\/115\/revisions\/2497"}],"wp:attachment":[{"href":"https:\/\/webs.uab.cat\/oic\/wp-json\/wp\/v2\/media?parent=115"}],"curies":[{"name":"wp","href":"https:\/\/api.w.org\/{rel}","templated":true}]}}