{"id":116,"date":"2010-06-22T15:31:57","date_gmt":"2010-06-22T13:31:57","guid":{"rendered":"https:\/\/webs.uab.cat\/oic\/formacio\/"},"modified":"2010-06-22T15:31:57","modified_gmt":"2010-06-22T13:31:57","slug":"formacio","status":"publish","type":"page","link":"https:\/\/webs.uab.cat\/oic\/formacio\/","title":{"rendered":"Formacio"},"content":{"rendered":"<h2>Doc\u00e8ncia<\/h2>\n<p><span class=\"inline inline-left\"><img loading=\"lazy\" decoding=\"async\" class=\"image image-preview \" title=\"\" src=\"http:\/\/centresderecerca.uab.cat\/oic\/sites\/centresderecerca.uab.cat.oic\/files\/images\/cg114s0021_2.preview.jpg\" alt=\"\" height=\"227\" width=\"302\"><\/span><\/p>\n<div id=\"_mcePaste\" style=\"position: absolute; left: -10000px; top: 0px; width: 1px; height: 1px; overflow: hidden;\">Els investigadors de l\u2019OIC imparteixen doc\u00e8ncia universit\u00e0ria a titulacions de grau de Comunicaci\u00f3 i Ci\u00e8ncies Socials (Periodisme, Comunicaci\u00f3 Audiovisual i Publicitat i Relacions P\u00fabliques\u2026). Les \u00e0rees preferents de doc\u00e8ncia es troben principalment en l\u2019\u00e0mbit de les Teories, Estructura i Pol\u00edtiques de Comunicaci\u00f3.&nbsp;<\/div>\n<div id=\"_mcePaste\" style=\"position: absolute; left: -10000px; top: 0px; width: 1px; height: 1px; overflow: hidden;\">En els estudis de postgrau (M\u00e0ster i Doctorat) els investigadores de l\u2019OIC coordinen m\u00f2duls especialitzats en \u2018Estructura i Pol\u00edtiques de Comunicaci\u00f3\u2019, en temes europeus, iberoamericans i de pa\u00efsos emergents. Aquestes \u00e0rees docents acullen cada any estudiants nacionals i internacionals que realitzen investigacions de M\u00e0ster i\/o Doctorat.<\/div>\n<div id=\"_mcePaste\" style=\"position: absolute; left: -10000px; top: 0px; width: 1px; height: 1px; overflow: hidden;\">L\u2019equip docent de l\u2019OIC imparteix cursos i seminaris com a professors invitats a diverses universitats espanyoles, europees i llatinoamericanes.&nbsp;<\/div>\n<div id=\"_mcePaste\" style=\"position: absolute; left: -10000px; top: 0px; width: 1px; height: 1px; overflow: hidden;\">L\u2019OIC t\u00e9 una especial preocupaci\u00f3 per les metodologies docents aplicades a l\u2019aprenentatge aut\u00f2nom i el desenvolupament de compet\u00e8ncies. En aquest sentit, s\u2019han realitzat diversos estudis i informes sobre aquesta tem\u00e0tica<\/div>\n<p style=\"text-align: justify;\">Els investigadors de l\u2019OIC imparteixen doc\u00e8ncia universit\u00e0ria a titulacions de grau de Comunicaci\u00f3 i Ci\u00e8ncies Socials (Periodisme, Comunicaci\u00f3 Audiovisual i Publicitat i Relacions P\u00fabliques\u2026). Les \u00e0rees preferents de doc\u00e8ncia es troben principalment en l\u2019\u00e0mbit de les Teories, Estructura i Pol\u00edtiques de Comunicaci\u00f3.&nbsp;<\/p>\n<p style=\"text-align: justify;\">En els estudis de postgrau (<a href=\"http:\/\/centresderecerca.uab.cat\/oic\/ca\/content\/mastercat\">M\u00e0ster <\/a>i <a href=\"http:\/\/centresderecerca.uab.cat\/oic\/ca\/content\/doctorat\">Doctorat<\/a>) els investigadores de l\u2019OIC coordinen m\u00f2duls especialitzats en \u2018<a href=\"http:\/\/doctoratcomunicacio.wordpress.com\/master-de-investigacion\/planificacion-de-los-estudios\/curso-2011-2012\/modulos-obligatorios-2011-2012\/estructura-y-politicas-de-comunicacion-en-la-era-digital\/\" target=\"_blank\" rel=\"noopener\">Estructura i Pol\u00edtiques de Comunicaci\u00f3<\/a>\u2019, en temes europeus, iberoamericans i de pa\u00efsos emergents. Aquestes \u00e0rees docents acullen cada any estudiants nacionals i internacionals que realitzen investigacions de M\u00e0ster i\/o Doctorat.<\/p>\n<p style=\"text-align: justify;\">L\u2019equip docent de l\u2019OIC imparteix cursos i seminaris com a professors invitats a diverses universitats espanyoles, europees i llatinoamericanes.&nbsp;<\/p>\n<p style=\"text-align: justify;\">L\u2019OIC t\u00e9 una especial preocupaci\u00f3 per les metodologies docents aplicades a l\u2019aprenentatge aut\u00f2nom i el desenvolupament de compet\u00e8ncies. En aquest sentit, s\u2019han realitzat diversos <a href=\"http:\/\/centresderecerca.uab.cat\/oic\/ca\/content\/llibre-blanc-estudis-comunicacio\">estudis i informes<\/a> sobre aquesta tem\u00e0tica.<\/p>\n<p>&nbsp;<\/p>\n<p>&nbsp;<\/p>\n","protected":false},"excerpt":{"rendered":"<p>Doc\u00e8ncia Els investigadors de l\u2019OIC imparteixen doc\u00e8ncia universit\u00e0ria a titulacions de grau de Comunicaci\u00f3 i Ci\u00e8ncies Socials (Periodisme, Comunicaci\u00f3 Audiovisual i Publicitat i Relacions P\u00fabliques\u2026). Les \u00e0rees preferents de doc\u00e8ncia es troben principalment en l\u2019\u00e0mbit de les Teories, Estructura i Pol\u00edtiques de Comunicaci\u00f3.&nbsp; En els estudis de postgrau (M\u00e0ster i Doctorat) els investigadores de l\u2019OIC [&hellip;]<\/p>\n","protected":false},"author":20,"featured_media":0,"parent":0,"menu_order":0,"comment_status":"closed","ping_status":"closed","template":"","meta":{"footnotes":""},"class_list":["post-116","page","type-page","status-publish","hentry"],"_links":{"self":[{"href":"https:\/\/webs.uab.cat\/oic\/wp-json\/wp\/v2\/pages\/116","targetHints":{"allow":["GET"]}}],"collection":[{"href":"https:\/\/webs.uab.cat\/oic\/wp-json\/wp\/v2\/pages"}],"about":[{"href":"https:\/\/webs.uab.cat\/oic\/wp-json\/wp\/v2\/types\/page"}],"author":[{"embeddable":true,"href":"https:\/\/webs.uab.cat\/oic\/wp-json\/wp\/v2\/users\/20"}],"replies":[{"embeddable":true,"href":"https:\/\/webs.uab.cat\/oic\/wp-json\/wp\/v2\/comments?post=116"}],"version-history":[{"count":0,"href":"https:\/\/webs.uab.cat\/oic\/wp-json\/wp\/v2\/pages\/116\/revisions"}],"wp:attachment":[{"href":"https:\/\/webs.uab.cat\/oic\/wp-json\/wp\/v2\/media?parent=116"}],"curies":[{"name":"wp","href":"https:\/\/api.w.org\/{rel}","templated":true}]}}