{"id":117,"date":"2010-06-22T15:32:22","date_gmt":"2010-06-22T13:32:22","guid":{"rendered":"https:\/\/webs.uab.cat\/oic\/projectes\/"},"modified":"2022-10-05T15:17:06","modified_gmt":"2022-10-05T13:17:06","slug":"projectes","status":"publish","type":"page","link":"https:\/\/webs.uab.cat\/oic\/projectes\/","title":{"rendered":"Projectes"},"content":{"rendered":"<p>El OIC i les seves xarxes associades treballen en el desenvolupament de projectes emmarcats en el Sistema Nacional de Ci\u00e8ncia, Tecnologia i Innovaci\u00f3, aix\u00ed com en estudis avalats per ag\u00e8ncies nacionals i internacionals:<\/p>\n<table class=\"rootcandyspan\" style=\"border: 1px solid #ffffff; width: 100%;\" border=\"1\" align=\"center\">\n<thead><\/thead>\n<tbody>\n<tr>\n<th style=\"background-color: #006666;\"><strong><span style=\"color: white;\">Refer\u00e8ncia<\/span><\/strong><\/th>\n<th style=\"background-color: #006666;\"><strong><span style=\"color: white;\">Nom<\/span><\/strong><\/th>\n<th style=\"background-color: #006666;\"><strong><span style=\"color: white;\">Finan\u00e7ament<\/span><\/strong><\/th>\n<\/tr>\n<tr>\n<td style=\"background-color: #dcdcdc; width: 182px;\"><a href=\"http:\/\/webs.uab.cat\/oic\/ca\/esptv-presentacio\">CSO2017-82277-R<\/a><\/td>\n<td style=\"background-color: #dcdcdc; width: 599px;\"><em>Los retos de la televisi\u00f3n p\u00fablica en Espa\u00f1a ante el mercado \u00fanico digital europeo: estrategias multipantalla, innovaci\u00f3n y renovaci\u00f3n de los mandatos del servicio p\u00fablico<\/em><\/td>\n<td style=\"background-color: #dcdcdc; width: 351px;\">Ministerio de Ciencia, Innovaci\u00f3n y Universidades<\/td>\n<\/tr>\n<tr>\n<td style=\"background-color: #b0c4de;\"><a href=\"http:\/\/centresderecerca.uab.cat\/oic\/ca\/content\/presentacio-icc\">CSO2013-42822R<\/a><\/td>\n<td style=\"background-color: #b0c4de;\"><em>Las industrias culturales y creativas en Espa\u00f1a<\/em><\/td>\n<td style=\"background-color: #b0c4de;\">Ministerio de Econom\u00eda, Industria y Competitividad<\/td>\n<\/tr>\n<tr>\n<td style=\"background-color: #dcdcdc;\"><a href=\"http:\/\/webs.uab.cat\/oic\/ca\/politicas-publicas-sociedad-informacion\">CSO2008\/00587<\/a><\/td>\n<td style=\"background-color: #dcdcdc;\"><em>Pol\u00edticas p\u00fablicas de impulso a la sociedad de la informaci\u00f3n en Espa\u00f1a: Evaluaci\u00f3n de las estrategias y actuaciones en nueve comunidades aut\u00f3nomas<\/em><\/td>\n<td style=\"background-color: #dcdcdc;\">Ministerio de Ciencia e Innovaci\u00f3n<\/td>\n<\/tr>\n<tr>\n<td style=\"background-color: #b0c4de;\"><a href=\"http:\/\/webs.uab.cat\/oic\/ca\/content\/presentaco\">CF181137<\/a><\/td>\n<td style=\"background-color: #b0c4de;\"><em>La prensa y la cooperaci\u00f3n internacional. Cobertura de la cooperaci\u00f3n para el desarrollo en nueve diarios europeos <\/em><\/td>\n<td style=\"background-color: #b0c4de;\">AECID-Espa\u00f1a &amp; IPS-Roma<\/td>\n<\/tr>\n<tr>\n<td style=\"background-color: #dcdcdc;\"><a href=\"http:\/\/webs.uab.cat\/oic\/ca\/tic-espanya-presentacio\">SEC2003\/07024<\/a><\/td>\n<td style=\"background-color: #dcdcdc;\"><em>Nueva tecnolog\u00eda de la informaci\u00f3n y cambio comunicativo en las comunidades aut\u00f3nomas espa\u00f1olas<\/em><\/td>\n<td style=\"background-color: #dcdcdc;\">Ministerio de Educaci\u00f3n y Ciencia<\/td>\n<\/tr>\n<tr>\n<td style=\"background-color: #b0c4de;\"><a href=\"http:\/\/webs.uab.cat\/oic\/ca\/presentacio-0\">CI201347<\/a><\/td>\n<td style=\"background-color: #b0c4de;\"><em>Libro blanco de los t\u00edtulos de grado en Ciencias de la Comunicaci\u00f3n<\/em><\/td>\n<td style=\"background-color: #b0c4de;\">Agencia Nacional de Evaluaci\u00f3n de la Calidad y Acreditaci\u00f3n (ANECA)<\/td>\n<\/tr>\n<\/tbody>\n<\/table>\n","protected":false},"excerpt":{"rendered":"<p>El OIC i les seves xarxes associades treballen en el desenvolupament de projectes emmarcats en el Sistema Nacional de Ci\u00e8ncia, Tecnologia i Innovaci\u00f3, aix\u00ed com en estudis avalats per ag\u00e8ncies nacionals i internacionals: Refer\u00e8ncia Nom Finan\u00e7ament CSO2017-82277-R Los retos de la televisi\u00f3n p\u00fablica en Espa\u00f1a ante el mercado \u00fanico digital europeo: estrategias multipantalla, innovaci\u00f3n y [&hellip;]<\/p>\n","protected":false},"author":20,"featured_media":0,"parent":0,"menu_order":0,"comment_status":"closed","ping_status":"closed","template":"","meta":{"footnotes":""},"class_list":["post-117","page","type-page","status-publish","hentry"],"_links":{"self":[{"href":"https:\/\/webs.uab.cat\/oic\/wp-json\/wp\/v2\/pages\/117","targetHints":{"allow":["GET"]}}],"collection":[{"href":"https:\/\/webs.uab.cat\/oic\/wp-json\/wp\/v2\/pages"}],"about":[{"href":"https:\/\/webs.uab.cat\/oic\/wp-json\/wp\/v2\/types\/page"}],"author":[{"embeddable":true,"href":"https:\/\/webs.uab.cat\/oic\/wp-json\/wp\/v2\/users\/20"}],"replies":[{"embeddable":true,"href":"https:\/\/webs.uab.cat\/oic\/wp-json\/wp\/v2\/comments?post=117"}],"version-history":[{"count":1,"href":"https:\/\/webs.uab.cat\/oic\/wp-json\/wp\/v2\/pages\/117\/revisions"}],"predecessor-version":[{"id":2617,"href":"https:\/\/webs.uab.cat\/oic\/wp-json\/wp\/v2\/pages\/117\/revisions\/2617"}],"wp:attachment":[{"href":"https:\/\/webs.uab.cat\/oic\/wp-json\/wp\/v2\/media?parent=117"}],"curies":[{"name":"wp","href":"https:\/\/api.w.org\/{rel}","templated":true}]}}