{"id":118,"date":"2010-06-22T16:07:07","date_gmt":"2010-06-22T14:07:07","guid":{"rendered":"https:\/\/webs.uab.cat\/oic\/ressenya-historica\/"},"modified":"2022-10-05T16:25:03","modified_gmt":"2022-10-05T14:25:03","slug":"ressenya-historica","status":"publish","type":"page","link":"https:\/\/webs.uab.cat\/oic\/ressenya-historica\/","title":{"rendered":"Ressenya hist\u00f2rica"},"content":{"rendered":"\n<p>L&#8217;Observatori Iberoameric\u00e0 de la Comunicaci\u00f3 (OIC) \u00e9s resultat del treball realitzat des de finals dels anys 90 pel Laboratori de Prospectiva i Investigaci\u00f3 en Comunicaci\u00f3 (LAPREC) de la UAB i per la Xarxa de Pol\u00edtiques de Comunicaci\u00f3 Comparades. El 2003 ambdues institucions es fusionen i constitueixen l\u2019OIC, un centre d&#8217;investigaci\u00f3 acad\u00e8mica, de vocaci\u00f3 iberoamericana, que promou el treball cooperatiu en comunicaci\u00f3, cultura i desenvolupament hum\u00e0. Aquest mateix any, l&#8217;Observatori impulsa la creaci\u00f3 del Grup de recerca LOCALCOM, integrat per les universitats Aut\u00f2noma de Barcelona (coordinadora), d&#8217;Alacant, de M\u00e0laga, de Santiago de Compostela, del Pa\u00eds Basc i Europea de Madrid, per desenvolupar la investigaci\u00f3 \u201cNova tecnologia de la informaci\u00f3 i canvi comunicatiu en les comunitats aut\u00f2nomes espanyoles\u201d, en el marc del programa d&#8217;ajuts a Projectes d&#8217;Investigaci\u00f3 Cient\u00edfica i Desenvolupament Tecnol\u00f2gic del Ministeri d&#8217;Educaci\u00f3 i Ci\u00e8ncia d&#8217;Espanya.<\/p>\n\n\n\n<p>Posteriorment, i fruit d&#8217;una primera trobada de professors i investigadors realitzat a la ciutat de Buenos Aires el juliol de 2008, l\u2019OIC impulsa la Xarxa Iberoamericana d&#8217;Estudis de Comunicaci\u00f3 (RIEC) amb l&#8217;objectiu d&#8217;establir una plataforma estable de recerca, fomentar mobilitat del professorat investigador, facilitar l&#8217;intercanvi d&#8217;informaci\u00f3 sobre temes acad\u00e8mics d&#8217;inter\u00e8s com\u00fa, promoure la publicaci\u00f3 de llibres d&#8217;\u00e0mbit internacional (Col\u2022lecci\u00f3 Espai Iberoameric\u00e0) i la difusi\u00f3 de revistes especialitzades, entre altres activitats de car\u00e0cter cient\u00edfic. La Xarxa RIEC edita des de 2009 la publicaci\u00f3 peri\u00f2dica \u201cConexiones. Revista Iberoamericana de Comunicaci\u00f3n\u201d.<\/p>\n\n\n\n<p>El 2009 l\u2019OIC signa un conveni de col\u2022laboraci\u00f3 amb l&#8217;ag\u00e8ncia de not\u00edcies Inter Press Service (IPS) i l&#8217;Ag\u00e8ncia Espanyola de Cooperaci\u00f3 Internacional per al Desenvolupament (AECID) amb el prop\u00f2sit de dur a terme an\u00e0lisis emp\u00edriques que permetin estudiar i avaluar el comportament dels mitjans de comunicaci\u00f3 en contextos supranacionals oberts a nous interrogants. Fruit d&#8217;aquest conveni es constitueix el Grup d&#8217;Investigacions sobre la Informaci\u00f3 (GII) i s&#8217;edita el llibre \u201cLa prensa y la cooperaci\u00f3n internacional\u201d (Comunicaci\u00f3 Social, Sevilla-Zamora, 2010).<\/p>\n\n\n\n<p>El 2011 l\u2019OIC promou, juntament amb quinze universitats, la Xarxa Euro-Llatinoamericana per a la modernitzaci\u00f3 de les institucions d&#8217;educaci\u00f3 superior (REMI) amb l&#8217;objectiu de desenvolupar noves estrat\u00e8gies educatives per a la doc\u00e8ncia universit\u00e0ria en comunicaci\u00f3 a Am\u00e8rica Llatina, basades en processos d\u2019ensenyament \u2013aprenentatge per compet\u00e8ncies per a la integraci\u00f3 i la inclusi\u00f3 social.<\/p>\n\n\n\n<p>&nbsp;<\/p>\n","protected":false},"excerpt":{"rendered":"<p>L&#8217;Observatori Iberoameric\u00e0 de la Comunicaci\u00f3 (OIC) \u00e9s resultat del treball realitzat des de finals dels anys 90 pel Laboratori de Prospectiva i Investigaci\u00f3 en Comunicaci\u00f3 (LAPREC) de la UAB i per la Xarxa de Pol\u00edtiques de Comunicaci\u00f3 Comparades. El 2003 ambdues institucions es fusionen i constitueixen l\u2019OIC, un centre d&#8217;investigaci\u00f3 acad\u00e8mica, de vocaci\u00f3 iberoamericana, que [&hellip;]<\/p>\n","protected":false},"author":20,"featured_media":0,"parent":0,"menu_order":0,"comment_status":"closed","ping_status":"closed","template":"","meta":{"footnotes":""},"class_list":["post-118","page","type-page","status-publish","hentry"],"_links":{"self":[{"href":"https:\/\/webs.uab.cat\/oic\/wp-json\/wp\/v2\/pages\/118","targetHints":{"allow":["GET"]}}],"collection":[{"href":"https:\/\/webs.uab.cat\/oic\/wp-json\/wp\/v2\/pages"}],"about":[{"href":"https:\/\/webs.uab.cat\/oic\/wp-json\/wp\/v2\/types\/page"}],"author":[{"embeddable":true,"href":"https:\/\/webs.uab.cat\/oic\/wp-json\/wp\/v2\/users\/20"}],"replies":[{"embeddable":true,"href":"https:\/\/webs.uab.cat\/oic\/wp-json\/wp\/v2\/comments?post=118"}],"version-history":[{"count":1,"href":"https:\/\/webs.uab.cat\/oic\/wp-json\/wp\/v2\/pages\/118\/revisions"}],"predecessor-version":[{"id":2666,"href":"https:\/\/webs.uab.cat\/oic\/wp-json\/wp\/v2\/pages\/118\/revisions\/2666"}],"wp:attachment":[{"href":"https:\/\/webs.uab.cat\/oic\/wp-json\/wp\/v2\/media?parent=118"}],"curies":[{"name":"wp","href":"https:\/\/api.w.org\/{rel}","templated":true}]}}