{"id":134,"date":"2010-06-22T16:25:15","date_gmt":"2010-06-22T14:25:15","guid":{"rendered":"https:\/\/webs.uab.cat\/oic\/mastercat\/"},"modified":"2010-06-22T16:25:15","modified_gmt":"2010-06-22T14:25:15","slug":"mastercat","status":"publish","type":"page","link":"https:\/\/webs.uab.cat\/oic\/mastercat\/","title":{"rendered":"master_cat"},"content":{"rendered":"<h2>M\u00e0ster<\/h2>\n<div id=\"_mcePaste\" style=\"position: absolute; left: -10000px; top: 0px; width: 1px; height: 1px; overflow: hidden;\">DOCENCIA<\/div>\n<div id=\"_mcePaste\" style=\"position: absolute; left: -10000px; top: 0px; width: 1px; height: 1px; overflow: hidden;\">Los investigadores del OIC imparten docencia universitaria en titulaciones de grado de Comunicaci\u00f3n y Ciencias Sociales (Periodismo, Comunicaci\u00f3n Audiovisual y Publicidad y Relaciones P\u00fablicas\u2026). Las \u00e1reas preferentes de docencia se encuentran principalmente en el \u00e1mbito de las Teor\u00edas, Estructura y Pol\u00edticas de Comunicaci\u00f3n.&nbsp;<\/div>\n<div id=\"_mcePaste\" style=\"position: absolute; left: -10000px; top: 0px; width: 1px; height: 1px; overflow: hidden;\">En los estudios de posgrado (M\u00e1ster y Doctorado) los investigadores del OIC coordinan m\u00f3dulos especializados en \u2018Estructura y Pol\u00edticas de Comunicaci\u00f3n\u2019, en temas europeos, iberoamericanos y de pa\u00edses emergentes. Estas \u00e1reas docentes acogen cada a\u00f1o estudiantes nacionales e internacionales que realizan investigaciones de M\u00e1ster y\/o Doctorado.&nbsp;<\/div>\n<div id=\"_mcePaste\" style=\"position: absolute; left: -10000px; top: 0px; width: 1px; height: 1px; overflow: hidden;\">El equipo docente del OIC imparte cursos y seminarios como profesores invitados en diversas universidades espa\u00f1olas, europeas y latinoamericanas.&nbsp;<\/div>\n<div id=\"_mcePaste\" style=\"position: absolute; left: -10000px; top: 0px; width: 1px; height: 1px; overflow: hidden;\">El OIC tiene una especial preocupaci\u00f3n por las metodolog\u00edas docentes aplicadas al aprendizaje aut\u00f3nomo y el desarrollo de competencias. En este sentido, se han realizado varios estudios e informes sobre esta tem\u00e1tica.<\/div>\n<p style=\"text-align: justify;\">Els investigadors de l&#8217;OIC imparteixen doc\u00e8ncia en m\u00e0sters oficials de diverses universitats espanyoles i iberoamericanes.<\/p>\n<p style=\"text-align: justify;\">A la Universitat Aut\u00f2noma de Barcelona els docents imparteixen classe en el <a href=\"http:\/\/www.uab.cat\/servlet\/Satellite\/estudiar\/masteres-oficiales\/informacion-general\/investigacion-en-comunicacion-y-periodismo-1096480309770.html?param1=1236065635314\">M\u00e0ster Oficial de Recerca en Periodisme i Comunicaci\u00f3<\/a>. El m\u00f2dul d&#8217;especialitzaci\u00f3 \u00e9s el <a href=\"http:\/\/doctoratcomunicacio.wordpress.com\/master-de-investigacion\/planificacion-de-los-estudios\/curso-2011-2012\/modulos-obligatorios-2011-2012\/estructura-y-politicas-de-comunicacion-en-la-era-digital\/\">d&#8217;Estructura i Pol\u00edtiques de Comunicaci\u00f3<\/a>.<\/p>\n<p style=\"text-align: justify;\">Per a la tutela de treballs de M\u00e0ster, els professors del OIC accepten projectes que es troben dins de les <a href=\"http:\/\/centresderecerca.uab.cat\/oic\/ca\/content\/recerca\">l\u00ednies de recerca<\/a> priorit\u00e0ries per al grup:<\/p>\n<ul>\n<li>Societat de la informaci\u00f3, tecnologia i globalitzaci\u00f3<\/li>\n<li>Pol\u00edtiques  de comunicaci\u00f3, regulaci\u00f3 i sistema de mitjans&nbsp;<\/li>\n<li>Sector  audiovisual, integraci\u00f3 regional i diversitat cultural&nbsp;<\/li>\n<li>Continguts  dels mitjans i noves din\u00e0miques socials<\/li>\n<\/ul>\n<p>&nbsp;<\/p>\n<p style=\"text-align: justify;\">&nbsp;<\/p>\n<p>&nbsp;<\/p>\n<p>&nbsp;<\/p>\n","protected":false},"excerpt":{"rendered":"<p>M\u00e0ster DOCENCIA Los investigadores del OIC imparten docencia universitaria en titulaciones de grado de Comunicaci\u00f3n y Ciencias Sociales (Periodismo, Comunicaci\u00f3n Audiovisual y Publicidad y Relaciones P\u00fablicas\u2026). Las \u00e1reas preferentes de docencia se encuentran principalmente en el \u00e1mbito de las Teor\u00edas, Estructura y Pol\u00edticas de Comunicaci\u00f3n.&nbsp; En los estudios de posgrado (M\u00e1ster y Doctorado) los investigadores [&hellip;]<\/p>\n","protected":false},"author":20,"featured_media":0,"parent":0,"menu_order":0,"comment_status":"closed","ping_status":"closed","template":"","meta":{"footnotes":""},"class_list":["post-134","page","type-page","status-publish","hentry"],"_links":{"self":[{"href":"https:\/\/webs.uab.cat\/oic\/wp-json\/wp\/v2\/pages\/134","targetHints":{"allow":["GET"]}}],"collection":[{"href":"https:\/\/webs.uab.cat\/oic\/wp-json\/wp\/v2\/pages"}],"about":[{"href":"https:\/\/webs.uab.cat\/oic\/wp-json\/wp\/v2\/types\/page"}],"author":[{"embeddable":true,"href":"https:\/\/webs.uab.cat\/oic\/wp-json\/wp\/v2\/users\/20"}],"replies":[{"embeddable":true,"href":"https:\/\/webs.uab.cat\/oic\/wp-json\/wp\/v2\/comments?post=134"}],"version-history":[{"count":0,"href":"https:\/\/webs.uab.cat\/oic\/wp-json\/wp\/v2\/pages\/134\/revisions"}],"wp:attachment":[{"href":"https:\/\/webs.uab.cat\/oic\/wp-json\/wp\/v2\/media?parent=134"}],"curies":[{"name":"wp","href":"https:\/\/api.w.org\/{rel}","templated":true}]}}