{"id":192,"date":"2011-02-10T10:45:53","date_gmt":"2011-02-10T08:45:53","guid":{"rendered":"https:\/\/webs.uab.cat\/oic\/xarxes\/"},"modified":"2022-10-05T12:01:54","modified_gmt":"2022-10-05T10:01:54","slug":"xarxes","status":"publish","type":"page","link":"https:\/\/webs.uab.cat\/oic\/xarxes\/","title":{"rendered":"Xarxes de recerca i doc\u00e8ncia"},"content":{"rendered":"\n<p>L&#8217;Observatori Iberoameric\u00e0 de la Comunicaci\u00f3 coordina tres xarxes d&#8217;investigaci\u00f3 i doc\u00e8ncia:<\/p>\n\n\n\n<p>\u00a0\u00a0\u00a0 \u00bb <strong><a href=\"http:\/\/webs.uab.cat\/oic\/ca\/xarxa-localcom\">Xarxa LOCALCOM<\/a><\/strong><br>\u00a0\u00a0\u00a0 \u00bb<strong> <a href=\"http:\/\/webs.uab.cat\/oic\/ca\/presentacionriec\">Xarxa Interuniversit\u00e0ria d&#8217;Estudis de Comunicaci\u00f3 (RIEC)<\/a><\/strong><br>\u00a0\u00a0\u00a0 \u00bb<strong> <a href=\"http:\/\/webs.uab.cat\/oic\/ca\/grup-gii\">Grup d&#8217;Investigacions sobre la Informaci\u00f3 (GII)<\/a><\/strong><\/p>\n\n\n\n<p>L\u2019 OIC tamb\u00e9 est\u00e0 integrat a la Xarxa Vit@lis:&nbsp;<\/p>\n\n\n\n<p>\u00a0\u00a0\u00a0 \u00bb<strong> <a href=\"http:\/\/webs.uab.cat\/oic\/ca\/red-vitalis\">Xarxa Europa \u2013 Am\u00e8rica Llatina i el Carib per a la Societat de la Informaci\u00f3 (Vit@lis)<\/a><\/strong><\/p>\n\n\n\n<div class=\"wp-block-columns is-layout-flex wp-container-core-columns-is-layout-9d6595d7 wp-block-columns-is-layout-flex\">\n<div class=\"wp-block-column is-layout-flow wp-block-column-is-layout-flow\">\n<div class=\"wp-block-columns is-layout-flex wp-container-core-columns-is-layout-9d6595d7 wp-block-columns-is-layout-flex\">\n<div class=\"wp-block-column is-layout-flow wp-block-column-is-layout-flow\">\n<figure class=\"wp-block-image\"><a href=\"http:\/\/webs.uab.cat\/oic\/ca\/xarxa-localcom\"><img loading=\"lazy\" decoding=\"async\" width=\"768\" height=\"203\" src=\"https:\/\/webs.uab.cat\/oic\/wp-content\/uploads\/sites\/223\/2015\/05\/localcom-icono-letras_1.png\" alt=\"\" class=\"wp-image-77\" srcset=\"https:\/\/webs.uab.cat\/oic\/wp-content\/uploads\/sites\/223\/2015\/05\/localcom-icono-letras_1.png 768w, https:\/\/webs.uab.cat\/oic\/wp-content\/uploads\/sites\/223\/2015\/05\/localcom-icono-letras_1-300x79.png 300w\" sizes=\"auto, (max-width: 768px) 100vw, 768px\" \/><\/a><\/figure>\n<\/div>\n\n\n\n<div class=\"wp-block-column is-layout-flow wp-block-column-is-layout-flow\">\n<figure class=\"wp-block-image\"><a href=\"http:\/\/webs.uab.cat\/oic\/ca\/presentacionriec\"><img loading=\"lazy\" decoding=\"async\" width=\"226\" height=\"118\" src=\"https:\/\/webs.uab.cat\/oic\/wp-content\/uploads\/sites\/223\/2011\/02\/red_riec.jpg\" alt=\"\" class=\"wp-image-181\"\/><\/a><\/figure>\n<\/div>\n<\/div>\n<\/div>\n\n\n\n<div class=\"wp-block-column is-layout-flow wp-block-column-is-layout-flow\">\n<div class=\"wp-block-columns is-layout-flex wp-container-core-columns-is-layout-9d6595d7 wp-block-columns-is-layout-flex\">\n<div class=\"wp-block-column is-layout-flow wp-block-column-is-layout-flow\">\n<figure class=\"wp-block-image\"><a href=\"http:\/\/webs.uab.cat\/oic\/ca\/grup-gii\"><img loading=\"lazy\" decoding=\"async\" width=\"800\" height=\"539\" src=\"https:\/\/webs.uab.cat\/oic\/wp-content\/uploads\/sites\/223\/2011\/02\/logo_gii.png\" alt=\"\" class=\"wp-image-184\" srcset=\"https:\/\/webs.uab.cat\/oic\/wp-content\/uploads\/sites\/223\/2011\/02\/logo_gii.png 800w, https:\/\/webs.uab.cat\/oic\/wp-content\/uploads\/sites\/223\/2011\/02\/logo_gii-300x202.png 300w, https:\/\/webs.uab.cat\/oic\/wp-content\/uploads\/sites\/223\/2011\/02\/logo_gii-768x517.png 768w\" sizes=\"auto, (max-width: 800px) 100vw, 800px\" \/><\/a><\/figure>\n<\/div>\n\n\n\n<div class=\"wp-block-column is-layout-flow wp-block-column-is-layout-flow\">\n<figure class=\"wp-block-image\"><a href=\"http:\/\/webs.uab.cat\/oic\/ca\/red-vitalis\"><img loading=\"lazy\" decoding=\"async\" width=\"234\" height=\"174\" src=\"https:\/\/webs.uab.cat\/oic\/wp-content\/uploads\/sites\/223\/2011\/02\/red_vitalis.jpg\" alt=\"\" class=\"wp-image-187\"\/><\/a><\/figure>\n<\/div>\n<\/div>\n<\/div>\n<\/div>\n","protected":false},"excerpt":{"rendered":"<p>L&#8217;Observatori Iberoameric\u00e0 de la Comunicaci\u00f3 coordina tres xarxes d&#8217;investigaci\u00f3 i doc\u00e8ncia: \u00a0\u00a0\u00a0 \u00bb Xarxa LOCALCOM\u00a0\u00a0\u00a0 \u00bb Xarxa Interuniversit\u00e0ria d&#8217;Estudis de Comunicaci\u00f3 (RIEC)\u00a0\u00a0\u00a0 \u00bb Grup d&#8217;Investigacions sobre la Informaci\u00f3 (GII) L\u2019 OIC tamb\u00e9 est\u00e0 integrat a la Xarxa Vit@lis:&nbsp; \u00a0\u00a0\u00a0 \u00bb Xarxa Europa \u2013 Am\u00e8rica Llatina i el Carib per a la Societat de la Informaci\u00f3 [&hellip;]<\/p>\n","protected":false},"author":20,"featured_media":0,"parent":0,"menu_order":0,"comment_status":"closed","ping_status":"closed","template":"","meta":{"footnotes":""},"class_list":["post-192","page","type-page","status-publish","hentry"],"_links":{"self":[{"href":"https:\/\/webs.uab.cat\/oic\/wp-json\/wp\/v2\/pages\/192","targetHints":{"allow":["GET"]}}],"collection":[{"href":"https:\/\/webs.uab.cat\/oic\/wp-json\/wp\/v2\/pages"}],"about":[{"href":"https:\/\/webs.uab.cat\/oic\/wp-json\/wp\/v2\/types\/page"}],"author":[{"embeddable":true,"href":"https:\/\/webs.uab.cat\/oic\/wp-json\/wp\/v2\/users\/20"}],"replies":[{"embeddable":true,"href":"https:\/\/webs.uab.cat\/oic\/wp-json\/wp\/v2\/comments?post=192"}],"version-history":[{"count":1,"href":"https:\/\/webs.uab.cat\/oic\/wp-json\/wp\/v2\/pages\/192\/revisions"}],"predecessor-version":[{"id":2340,"href":"https:\/\/webs.uab.cat\/oic\/wp-json\/wp\/v2\/pages\/192\/revisions\/2340"}],"wp:attachment":[{"href":"https:\/\/webs.uab.cat\/oic\/wp-json\/wp\/v2\/media?parent=192"}],"curies":[{"name":"wp","href":"https:\/\/api.w.org\/{rel}","templated":true}]}}