{"id":2326,"date":"2022-10-05T11:52:42","date_gmt":"2022-10-05T09:52:42","guid":{"rendered":"https:\/\/webs.uab.cat\/oic\/?page_id=2326"},"modified":"2022-10-05T11:53:17","modified_gmt":"2022-10-05T09:53:17","slug":"grup-localcom","status":"publish","type":"page","link":"https:\/\/webs.uab.cat\/oic\/grup-localcom\/","title":{"rendered":"Grup LOCALCOM"},"content":{"rendered":"<div class=\"wp-block-image\">\n<figure class=\"aligncenter size-full is-resized\"><img loading=\"lazy\" decoding=\"async\" src=\"https:\/\/webs.uab.cat\/oic\/wp-content\/uploads\/sites\/223\/2016\/10\/Red-LOCALCOM.png\" alt=\"Red LOCALCOM\" class=\"wp-image-769\" width=\"336\" height=\"246\" srcset=\"https:\/\/webs.uab.cat\/oic\/wp-content\/uploads\/sites\/223\/2016\/10\/Red-LOCALCOM.png 417w, https:\/\/webs.uab.cat\/oic\/wp-content\/uploads\/sites\/223\/2016\/10\/Red-LOCALCOM-300x219.png 300w\" sizes=\"auto, (max-width: 336px) 100vw, 336px\" \/><\/figure>\n<\/div>\n\n\n<p>El Grup de Recerca LOCALCOM est\u00e0 reconegut per la&nbsp;<a href=\"https:\/\/portalrecerca.csuc.cat\/cris\/ou\/ou42512\">Generalitat de Catalunya com a Grup Consolidat<\/a>&nbsp;(2014SGR0252) i per la Universitat Aut\u00f2noma de Barcelona com a Grup de Recerca de Qualitat (GIC-2607), per la seva traject\u00f2ria cient\u00edfica i acad\u00e8mica. LOCALCOM forma part de l&#8217;estrat\u00e8gia de l&#8217;Observatori Iberoameric\u00e0 de la Comunicaci\u00f3 per a la transfer\u00e8ncia de coneixements a trav\u00e9s de les seves xarxes de col\u00b7laboraci\u00f3 i amb projecci\u00f3 cap a altres grups afins als seus \u00e0mbits d&#8217;estudi.&nbsp;<\/p>\n\n\n\n<p>Els \u00e0mbits tem\u00e0tics dels que s&#8217;ocupa s\u00f3n quatre:<\/p>\n\n\n\n<ol class=\"wp-block-list\"><li>Societat de la Informaci\u00f3, tecnologia i globalitzaci\u00f3<\/li><li>Pol\u00edtiques de comunicaci\u00f3, regulaci\u00f3 i sistemes medi\u00e0tics<\/li><li>Audiovisual, integraci\u00f3 regional i diversitat cultural<\/li><li>Ind\u00fastries Creatives i Culturals (ICC), continguts i din\u00e0miques socials.<\/li><\/ol>\n\n\n\n<p>El grup ha consolidat la seva traject\u00f2ria des de l&#8217;any 2000 amb la pres\u00e8ncia continuada en congressos, la publicaci\u00f3 d&#8217;articles i llibres, i amb el desenvolupament de projectes d&#8217;investigaci\u00f3 sobre els \u00e0mbits tem\u00e0tics esmentats (<a href=\"https:\/\/webs.uab.cat\/oic\/tic-comunidades-autonomas\">SEC 2003\/07024<\/a>,&nbsp;<a href=\"https:\/\/webs.uab.cat\/oic\/politicas-publicas-sociedad-informacion-presentacion\">CSO2008\/00587<\/a>,&nbsp;<a href=\"https:\/\/webs.uab.cat\/oic\/resumen-0\">CF181137<\/a>&nbsp;y&nbsp;<a href=\"https:\/\/webs.uab.cat\/oic\/industrias-culturales-creativas-presentacion\">CSO2013-42822R<\/a>).<\/p>\n","protected":false},"excerpt":{"rendered":"<p>El Grup de Recerca LOCALCOM est\u00e0 reconegut per la&nbsp;Generalitat de Catalunya com a Grup Consolidat&nbsp;(2014SGR0252) i per la Universitat Aut\u00f2noma de Barcelona com a Grup de Recerca de Qualitat (GIC-2607), per la seva traject\u00f2ria cient\u00edfica i acad\u00e8mica. LOCALCOM forma part de l&#8217;estrat\u00e8gia de l&#8217;Observatori Iberoameric\u00e0 de la Comunicaci\u00f3 per a la transfer\u00e8ncia de coneixements a [&hellip;]<\/p>\n","protected":false},"author":20,"featured_media":0,"parent":0,"menu_order":0,"comment_status":"closed","ping_status":"closed","template":"","meta":{"footnotes":""},"class_list":["post-2326","page","type-page","status-publish","hentry"],"_links":{"self":[{"href":"https:\/\/webs.uab.cat\/oic\/wp-json\/wp\/v2\/pages\/2326","targetHints":{"allow":["GET"]}}],"collection":[{"href":"https:\/\/webs.uab.cat\/oic\/wp-json\/wp\/v2\/pages"}],"about":[{"href":"https:\/\/webs.uab.cat\/oic\/wp-json\/wp\/v2\/types\/page"}],"author":[{"embeddable":true,"href":"https:\/\/webs.uab.cat\/oic\/wp-json\/wp\/v2\/users\/20"}],"replies":[{"embeddable":true,"href":"https:\/\/webs.uab.cat\/oic\/wp-json\/wp\/v2\/comments?post=2326"}],"version-history":[{"count":2,"href":"https:\/\/webs.uab.cat\/oic\/wp-json\/wp\/v2\/pages\/2326\/revisions"}],"predecessor-version":[{"id":2330,"href":"https:\/\/webs.uab.cat\/oic\/wp-json\/wp\/v2\/pages\/2326\/revisions\/2330"}],"wp:attachment":[{"href":"https:\/\/webs.uab.cat\/oic\/wp-json\/wp\/v2\/media?parent=2326"}],"curies":[{"name":"wp","href":"https:\/\/api.w.org\/{rel}","templated":true}]}}