{"id":2637,"date":"2022-10-05T16:08:01","date_gmt":"2022-10-05T14:08:01","guid":{"rendered":"https:\/\/webs.uab.cat\/oic\/?page_id=2637"},"modified":"2022-10-06T10:50:32","modified_gmt":"2022-10-06T08:50:32","slug":"inici-2","status":"publish","type":"page","link":"https:\/\/webs.uab.cat\/oic\/","title":{"rendered":"Inici"},"content":{"rendered":"\n<div class=\"wp-block-columns alignwide is-layout-flex wp-container-core-columns-is-layout-9d6595d7 wp-block-columns-is-layout-flex\">\n<div class=\"wp-block-column is-layout-flow wp-block-column-is-layout-flow\">\n<h2 class=\"wp-block-heading\"><a href=\"https:\/\/webs.uab.cat\/oic\/icc-estadisticas-resumen\">Estad\u00edstica comparada dels Sectors Cultural i Creatiu a les CCAA espanyoles<\/a><\/h2>\n\n\n\n<figure class=\"wp-block-image size-full\"><img loading=\"lazy\" decoding=\"async\" width=\"800\" height=\"391\" src=\"https:\/\/webs.uab.cat\/oic\/wp-content\/uploads\/sites\/223\/2022\/10\/cuadro_resumen_melicc_web.png\" alt=\"\" class=\"wp-image-2706\" srcset=\"https:\/\/webs.uab.cat\/oic\/wp-content\/uploads\/sites\/223\/2022\/10\/cuadro_resumen_melicc_web.png 800w, https:\/\/webs.uab.cat\/oic\/wp-content\/uploads\/sites\/223\/2022\/10\/cuadro_resumen_melicc_web-300x147.png 300w, https:\/\/webs.uab.cat\/oic\/wp-content\/uploads\/sites\/223\/2022\/10\/cuadro_resumen_melicc_web-768x375.png 768w\" sizes=\"auto, (max-width: 800px) 100vw, 800px\" \/><\/figure>\n\n\n\n<p>El grup de recerca Localcom mesura per primera vegada el pes desagregat dels Sectors Cultural i Creatiu a les&nbsp;comunitats aut\u00f2nomes d&#8217;Espanya. El projecte estableix els desequilibris entre les comunitats, dimensiona els efectes negatius de la crisi sobre el sector i identifica els pols de major desenvolupament i potencialitat.<\/p>\n\n\n\n<p>A partir d&#8217;un model propi s&#8217;ha generat una \u00e0mplia base amb m\u00e9s de 26.000 dades estad\u00edstiques: 18.300 dades originals sobre les ICC i prop de 8.000 dades de fonts externes fins ara dispersos en m\u00faltiples entitats (instituts d&#8217;estad\u00edstica, ministeris, associacions, gremis professionals, etc.).\u00a0<a href=\"https:\/\/webs.uab.cat\/oic\/icc-estadisticas-resumen\">[+]<\/a><\/p>\n\n\n\n<figure class=\"wp-block-image size-full\"><img loading=\"lazy\" decoding=\"async\" width=\"400\" height=\"100\" src=\"https:\/\/webs.uab.cat\/oic\/wp-content\/uploads\/sites\/223\/2022\/09\/melicc.png\" alt=\"\" class=\"wp-image-584\" srcset=\"https:\/\/webs.uab.cat\/oic\/wp-content\/uploads\/sites\/223\/2022\/09\/melicc.png 400w, https:\/\/webs.uab.cat\/oic\/wp-content\/uploads\/sites\/223\/2022\/09\/melicc-300x75.png 300w\" sizes=\"auto, (max-width: 400px) 100vw, 400px\" \/><figcaption>Con\u00e8ixer m\u00e9s del\u00a0<a href=\"https:\/\/webs.uab.cat\/oic\/metodologia-melicc\">Model Estad\u00edstic LOCALCO<\/a><br><a href=\"https:\/\/webs.uab.cat\/oic\/metodologia-melicc\">M de les Ind\u00fastries Culturals i Creatives<\/a><\/figcaption><\/figure>\n\n\n\n<figure class=\"wp-block-image size-full\"><a href=\"https:\/\/ddd.uab.cat\/collection\/localcom\"><img loading=\"lazy\" decoding=\"async\" width=\"400\" height=\"115\" src=\"https:\/\/webs.uab.cat\/oic\/wp-content\/uploads\/sites\/223\/2022\/09\/ddd_home_0.png\" alt=\"\" class=\"wp-image-572\" srcset=\"https:\/\/webs.uab.cat\/oic\/wp-content\/uploads\/sites\/223\/2022\/09\/ddd_home_0.png 400w, https:\/\/webs.uab.cat\/oic\/wp-content\/uploads\/sites\/223\/2022\/09\/ddd_home_0-300x86.png 300w\" sizes=\"auto, (max-width: 400px) 100vw, 400px\" \/><\/a><\/figure>\n<\/div>\n\n\n\n<div class=\"wp-block-column has-subtle-background-background-color has-background is-layout-flow wp-block-column-is-layout-flow\">\n<h2 class=\"has-text-align-center wp-block-heading\">Actualidad<\/h2>\n\n\n\n<div class=\"wp-block-query is-layout-flow wp-block-query-is-layout-flow\"><ul class=\"wp-block-post-template is-layout-flow wp-block-post-template-is-layout-flow\"><li class=\"wp-block-post post-98 post type-post status-publish format-standard hentry category-uncategorized-ca\">\n<h2 class=\"wp-block-post-title\"><a href=\"https:\/\/webs.uab.cat\/oic\/2017\/03\/07\/liderazgo-de-madrid-en-icc\/\" target=\"_self\" >Liderazgo de Madrid en ICC<\/a><\/h2>\n\n\n\n<div class=\"wp-block-post-excerpt\"><p class=\"wp-block-post-excerpt__excerpt\">Les ind\u00fastries culturals i creatives a la Comunitat de Madrid: context i desenvolupament econ\u00f2mic 2008 &#8211; 2014 Segons l&#8217;article acad\u00e8mic elaborat pels investigadors&nbsp;Eduardo&nbsp;Rodr\u00edguez, Elena Real i Gl\u00f2ria&nbsp;Rosique, i basat en la metodologia&nbsp;MELICC, la Comunitat de Madrid (CAM) \u00e9s l\u00edder a Espanya respecte a les Ind\u00fastries Culturals i Creatives (ICC). Aquest article s&#8217;aplica el model, basat&hellip; <\/p><\/div>\n\n\n<hr class=\"wp-block-separator has-css-opacity\"\/>\n\n\n<div class=\"wp-block-post-date\"><time datetime=\"2017-03-07T12:18:06+02:00\">7 de mar\u00e7 de 2017<\/time><\/div>\n<\/li><li class=\"wp-block-post post-91 post type-post status-publish format-standard hentry category-uncategorized-ca\">\n<h2 class=\"wp-block-post-title\"><a href=\"https:\/\/webs.uab.cat\/oic\/2017\/01\/30\/icc-i-crisi-a-arago\/\" target=\"_self\" >ICC i crisi a Arag\u00f3<\/a><\/h2>\n\n\n\n<div class=\"wp-block-post-excerpt\"><p class=\"wp-block-post-excerpt__excerpt\">La incid\u00e8ncia de la crisi econ\u00f2mica en les ind\u00fastries culturals i creatives: el cas d&#8217;Arag\u00f3 Les ind\u00fastries culturals i creatives (ICC) tenen un esc\u00e0s impacte a Arag\u00f3, i, en general, tots els subsectors que les conformen han sofert durant la crisi un notable descens en els seus principals indicadors econ\u00f2mics. Aquesta \u00e9s la conclusi\u00f3 principal&hellip; <\/p><\/div>\n\n\n<hr class=\"wp-block-separator has-css-opacity\"\/>\n\n\n<div class=\"wp-block-post-date\"><time datetime=\"2017-01-30T14:35:45+02:00\">30 de gener de 2017<\/time><\/div>\n<\/li><li class=\"wp-block-post post-88 post type-post status-publish format-standard has-post-thumbnail hentry category-uncategorized-ca\">\n<h2 class=\"wp-block-post-title\"><a href=\"https:\/\/webs.uab.cat\/oic\/2015\/07\/13\/premi-recerca-nous-models-negoci-premsa-proximitat\/\" target=\"_self\" >Premi de recerca en nous models de negoci per a la premsa de proximitat<\/a><\/h2>\n\n<figure class=\"alignwide wp-block-post-featured-image\"><a href=\"https:\/\/webs.uab.cat\/oic\/2015\/07\/13\/premi-recerca-nous-models-negoci-premsa-proximitat\/\" target=\"_self\"  ><img loading=\"lazy\" decoding=\"async\" width=\"400\" height=\"250\" src=\"https:\/\/webs.uab.cat\/oic\/wp-content\/uploads\/sites\/223\/2015\/07\/presentacio_estudi_amic_web_c.crusafon.jpg\" class=\"attachment-post-thumbnail size-post-thumbnail wp-post-image\" alt=\"Premi de recerca en nous models de negoci per a la premsa de proximitat\" style=\"object-fit:cover;\" srcset=\"https:\/\/webs.uab.cat\/oic\/wp-content\/uploads\/sites\/223\/2015\/07\/presentacio_estudi_amic_web_c.crusafon.jpg 400w, https:\/\/webs.uab.cat\/oic\/wp-content\/uploads\/sites\/223\/2015\/07\/presentacio_estudi_amic_web_c.crusafon-300x188.jpg 300w\" sizes=\"auto, (max-width: 400px) 100vw, 400px\" \/><\/a><\/figure>\n\n<div class=\"wp-block-post-excerpt\"><p class=\"wp-block-post-excerpt__excerpt\">&nbsp; La subdirectora del OIC, Carmina Crusafon, ha guanyat la primera edici\u00f3 del Premi de Recerca en Model de Negoci per a Periodisme de Proximitat, dotat amb 6.000 euros, i impulsat per l\u2019Associaci\u00f3 de Mitjans d\u2019Informaci\u00f3 i Comunicaci\u00f3 (AMIC) en col\u00b7laboraci\u00f3 amb la Xarxa Vives d\u2019Universitats. El projecte guanyador \u00e9s \u201cEls models de negoci de&hellip; <\/p><\/div>\n\n\n<hr class=\"wp-block-separator has-css-opacity\"\/>\n\n\n<div class=\"wp-block-post-date\"><time datetime=\"2015-07-13T16:35:28+02:00\">13 de juliol de 2015<\/time><\/div>\n<\/li><\/ul><\/div>\n<\/div>\n\n\n\n<div class=\"wp-block-column is-layout-flow wp-block-column-is-layout-flow\">\n<div class=\"wp-block-group\"><div class=\"wp-block-group__inner-container is-layout-flow wp-block-group-is-layout-flow\">\n<h2 class=\"has-text-align-center wp-block-heading\"><a href=\"https:\/\/webs.uab.cat\/oic\/empleo-icc\">La xifra<\/a><\/h2>\n\n\n<div class=\"wp-block-image\">\n<figure class=\"aligncenter is-resized\"><a href=\"https:\/\/centresderecerca.uab.cat\/oic\/content\/empleo-icc\"><img loading=\"lazy\" decoding=\"async\" src=\"https:\/\/centresderecerca.uab.cat\/oic\/sites\/centresderecerca.uab.cat.oic\/files\/u3\/el_dato_2017.png\" alt=\"\" width=\"376\" height=\"266\"\/><\/a><\/figure>\n<\/div>\n\n\n<p>El sector cultural i creatiu en les&nbsp;CCAA&nbsp;\u00e9s particularment vulnerable: en mitjana, durant la crisi perd ocupaci\u00f3 al doble de velocitat que l&#8217;economia en el seu conjunt.&nbsp;<\/p>\n\n\n\n<figure class=\"wp-block-image size-full\"><a href=\"https:\/\/webs.uab.cat\/oic\/esptv-presentacio\/\"><img loading=\"lazy\" decoding=\"async\" width=\"800\" height=\"231\" src=\"https:\/\/webs.uab.cat\/oic\/wp-content\/uploads\/sites\/223\/2022\/09\/esptv-banner-home-cat.png\" alt=\"\" class=\"wp-image-620\" srcset=\"https:\/\/webs.uab.cat\/oic\/wp-content\/uploads\/sites\/223\/2022\/09\/esptv-banner-home-cat.png 800w, https:\/\/webs.uab.cat\/oic\/wp-content\/uploads\/sites\/223\/2022\/09\/esptv-banner-home-cat-300x87.png 300w, https:\/\/webs.uab.cat\/oic\/wp-content\/uploads\/sites\/223\/2022\/09\/esptv-banner-home-cat-768x222.png 768w\" sizes=\"auto, (max-width: 800px) 100vw, 800px\" \/><\/a><\/figure>\n<\/div><\/div>\n\n\n\n<figure class=\"wp-block-image size-full\"><a href=\"https:\/\/webs.uab.cat\/oic\/industries-creatives-culturals\/\"><img loading=\"lazy\" decoding=\"async\" width=\"800\" height=\"235\" src=\"https:\/\/webs.uab.cat\/oic\/wp-content\/uploads\/sites\/223\/2022\/09\/icc-banner-home-cat.png\" alt=\"\" class=\"wp-image-623\" srcset=\"https:\/\/webs.uab.cat\/oic\/wp-content\/uploads\/sites\/223\/2022\/09\/icc-banner-home-cat.png 800w, https:\/\/webs.uab.cat\/oic\/wp-content\/uploads\/sites\/223\/2022\/09\/icc-banner-home-cat-300x88.png 300w, https:\/\/webs.uab.cat\/oic\/wp-content\/uploads\/sites\/223\/2022\/09\/icc-banner-home-cat-768x226.png 768w\" sizes=\"auto, (max-width: 800px) 100vw, 800px\" \/><\/a><\/figure>\n\n\n\n<figure class=\"wp-block-image size-full\"><img loading=\"lazy\" decoding=\"async\" width=\"800\" height=\"230\" src=\"https:\/\/webs.uab.cat\/oic\/wp-content\/uploads\/sites\/223\/2022\/09\/digital-banner-home-cat.png\" alt=\"\" class=\"wp-image-626\" srcset=\"https:\/\/webs.uab.cat\/oic\/wp-content\/uploads\/sites\/223\/2022\/09\/digital-banner-home-cat.png 800w, https:\/\/webs.uab.cat\/oic\/wp-content\/uploads\/sites\/223\/2022\/09\/digital-banner-home-cat-300x86.png 300w, https:\/\/webs.uab.cat\/oic\/wp-content\/uploads\/sites\/223\/2022\/09\/digital-banner-home-cat-768x221.png 768w\" sizes=\"auto, (max-width: 800px) 100vw, 800px\" \/><\/figure>\n\n\n\n<figure class=\"wp-block-image size-full\"><img loading=\"lazy\" decoding=\"async\" width=\"800\" height=\"242\" src=\"https:\/\/webs.uab.cat\/oic\/wp-content\/uploads\/sites\/223\/2022\/09\/politicas-banner-home-cat.png\" alt=\"\" class=\"wp-image-629\" srcset=\"https:\/\/webs.uab.cat\/oic\/wp-content\/uploads\/sites\/223\/2022\/09\/politicas-banner-home-cat.png 800w, https:\/\/webs.uab.cat\/oic\/wp-content\/uploads\/sites\/223\/2022\/09\/politicas-banner-home-cat-300x91.png 300w, https:\/\/webs.uab.cat\/oic\/wp-content\/uploads\/sites\/223\/2022\/09\/politicas-banner-home-cat-768x232.png 768w\" sizes=\"auto, (max-width: 800px) 100vw, 800px\" \/><\/figure>\n\n\n\n<figure class=\"wp-block-image size-full\"><a href=\"https:\/\/webs.uab.cat\/oic\/resultados-ips-aecid\/\"><img loading=\"lazy\" decoding=\"async\" width=\"800\" height=\"242\" src=\"https:\/\/webs.uab.cat\/oic\/wp-content\/uploads\/sites\/223\/2022\/09\/ips-home-cat-ok.png\" alt=\"\" class=\"wp-image-632\" srcset=\"https:\/\/webs.uab.cat\/oic\/wp-content\/uploads\/sites\/223\/2022\/09\/ips-home-cat-ok.png 800w, https:\/\/webs.uab.cat\/oic\/wp-content\/uploads\/sites\/223\/2022\/09\/ips-home-cat-ok-300x91.png 300w, https:\/\/webs.uab.cat\/oic\/wp-content\/uploads\/sites\/223\/2022\/09\/ips-home-cat-ok-768x232.png 768w\" sizes=\"auto, (max-width: 800px) 100vw, 800px\" \/><\/a><\/figure>\n<\/div>\n<\/div>\n","protected":false},"excerpt":{"rendered":"<p>Estad\u00edstica comparada dels Sectors Cultural i Creatiu a les CCAA espanyoles El grup de recerca Localcom mesura per primera vegada el pes desagregat dels Sectors Cultural i Creatiu a les&nbsp;comunitats aut\u00f2nomes d&#8217;Espanya. El projecte estableix els desequilibris entre les comunitats, dimensiona els efectes negatius de la crisi sobre el sector i identifica els pols de [&hellip;]<\/p>\n","protected":false},"author":20,"featured_media":0,"parent":0,"menu_order":0,"comment_status":"closed","ping_status":"closed","template":"","meta":{"footnotes":""},"class_list":["post-2637","page","type-page","status-publish","hentry"],"_links":{"self":[{"href":"https:\/\/webs.uab.cat\/oic\/wp-json\/wp\/v2\/pages\/2637","targetHints":{"allow":["GET"]}}],"collection":[{"href":"https:\/\/webs.uab.cat\/oic\/wp-json\/wp\/v2\/pages"}],"about":[{"href":"https:\/\/webs.uab.cat\/oic\/wp-json\/wp\/v2\/types\/page"}],"author":[{"embeddable":true,"href":"https:\/\/webs.uab.cat\/oic\/wp-json\/wp\/v2\/users\/20"}],"replies":[{"embeddable":true,"href":"https:\/\/webs.uab.cat\/oic\/wp-json\/wp\/v2\/comments?post=2637"}],"version-history":[{"count":10,"href":"https:\/\/webs.uab.cat\/oic\/wp-json\/wp\/v2\/pages\/2637\/revisions"}],"predecessor-version":[{"id":2709,"href":"https:\/\/webs.uab.cat\/oic\/wp-json\/wp\/v2\/pages\/2637\/revisions\/2709"}],"wp:attachment":[{"href":"https:\/\/webs.uab.cat\/oic\/wp-json\/wp\/v2\/media?parent=2637"}],"curies":[{"name":"wp","href":"https:\/\/api.w.org\/{rel}","templated":true}]}}