{"id":300,"date":"2011-05-31T17:03:54","date_gmt":"2011-05-31T15:03:54","guid":{"rendered":"https:\/\/webs.uab.cat\/oic\/uabcatalunya\/"},"modified":"2022-10-05T17:05:10","modified_gmt":"2022-10-05T15:05:10","slug":"uabcatalunya","status":"publish","type":"page","link":"https:\/\/webs.uab.cat\/oic\/uabcatalunya\/","title":{"rendered":"Observatori Iberoameric\u00e0 de la Comunicaci\u00f3"},"content":{"rendered":"\n<p><span class=\"inline inline-left\"><\/span><\/p>\n\n\n\n<div class=\"wp-block-media-text alignwide is-stacked-on-mobile has-primary-background-color has-background\" style=\"grid-template-columns:20% auto\"><figure class=\"wp-block-media-text__media\"><img loading=\"lazy\" decoding=\"async\" width=\"1003\" height=\"1000\" src=\"https:\/\/webs.uab.cat\/oic\/wp-content\/uploads\/sites\/223\/2016\/10\/Logo-OIC-reformado_1.png\" alt=\"Logo OIC reformado_1\" class=\"wp-image-1159 size-full\" srcset=\"https:\/\/webs.uab.cat\/oic\/wp-content\/uploads\/sites\/223\/2016\/10\/Logo-OIC-reformado_1.png 1003w, https:\/\/webs.uab.cat\/oic\/wp-content\/uploads\/sites\/223\/2016\/10\/Logo-OIC-reformado_1-300x300.png 300w, https:\/\/webs.uab.cat\/oic\/wp-content\/uploads\/sites\/223\/2016\/10\/Logo-OIC-reformado_1-150x150.png 150w, https:\/\/webs.uab.cat\/oic\/wp-content\/uploads\/sites\/223\/2016\/10\/Logo-OIC-reformado_1-768x766.png 768w\" sizes=\"auto, (max-width: 1003px) 100vw, 1003px\" \/><\/figure><div class=\"wp-block-media-text__content\">\n<p class=\"has-small-font-size\">El <strong>Observatori Iberoameric\u00e0 de la Comunicaci\u00f3 <\/strong>(<strong>OIC<\/strong>) \u00e9s un centre d&#8217;estudis que articula diverses xarxes acad\u00e8miques, grups de treball i accions de cooperaci\u00f3 interuniversit\u00e0ria per a la Recerca, la Doc\u00e8ncia, la Transfer\u00e8ncia de coneixements i la Difusi\u00f3 de publicacions en comunicaci\u00f3, cultura i desenvolupament hum\u00e0, adscrit al departament de Periodisme i Ci\u00e8ncies de la Comunicaci\u00f3 de la Universitat Aut\u00f2noma de Barcelona.<\/p>\n<\/div><\/div>\n\n\n\n<p>Els seus principals camps d&#8217;actuaci\u00f3 s\u00f3n: les tecnologies de la informaci\u00f3 i les comunicacions (TIC), les pol\u00edtiques de comunicaci\u00f3, el sector audiovisual i el comportament dels mitjans.<\/p>\n\n\n\n<h3 class=\"wp-block-heading\"><strong>Director<\/strong><\/h3>\n\n\n\n<p><a href=\"http:\/\/webs.uab.cat\/oic\/marcialmurciano\">Dr. Marcial Murciano<\/a><\/p>\n\n\n\n<p>Universitat Aut\u00f2noma de Barcelona<\/p>\n\n\n\n<p>Facultat de Ci\u00e8ncies de la Comunicaci\u00f3<\/p>\n\n\n\n<p>Marcial.Moreno@uab.cat<\/p>\n","protected":false},"excerpt":{"rendered":"<p>El Observatori Iberoameric\u00e0 de la Comunicaci\u00f3 (OIC) \u00e9s un centre d&#8217;estudis que articula diverses xarxes acad\u00e8miques, grups de treball i accions de cooperaci\u00f3 interuniversit\u00e0ria per a la Recerca, la Doc\u00e8ncia, la Transfer\u00e8ncia de coneixements i la Difusi\u00f3 de publicacions en comunicaci\u00f3, cultura i desenvolupament hum\u00e0, adscrit al departament de Periodisme i Ci\u00e8ncies de la Comunicaci\u00f3 [&hellip;]<\/p>\n","protected":false},"author":20,"featured_media":0,"parent":0,"menu_order":0,"comment_status":"closed","ping_status":"closed","template":"","meta":{"footnotes":""},"class_list":["post-300","page","type-page","status-publish","hentry"],"_links":{"self":[{"href":"https:\/\/webs.uab.cat\/oic\/wp-json\/wp\/v2\/pages\/300","targetHints":{"allow":["GET"]}}],"collection":[{"href":"https:\/\/webs.uab.cat\/oic\/wp-json\/wp\/v2\/pages"}],"about":[{"href":"https:\/\/webs.uab.cat\/oic\/wp-json\/wp\/v2\/types\/page"}],"author":[{"embeddable":true,"href":"https:\/\/webs.uab.cat\/oic\/wp-json\/wp\/v2\/users\/20"}],"replies":[{"embeddable":true,"href":"https:\/\/webs.uab.cat\/oic\/wp-json\/wp\/v2\/comments?post=300"}],"version-history":[{"count":2,"href":"https:\/\/webs.uab.cat\/oic\/wp-json\/wp\/v2\/pages\/300\/revisions"}],"predecessor-version":[{"id":2694,"href":"https:\/\/webs.uab.cat\/oic\/wp-json\/wp\/v2\/pages\/300\/revisions\/2694"}],"wp:attachment":[{"href":"https:\/\/webs.uab.cat\/oic\/wp-json\/wp\/v2\/media?parent=300"}],"curies":[{"name":"wp","href":"https:\/\/api.w.org\/{rel}","templated":true}]}}