{"id":315,"date":"2011-06-02T19:28:26","date_gmt":"2011-06-02T17:28:26","guid":{"rendered":"https:\/\/webs.uab.cat\/oic\/normescolaboracio\/"},"modified":"2011-06-02T19:28:26","modified_gmt":"2011-06-02T17:28:26","slug":"normescolaboracio","status":"publish","type":"page","link":"https:\/\/webs.uab.cat\/oic\/normescolaboracio\/","title":{"rendered":"Normes_colaboracio"},"content":{"rendered":"<p><h2>Normes de col.laboraci\u00f3<\/h2>\n<p><\/span><\/p>\n<p style=\"text-align: justify\"> La revista Connexions impulsa i publica treballs que aportin coneixements i evid\u00e8ncies al voltant de la comunicaci\u00f3 i que suggereixin noves direccions per a la recerca d&#8217;aquest \u00e0mbit cient\u00edfic en tem\u00e0tiques, metodologies, enfocaments i fonts bibliogr\u00e0fiques.<\/p>\n<p style=\"text-align: justify\"> Connexions ha iniciat els tr\u00e0mits per ser indexada i citada pels principals \u00edndexs de refer\u00e8ncia en el sector de les ci\u00e8ncies socials. La revista selecciona els articles per mitj\u00e0 de lectura an\u00f2nima entre parells. Els treballs s\u00f3n avaluats per experts del Consell de Redacci\u00f3 i del Comit\u00e8 Cient\u00edfic.<\/p>\n<p style=\"text-align: justify\"> Els articles de la revista no poden ser reprodu\u00efts, emmagatzemats o transmesos per cap procediment, sense l&#8217;autoritzaci\u00f3 per escrit dels titulars dels drets d&#8217;autor, excepte per als usos habituals de recerca i estudi privat, cr\u00edtica especialitzada i revisi\u00f3 bibliogr\u00e0fica.<\/p>\n","protected":false},"excerpt":{"rendered":"<p>Normes de col.laboraci\u00f3 La revista Connexions impulsa i publica treballs que aportin coneixements i evid\u00e8ncies al voltant de la comunicaci\u00f3 i que suggereixin noves direccions per a la recerca d&#8217;aquest \u00e0mbit cient\u00edfic en tem\u00e0tiques, metodologies, enfocaments i fonts bibliogr\u00e0fiques. Connexions ha iniciat els tr\u00e0mits per ser indexada i citada pels principals \u00edndexs de refer\u00e8ncia en [&hellip;]<\/p>\n","protected":false},"author":20,"featured_media":0,"parent":0,"menu_order":0,"comment_status":"closed","ping_status":"closed","template":"","meta":{"footnotes":""},"class_list":["post-315","page","type-page","status-publish","hentry"],"_links":{"self":[{"href":"https:\/\/webs.uab.cat\/oic\/wp-json\/wp\/v2\/pages\/315","targetHints":{"allow":["GET"]}}],"collection":[{"href":"https:\/\/webs.uab.cat\/oic\/wp-json\/wp\/v2\/pages"}],"about":[{"href":"https:\/\/webs.uab.cat\/oic\/wp-json\/wp\/v2\/types\/page"}],"author":[{"embeddable":true,"href":"https:\/\/webs.uab.cat\/oic\/wp-json\/wp\/v2\/users\/20"}],"replies":[{"embeddable":true,"href":"https:\/\/webs.uab.cat\/oic\/wp-json\/wp\/v2\/comments?post=315"}],"version-history":[{"count":0,"href":"https:\/\/webs.uab.cat\/oic\/wp-json\/wp\/v2\/pages\/315\/revisions"}],"wp:attachment":[{"href":"https:\/\/webs.uab.cat\/oic\/wp-json\/wp\/v2\/media?parent=315"}],"curies":[{"name":"wp","href":"https:\/\/api.w.org\/{rel}","templated":true}]}}