{"id":339,"date":"2011-02-18T20:24:51","date_gmt":"2011-02-18T18:24:51","guid":{"rendered":"https:\/\/webs.uab.cat\/oic\/presentacionriec\/"},"modified":"2022-10-05T13:20:19","modified_gmt":"2022-10-05T11:20:19","slug":"presentacionriec","status":"publish","type":"page","link":"https:\/\/webs.uab.cat\/oic\/presentacionriec\/","title":{"rendered":"Xarxa RIEC"},"content":{"rendered":"\n<div class=\"wp-block-media-text alignwide is-stacked-on-mobile\" style=\"grid-template-columns:25% auto\"><figure class=\"wp-block-media-text__media\"><img decoding=\"async\" src=\"http:\/\/centresderecerca.uab.cat\/oic\/sites\/centresderecerca.uab.cat.oic\/files\/images\/Red%20RIEC_0.jpg\" alt=\"\"\/><\/figure><div class=\"wp-block-media-text__content\">\n<p>La Xarxa Interuniversit\u00e0ria d&#8217;Estudis de Comunicaci\u00f3 (RIEC) est\u00e0 integrada per la <a href=\"http:\/\/webs.uab.cat\/oic\/ca\/uaargentina\">Universitat Austral (Argentina)<\/a>, la <a href=\"http:\/\/webs.uab.cat\/oic\/ca\/uciiiespanya\">Universitat Carlos III (Espanya)<\/a>, la <a href=\"http:\/\/webs.uab.cat\/oic\/ca\/udpchile\">Universitat Diego Portales (Xile)<\/a>, la <a href=\"http:\/\/webs.uab.cat\/oic\/ca\/uacmmexic\">Universitat Aut\u00f2noma de la Ciutat de M\u00e8xic (M\u00e8xic)<\/a>, la<a href=\"http:\/\/webs.uab.cat\/oic\/upr\"> Universitat de Puerto Rico (Puerto Rico)<\/a>, <a href=\"http:\/\/webs.uab.cat\/oic\/ca\/espm\">l&#8217;Escola Superior de Publicitat i M\u00e0rqueting de S\u00e3o Paulo (Brasil)<\/a> i la <a href=\"http:\/\/webs.uab.cat\/oic\/ca\/uabcoordinadora\">Universitat Aut\u00f2noma de Barcelona (Espanya)<\/a>, que actua com a entitat coordinadora. La Secretar\u00eda de la Xarxa RIEC la realitza la Universitat Austral de Buenos Aires. L&#8217;objectiu de la Xarxa \u00e9s potenciar el desenvolupament de la investigaci\u00f3, la mobilitat del professorat investigador, l&#8217;intercanvi d&#8217;informaci\u00f3 sobre temes d&#8217;inter\u00e8s com\u00fa, la publicaci\u00f3 de llibres col.lectius (<a href=\"https:\/\/webs.uab.cat\/oic\/produccio-cientifica\/\" data-type=\"page\" data-id=\"114\">Espacio Iberoamericano<\/a>), la difusi\u00f3 de revistes (<a href=\"http:\/\/webs.uab.cat\/oic\/ca\/revistaconexiones\">CONEXIONES<\/a>), aix\u00ed com altres activitats de car\u00e0cter acad\u00e8mic i de recerca.<\/p>\n<\/div><\/div>\n\n\n\n<p>La Xarxa RIEC promou projectes conjunts en el camp espec\u00edfic de les ci\u00e8ncies de la comunicaci\u00f3, entre d&#8217;altres:<\/p>\n\n\n\n<ol class=\"wp-block-list\"><li>Les reunions cient\u00edfiques internacionals de car\u00e0cter anual (Buenos Aires, 2008; l&#8217;Havana, 2009; S\u00e3o Paulo, 2010; i Buenos Aires, 2011), Cicles de seminaris sobre temes d&#8217;actualitat i inter\u00e8s mutu (l&#8217;estat de la informaci\u00f3 a Iberoam\u00e8rica, els joves i les noves tecnologies, les noves tend\u00e8ncies en el consum, la comunicaci\u00f3 i el seu paper com a eina educativa), F\u00f2rums de discussi\u00f3 sobre l&#8217;estat de les investigacions en curs, Jornades i trobades que promoguin la integraci\u00f3 dels respectius grups integrants de la xarxa (comunicaci\u00f3 i consum cultural; Formaci\u00f3 i integraci\u00f3 regional);<\/li><li>Els projectes de recerca en mitjans de comunicaci\u00f3 , tecnologies de la informaci\u00f3 i les comunicacions, estrat\u00e8gies i pol\u00edtiques de comunicaci\u00f3;<\/li><li>Els programes de mobilitat per a investigadors;<\/li><li>La publicaci\u00f3 de llibres conjunts (Espacio Iberoamericano), la edici\u00f3 de la revista CONEXIONES, el manteniment del lloc web (http:\/\/centresderecerca.uab.cat\/oic\/content\/red-riec) i la difusi\u00f3 dels resultats de les activitats conjuntes.<\/li><\/ol>\n","protected":false},"excerpt":{"rendered":"<p>La Xarxa Interuniversit\u00e0ria d&#8217;Estudis de Comunicaci\u00f3 (RIEC) est\u00e0 integrada per la Universitat Austral (Argentina), la Universitat Carlos III (Espanya), la Universitat Diego Portales (Xile), la Universitat Aut\u00f2noma de la Ciutat de M\u00e8xic (M\u00e8xic), la Universitat de Puerto Rico (Puerto Rico), l&#8217;Escola Superior de Publicitat i M\u00e0rqueting de S\u00e3o Paulo (Brasil) i la Universitat Aut\u00f2noma de [&hellip;]<\/p>\n","protected":false},"author":20,"featured_media":0,"parent":0,"menu_order":0,"comment_status":"closed","ping_status":"closed","template":"","meta":{"footnotes":""},"class_list":["post-339","page","type-page","status-publish","hentry"],"_links":{"self":[{"href":"https:\/\/webs.uab.cat\/oic\/wp-json\/wp\/v2\/pages\/339","targetHints":{"allow":["GET"]}}],"collection":[{"href":"https:\/\/webs.uab.cat\/oic\/wp-json\/wp\/v2\/pages"}],"about":[{"href":"https:\/\/webs.uab.cat\/oic\/wp-json\/wp\/v2\/types\/page"}],"author":[{"embeddable":true,"href":"https:\/\/webs.uab.cat\/oic\/wp-json\/wp\/v2\/users\/20"}],"replies":[{"embeddable":true,"href":"https:\/\/webs.uab.cat\/oic\/wp-json\/wp\/v2\/comments?post=339"}],"version-history":[{"count":1,"href":"https:\/\/webs.uab.cat\/oic\/wp-json\/wp\/v2\/pages\/339\/revisions"}],"predecessor-version":[{"id":2420,"href":"https:\/\/webs.uab.cat\/oic\/wp-json\/wp\/v2\/pages\/339\/revisions\/2420"}],"wp:attachment":[{"href":"https:\/\/webs.uab.cat\/oic\/wp-json\/wp\/v2\/media?parent=339"}],"curies":[{"name":"wp","href":"https:\/\/api.w.org\/{rel}","templated":true}]}}