{"id":345,"date":"2011-03-16T19:31:11","date_gmt":"2011-03-16T17:31:11","guid":{"rendered":"https:\/\/webs.uab.cat\/oic\/metodologiasec2003\/"},"modified":"2022-10-05T15:26:21","modified_gmt":"2022-10-05T13:26:21","slug":"metodologiasec2003","status":"publish","type":"page","link":"https:\/\/webs.uab.cat\/oic\/metodologiasec2003\/","title":{"rendered":"Metodologia_sec_2003"},"content":{"rendered":"\n<h2 class=\"wp-block-heading\">Metodologia<\/h2>\n\n\n\n<p>Les principals eines metodol\u00f2giques dissenyades en el marc de la investigaci\u00f3 \u201cNova tecnologia de la informaci\u00f3 i canvi comunicatiu en les Comunitats Aut\u00f2nomes espanyoles\u201d, s\u00f3n les seg\u00fcents:<\/p>\n\n\n\n<p>\u00a0\u00a0\u00a0 \u00bb <strong><a href=\"#MGD\">Matriu General de Dades (MGD)<\/a><\/strong><br>\u00a0\u00a0\u00a0 \u00bb<strong><a href=\"#TIC\"> Estudi comparatiu sobre indicadors internacionals en TIC<\/a><\/strong><br>\u00a0\u00a0\u00a0 \u00bb<strong><a href=\"#LOC\"> Disseny de l&#8217;\u00cdndex Localcom<\/a><\/strong><br>\u00a0\u00a0\u00a0 \u00bb <strong><a href=\"#MOD\">Model Localcom<\/a><\/strong><br>\u00a0\u00a0\u00a0 \u00bb<strong><a href=\"#IND\"> Components de l&#8217;\u00cdndex Localcom<\/a><\/strong><br>\u00a0\u00a0\u00a0 \u00bb<strong><a href=\"#SOCIE\"> Model per a l&#8217;estudi de les Pol\u00edtiques de Societat de la Informaci\u00f3 (Model PSI)<\/a><\/strong><\/p>\n\n\n\n<h3 class=\"wp-block-heading\" id=\"MDG\">Matriu General de Dades (MGD)<\/h3>\n\n\n\n<p>La MGD ha estat l&#8217;eina metodol\u00f2gica desenvolupada durant el projecte per agrupar tots els indicadors estad\u00edstics empleats. La identificaci\u00f3 de les fonts i l&#8217;an\u00e0lisi dels indicadors ha perm\u00e8s establir categories pr\u00f2pies per agrupar les dades disponibles, seleccionar els camps de la matriu i dissenyar la seva presentaci\u00f3 gr\u00e0fica i proporcionalitat. Al llarg de la investigaci\u00f3 s&#8217;han elaborat fins a quatre versions de la MGD, amb diferents nivells de complexitat: des del plantejament inicial a l&#8217;estructura definitiva adoptada.<\/p>\n\n\n\n<figure class=\"wp-block-image\"><img decoding=\"async\" src=\"http:\/\/centresderecerca.uab.cat\/oic\/sites\/centresderecerca.uab.cat.oic\/files\/images\/MGD.preview.png\" alt=\"\"\/><\/figure>\n\n\n\n<p class=\"has-text-align-center\"><span class=\"inline inline-left\"><\/span><\/p>\n\n\n\n<p>La versi\u00f3 definitiva de la MGD presenta quatre camps descriptius (indicador, subindicador, font i any, observacions), nou camps num\u00e8rics corresponents a les comunitats aut\u00f2nomes incloses en l&#8217;estudi (Andalusia, Arag\u00f3, Castella &#8211; La Manxa, Castella i Lle\u00f3, Catalunya, Comunitat Valenciana, Comunitat de Madrid, Gal\u00edcia i Pa\u00eds Basc) i un camp per a les estad\u00edstiques d&#8217;Espanya en el seu conjunt. La matriu agrupa els indicadors seleccionats en les cinc categories citades. Per a cadascuna d&#8217;elles es distingeixen clarament dos grups d&#8217;indicadors: en primer lloc els que estan disponibles per a totes les comunitats aut\u00f2nomes estudiades i posteriorment el conjunt de valors que nom\u00e9s estan agregats a escala nacional. Finalment s&#8217;estableixen les adreces electr\u00f2niques de les fonts on es poden trobar els indicadors seleccionats.<\/p>\n\n\n\n<h3 class=\"wp-block-heading\" id=\"TIC\">Estudi comparatiu sobre indicadors internacionals en TIC<\/h3>\n\n\n\n<p>A fi d&#8217;elaborar una proposta d&#8217;\u00edndex propi que permeti comparar el comportament de les comunitats aut\u00f2nomes espanyoles en el terreny de les TIC, se seleccionen set models metodol\u00f2gics, presentats i desenvolupats per organitzacions internacionals amb experi\u00e8ncia en aquest \u00e0mbit (algunes, com PNUD i la Uni\u00f3 Internacional de Telecomunicacions, situades en l&#8217;\u00f2rbita de Nacions Unides). Es van analitzar cr\u00edticament i es va avaluar l&#8217;abast de la metodologia a fi d&#8217;identificar les categories i variables considerades, els coeficients de ponderaci\u00f3 utilitzats, les f\u00f3rmules de c\u00e0lcul i el pes relatiu dels indicadors en l&#8217;\u00edndex final. Aquesta an\u00e0lisi va permetre utilitzar les metodologies i classificacions dels \u00edndexs internacionals com a refer\u00e8ncies de base per al posterior disseny del <strong>Model Localcom<\/strong>.<\/p>\n\n\n\n<h3 class=\"wp-block-heading\" id=\"LOC\">\u00a0Disseny de l&#8217;\u00cdndex Localcom<\/h3>\n\n\n\n<p>Per mesurar la incid\u00e8ncia del canvi comunicatiu en les Comunitats Aut\u00f2nomes espanyoles, es va dissenyar l&#8217;\u00cdndex Localcom que segueix la mateixa metodologia que l&#8217;\u00cdndex d&#8217;Acc\u00e9s Digital, IAD (UIT, 2002); l&#8217;\u00cdndex de Desenvolupament Hum\u00e0, IDH (PNUD, 1993) i l&#8217;\u00cdndex d&#8217;Oportunitats Digitals, IOD (UIT, 2005). L&#8217;\u00edndex Localcom permet agrupar els indicadors i usar punts de refer\u00e8ncia m\u00e0xims i m\u00ednims per normalitzar les xifres. Aquesta metodologia ofereix diversos avantatges. En primer lloc, \u00e9s una eina directa i transparent, ja que els valors referencials s\u00f3n identificables i els c\u00e0lculs clars. En segon lloc, l&#8217;\u00fas d&#8217;aquest tipus de pautes estableix metes a les quals les Comunitats Aut\u00f2nomes poden aspirar i es creen par\u00e0metres per aconseguir-les. Tercer, agrupar d&#8217;aquesta manera els indicadors permet que les comunitats identifiquin les seves fortaleses i debilitats, la qual cosa \u00e9s indispensable perqu\u00e8 els responsables dissenyin pol\u00edtiques en el context de la Societat de la Informaci\u00f3. Quart, \u00e9s factible fer un seguiment temporal de l&#8217;\u00edndex, imprescindible per a l&#8217;avaluaci\u00f3 de les pol\u00edtiques.<\/p>\n\n\n\n<p>Para cadascun dels indicadors considerats en l&#8217;\u00cdndex Localcom, s&#8217;han observat els valors m\u00e0xims i m\u00ednims (entre totes les comunitats aut\u00f2nomes estudiades, inclosos les dades d&#8217;Espanya en el seu conjunt). El comportament de les autonomies en cadascuna de les variables analitzades s&#8217;expressa com un valor entre 1 i 0, producte d&#8217;aplicar una f\u00f3rmula comuna: el valor de refer\u00e8ncia considerat menys el valor m\u00ednim observat, dividit entre el valor m\u00e0xim observat menys el valor m\u00ednim observat.<\/p>\n\n\n\n<figure class=\"wp-block-image\"><img decoding=\"async\" src=\"http:\/\/centresderecerca.uab.cat\/oic\/sites\/centresderecerca.uab.cat.oic\/files\/images\/F%C3%B3rmula%20%C3%8Dndice%20Localcom.preview.png\" alt=\"\"\/><\/figure>\n\n\n\n<p class=\"has-text-align-center\"><span class=\"inline inline-left\"><\/span><\/p>\n\n\n\n<p>L&#8217;\u00edndex per a cada \u00e0mbit de refer\u00e8ncia o categoria es calcula com una mitjana simple dels sub\u00edndexs que la componen. I l&#8217;\u00edndex general s&#8217;obt\u00e9 despr\u00e9s de fer el promig dels resultats de les quatre categories.<\/p>\n\n\n\n<p>A fi de desenvolupar totes les potencialitats de l&#8217;\u00edndex i donar-li un perfil qualitatiu propi, es va estudiar des d&#8217;una perspectiva estad\u00edstica la combinaci\u00f3 i el pes espec\u00edfic dels indicadors dins de cada categoria. D&#8217;aquesta manera es van identificar les redund\u00e0ncies i les inconsist\u00e8ncies en els resultats finals. Per aconseguir aquest objectiu es va procedir a: identificar els coeficients de correlaci\u00f3 entre indicadors i elaborar una matriu de correlacions entre tots els parells potencials de variables; representar gr\u00e0ficament els indicadors i les seves correlacions; i fer una an\u00e0lisi factorial de components per descobrir les variables de fons i els factors latents que vinculaven als indicadors considerats. Despr\u00e9s d&#8217;aquesta an\u00e0lisi quantitativa, es van verificar les fortes correlacions entre grups d&#8217;indicadors integrats en les cinc categories, i tamb\u00e9 es van detectar les de menor significaci\u00f3 (que aportaven poca coher\u00e8ncia al sub\u00edndex). En conseq\u00fc\u00e8ncia, es van descartar els indicadors de m\u00e9s baixa correlaci\u00f3 i es va construir una nova versi\u00f3 de l&#8217;\u00edndex (la n\u00famero vuit), dotada d&#8217;una coher\u00e8ncia estad\u00edstica satisfact\u00f2ria.<\/p>\n\n\n\n<h3 class=\"wp-block-heading\" id=\"MOD\">Model Localcom<\/h3>\n\n\n\n<p><strong>&nbsp;<\/strong>El model Localcom creat pel grup d&#8217;investigaci\u00f3 per analitzar el c\u00famul de circumst\u00e0ncies socials, econ\u00f2miques, tecnol\u00f2giques i culturals que impulsen o ralenteixen el desplegament de l&#8217;anomenada Societat de la Informaci\u00f3 en les Comunitats Aut\u00f2nomes espanyoles, es val, en el pl\u00e0nol quantitatiu, d&#8217;una s\u00e8rie d&#8217;indicadors estad\u00edstics que, entre els disponibles per a l&#8217;univers estudiat, s\u00f3n els que reflecteixen amb major fidelitat les relacions org\u00e0niques que es pret\u00e9n descriure. Des d&#8217;aquesta perspectiva, el model, m\u00e9s que una mera abstracci\u00f3 te\u00f2rica, constitueix una eina metodol\u00f2gica apropiada per analitzar l&#8217;impacte que sobre l&#8217;espai local t\u00e9 el canvi comunicatiu producte de la difusi\u00f3 de les TIC.<\/p>\n\n\n\n<p>A partir de l&#8217;an\u00e0lisi estad\u00edstica es va construir un model de capes amb depend\u00e8ncia seq\u00fcencial, compost per vint-i-quatre indicadors. Com s&#8217;aprecia en la seg\u00fcent figura, en l&#8217;eix vertical se situen les tres categories fonamentals: oportunitats, definides com els recursos econ\u00f2mics i educatius que serveixen de base per a la implantaci\u00f3 de les TIC; les infraestructures, \u00e9s a dir, les xarxes i equipaments que garanteixen la connectivitat de les llars i dels ciutadans en el nou entorn digital; i els usos avan\u00e7ats de les xarxes tant a escala institucional (empreses, ajuntaments), com per part d&#8217;aquells usuaris que aprofiten de forma intensiva dits recursos.<\/p>\n\n\n\n<p>L&#8217;eix horitzontal permet una segona lectura perqu\u00e8 agrupa als indicadors segons el rol que juguen dins del model, \u00e9s a dir, si constitueixen recursos disponibles que permeten satisfer una necessitat, o si s\u00f3n actuacions que afegeixen valor a aquells recursos preexistents.<\/p>\n\n\n\n<figure class=\"wp-block-image\"><img decoding=\"async\" src=\"http:\/\/centresderecerca.uab.cat\/oic\/sites\/centresderecerca.uab.cat.oic\/files\/images\/Modelo%20Localcom.preview.jpg\" alt=\"\"\/><\/figure>\n\n\n\n<h3 class=\"wp-block-heading\" id=\"IND\">Components de l&#8217;\u00cdndex Localcom<\/h3>\n\n\n\n<p>En el primer nivell del model Localcom, agrupats en la categoria <em>d&#8217;Oportunitats<\/em>, s&#8217;inclouen vuit indicadors de capacitat econ\u00f2mica i nivell educatiu que permeten mesurar factors i circumst\u00e0ncies claus per als objectius de la investigaci\u00f3. S&#8217;han seleccionat aqu\u00ed determinats indicadors econ\u00f2mics i socials que d&#8217;una forma directa o indirecta contextualitzen l&#8217;impacte en la societat del canvi comunicatiu impulsat per les TIC. La categoria <em>Infraestructures<\/em>, per la seva banda, incorpora vuit indicadors claus per dimensionar l&#8217;equipament TIC de les llars espanyoles. L&#8217;\u00faltim grup d&#8217;indicadors s&#8217;emmarca dins de la categoria <em>d&#8217;Usos<\/em> i expressen el nivell d&#8217;aprofitament que la societat fa de les oportunitats i infraestructures pr\u00f2pies de la Societat de la Informaci\u00f3.<\/p>\n\n\n\n<p>A partir de cadascun d&#8217;aquests indicadors s&#8217;ha realitzat una s\u00e8rie estad\u00edstica de car\u00e0cter hist\u00f2ric, per comunitat aut\u00f2noma, per observar l&#8217;evoluci\u00f3 i tend\u00e8ncies dels mateixos en els \u00faltims anys.<\/p>\n\n\n\n<figure class=\"wp-block-image\"><img decoding=\"async\" src=\"http:\/\/centresderecerca.uab.cat\/oic\/sites\/centresderecerca.uab.cat.oic\/files\/images\/Componentes_indice_localcom.preview.png\" alt=\"\"\/><\/figure>\n\n\n\n<h3 class=\"wp-block-heading\" id=\"SOCIE\">Model per a l&#8217;estudi de les Pol\u00edtiques de Societat de la Informaci\u00f3 (Model PSI)<\/h3>\n\n\n\n<p>La investigaci\u00f3 ha perm\u00e8s tamb\u00e9 desenvolupar un model propi per identificar les principals institucions rectores de la Societat de la Informaci\u00f3 en les comunitats aut\u00f2nomes espanyoles (Model PSI). Aquesta representaci\u00f3 identifica els organismes de coordinaci\u00f3, els plans directors implementats, les entitats executores de les pol\u00edtiques, les principals actuacions sectorials i les estrat\u00e8gies empresarials. Tamb\u00e9 permet visualitzar aquests apartats en les escales local i estatal. S&#8217;han creat set models diferents, un per a cada comunitat aut\u00f2noma estudiada. Tots ells mantenen la mateixa identitat, com s&#8217;observa en el seg\u00fcent gr\u00e0fic, corresponent a la comunitat d&#8217;Andalusia.<\/p>\n\n\n\n<figure class=\"wp-block-image\"><img decoding=\"async\" src=\"http:\/\/centresderecerca.uab.cat\/oic\/sites\/centresderecerca.uab.cat.oic\/files\/images\/Modelo_PSI.preview.png\" alt=\"\"\/><\/figure>\n\n\n\n<p class=\"has-text-align-center\"><span class=\"inline inline-left\"><\/span><\/p>\n\n\n\n<p>La investigaci\u00f3 ha establert una cronologia de les institucions auton\u00f2miques dedicades a la promoci\u00f3 de la Societat de la Informaci\u00f3; una dissecci\u00f3 qualitativa dels plans directors vigents i dels recursos econ\u00f2mics assignats; un seguiment de les actuacions del Pla Avanza; una an\u00e0lisi del paper de les institucions locals; i, finalment, una aproximaci\u00f3 a les estrat\u00e8gies empresarials.<\/p>\n\n\n\n<p><span class=\"inline inline-left\">&nbsp;<\/span><\/p>\n\n\n\n<p><span class=\"inline inline-left\">&nbsp;<\/span><\/p>\n\n\n\n<p><span class=\"inline inline-left\">&nbsp;<\/span><\/p>\n\n\n\n<p><span class=\"inline inline-left\">&nbsp;<\/span><\/p>\n","protected":false},"excerpt":{"rendered":"<p>Metodologia Les principals eines metodol\u00f2giques dissenyades en el marc de la investigaci\u00f3 \u201cNova tecnologia de la informaci\u00f3 i canvi comunicatiu en les Comunitats Aut\u00f2nomes espanyoles\u201d, s\u00f3n les seg\u00fcents: \u00a0\u00a0\u00a0 \u00bb Matriu General de Dades (MGD)\u00a0\u00a0\u00a0 \u00bb Estudi comparatiu sobre indicadors internacionals en TIC\u00a0\u00a0\u00a0 \u00bb Disseny de l&#8217;\u00cdndex Localcom\u00a0\u00a0\u00a0 \u00bb Model Localcom\u00a0\u00a0\u00a0 \u00bb Components de l&#8217;\u00cdndex [&hellip;]<\/p>\n","protected":false},"author":20,"featured_media":0,"parent":0,"menu_order":0,"comment_status":"closed","ping_status":"closed","template":"","meta":{"footnotes":""},"class_list":["post-345","page","type-page","status-publish","hentry"],"_links":{"self":[{"href":"https:\/\/webs.uab.cat\/oic\/wp-json\/wp\/v2\/pages\/345","targetHints":{"allow":["GET"]}}],"collection":[{"href":"https:\/\/webs.uab.cat\/oic\/wp-json\/wp\/v2\/pages"}],"about":[{"href":"https:\/\/webs.uab.cat\/oic\/wp-json\/wp\/v2\/types\/page"}],"author":[{"embeddable":true,"href":"https:\/\/webs.uab.cat\/oic\/wp-json\/wp\/v2\/users\/20"}],"replies":[{"embeddable":true,"href":"https:\/\/webs.uab.cat\/oic\/wp-json\/wp\/v2\/comments?post=345"}],"version-history":[{"count":1,"href":"https:\/\/webs.uab.cat\/oic\/wp-json\/wp\/v2\/pages\/345\/revisions"}],"predecessor-version":[{"id":2620,"href":"https:\/\/webs.uab.cat\/oic\/wp-json\/wp\/v2\/pages\/345\/revisions\/2620"}],"wp:attachment":[{"href":"https:\/\/webs.uab.cat\/oic\/wp-json\/wp\/v2\/media?parent=345"}],"curies":[{"name":"wp","href":"https:\/\/api.w.org\/{rel}","templated":true}]}}