{"id":352,"date":"2011-09-20T11:04:56","date_gmt":"2011-09-20T09:04:56","guid":{"rendered":"https:\/\/webs.uab.cat\/oic\/normes-colaboracio-conexiones\/"},"modified":"2011-09-20T11:04:56","modified_gmt":"2011-09-20T09:04:56","slug":"normes-colaboracio-conexiones","status":"publish","type":"page","link":"https:\/\/webs.uab.cat\/oic\/normes-colaboracio-conexiones\/","title":{"rendered":"Normes de col.laboraci\u00f3"},"content":{"rendered":"<p>La revista CONEXIONES impulsa i publica treballs que aportin coneixements i evid\u00e8ncies al voltant de la comunicaci\u00f3 i que suggereixin noves direccions per a la recerca d&#8217;aquest \u00e0mbit cient\u00edfic en tem\u00e0tiques, metodologies, perspectives i fonts bibliogr\u00e0fiques.<\/p>\n<p><!--more--><\/p>\n<p>La revista CONEXIONES impulsa i publica treballs que aportin coneixements i evid\u00e8ncies al voltant de la comunicaci\u00f3 i que suggereixin noves direccions per a la recerca d&#8217;aquest \u00e0mbit cient\u00edfic en tem\u00e0tiques, metodologies, perspectives i fonts bibliogr\u00e0fiques.<\/p>\n<p>CONEXIONES ha iniciat els tr\u00e0mits per ser indexada i citada pels principals \u00edndexs de refer\u00e8ncia en el sector de les ci\u00e8ncies socials. La revista selecciona els articles per mitj\u00e0 de lectura an\u00f2nima entre parells. Els treballs s\u00f3n avaluats per experts externs.<\/p>\n<p>Els articles de la revista han de ser originals i no poden ser reprodu\u00efts, emmagatzemats o transmesos per cap procediment sense l&#8217;autoritzaci\u00f3 per escrit dels titulars dels drets d&#8217;autor, excepte per als usos habituals d&#8217;investigaci\u00f3 i estudi privat, cr\u00edtica especialitzada i revisi\u00f3 bibliogr\u00e0fica.<\/p>\n<p><strong>Recomanacions abans de realitzar l&#8217;enviament dels articles<\/strong><\/p>\n<p>Per ser avaluats, els articles enviats a CONEXIONES han de complir els seg\u00fcents requisits:<\/p>\n<ol>\n<li>Adjuntar al article una carta especificant l&#8217;originalitat de l&#8217;article on consti que no ha estat publicat pr\u00e8viament, ni s&#8217;ha presentat a una altra revista.<\/li>\n<li>L&#8217;article ha de tenir una extensi\u00f3 d&#8217;entre 5.500 i 7.500 paraules. La tipografia ha de ser Times New Roman, la mida de lletra 11 i el interlineat senzill; es far\u00e0 servir cursiva en comptes de subratllat (exceptuant les adreces URL), i totes les il\u2022lustracions, figures i taules estaran dins del text en el lloc que els correspon i no al final. El fitxer enviat ha d&#8217;estar en format Microsoft Word, OpenOffice, RTF o WordPerfect. Les imatges, en el cas que n&#8217;hi hagi, s&#8217;adjuntaran com arxius addicionals en format JPG, PNG o TIFF.<\/li>\n<li>El text ha de complir amb els requisits bibliogr\u00e0fics i d&#8217;estil indicats a les <a href=\"http:\/\/centresderecerca.uab.cat\/oic\/content\/normas-editoriales\">Noreas Editorials<\/a>. S&#8217;han d&#8217;especificar les adreces web de les refer\u00e8ncies esmentades.<\/li>\n<li>Si s&#8217;envia un article per a la revisi\u00f3 per parells, assegureu-vos que no hi ha refer\u00e8ncies al nom de l&#8217;autor al arxiu enviat.<\/li>\n<\/ol>\n","protected":false},"excerpt":{"rendered":"<p>La revista CONEXIONES impulsa i publica treballs que aportin coneixements i evid\u00e8ncies al voltant de la comunicaci\u00f3 i que suggereixin noves direccions per a la recerca d&#8217;aquest \u00e0mbit cient\u00edfic en tem\u00e0tiques, metodologies, perspectives i fonts bibliogr\u00e0fiques.<\/p>\n","protected":false},"author":20,"featured_media":0,"parent":0,"menu_order":0,"comment_status":"closed","ping_status":"closed","template":"","meta":{"footnotes":""},"class_list":["post-352","page","type-page","status-publish","hentry"],"_links":{"self":[{"href":"https:\/\/webs.uab.cat\/oic\/wp-json\/wp\/v2\/pages\/352","targetHints":{"allow":["GET"]}}],"collection":[{"href":"https:\/\/webs.uab.cat\/oic\/wp-json\/wp\/v2\/pages"}],"about":[{"href":"https:\/\/webs.uab.cat\/oic\/wp-json\/wp\/v2\/types\/page"}],"author":[{"embeddable":true,"href":"https:\/\/webs.uab.cat\/oic\/wp-json\/wp\/v2\/users\/20"}],"replies":[{"embeddable":true,"href":"https:\/\/webs.uab.cat\/oic\/wp-json\/wp\/v2\/comments?post=352"}],"version-history":[{"count":0,"href":"https:\/\/webs.uab.cat\/oic\/wp-json\/wp\/v2\/pages\/352\/revisions"}],"wp:attachment":[{"href":"https:\/\/webs.uab.cat\/oic\/wp-json\/wp\/v2\/media?parent=352"}],"curies":[{"name":"wp","href":"https:\/\/api.w.org\/{rel}","templated":true}]}}