{"id":353,"date":"2011-09-20T11:33:37","date_gmt":"2011-09-20T09:33:37","guid":{"rendered":"https:\/\/webs.uab.cat\/oic\/suscripcions-conexiones\/"},"modified":"2011-09-20T11:33:37","modified_gmt":"2011-09-20T09:33:37","slug":"suscripcions-conexiones","status":"publish","type":"page","link":"https:\/\/webs.uab.cat\/oic\/suscripcions-conexiones\/","title":{"rendered":"Suscripcions-conexiones"},"content":{"rendered":"<p><H2>Suscripcions<\/H2><P style=\"TEXT-ALIGN: justify\">CONEXIONES \u00e9s una publicaci\u00f3 semestral. La subscripci\u00f3 anual \u00e9s de 12 euros (2012). Tota correspond\u00e8ncia relacionada amb les subscripcions i la publicitat ha de ser enviada a l&#8217;editorial <A href=\"http:\/\/www.comunicacionsocial.es\/cs\/\">Comunicaci\u00f3n Social Ediciones y Publicaciones<\/A>, a Zamora (Espa\u00f1a).<br \/>\n<!--more--><br \/>\n<H2>Suscripcions<\/H2><P style=\"TEXT-ALIGN: justify\">CONEXIONES \u00e9s una publicaci\u00f3 semestral. La subscripci\u00f3 anual \u00e9s de 12 euros (2012). Tota correspond\u00e8ncia relacionada amb les subscripcions i la publicitat ha de ser enviada a l&#8217;editorial <A href=\"http:\/\/www.comunicacionsocial.es\/cs\/\">Comunicaci\u00f3n Social Ediciones y Publicaciones<\/A>, a Zamora (Espa\u00f1a).<br \/>\n<P style=\"TEXT-ALIGN: justify\">CONEXIONES est\u00e0 impresa en Impremta Kadmos, Pol Ind El Tormes, c\/Riu Ubierna, nau 5 i 6, Salamanca, Espanya. La producci\u00f3 editorial va a c\u00e0rrec de Comunicaci\u00f3 Social Edicions i Publicacions, c\/Escoles 16, 49.130 Manganeses de la Lampreana (Zamora, Espanya).<br \/>\n<P style=\"TEXT-ALIGN: justify\">Adre\u00e7a postal: CONEXIONES. Revista Iberoamericana de Comunicaci\u00f3, Observatori Iberoameric\u00e0 de la Comunicaci\u00f3, Facultat de Ci\u00e8ncies de la Comunicaci\u00f3, Edifici I. Despatx 026. Campus de la Universitat Aut\u00f2noma de Barcelona. 08193 Bellaterra (Barcelona, Espanya).<br \/>\n<P style=\"TEXT-ALIGN: justify\">Dip\u00f2sit legal: S. 640-2009<br \/>\n<P style=\"TEXT-ALIGN: justify\">ISSN: 1697-3720<\/p>\n","protected":false},"excerpt":{"rendered":"<p>Suscripcions CONEXIONES \u00e9s una publicaci\u00f3 semestral. La subscripci\u00f3 anual \u00e9s de 12 euros (2012). Tota correspond\u00e8ncia relacionada amb les subscripcions i la publicitat ha de ser enviada a l&#8217;editorial Comunicaci\u00f3n Social Ediciones y Publicaciones, a Zamora (Espa\u00f1a).<\/p>\n","protected":false},"author":20,"featured_media":0,"parent":0,"menu_order":0,"comment_status":"closed","ping_status":"closed","template":"","meta":{"footnotes":""},"class_list":["post-353","page","type-page","status-publish","hentry"],"_links":{"self":[{"href":"https:\/\/webs.uab.cat\/oic\/wp-json\/wp\/v2\/pages\/353","targetHints":{"allow":["GET"]}}],"collection":[{"href":"https:\/\/webs.uab.cat\/oic\/wp-json\/wp\/v2\/pages"}],"about":[{"href":"https:\/\/webs.uab.cat\/oic\/wp-json\/wp\/v2\/types\/page"}],"author":[{"embeddable":true,"href":"https:\/\/webs.uab.cat\/oic\/wp-json\/wp\/v2\/users\/20"}],"replies":[{"embeddable":true,"href":"https:\/\/webs.uab.cat\/oic\/wp-json\/wp\/v2\/comments?post=353"}],"version-history":[{"count":0,"href":"https:\/\/webs.uab.cat\/oic\/wp-json\/wp\/v2\/pages\/353\/revisions"}],"wp:attachment":[{"href":"https:\/\/webs.uab.cat\/oic\/wp-json\/wp\/v2\/media?parent=353"}],"curies":[{"name":"wp","href":"https:\/\/api.w.org\/{rel}","templated":true}]}}