{"id":358,"date":"2011-09-20T12:36:48","date_gmt":"2011-09-20T10:36:48","guid":{"rendered":"https:\/\/webs.uab.cat\/oic\/resultados-ips-aecid\/"},"modified":"2011-09-20T12:36:48","modified_gmt":"2011-09-20T10:36:48","slug":"resultados-ips-aecid","status":"publish","type":"page","link":"https:\/\/webs.uab.cat\/oic\/resultados-ips-aecid\/","title":{"rendered":"Resultados-ips-aecid"},"content":{"rendered":"<h2>Principals resultats<\/h2>\n<p style=\"text-align: justify;\">Una s\u00edntesi dels resultats de la present investigaci\u00f3 demostra, com s&#8217;observar\u00e0 en les p\u00e0gines seg\u00fcents, que contr\u00e0riament a l&#8217;opini\u00f3 \u00e0mpliament estesa, la premsa de refer\u00e8ncia estudiada si aborda amb regularitat en el seu contingut informacions relacionades amb la cooperaci\u00f3 per al desenvolupament, si b\u00e9 tamb\u00e9 \u00e9s cert-i tal com s&#8217;ha verificat en altres estudis-que l&#8217;espai que es dedica a aquests temes \u00e9s en general redu\u00eft en comparaci\u00f3 amb el total dels continguts publicats pels diaris, ja que nom\u00e9s ocupa un 3,5%.<\/p>\n<p style=\"text-align: justify;\"><strong>Distribuci\u00f3 del pes de les UPC a la premsa europea, segons cap\u00e7aleres<\/strong><\/p>\n<p><span class=\"inline inline-left\"><img loading=\"lazy\" decoding=\"async\" class=\"image image-preview \" title=\"IPS_resultados_1\" src=\"http:\/\/centresderecerca.uab.cat\/oic\/sites\/centresderecerca.uab.cat.oic\/files\/images\/IPS_resultados_1.png\" alt=\"IPS_resultados_1\" width=\"511\" height=\"388\"><span class=\"caption\" style=\"width: 614px;\">&nbsp;<\/span><\/span><\/p>\n<p style=\"text-align: justify;\">La regularitat en la cobertura sobre la cooperaci\u00f3 s&#8217;incrementa puntualment quan es concentren en un per\u00edode de temps breu esdeveniments relacionats amb l&#8217;agenda internacional de la cooperaci\u00f3 per al desenvolupament (com ara, i durant la segona setmana de setembre, l&#8217;Assemblea Anual de l&#8217;Organitzaci\u00f3 de les Nacions Unides, a Nova York, la Reuni\u00f3 del G-20, a Pittsburg, i les recomanacions del fons Monetari Internacional sobre la crisi econ\u00f2mica i financera mundial). El tractament donat a aquests temes va elevar la cobertura de la cooperaci\u00f3 per al desenvolupament en m\u00e9s de dos punts percentuals durant el per\u00edode estudiat, fins al 5,6%.<\/p>\n<p style=\"text-align: justify;\"><strong>Distribuci\u00f3 del pes de la cooperaci\u00f3 en els diaris, segons nacionalitat, setmanes i agenda&nbsp; (%)<\/strong><\/p>\n<p><span class=\"inline inline-left\"><img loading=\"lazy\" decoding=\"async\" class=\"image image-preview \" src=\"http:\/\/centresderecerca.uab.cat\/oic\/sites\/centresderecerca.uab.cat.oic\/files\/images\/IPS_resultados_2_0.png\" alt=\"\" width=\"518\" height=\"318\"><\/span><\/p>\n<p style=\"text-align: justify;\">Resulta molt significatiu tamb\u00e9 l&#8217;an\u00e0lisi del pes de la cobertura sobre la cooperaci\u00f3 en les portades, ja que \u00e9s generalment major en tots els diaris estudiats, si aquest valor es compara amb la mitjana.<\/p>\n<p style=\"text-align: justify;\"><strong>Distribuci\u00f3 del pes de les UPC en tot el diari i en les portades, segons setmanes<\/strong><\/p>\n<p><span class=\"inline inline-left\"><img loading=\"lazy\" decoding=\"async\" class=\"image image-preview \" src=\"http:\/\/centresderecerca.uab.cat\/oic\/sites\/centresderecerca.uab.cat.oic\/files\/images\/IPS_resultados_3_1.png\" alt=\"\" width=\"527\" height=\"187\"><\/span><\/p>\n<p style=\"text-align: justify;\">Des del punt de vista de la l\u00ednia editorial dels diaris, els diaris amb una l\u00ednia editorial de centre-esquerra s\u00f3n m\u00e9s proclius a portar a la portada la cooperaci\u00f3 internacional per al desenvolupament. Per cada dues not\u00edcies de cooperaci\u00f3 per al desenvolupament que aquests porten a aquesta primera p\u00e0gina, els diaris de tend\u00e8ncia conservadora publiquen nom\u00e9s una.<\/p>\n<p style=\"text-align: justify;\"><strong>Distribuci\u00f3 de les UPC per ubicaci\u00f3 en portada, segons l\u00ednia editorial dels diaris<\/strong><\/p>\n<p><span class=\"inline inline-left\"><img loading=\"lazy\" decoding=\"async\" class=\"image image-preview \" src=\"http:\/\/centresderecerca.uab.cat\/oic\/sites\/centresderecerca.uab.cat.oic\/files\/images\/IPS_resultados_4.png\" alt=\"\" width=\"516\" height=\"360\"><\/span><\/p>\n<p style=\"text-align: justify;\">Hi ha tres temes que els mitjans analitzats porten amb m\u00e9s freq\u00fc\u00e8ncia a les seves portades i que ens permeten identificar les prioritats de la seva agenda informativa. Aquests s\u00f3n: l&#8217;assist\u00e8ncia humanit\u00e0ria i d&#8217;emerg\u00e8ncia en els casos de desastres naturals, la protecci\u00f3 del medi ambient-situada durant aquest per\u00edode en la primera p\u00e0gina a causa de la Cimera del Clima de Copenhaguen-i el bon govern mundial.<\/p>\n<p style=\"text-align: justify;\"><strong>Distribuci\u00f3 de les UPC per ubicaci\u00f3, segons tema general<\/strong><\/p>\n<p><span class=\"inline inline-left\"><img loading=\"lazy\" decoding=\"async\" class=\"image image-preview \" src=\"http:\/\/centresderecerca.uab.cat\/oic\/sites\/centresderecerca.uab.cat.oic\/files\/images\/IPS_resultados_5.png.jpg\" alt=\"\" width=\"524\" height=\"421\"><\/span><\/p>\n<p style=\"text-align: justify;\">D&#8217;altra banda, nom\u00e9s en una de les seccions dels diaris estudiats el pes de les not\u00edcies o unitats period\u00edstiques sobre cooperaci\u00f3 per al desenvolupament registren un nivell significatiu: es tracta de la secci\u00f3 d&#8217;Informaci\u00f3 internacional, on les not\u00edcies apareixen representades en un 14, 8%. Aquest fet \u00e9s coherent amb l&#8217;espai que la premsa de refer\u00e8ncia dedica als temes d&#8217;abast mundial, dins dels quals situa la cooperaci\u00f3 per al desenvolupament.<\/p>\n<p><strong>Distribuci\u00f3 del pes de la cooperaci\u00f3 en el contingut dels diaris, segons seccions (%)<\/strong><\/p>\n<p><span class=\"inline inline-left\"><img loading=\"lazy\" decoding=\"async\" class=\"image image-preview \" src=\"http:\/\/centresderecerca.uab.cat\/oic\/sites\/centresderecerca.uab.cat.oic\/files\/images\/IPS_resultados_6.png\" alt=\"\" width=\"518\" height=\"294\"><\/span><\/p>\n<p style=\"text-align: justify;\">De cada deu unitats period\u00edstiques trobades sobre cooperaci\u00f3, vuit corresponen a g\u00e8neres informatius (not\u00edcies, cr\u00f2niques, reportatges, etc.) i dos a g\u00e8neres d&#8217;opini\u00f3 (editorials, articles, etc.).&nbsp;<\/p>\n<p style=\"text-align: justify;\"><strong>Distribuci\u00f3 del contingut dels diaris, segons tipus d&#8217;unitat period\u00edstica<\/strong><\/p>\n<p style=\"text-align: justify;\"><span class=\"inline inline-left\"><img loading=\"lazy\" decoding=\"async\" class=\"image image-preview \" src=\"http:\/\/centresderecerca.uab.cat\/oic\/sites\/centresderecerca.uab.cat.oic\/files\/images\/IPS_resultados_7.png\" alt=\"\" width=\"521\" height=\"330\"><\/span><\/p>\n<p style=\"text-align: justify;\">Entre els principals temes abordats per les not\u00edcies sobre la cooperaci\u00f3 per al desenvolupament es troben: la governabilitat i l&#8217;enfortiment de la democr\u00e0cia (31%), la protecci\u00f3 del medi ambient (21,9%) i el bon govern mundial (18,2 %), que juntes representen m\u00e9s del 70% del total.<\/p>\n<p style=\"text-align: justify;\"><strong>Distribuci\u00f3 de les UPC per tem\u00e0tica general<\/strong><\/p>\n<p><span class=\"inline inline-left\"><img loading=\"lazy\" decoding=\"async\" class=\"image image-preview \" src=\"http:\/\/centresderecerca.uab.cat\/oic\/sites\/centresderecerca.uab.cat.oic\/files\/images\/IPS_resultados_8.png\" alt=\"\" width=\"518\" height=\"309\"><\/span><\/p>\n<p style=\"text-align: justify;\">Com es posa en evid\u00e8ncia en els par\u00e0grafs anteriors, l&#8217;agenda medi\u00e0tica sobre els temes de la cooperaci\u00f3 es troba estretament vinculada amb l&#8217;agenda pol\u00edtica internacional, ja que els diaris assumeixen com espec\u00edfics de la seva agenda determinats temes internacionals i, per la mateixa ra\u00f3, deixen de banda altres de gran transcend\u00e8ncia i import\u00e0ncia per al debat p\u00fablic, com els Objectius de Desenvolupament del Mil\u2022lenni, l&#8217;alleugeriment del deute, el treball infantil i les mines antipersona.<\/p>\n<p style=\"text-align: justify;\">Pel que fa a les not\u00edcies dedicades als temes de cooperaci\u00f3 per al desenvolupament, un 42,7% d&#8217;aquestes s\u00f3n espec\u00edfiques, mentre que en el 57,3% restant la cooperaci\u00f3 nom\u00e9s complementa el tema central de la informaci\u00f3. Aquesta tend\u00e8ncia es mant\u00e9 per a Espanya i Regne Unit, no aix\u00ed en els diaris francesos, en qu\u00e8 les not\u00edcies centrades en la cooperaci\u00f3 constitueixen dos ter\u00e7os del total.<\/p>\n<p><strong> Distribuci\u00f3 de les UPC per centralitat de la cooperaci\u00f3 en el text, segons pa\u00efsos<\/strong><\/p>\n<p>&nbsp;<\/p>\n<p><span class=\"inline inline-left\"><img loading=\"lazy\" decoding=\"async\" class=\"image image-preview \" src=\"http:\/\/centresderecerca.uab.cat\/oic\/sites\/centresderecerca.uab.cat.oic\/files\/images\/IPS_resultados_9.png\" alt=\"\" width=\"514\" height=\"287\"><\/span><\/p>\n<p style=\"text-align: justify;\">Pel que fa a l&#8217;enfocament geogr\u00e0fic predominant en les informacions que publica la premsa dels diferents pa\u00efsos analitzats, no sempre hi ha una correlaci\u00f3 entre aquesta i les regions cap on els seus respectius governs destinen priorit\u00e0riament l&#8217;ajuda oficial al desenvolupament. Per exemple, Am\u00e8rica Llatina i el Carib \u00e9s la principal receptora d&#8217;ajuda provinent de la cooperaci\u00f3 espanyola (35% el 2007) i la regi\u00f3 protagonitza en exclusiva m\u00e9s d&#8217;una quarta part de les UPC publicades per l&#8217;ABC, El Pa\u00eds i La Vanguardia. L&#8217;ajuda francesa i anglesa, per la seva banda, est\u00e0 molt focalitzada a l&#8217;\u00c0frica subsahariana (gaireb\u00e9 el 50% en els dos casos durant 2007), per\u00f2 l&#8217;atenci\u00f3 que presten els mitjans a aquest subcontinent no \u00e9s tan not\u00f2ria, 12,2% i 14 , 1% respectivament. D&#8217;altra banda, hi ha una major coincid\u00e8ncia d&#8217;interessos entre la cooperaci\u00f3 del Regne Unit amb la regi\u00f3 \u00c0sia \/ Pac\u00edfic, receptora del 22% de l&#8217;ajuda brit\u00e0nica, i el 14,9% d&#8217;UPC relacionades amb aquest \u00e0mbit geogr\u00e0fic.<\/p>\n<p style=\"text-align: justify;\"><strong> Distribuci\u00f3 de les UPC per enfocament geogr\u00e0fic predominant, segons pa\u00efsos<\/strong><\/p>\n<p><span class=\"inline inline-left\"><img loading=\"lazy\" decoding=\"async\" class=\"image image-preview \" src=\"http:\/\/centresderecerca.uab.cat\/oic\/sites\/centresderecerca.uab.cat.oic\/files\/images\/IPS_resultados_10.png\" alt=\"\" width=\"516\" height=\"340\"><\/span><\/p>\n<p style=\"text-align: justify;\">Els governs i les ag\u00e8ncies p\u00fabliques de cooperaci\u00f3 s\u00f3n les institucions que m\u00e9s freq\u00fcentment centren les not\u00edcies vinculades a la cooperaci\u00f3 per al desenvolupament, ja que els actors governamentals protagonitzen el 45,7% de les unitats period\u00edstiques.<\/p>\n<p style=\"text-align: justify;\"><strong>Protagonisme institucional en les UPC<\/strong><\/p>\n<p><span class=\"inline inline-left\"><img loading=\"lazy\" decoding=\"async\" class=\"image image-preview \" src=\"http:\/\/centresderecerca.uab.cat\/oic\/sites\/centresderecerca.uab.cat.oic\/files\/images\/IPS_resultados_11.png\" alt=\"\" width=\"511\" height=\"438\"><\/span><\/p>\n<p style=\"text-align: justify;\">Dins de la mostra analitzada s&#8217;han diferenciat les unitats period\u00edstiques espec\u00edfiques sobre cooperaci\u00f3 per al desenvolupament, \u00e9s a dir, aquelles on aquesta constitueix el fet notici\u00f3s fonamental, d&#8217;aquelles on la cooperaci\u00f3 nom\u00e9s complementa altres temes informatius. Des d&#8217;aquesta perspectiva, les ONG s\u00f3n les que aconsegueixen situar en l&#8217;agenda medi\u00e0tica m\u00e9s not\u00edcies espec\u00edfiques sobre cooperaci\u00f3 per al desenvolupament (58,4%), superant fins i tot a les ag\u00e8ncies multilaterals (55,3%). Aquesta singularitat de la cobertura informativa de la tasca de les ONG pot transmetre un missatge impl\u00edcit: sone institucions les m\u00e9s clarament identificades amb la cooperaci\u00f3 per al desenvolupament.<\/p>\n<p style=\"text-align: justify;\"><strong> Distribuci\u00f3 de les UPC per centralitat de la cooperaci\u00f3 en el text, segons protagonisme institucional<\/strong><\/p>\n<p><span class=\"inline inline-left\"><img loading=\"lazy\" decoding=\"async\" class=\"image image-preview \" src=\"http:\/\/centresderecerca.uab.cat\/oic\/sites\/centresderecerca.uab.cat.oic\/files\/images\/IPS_resultados_12.png\" alt=\"\" width=\"503\" height=\"322\"><\/span><\/p>\n<p style=\"text-align: justify;\">La Cimera de Copenhaguen i la lluita contra el canvi clim\u00e0tic, la Missi\u00f3 internacional de l&#8217;ONU a l&#8217;Afganistan, i la Mediaci\u00f3 multilateral per aconseguir el desarmament nuclear a l&#8217;Iran s\u00f3n els tres grans blocs de not\u00edcies vinculades a l&#8217;agenda pol\u00edtica global que s&#8217;imposen en el per\u00edode estudiat i en la qual s&#8217;insereix la informaci\u00f3 sobre la cooperaci\u00f3 per al desenvolupament. A aquestes el segueixen, en una classificaci\u00f3 de les deu primeres not\u00edcies sobre cooperaci\u00f3 en tots els mitjans: les Cimeres del G-20 i l&#8217;FMI sobre la regulaci\u00f3 financera internacional, la Immigraci\u00f3 i els refugiats, la Seguretat aliment\u00e0ria i cimera de la FAO; la Mediaci\u00f3 de l&#8217;ONU, la UE i dels EUA per a la resoluci\u00f3 del conflicte a Hondures, el Proc\u00e9s de pau entre Israel i Palestina, la defensa dels drets humans en diferents pa\u00efsos del m\u00f3n, i l&#8217;Assemblea General de l&#8217;ONU. En canvi, les informacions sobre els Objectius de Desenvolupament del Mil\u2022lenni, el Alleujament del deute, el Treball infantil i les Mines antipersona, entre altres, priorit\u00e0ries per a la cooperaci\u00f3, s\u00f3n les que tenen una menor pres\u00e8ncia en el contingut dels diaris.<\/p>\n<p style=\"text-align: justify;\"><strong> subtemes sobre cooperaci\u00f3 per al desenvolupament amb major i menor pres\u00e8ncia en els mitjans<\/strong><\/p>\n<p><span class=\"inline inline-left\"><img loading=\"lazy\" decoding=\"async\" class=\"image image-preview \" src=\"http:\/\/centresderecerca.uab.cat\/oic\/sites\/centresderecerca.uab.cat.oic\/files\/images\/IPS_resultados_13.png\" alt=\"\" width=\"500\" height=\"482\"><\/span><\/p>\n<p style=\"text-align: justify;\">Finalment, les not\u00edcies en qu\u00e8 es produeix un q\u00fcestionament de la cooperaci\u00f3 internacional o de l&#8217;ajuda al desenvolupament s\u00f3n minorit\u00e0ries, ja que suposen nom\u00e9s un 3,2% del total de les UPC analitzades.<\/p>\n<p style=\"text -align: justify; \"><strong> Distribuci\u00f3 de les UPC per l\u00ednia editorial, segons q\u00fcestionament de l&#8217;ajuda<\/strong><\/p>\n<p><span class=\"inline inline-left\"><img loading=\"lazy\" decoding=\"async\" class=\"image image-preview \" src=\"http:\/\/centresderecerca.uab.cat\/oic\/sites\/centresderecerca.uab.cat.oic\/files\/images\/IPS_resultados_14.png\" alt=\"\" width=\"499\" height=\"212\"><\/span><\/p>\n","protected":false},"excerpt":{"rendered":"<p>Principals resultats Una s\u00edntesi dels resultats de la present investigaci\u00f3 demostra, com s&#8217;observar\u00e0 en les p\u00e0gines seg\u00fcents, que contr\u00e0riament a l&#8217;opini\u00f3 \u00e0mpliament estesa, la premsa de refer\u00e8ncia estudiada si aborda amb regularitat en el seu contingut informacions relacionades amb la cooperaci\u00f3 per al desenvolupament, si b\u00e9 tamb\u00e9 \u00e9s cert-i tal com s&#8217;ha verificat en altres [&hellip;]<\/p>\n","protected":false},"author":20,"featured_media":0,"parent":0,"menu_order":0,"comment_status":"closed","ping_status":"closed","template":"","meta":{"footnotes":""},"class_list":["post-358","page","type-page","status-publish","hentry"],"_links":{"self":[{"href":"https:\/\/webs.uab.cat\/oic\/wp-json\/wp\/v2\/pages\/358","targetHints":{"allow":["GET"]}}],"collection":[{"href":"https:\/\/webs.uab.cat\/oic\/wp-json\/wp\/v2\/pages"}],"about":[{"href":"https:\/\/webs.uab.cat\/oic\/wp-json\/wp\/v2\/types\/page"}],"author":[{"embeddable":true,"href":"https:\/\/webs.uab.cat\/oic\/wp-json\/wp\/v2\/users\/20"}],"replies":[{"embeddable":true,"href":"https:\/\/webs.uab.cat\/oic\/wp-json\/wp\/v2\/comments?post=358"}],"version-history":[{"count":0,"href":"https:\/\/webs.uab.cat\/oic\/wp-json\/wp\/v2\/pages\/358\/revisions"}],"wp:attachment":[{"href":"https:\/\/webs.uab.cat\/oic\/wp-json\/wp\/v2\/media?parent=358"}],"curies":[{"name":"wp","href":"https:\/\/api.w.org\/{rel}","templated":true}]}}