{"id":359,"date":"2011-09-20T12:38:48","date_gmt":"2011-09-20T10:38:48","guid":{"rendered":"https:\/\/webs.uab.cat\/oic\/metodologia-ips-aecid\/"},"modified":"2011-09-20T12:38:48","modified_gmt":"2011-09-20T10:38:48","slug":"metodologia-ips-aecid","status":"publish","type":"page","link":"https:\/\/webs.uab.cat\/oic\/metodologia-ips-aecid\/","title":{"rendered":"Metodologia-ips-aecid"},"content":{"rendered":"<h2>Metodologia<\/h2>\n<p style=\"text-align: justify;\">El disseny i implementaci\u00f3 de la investigaci\u00f3 est\u00e0 en la l\u00ednia de la tradici\u00f3 emp\u00edrica consolidada pels estudis especialitzats en avaluar i analitzar el comportament de la premsa, en particular la de l&#8217;an\u00e0lisi de continguts.<\/p>\n<p style=\"text-align: justify;\">&nbsp;&nbsp;&nbsp; \u00bb <strong><a href=\"#REF\">Referents<\/a><\/strong><br \/>&nbsp;&nbsp;&nbsp; \u00bb <a href=\"#DES\"><strong>Descripci\u00f3 i justificaci\u00f3 de la mostra <\/strong><\/a><br \/>&nbsp;&nbsp;&nbsp; \u00bb <a href=\"#SEL\"><strong>Selecci\u00f3 de les unitats d&#8217;an\u00e0lisi i processament de les dades<\/strong><\/a><\/p>\n<table style=\"background-color: #3a7fbb; width: 991px; height: 26px; border: 0pt solid #000000;\" border=\"0\" align=\"center\">\n<tbody>\n<tr>\n<td style=\"border: 1px solid #ffffff;\"><strong><a name=\"REF\"><\/a><\/strong><span style=\"color: white;\"><strong>REFERENTS<br \/><\/strong><\/span><\/td>\n<\/tr>\n<\/tbody>\n<\/table>\n<p style=\"text-align: justify;\">Com a referent m\u00e9s immediat hi ha el treball del <em> Projecte per a l&#8217;Excel\u00b7l\u00e8ncia en el Periodisme <\/em> (PEJ, per les sigles en angl\u00e8s), dedicat a desxifrar el desenvolupament de la informaci\u00f3 als Estats Units ja sustentar un m\u00e8tode emp\u00edric que permet quantificar el contingut dels mitjans de comunicaci\u00f3, observar els canvis en l&#8217;\u00e0mbit dels mateixos i comprendre, en \u00faltima inst\u00e0ncia, les seves tend\u00e8ncies de desenvolupament futur.<\/p>\n<p style=\"text-align: justify;\">Originalment el PEJ va estar vinculat a l&#8217;Escola de Periodisme de la Universitat de Columbia, i la seva missi\u00f3 era avaluar la premsa i ajudar a depurar els principis professionals dels periodistes. El 2006 el projecte va comen\u00e7ar una nova etapa en la seva hist\u00f2ria en incorporar-se al Centre d&#8217;Investigaci\u00f3 Pew, una organitzaci\u00f3 sense \u00e0nim de lucre amb seu a Washington, DC, finan\u00e7ada pel Pew Charitable Trusts. Des de llavors ha duplicat el seu personal i ha ampliat significativament les seves activitats de recerca, que inclouen s\u00e8ries d&#8217;estudis sobre el contingut de l&#8217;agenda informativa, el seguiment de les tend\u00e8ncies de la ind\u00fastria de la comunicaci\u00f3, un informe anual sobre l&#8217;estat dels mitjans nord-americans , estudis de continguts puntuals sobre el tractament de la premsa a esdeveniments o temes significatius, etc.<\/p>\n<p style=\"text-align: justify;\">En el seu informe anual sobre l&#8217;estat dels mitjans de comunicaci\u00f3 als Estats Units, el PEJ concentra els resultats d&#8217;un continu proc\u00e9s de codificaci\u00f3 executat per investigadors especialment capacitats per a tal fi. L&#8217;objectiu fonamental de l&#8217;estudi \u00e9s analitzar una \u00e0mplia mostra dels mitjans del pa\u00eds per identificar els temes que formen part de l&#8217;agenda informativa nacional. Es parteix d&#8217;un mostreig poliet\u00e0pic que no s&#8217;ajusta totalment a f\u00f3rmules estad\u00edstiques causa de les difer\u00e8ncies en els sistemes d&#8217;audi\u00e8ncia o difusi\u00f3 dels mitjans de comunicaci\u00f3, per\u00f2 que pondera factors importants, com el nombre de mitjans que ofereixen not\u00edcies, el nombre de programes informatius segons tipus de mitj\u00e0 i l&#8217;abast de l&#8217;audi\u00e8ncia. L&#8217;estudi divideix els mitjans en cinc grups: noticiaris de televisi\u00f3, premsa escrita, llocs de not\u00edcies en l\u00ednia, noticieros emesos per xarxes de televisi\u00f3 per cable i informatius de r\u00e0dio. Per elaborar l&#8217;informe 2009 es van codificar 69.942 hist\u00f2ries: 7.350 articles period\u00edstics, 6.539 not\u00edcies en l\u00ednia, 19.796 not\u00edcies difoses a trav\u00e9s de la televisi\u00f3 oberta, 21.892 not\u00edcies de televisi\u00f3 per cable i de 14.365 informacions emeses en programes de r\u00e0dio.<\/p>\n<p style=\"text-align: justify;\">La valuosa base de dades acumulada pel PEJ li permet desenvolupar estudis <em> ad hoc <\/em> sobre el tractament que donen els mitjans a determinats temes i analitzar la cobertura period\u00edstica en diferents \u00e0rees d&#8217;inter\u00e8s. La rigorositat i solv\u00e8ncia d&#8217;aquest tipus d&#8217;estudis avala el seu \u00fas com a referent per a emprendre la investigaci\u00f3 sobre el pes de la cooperaci\u00f3 internacional per al desenvolupament en la premsa europea. A partir d&#8217;aquest marc de refer\u00e8ncia, el present treball, sobre la premsa i la cooperaci\u00f3 internacional, estableix amb criteris propis una an\u00e0lisi de continguts sistem\u00e0tica, objectiu i quantitatiu, \u00e9s a dir, sotm\u00e8s a regles expl\u00edcites, de com\u00fa aplicaci\u00f3 per part de tots els investigadors i que permet sustentar en termes num\u00e8rics seus principals consideracions.<\/p>\n<table style=\"background-color: #3a7fbb; width: 991px; height: 26px; border: 0pt solid #000000;\" border=\"0\" align=\"center\">\n<tbody>\n<tr>\n<td style=\"border: 1px solid #ffffff;\"><strong><a name=\"SEL\"><\/a><\/strong><span style=\"color: white;\"><strong>SELECCI\u00d3 DE LES UNITATS D&#8217;AN\u00c0LISI I PROCESSAMENT DE DADES<br \/><\/strong><\/span><\/td>\n<\/tr>\n<\/tbody>\n<\/table>\n<p style=\"text-align: justify;\">Per a cadascun dels diaris seleccionats, es va codificar a dos nivells tot el contingut redaccional. En el nivell 1 es va procedir al buidatge tem\u00e0tic ia la ubicaci\u00f3 de les unitats Period\u00edstiques sobre Cooperaci\u00f3 per al desenvolupament (UPC). Mitjan\u00e7ant una <em> Fitxa de Buidat Diari <\/em> es van identificar les Unitats Period\u00edstiques totals (UP) agrupades per \u00e0rees tem\u00e0tiques o seccions i distribu\u00efdes en tres grups, segons la seva tipologia: el primer permet identificar les not\u00edcies que apareixen a la portada, el segon destinat al g\u00e8nere d&#8217;opini\u00f3 i les columnes d&#8217;an\u00e0lisi signades, i el tercer grup inclou les unitats informatives. Cada grup, al seu torn, permet diferenciar les UP de les UPC.<\/p>\n<p style=\"text-align: justify;\">Les principals fortaleses d&#8217;aquest tipus de buidatge exhaustiu \u00e9s que garanteix l&#8217;an\u00e0lisi \u00edntegre de totes les unitats period\u00edstiques, permet una reflexi\u00f3 sustentada sobre els continguts del diari i els seus criteris de jerarquitzaci\u00f3 tem\u00e0tica, i obre la possibilitat de plantejar recomanacions per ubicar els continguts sobre la cooperaci\u00f3 en l&#8217;agenda dels mitjans impresos.<\/p>\n<p style=\" text-align: justify; \">Tot i que es van comptabilitzar totes les unitats period\u00edstiques de les edicions dom\u00e8stiques dels diaris analitzats, es van descartar alguns elements del contingut dif\u00edcils d&#8217;individualitzar (cartelleres de cinema o teatre, quadres estad\u00edstics amb resultats de lligues esportives, sumaris, agendes d&#8217;activitats culturals, guies de serveis ciutadans) o que poguessin distorsionar la totalitzaci\u00f3 (suplements tem\u00e0tics, encartaments especials, publireportatges). Aix\u00ed mateix, es va excloure del buidatge la publicitat comercial i institucional, ja que si b\u00e9 pot estar associada en casos puntuals a campanyes de sensibilitzaci\u00f3 sobre temes de cooperaci\u00f3 per al desenvolupament, l&#8217;objecte de la recerca era el contingut period\u00edstic dels mitjans.<\/p>\n<p style=\"text-align: justify;\">La setmana constitueix la unitat d&#8217;an\u00e0lisi temporal establerta per l&#8217;estudi. Per tal motiu es va dissenyar una eina inform\u00e0tica de totalitzaci\u00f3, la <em>Fitxa Resum Setmanal<\/em>, per a ser emplenada al final del buidatge de cada per\u00edode. Aquesta fitxa s&#8217;emplena a l&#8217;ordinador i genera autom\u00e0ticament, mitjan\u00e7ant f\u00f3rmules preestablertes, els percentatges i els totals, diaris i setmanals. La seva funci\u00f3 \u00e9s precisar l&#8217;estructura del diari i determinar el pes que t\u00e9 la cooperaci\u00f3 per al desenvolupament dins del contingut total.<\/p>\n<p style=\"text-align: justify;\">En aquest nivell es van classificar una mitjana total de 125 unitats period\u00edstiques di\u00e0ries per cada un dels nou mitjans estudiats.<\/p>\n<p style=\"text-align: justify;\">Per al nivell 2 de captura de les dades es va dissenyar una eina electr\u00f2nica integrada per un <em>Formulari de Codificaci\u00f3<\/em> que en emplenar en l\u00ednia alimentava autom\u00e0ticament una base de dades permanentment disponible per al treball en xarxa. El formulari o protocol de codificaci\u00f3 es va aplicar a cadascuna de les unitats period\u00edstiques sobre cooperaci\u00f3 per al desenvolupament identificades durant el buidatge dels diaris. El seu disseny no nom\u00e9s permet que els codificadors incorporin remotament les dades per a cada variable, sin\u00f3 tamb\u00e9 que la coordinaci\u00f3 repassi el seu treball i corregeixi errors quan sigui necessari. El mateix programa inform\u00e0tic compila totes les dades de la codificaci\u00f3 cada setmana i permet extreure informes parcials per a la realitzaci\u00f3 de les proves estad\u00edstiques necess\u00e0ries.<\/p>\n<p style=\"text-align: justify;\">El formulari de codificaci\u00f3 consta de setanta-set entrades: disset variables b\u00e0siques i seixanta descriptors tem\u00e0tics.<\/p>\n<p style=\"text-align: justify;\">La identificaci\u00f3 de les not\u00edcies i opinions sobre cooperaci\u00f3 internacional per al desenvolupament es va basar en una eina pr\u00f2pia on es van incorporar els temes i descriptors espec\u00edfics d&#8217;aquest \u00e0mbit. Aquesta elaboraci\u00f3 part dels est\u00e0ndards internacionals en la mat\u00e8ria i respon tant a les necessitats de la metodologia cient\u00edfica en si mateixa, com a les especificitats de l&#8217;an\u00e0lisi de contingut aplicat.<\/p>\n<p style=\"text-align: justify;\">El <em>formulari de codificaci\u00f3<\/em> es va dissenyar amb el prop\u00f2sit de permetre la descripci\u00f3 comparativa de les UPC i garantir que les dades recollides foren completament compatibles amb el programa d&#8217;an\u00e0lisi estad\u00edstic emprat en l&#8217;explotaci\u00f3 dels resultats de la recerca . En concret, es van separar els descriptors corresponents a cada un dels deu temes de la cooperaci\u00f3 per poder seleccionar de forma independent en el formulari i permetre el seu tractament com a variables individuals amb el programari estad\u00edstic. A la resta de les preguntes, es va utilitzar un format de llistats tipus test per facilitar la introducci\u00f3 de dades i evitar errors o omissions. Dins el formulari, en la pregunta sobre el Tema general, s&#8217;havia de seleccionar un de la llista. A continuaci\u00f3, a les caselles de verificaci\u00f3 corresponents als descriptors dels diferents temes generals, es selecciona un m\u00e0xim, aconsellable, de 3 en total. Si \u00e9s indispensable, com que \u00e9s una unitat period\u00edstica que aborda amb similar \u00e8mfasi m\u00faltiples temes de cooperaci\u00f3, pot superar aquest m\u00e0xim. En determinats casos, quan la unitat period\u00edstica s&#8217;enfoca diferents perspectives d&#8217;un mateix assumpte, els descriptors no estan necess\u00e0riament associats al tema general de la informaci\u00f3 o opini\u00f3.<\/p>\n<p style=\"text-align: justify;\">Es codificar tots els textos identificats com a unitats period\u00edstiques de cooperaci\u00f3 per al desenvolupament. Si una UPC apareixia a la portada i inclo\u00efa un salt a p\u00e0gines interiors en l&#8217;edici\u00f3 impresa, es codificaven individualment ambdues unitats. D&#8217;estar disponibles, s&#8217;ha accedit mitjan\u00e7ant subscripci\u00f3 a les edicions en PDF dels diaris. Aquest va ser el cas de <em> El Pa\u00eds <\/em>, <em> La Vanguardia <\/em>, <em> Le Monde i The Times <\/em>. A la resta dels diaris es va accedir mitjan\u00e7ant la subscripci\u00f3 al servei <em> Press Display <\/em>, que ofereix igualment el contingut \u00edntegre dels diaris presentat de la mateixa manera que les versions en paper. En ambd\u00f3s casos, es van emprar els textos identificats per determinar el nombre de paraules de cadascuna de les UPC: es va copiar el contingut (sense incloure, en el cas de les unitats de p\u00e0gines interiors, els t\u00edtols, subt\u00edtols, intert\u00edtols o els peu de fotos) al programa Microsoft Word i es va executar el comandament &#8216;comptar paraules&#8217; per obtenir el nombre final.<\/p>\n<p style=\"text-align: justify;\">Per garantir la integritat de les dades, es va establir un estricte procediment d&#8217;enviament de la informaci\u00f3 que va permetre mantenir protegida en una base de dades central. Es disposava setmanalment del buidatge de la setmana anterior, \u00e9s a dir, de la Fitxa Resum Setmanal corresponent a cada un dels nou diaris analitzats. Aix\u00f2 va facilitar el seguiment continu de les dades, l&#8217;ajust dels criteris de codificaci\u00f3 i la correcci\u00f3 de les desviacions en la selecci\u00f3 de la mostra. A m\u00e9s, la disponibilitat permanent dels formularis enviats per l&#8217;eina de treball en l\u00ednia permetre processar peri\u00f2dicament les dades mitjan\u00e7ant el programari d&#8217;an\u00e0lisi estad\u00edstica (SPSS), generar les taules i gr\u00e0fics amb resultats parcials, avan\u00e7ar l&#8217;an\u00e0lisi i preveure possibles conclusions.<\/p>\n<p style=\"text-align: justify;\">En la l\u00ednia de les recomanacions de la literatura cient\u00edfica sobre la investigaci\u00f3 dels mitjans de comunicaci\u00f3 (Wimmer, Dominick, 1996), <strong> <\/strong> la recerca dels majors nivells de fiabilitat en els procediments metodol\u00f2gics es va sustentar en la definici\u00f3 dels l\u00edmits de les categories amb el m\u00e0xim detall, en la realitzaci\u00f3 d&#8217;assaigs previs i en l&#8217;ensinistrament pr\u00e0ctic dels codificadors. Com a part del proc\u00e9s d&#8217;avaluaci\u00f3 i control de qualitat, abans d&#8217;iniciar el buidat definitiu corresponent al per\u00edode estudiat, es van realitzar dues setmanes de prova (entre el 11 i el 17 de maig de 2009 i el 26 de juny i el 5 de juliol de 2009) per validar les eines metodol\u00f2giques. A m\u00e9s, des de la coordinaci\u00f3 del projecte es va executar un control de qualitat de la mostra seleccionada pels investigadors (unitats period\u00edstiques sobre cooperaci\u00f3 per al desenvolupament) a dos nivells: 1) Sobre la totalitat de les UPC codificades per evitar possibles desviacions del criteri general i homogene\u00eftzar la mostra, i 2) Sobre una selecci\u00f3 aleat\u00f2ria d&#8217;alguns diaris, la qual cosa va permetre fer un buidatge alternatiu i detectar omissions o desviacions d&#8217;UPC.<\/p>\n","protected":false},"excerpt":{"rendered":"<p>Metodologia El disseny i implementaci\u00f3 de la investigaci\u00f3 est\u00e0 en la l\u00ednia de la tradici\u00f3 emp\u00edrica consolidada pels estudis especialitzats en avaluar i analitzar el comportament de la premsa, en particular la de l&#8217;an\u00e0lisi de continguts. &nbsp;&nbsp;&nbsp; \u00bb Referents&nbsp;&nbsp;&nbsp; \u00bb Descripci\u00f3 i justificaci\u00f3 de la mostra &nbsp;&nbsp;&nbsp; \u00bb Selecci\u00f3 de les unitats d&#8217;an\u00e0lisi i processament [&hellip;]<\/p>\n","protected":false},"author":20,"featured_media":0,"parent":0,"menu_order":0,"comment_status":"closed","ping_status":"closed","template":"","meta":{"footnotes":""},"class_list":["post-359","page","type-page","status-publish","hentry"],"_links":{"self":[{"href":"https:\/\/webs.uab.cat\/oic\/wp-json\/wp\/v2\/pages\/359","targetHints":{"allow":["GET"]}}],"collection":[{"href":"https:\/\/webs.uab.cat\/oic\/wp-json\/wp\/v2\/pages"}],"about":[{"href":"https:\/\/webs.uab.cat\/oic\/wp-json\/wp\/v2\/types\/page"}],"author":[{"embeddable":true,"href":"https:\/\/webs.uab.cat\/oic\/wp-json\/wp\/v2\/users\/20"}],"replies":[{"embeddable":true,"href":"https:\/\/webs.uab.cat\/oic\/wp-json\/wp\/v2\/comments?post=359"}],"version-history":[{"count":0,"href":"https:\/\/webs.uab.cat\/oic\/wp-json\/wp\/v2\/pages\/359\/revisions"}],"wp:attachment":[{"href":"https:\/\/webs.uab.cat\/oic\/wp-json\/wp\/v2\/media?parent=359"}],"curies":[{"name":"wp","href":"https:\/\/api.w.org\/{rel}","templated":true}]}}