{"id":366,"date":"2011-09-20T14:57:39","date_gmt":"2011-09-20T12:57:39","guid":{"rendered":"https:\/\/webs.uab.cat\/oic\/volum-2-numero-2\/"},"modified":"2011-09-20T14:57:39","modified_gmt":"2011-09-20T12:57:39","slug":"volum-2-numero-2","status":"publish","type":"page","link":"https:\/\/webs.uab.cat\/oic\/volum-2-numero-2\/","title":{"rendered":"Volum-2-numero-2"},"content":{"rendered":"<h2>Discurso midi\u00e1tico, comunica\u00e7ao e consumo<\/h2>\n<p><em>Conexiones. Revista Iberoamericana de Comunicaci\u00f3n<\/em>. Vol.2 N\u00ba 2. 128 p\u00e0gines. Any 2010. ISSN: 1697-3720. ISBN (edici\u00f3 impresa): 978-84-92860-68-5<\/p>\n<p><strong>&nbsp;&nbsp;&nbsp; <\/strong>\u00bb<strong> <a href=\"#PRE\">Presentaci\u00f3<\/a><\/strong><br \/>&nbsp;&nbsp;&nbsp; \u00bb<strong> <a href=\"#SUM\">Sumari<\/a><\/strong><br \/>&nbsp;&nbsp;&nbsp; \u00bb<strong> <a href=\"#RES\">Resums<\/a><\/strong><strong><br \/><\/strong><\/p>\n<table style=\"background-color: rgb(58, 127, 187); width: 991px; height: 26px; border: 1px solid rgb(255, 255, 255);\" align=\"center\" border=\"0\">\n<tbody>\n<tr>\n<td style=\"border: 1px solid rgb(255, 255, 255);\"><span style=\"color: white;\"><strong><a name=\"PRE\"><\/a><a name=\"PRE\"><\/a><a name=\"PRE\"><\/a>PRESENTACI\u00d3<br \/><\/strong><\/span><\/td>\n<\/tr>\n<\/tbody>\n<\/table>\n<p><span class=\"inline inline-left\"><img loading=\"lazy\" decoding=\"async\" class=\"image image-preview \" style=\"float: left;\" src=\"http:\/\/centresderecerca.uab.cat\/oic\/sites\/centresderecerca.uab.cat.oic\/files\/images\/Portada%20Conexiones%202-2.jpg\" alt=\"\" width=\"226\" height=\"314\"><\/span><\/p>\n<p style=\"text-align: justify;\">Este n\u00famero de Conexiones apresenta as reflex\u00f5es sobre comuni\u00e7\u00e3o e pr\u00e1ticas de consumo. Trata-se de um campo novo que parte do consenso que h\u00e1 sobre o campo da comunica\u00e7\u00e3o, sua inter e transdisciplinaridade. Estas reflex\u00f5es prop\u00f5em a amplia\u00e7\u00e3o dos estudos desse campo, de modo a abarcar as quest\u00f5es de consumo material\/simb\u00f3lico, ou seja, consumo de bens tang\u00edveis e intang\u00edveis, visto que, na contemporaneidade, comunica\u00e7\u00e3o e consumo apresentam-se como interdependentes, muitas vezes insepar\u00e1veis.<\/p>\n<p style=\"text-align: justify;\">Consideramos que \u00e9 necess\u00e1rio que o processo comunicacional seja conhecido na sua totalidade, ou seja, como processo que nasce da sociedade e retorna a ela, pleno de ressignifica\u00e7\u00f5es. Nesta sociedade o consumo sobreleva-se. Assim, sem conhecer as caracter\u00edsticas do processo de consumo fica dif\u00edcil pesquisar e refletir sobre comunica\u00e7\u00e3o e conceber e executar seus produtos.<\/p>\n<p style=\"text-align: justify;\">O consumo, e n\u00e3o o consumismo, \u00e9 entendido como resultado de um conjunto de pr\u00e1ticas sociais e culturais fortemente relacionadas \u00e0 identidade do sujeito, e tamb\u00e9m como direito do qual o sujeito n\u00e3o pode ser exclu\u00eddo. O consumidor \u00e9, assim, um ator social, n\u00e3o simplesmente econ\u00f4mico. E o mercado \u00e9 visto como lugar de intera\u00e7\u00f5es.<\/p>\n<p style=\"text-align: justify;\">Esta conceitua\u00e7\u00e3o de consumidor relaciona-se com a de receptor, visto que ambos emergem do mesmo processo: o sujeito nas suas rela\u00e7\u00f5es socioecon\u00f4micas, nas suas pr\u00e1ticas culturais, em intera\u00e7\u00e3o permanente com elas, em di\u00e1logos constituidores. Ele \u00e9, assim, sujeito ativo da sociedade em que vive, nos limites de cujas pr\u00e1ticas culturais constroi-se consumidor e receptor. Essa condi\u00e7\u00e3o permite-nos estabelecer aaproxima\u00e7\u00e3o consumidor-receptor. Dizendo de outro modo: o processo de consumo e o processo de recep\u00e7\u00e3o t\u00eam as mesmas caracter\u00edsticas; ambos t\u00eam sua refer\u00eancia no ambiente socioecon\u00f4mico e na cultura. Ambos caminham lado a lado.<\/p>\n<p style=\"text-align: justify;\">O consumo \u00e9 um dos indicadores mais efetivos das pr\u00e1ticas socioculturais e do imagin\u00e1rio de uma sociedade; manifesta, concretiza tais pr\u00e1ticas; revela a identidade do sujeito, seu lugar na hierarquia social, o poder de que se reveste. Assim como os meios de comunica\u00e7\u00e3o, o consumo tamb\u00e9m impregna a trama cultural atual, a ponto de esta ser considerada por diversos autores como \u00abcultura do consumo\u00bb.<\/p>\n<p style=\"text-align: justify;\">Os artigos apresentados a seguir tratam dessas quest\u00f5es, aprofundando-as e revelando-as nas pr\u00e1ticas profissionais e cotidianas. Em \u00abUma perspectiva te\u00f3rica sobre consumo e cidadania na contemporaneidade\u00bb, Marcia Perencin Tondato relaciona os processos comunicacionais ao consumo e \u00e0 cidadania, mostrando que \u00e9 por meio deste que nos fazemos sujeitos-agentes, capazes de construir as v\u00e1rias identidades. A cidadania \u00e9 entendida como pr\u00e1tica social que permite que os indiv\u00edduos se sintam parte da e construam v\u00ednculos com sua cultura.<\/p>\n<p style=\"text-align: justify;\">\u00abConsumo y visibilidad en las actitudes pol\u00edticas juveniles en Latinoam\u00e9rica\u00bb, de Rose de Melo Rocha, destaca as rela\u00e7\u00f5es poss\u00edveis entre consumo, imagens e visibilidade, refletindo sobre sua import\u00e2ncia para o entendimento dos fluxos contra hegem\u00f4nicos que se foram desenhando, na Am\u00e9rica Latina, no projeto de globaliza\u00e7\u00e3o cultural. O texto focaliza o consumo e seus fluxos atrav\u00e9s da econom\u00eda simb\u00f3lica que ele mobiliza, destacando a an\u00e1lise das pr\u00e1ticas cidad\u00e3s nas quais se articulam a cultura da visualidade e o consumo.<\/p>\n<p style=\"text-align: justify;\">A discuss\u00e3o apresentada por Maria Aparecida Baccega em \u00abConstruindo a cidadania nas interrela\u00e7\u00f5es entre consumo, comunica\u00e7\u00e3o e educa\u00e7\u00e3o\u00bb, argumenta acerca da necessidade de se incorporar a reflex\u00e3o sobre o consumo \u00e0s diversas conquistas te\u00f3rico-pr\u00e1ticas do campo comunica\u00e7\u00e3o\/educa\u00e7\u00e3o, alargando, desse modo, tal campo e possibilitando maior densidade na forma\u00e7\u00e3o cr\u00edtica do sujeito contempor\u00e2neo.<\/p>\n<p style=\"text-align: justify;\">Alguns discursos espec\u00edficos mereceram destaque nesta edi\u00e7\u00e3o. Em \u00abNarrativas liter\u00e1rias: retextualiza\u00e7\u00f5es para o estudo do discurso publicit\u00e1rio\u00bb, Jo\u00e3o Anzanello Carrascoza aponta a narrativa como um elemento de sedu\u00e7\u00e3o que se soma aos demais na elabora\u00e7\u00e3o de campanhas nas quais as ficcionalidades s\u00e3o oferecidas ao consumo, al\u00e9m dos produtos ou servi\u00e7os em quest\u00e3o. Desse modo o autor prop\u00f5e uma reflex\u00e3o que articula a publicidade, a cultura midi\u00e1tica e a industria cultural.<\/p>\n<p style=\"text-align: justify;\">Em \u00abA moda contempor\u00e2nea como signo do multiculturalismo: consumo, corpo e diversidade\u00bb, Isabel Orofino e T\u00e2nia Hoff destacam certas atividades banais que se repetem na vida cotidiana, como o cuidado com o corpo e com as significa\u00e7\u00f5es que lhe ser\u00e3o atribu\u00eddas a partir de sua visualidade. As autoras demonstram como a cena midi\u00e1tica confere visibilidade a certas representa\u00e7\u00f5es de corpo, intensificando os processos de significa\u00e7\u00e3o.<\/p>\n<p style=\"text-align: justify;\">Vander Casaqui assina o texto \u00abElos invis\u00edveis do discurso midi\u00e1tico na campanha \u00abBrasil Presen\u00e7a\u00bb do Bradesco\u00bb, institui\u00e7\u00e3o banc\u00e1ria que mant\u00e9m ag\u00eancias em 100% dos munic\u00edpios brasileiros. Com os \u00f3culos sociais da publicidade, o mundo do trabalho \u00e9 editado, midiatizado em fun\u00e7\u00e3o da constru\u00e7\u00e3o da voz do capital financeiro. Se a produ\u00e7\u00e3o \u00e9 comunica\u00e7\u00e3o, ela tamb\u00e9m \u00e9 comunicada; nos deslizamentos dos sentidos, percebemos as estrat\u00e9gias da linguagem nesta campanha multimidi\u00e1tica.<\/p>\n<p style=\"text-align: justify;\">Finalmente, a estreita liga\u00e7\u00e3o entre as duas dimens\u00f5es das pr\u00e1ticas de consumo nas telenovelas atuais \u00e9 problematizada por Fernanda Budag em \u00abConsumo e telenovela: sentidos partilhados\u00bb. Simb\u00f3lico e material interagem e se embaralham quando o telespectador \u00e9 instado a consumir os mais variados productos ligados ao universo ficcional da obra de modo a sentir-se mais pr\u00f3ximo dos personagens que o cativam.<\/p>\n<p style=\"text-align: justify;\">&nbsp;<\/p>\n<table style=\"background-color: rgb(58, 127, 187); width: 991px; height: 26px; border: 1px solid rgb(255, 255, 255);\" align=\"center\" border=\"0\">\n<tbody>\n<tr>\n<td style=\"border: 1px solid rgb(255, 255, 255);\"><span style=\"color: white;\"><strong><a name=\"SUM\"><\/a>SUMARI<br \/><\/strong><\/span><\/td>\n<\/tr>\n<\/tbody>\n<\/table>\n<p>&nbsp;<\/p>\n<table style=\"border: 1px solid rgb(255, 255, 255);\" border=\"1\" frame=\"border\">\n<tbody>\n<tr>\n<td style=\"border: 1px solid rgb(255, 255, 255); background-color: rgb(220, 220, 220);\"><a href=\"#PER\">Uma perspectiva te\u00f3rica sobre consumo e cidadania na contemporaneidade<\/a><\/td>\n<td style=\"border: 1px solid rgb(255, 255, 255); background-color: rgb(220, 220, 220);\">Marcia Perencin Tondato<\/td>\n<\/tr>\n<tr>\n<td style=\"background-color: rgb(176, 196, 222);\"><a href=\"#MEL\">Consumo y visibilidad en las actitudes pol\u00edticas juveniles en Latinoam\u00e9rica<\/a><\/td>\n<td style=\"background-color: rgb(176, 196, 222);\">Rose de Melo Rocha<\/td>\n<\/tr>\n<tr>\n<td style=\"background-color: rgb(220, 220, 220);\"><a href=\"#BAC\">Construindo a cidadania nas interrela\u00e7\u00f5es entre consumo, comunica\u00e7\u00e3o e educa\u00e7\u00e3o<\/a><\/td>\n<td style=\"background-color: rgb(220, 220, 220);\">Maria Aparecida Baccega<\/td>\n<\/tr>\n<tr>\n<td style=\"background-color: rgb(176, 196, 222);\"><a href=\"#ANZ\">Narrativas liter\u00e1rias: retextualiza\u00e7\u00f5es para o estudo do discurso publicit\u00e1rio<\/a><\/td>\n<td style=\"background-color: rgb(176, 196, 222);\">Jo\u00e3o Anzanello Carrascoza<\/td>\n<\/tr>\n<tr>\n<td style=\"background-color: rgb(220, 220, 220);\"><a href=\"#ORO\">A moda contempor\u00e2nea como signo do multiculturalismo: consumo, corpo e diversidade<\/a><\/td>\n<td style=\"background-color: rgb(220, 220, 220);\">Isabel Orofi e T\u00e2nia Hoff<\/td>\n<\/tr>\n<tr>\n<td style=\"background-color: rgb(176, 196, 222);\"><a href=\"#CAS\">Elos invis\u00edveis do discurso midi\u00e1tico na campanha \u00abBrasil Presen\u00e7a\u00bb do Bradesco<\/a><\/td>\n<td style=\"background-color: rgb(176, 196, 222);\">Vander Casaqui<\/td>\n<\/tr>\n<tr>\n<td style=\"background-color: rgb(220, 220, 220);\"><a href=\"#BUD\">Consumo e telenovela: sentidos partilhados<\/a><\/td>\n<td style=\"background-color: rgb(220, 220, 220);\">Fernanda Elouise Budag<\/td>\n<\/tr>\n<tr>\n<td style=\"background-color: rgb(176, 196, 222);\"><a href=\"#CAST\">Ativando o interator: aproxima\u00e7\u00f5es mercadol\u00f3gicas na cibercultura<\/a><\/td>\n<td style=\"background-color: rgb(176, 196, 222);\">Gisela Castro<\/td>\n<\/tr>\n<tr>\n<td style=\"background-color: rgb(220, 220, 220);\"><a href=\"#HEL\">Articula\u00e7\u00f5es entre comunica\u00e7\u00e3o e consumo na arena do popular: a berlinda do C\u00edrio de Nazar\u00e9 como suporte midi\u00e1tico<\/a><\/td>\n<td style=\"background-color: rgb(220, 220, 220);\">Antonio H\u00e9lio Junqueira<\/td>\n<\/tr>\n<\/tbody>\n<\/table>\n<p>&nbsp;<\/p>\n<table style=\"background-color: rgb(58, 127, 187); width: 991px; height: 26px; border: 1px solid rgb(255, 255, 255);\" align=\"center\" border=\"0\">\n<tbody>\n<tr>\n<td style=\"border: 1px solid rgb(255, 255, 255);\"><span style=\"color: white;\"><strong><a name=\"RES\"><\/a>RESUMS<br \/><\/strong><\/span><\/td>\n<\/tr>\n<\/tbody>\n<\/table>\n<p style=\"text-align: justify;\"><em><a name=\"PER\"><\/a>Uma perspectiva te\u00f3rica sobre consumo e cidadania na contemporaneidade<\/em>. Marcia Perencin Tondato<\/p>\n<p style=\"text-align: justify;\">Este artigo traz considera\u00e7\u00f5es a respeito da articula\u00e7\u00e3o comunica\u00e7\u00e3o e consumo na perspectiva da cidadania e identidade do ponto de vista de Garcia Canclini, para quem um dos maiores desafios hoje \u00e9 repensar a identidade e a cidadania em um contexto de sociedade complexa, da qual o consumo \u00e9 parte importante, caracterizado por um \u00abconjunto de processos socioculturais em que se realizam a apropria\u00e7\u00e3o e os usos dos produtos\u00bb. O consumo neste estudo \u00e9 pensado como algo intr\u00ednseco \u00e0 exist\u00eancia humana, realizado n\u00e3o s\u00f3 no ambiente urbano-capitalista, mas onde quer que haja bens materiais que se transformam em bens culturais pelas rela\u00e7\u00f5es sociais. O que interessa \u00e9 este consumo na cena contempor\u00e2nea, que passa por uma comunica\u00e7\u00e3o mediada, em que o simb\u00f3lico n\u00e3o \u00e9 restrito a ritos e rituais tradicionais, sagrados at\u00e9, mas \u00e9 acionado a todo e qualquer instante. A reflex\u00e3o apresentada se insere em um estudo maior sobre a constitui\u00e7\u00e3o da identidade feminina pensada a partir das pr\u00e1ticas de consumo de mulheres das classes populares, com papel preponderante na defini\u00e7\u00e3o e dissemina\u00e7\u00e3o de pr\u00e1ticas de consumo familiar, parte de uma sociedade complexa, caracterizada pela necessidade de inser\u00e7\u00e3o do indiv\u00edduo em dom\u00ednios que v\u00e3o al\u00e9m dos fazeres cotidianos tradicionais, para que se possa falar em um m\u00ednimo de oportunidade de participa\u00e7\u00e3o social e pol\u00edtica.<\/p>\n<p style=\"text-align: justify;\">Palavras-chave: comunica\u00e7\u00e3o, consumo, cidadania, identidade, recep\u00e7\u00e3o.<\/p>\n<hr>\n<p style=\"text-align: justify;\"><em><a name=\"MEL\"><\/a>Consumo y visibilidad en las actitudes pol\u00edticas juveniles en Latinoam\u00e9rica<\/em>. Rose de Melo Rocha<\/p>\n<p style=\"text-align: justify;\">Este art\u00edculo constituye una reflexi\u00f3n sobre la naturaleza de la cultura de la visualidad contempor\u00e1nea, bajo la identificaci\u00f3n y problematizaci\u00f3n de los ejes que ordenan el consumo de im\u00e1genes en nuestras sociedades medi\u00e1ticas. En t\u00e9rminos epistemol\u00f3gicos, se plantea que el aporte \u00e9tico es la \u00fanica manera de hacerle justicia a la profusi\u00f3n impresionante de deyecciones de im\u00e1genes generadas por la cultura de la visualidad. Desde ah\u00ed, nuestro objetivo te\u00f3rico principal es identificar a los impactos socioculturales de la l\u00f3gica est\u00e9tica desde la que consumimos a las visualidades que nos consumen.<\/p>\n<p style=\"text-align: justify;\">Palabras claves: im\u00e1genes, consumo, visualidad, ciudadan\u00eda visual.<\/p>\n<p style=\"text-align: justify;\">&nbsp;<\/p>\n<hr>\n<p style=\"text-align: justify;\"><em><a name=\"BAC\"><\/a>Construindo a cidadania nas interrela\u00e7\u00f5es entre consumo, comunica\u00e7\u00e3o e educa\u00e7\u00e3o<\/em>. Maria Aparecida Baccega<\/p>\n<p style=\"text-align: justify;\">Este texto parte do campo comunica\u00e7\u00e3o\/educa\u00e7\u00e3o, cuja consist\u00eancia te\u00f3rico-pr\u00e1tica tem sido abonada por todos, e mostra a necessidade de incorporar-lhe as reflex\u00f5es sobre consumo, indispens\u00e1veis para a forma\u00e7\u00e3o de um sujeito capaz de participar criticamente da sociedade, apto a construir a nova vari\u00e1vel hist\u00f3rica que j\u00e1 se desenha no horizonte. O consumo, e n\u00e3o o consumismo, \u00e9 tratado aqui como resultado de um conjunto de pr\u00e1ticas sociais e culturais fortemente relacionadas \u00e0 identidade do sujeito, como direito do qual n\u00e3o pode ser exclu\u00eddo. Apresenta o consumidor como um ator social, n\u00e3o simplesmente econ\u00f4mico. Relaciona consumidor e receptor, interdependentes, e mostra que ambos emergem do mesmo processo: a imers\u00e3o do sujeito nas suas rela\u00e7\u00f5es socioecon\u00f4micas, nas suas pr\u00e1ticas culturais, em intera\u00e7\u00e3o permanente com elas.<\/p>\n<p>Palavras-chave: comunica\u00e7\u00e3o e consumo, comunica\u00e7\u00e3o e educa\u00e7\u00e3o, recep\u00e7\u00e3o.<\/p>\n<p>&nbsp;<\/p>\n<hr>\n<p style=\"text-align: justify;\"><em><a name=\"ANZ\"><\/a>Narrativas liter\u00e1rias: retextualiza\u00e7\u00f5es para o estudo do discurso publicit\u00e1rio<\/em>. Jo\u00e3o Anzanello Carrascoza<\/p>\n<p style=\"text-align: justify;\">A cena midi\u00e1tica mundial \u00e9 constitu\u00edda por um sem-n\u00famero de discursos comunicacionais que se entrecruzam, boa parte deles assumindo o formato de narrativas ficcionais. Neste contexto, a publicidade se destaca carregando em seu discurso uma ret\u00f3rica refinada que se vale de variados elementos de persuas\u00e3o, entre eles a configura\u00e7\u00e3o pr\u00f3pria dos relatos ficcionais. No presente artigo, investigamos aspectos ret\u00f3ricos do discurso publicit\u00e1rio e, para isso, utilizamos textos liter\u00e1rios (entendidos como materialidade do imagin\u00e1rio social de uma \u00e9poca), apontando inter-rela\u00e7\u00f5es e discutindo, brevemente, aspectos da produ\u00e7\u00e3o e do consumo de publicidade na sociedade contempor\u00e2nea.<\/p>\n<p style=\"text-align: justify;\">Palavras-chave: narrativa, literatura, publicidade, ret\u00f3rica, consumo simb\u00f3lico.<\/p>\n<p style=\"text-align: justify;\">&nbsp;<\/p>\n<hr>\n<p style=\"text-align: justify;\"><em><a name=\"ORO\"><\/a>A moda contempor\u00e2nea como signo do multiculturalismo: consumo, corpo e diversidade<\/em>. Isabel Orofi e T\u00e2nia Hoff<\/p>\n<p style=\"text-align: justify;\">A partir de um corpus recolhido em revistas de moda publicadas no inverno de 2010, cujas editorias est\u00e3o estabelecidas no Brasil, analisamos um conjunto de imagens de mulheres brasileiras associadas \u00e0 moda que nos permite discutir a diversidade de express\u00f5es e representa\u00e7\u00f5es do corpo feminino na cena midi\u00e1tica contempor\u00e2nea. Verificamos a emerg\u00eancia de uma pluralidade de est\u00e9ticas corporais representadas em pe\u00e7as publicit\u00e1rias, editoriais de moda e reportagens jornal\u00edsticas, o que aponta para a constru\u00e7\u00e3o de representa\u00e7\u00f5es midi\u00e1ticas que tendem ao multiculturalismo, \u00e0s hibrida\u00e7\u00f5es, \u00e0 diversidade como definem o referencial te\u00f3rico p\u00f3s-colonial e p\u00f3s-moderno. Consideramos que a presen\u00e7a de tais representa\u00e7\u00f5es na cena midi\u00e1tica promove altera\u00e7\u00f5es quanto \u00e0 visibilidade das est\u00e9ticas corporais, o que tamb\u00e9m aponta para deslocamentos no modo como a m\u00eddia brasileira aborda\/enquadra a diferen\u00e7a.<\/p>\n<p style=\"text-align: justify;\">Palavras-chave: consumo, cena midi\u00e1tica, multiculturalismo, corpo, moda.<\/p>\n<p style=\"text-align: justify;\">&nbsp;<\/p>\n<hr>\n<p style=\"text-align: justify;\"><em><a name=\"CAS\"><\/a>Elos invis\u00edveis do discurso midi\u00e1tico na campanha \u00abBrasil Presen\u00e7a\u00bb do Bradesco<\/em>. Vander Casaqui<\/p>\n<p style=\"text-align: justify;\">Este trabalho analisa o comercial inaugural da campanha publicit\u00e1ria \u00abBrasil Presen\u00e7a\u00bb do Banco Bradesco, veiculada desde 2009, composta por filmes que apresentam os \u00abelos invis\u00edveis\u00bb que caracterizam as cadeias produtivas de setores-chave da economia brasileira. \u00c0 luz das teorias do consumo, do trabalho e da m\u00eddia, refletimos sobre as estrat\u00e9gias discursivas da institui\u00e7\u00e3o banc\u00e1ria Bradesco, organizadora do olhar que se volta ao trabalhador para al\u00e7\u00e1-lo \u00e0 condi\u00e7\u00e3o m\u00edtica de \u00abmotor\u00bb do desempenho do Brasil no cen\u00e1rio econ\u00f4mico mundial. A estrat\u00e9gia midi\u00e1tica do capital privado, no caso estudado, ap\u00f3ia-se no di\u00e1logo com o imagin\u00e1rio do trabalho aliado ao discurso ufanista, que tem ra\u00edzes hist\u00f3ricas em nossa cultura, principalmente em sua difus\u00e3o pela comunica\u00e7\u00e3o estatal.<\/p>\n<p style=\"text-align: justify;\">Palavras-chave: comunica\u00e7\u00e3o, consumo, trabalho, m\u00eddia, publicidade, discurso.<\/p>\n<p style=\"text-align: justify;\">&nbsp;<\/p>\n<hr>\n<p style=\"text-align: justify;\"><em><a name=\"BUD\"><\/a>Consumo e telenovela: sentidos partilhados<\/em>. Fernanda Elouise Budag<\/p>\n<p style=\"text-align: justify;\">Com base em partes de dois estudos distintos que tomam a telenovela como eixo central de suas an\u00e1lises, trazemos apontamentos sobre o consumo da telenovela e o consumo na telenovela. Conseguimos perceber a intensidade que ambos v\u00eam alcan\u00e7ando e como ambos, na realidade, se imbricam: o que est\u00e1 presente na trama e fora dela gera consumo de bens e consumo midi\u00e1tico ao mesmo tempo.<\/p>\n<p style=\"text-align: justify;\">Palavras-chave: consumo, recep\u00e7\u00e3o, telenovela, identidade.<\/p>\n<p style=\"text-align: justify;\">&nbsp;<\/p>\n<hr>\n<p><em><a name=\"CAST\"><\/a>Ativando o interator: aproxima\u00e7\u00f5es mercadol\u00f3gicas na cibercultura<\/em>. Gisela Castro<\/p>\n<p style=\"text-align: justify;\">O presente trabalho examina a estimula\u00e7\u00e3o do f\u00e3-produtor-consumidor, ou interator, por meio de apropria\u00e7\u00f5es mercadol\u00f3gicas das intera\u00e7\u00f5es na cibercultura. Tendo em vista as principais caracter\u00edsticas da comunica\u00e7\u00e3o digital no contexto atual, bem como a decisiva associa\u00e7\u00e3o entre comunica\u00e7\u00e3o e consumo em nossos dias, focalizamos algumas intera\u00e7\u00f5es que caracterizam as redes sociais digitais. O ponto central da discuss\u00e3o aqui proposta diz respeito aos diversos modelos de neg\u00f3cios que emergem nos circuitos de m\u00eddia e entretenimento digital, os quais requerem e ensejam a participa\u00e7\u00e3o do usu\u00e1rio. A ativa\u00e7\u00e3o deste tipo de interagente, o interator, vem sendo objeto de estrat\u00e9gias criteriosamente elaboradas.<\/p>\n<p style=\"text-align: justify;\">Palavras-chave: comunica\u00e7\u00e3o e consumo, cibercultura, redes sociais digitais, estrat\u00e9gias mercadol\u00f3gicas.<\/p>\n<p>&nbsp;<\/p>\n<hr>\n<p><em><a name=\"HEL\"><\/a>Articula\u00e7\u00f5es entre comunica\u00e7\u00e3o e consumo na arena do popular: a berlinda do C\u00edrio de Nazar\u00e9 como suporte midi\u00e1tico<\/em>. Antonio H\u00e9lio Junqueira<\/p>\n<p style=\"text-align: justify;\">A presente pesquisa visa investigar a din\u00e2mica do processo da comunica\u00e7\u00e3o e suas articula\u00e7\u00f5es com o consumo material e simb\u00f3lico, sob a perspectiva da recep\u00e7\u00e3o, tendo como suporte midi\u00e1tico a berlinda do C\u00edrio de Nazar\u00e9 (Bel\u00e9m, PA). O estudo adota a perspectiva anal\u00edtica das media\u00e7\u00f5es, especialmente do popular na cultura, da religiosidade e das distintivas posi\u00e7\u00f5es sociais dos sujeitos, tornando, assim, poss\u00edvel indicar e discutir a din\u00e2mica social da constru\u00e7\u00e3o dos sentidos e da sua legitima\u00e7\u00e3o hegem\u00f4nica, destacando as articula\u00e7\u00f5es entre o consumo e a produ\u00e7\u00e3o de identidades.<\/p>\n<p style=\"text-align: justify;\">Palavras-chave: Comunica\u00e7\u00e3o; media\u00e7\u00e3o; recep\u00e7\u00e3o; consumo.<\/p>\n","protected":false},"excerpt":{"rendered":"<p>Discurso midi\u00e1tico, comunica\u00e7ao e consumo Conexiones. Revista Iberoamericana de Comunicaci\u00f3n. Vol.2 N\u00ba 2. 128 p\u00e0gines. Any 2010. ISSN: 1697-3720. ISBN (edici\u00f3 impresa): 978-84-92860-68-5 &nbsp;&nbsp;&nbsp; \u00bb Presentaci\u00f3&nbsp;&nbsp;&nbsp; \u00bb Sumari&nbsp;&nbsp;&nbsp; \u00bb Resums PRESENTACI\u00d3 Este n\u00famero de Conexiones apresenta as reflex\u00f5es sobre comuni\u00e7\u00e3o e pr\u00e1ticas de consumo. Trata-se de um campo novo que parte do consenso que h\u00e1 [&hellip;]<\/p>\n","protected":false},"author":20,"featured_media":0,"parent":0,"menu_order":0,"comment_status":"closed","ping_status":"closed","template":"","meta":{"footnotes":""},"class_list":["post-366","page","type-page","status-publish","hentry"],"_links":{"self":[{"href":"https:\/\/webs.uab.cat\/oic\/wp-json\/wp\/v2\/pages\/366","targetHints":{"allow":["GET"]}}],"collection":[{"href":"https:\/\/webs.uab.cat\/oic\/wp-json\/wp\/v2\/pages"}],"about":[{"href":"https:\/\/webs.uab.cat\/oic\/wp-json\/wp\/v2\/types\/page"}],"author":[{"embeddable":true,"href":"https:\/\/webs.uab.cat\/oic\/wp-json\/wp\/v2\/users\/20"}],"replies":[{"embeddable":true,"href":"https:\/\/webs.uab.cat\/oic\/wp-json\/wp\/v2\/comments?post=366"}],"version-history":[{"count":0,"href":"https:\/\/webs.uab.cat\/oic\/wp-json\/wp\/v2\/pages\/366\/revisions"}],"wp:attachment":[{"href":"https:\/\/webs.uab.cat\/oic\/wp-json\/wp\/v2\/media?parent=366"}],"curies":[{"name":"wp","href":"https:\/\/api.w.org\/{rel}","templated":true}]}}