{"id":368,"date":"2011-09-20T15:03:36","date_gmt":"2011-09-20T13:03:36","guid":{"rendered":"https:\/\/webs.uab.cat\/oic\/volum-1-numero-2\/"},"modified":"2011-09-20T15:03:36","modified_gmt":"2011-09-20T13:03:36","slug":"volum-1-numero-2","status":"publish","type":"page","link":"https:\/\/webs.uab.cat\/oic\/volum-1-numero-2\/","title":{"rendered":"Volum-1-numero-2"},"content":{"rendered":"<h2>Geopol\u00edtica de la por, ret\u00f2riques de la seguretat<\/h2>\n<p><em>Conexiones. RevistaIberoamericana de Comunicaci\u00f3n<\/em>. Vol. 1. N\u00ba 2. 128 p\u00e0gines. Any 2009. ISSN: 1697-3720. ISBN (edici\u00f3 impresa): 978-84-92860-50-0<\/p>\n<p><strong>&nbsp;&nbsp;&nbsp; <\/strong>\u00bb<strong> <a href=\"#PRE\">Presentaci\u00f3<\/a><\/strong><br \/>&nbsp;&nbsp;&nbsp; \u00bb<strong> <a href=\"#SUM\">Sumari<\/a><\/strong><br \/>&nbsp;&nbsp;&nbsp; \u00bb<strong> <a href=\"#RES\">Resums<\/a><\/strong><\/p>\n<p style=\"text-align: justify;\">\n<table style=\"background-color: rgb(58, 127, 187); width: 991px; height: 26px; border: 1px solid rgb(255, 255, 255);\" align=\"center\" border=\"0\">\n<tbody>\n<tr>\n<td style=\"border: 1px solid rgb(255, 255, 255);\"><span style=\"color: white;\"><strong><a name=\"PRE\"><\/a><a name=\"PRE\"><\/a>PRESENTACI\u00d3<br \/><\/strong><\/span><\/td>\n<\/tr>\n<\/tbody>\n<\/table>\n<p>&nbsp;<\/p>\n<p><span class=\"inline inline-left\"><img loading=\"lazy\" decoding=\"async\" class=\"image image-preview \" style=\"float: left;\" src=\"http:\/\/centresderecerca.uab.cat\/oic\/sites\/centresderecerca.uab.cat.oic\/files\/images\/Portada%20Conexiones%201-2_0.jpg\" alt=\"\" width=\"225\" height=\"314\"><\/span><\/p>\n<p style=\"text-align: justify;\">Aquesta edici\u00f3 de la revista Conexiones t\u00e9 armadura i complexitat americana i internacional. \u00c9s ja un lloc com\u00fa que l&#8217;11 de setembre de 2001 \u00e9s una data frontissa en la qual la geopol\u00edtica assumeix un nou escenari, com a conseq\u00fc\u00e8ncia de la caiguda de les Torres Bessones de Nova York. Una nova biopol\u00edtica del terror i la inseguretat emergeix i es generalitza en la societat aplicaci\u00f3 i mundialitzada del nou segle. <\/p>\n<p style=\"text-align: justify;\"> Els autors d&#8217;aquest monogr\u00e0fic, <em> Geopol\u00edtica de l&#8217; por, ret\u00f2riques de la seguretat <\/em>, Rossana Reguillo, de M\u00e8xic; Alejandro Grimson, d&#8217;Argentina, Eliseo Colom i Silvia Alvarez Curbelo, de Puerto Rico, incursionan en les diverses modalitats que assumeix contempor\u00e0niament el concepte de seguretat com a organitzador de les noves pol\u00edtiques p\u00fabliques i privades. <\/p>\n<p style=\"text-align: justify;\"> No obstant aix\u00f2, els seus treballs tracen genealogies i inventaris que ultrapassen l&#8217;an\u00e0lisi fascinat de l&#8217;esdeveniment per endinsar-se als dilemes de les alteritats, les migracions, les rutes de la por i el c\u00e0stig, aix\u00ed com en les ter\u00e0pies neoliberals del consol i del control. <\/p>\n<p style=\"text-align: justify;\"> En aquest sentit, Rossana Reguillo ens proposa un primer acostament a aquesta emergent ret\u00f2rica de la por, en la qual estableix les claus i les diferents maneres en qu\u00e8 opera l&#8217;esdeveniment disruptiu des d&#8217;una perspectiva antropol\u00f2gica. Alejandro Grimson, per la seva banda, centra l&#8217;an\u00e0lisi en les ret\u00f2riques de la seguretat establertes per Samuel Huntington qui no nom\u00e9s proposa un sistema d&#8217;idees per a un nou fonamentalisme cultural, sin\u00f3 que tamb\u00e9 proporciona els marcs per a les pol\u00edtiques de exclsui\u00f3n. <\/p>\n<p style=\"text-align: justify;\"> Silvia \u00c1lvarez Curbelo explora els discursos de la immigraci\u00f3 a trav\u00e9s d&#8217;una an\u00e0lisi clarificador sobre l&#8217;immigrant, el terrorista i el criminal al programa de la televisi\u00f3 nord-americana &#8216;Lou Dobbs Tonight&#8217;, em\u00e8s per la cadena CNN. Finalment, Eliseo Colom proposa un innovador acostament als nous espais simb\u00f2lics que promouen el control social en l&#8217;\u00e8poca neoliberal, i ho fa a partir dels discursos terap\u00e8utics i d&#8217;autoajuda que circulen per Internet. <\/p>\n<p style = \"text -align: justify; \"> Al costat d&#8217;aquestes aportacions nodals, en aquest n\u00famero es publiquen tamb\u00e9 els aven\u00e7os de recerca que mostren les preocupacions i tem\u00e0tiques de joves investigadors iberoamericans. Vanesa Valed\u00f3n i Laura Limbert s\u00f3n puertorrique\u00f1as; Merbby Guti\u00e9rrez \u00e9s peruana; Carlos Cata\u00f1o \u00e9s colombi\u00e0 i Rub\u00e9n Ram\u00edrez \u00e9s puertorique\u00f1o. Tots ells, excepte aquest \u00faltim, que \u00e9s professor, s\u00f3n investigadors del postgrau en Comunicaci\u00f3 de la Universitat de Puerto Rico, una plataforma de trobada per a projectes personals al voltant de la investigaci\u00f3 dels productes de la comunicaci\u00f3 global, per\u00f2 que exhibeixen tamb\u00e9 les vinculacions idiosincr\u00e0tiques que signifiquen les identitats i narratives professionals d&#8217;aquests autors.<\/p>\n<p style=\"text-align: justify;\">&nbsp;<\/p>\n<table style=\"background-color: rgb(58, 127, 187); width: 991px; height: 26px; border: 1px solid rgb(255, 255, 255);\" align=\"center\" border=\"0\">\n<tbody>\n<tr>\n<td style=\"border: 1px solid rgb(255, 255, 255);\"><span style=\"color: white;\"><strong><a name=\"SUM\"><\/a>SUMARI<br \/><\/strong><\/span><\/td>\n<\/tr>\n<\/tbody>\n<\/table>\n<p>&nbsp;<\/p>\n<table style=\"border: 1px solid rgb(255, 255, 255);\" border=\"1\" frame=\"border\">\n<tbody>\n<tr>\n<td style=\"border: 1px solid rgb(255, 255, 255); background-color: rgb(220, 220, 220);\"><a href=\"#REG\">Ret\u00f2riques de la seguretat: Escenificacions i geopol\u00edtica de la por<\/a><\/td>\n<td style=\"border: 1px solid rgb(255, 255, 255); background-color: rgb(220, 220, 220);\">Rossana Reguillo<\/td>\n<\/tr>\n<tr>\n<td style=\"background-color: rgb(176, 196, 222);\"><a href=\"#GRI\">Dial\u00e8ctica del culturalisme. Ret\u00f2riques de la seguretat i geopol\u00edtica de la difer\u00e8ncia<\/a><\/td>\n<td style=\"background-color: rgb(176, 196, 222);\">Alejandro Grimson<\/td>\n<\/tr>\n<tr>\n<td style=\"background-color: rgb(220, 220, 220);\"><a href=\"#ALV\"><em>The hole in the border<\/em>: Equival\u00e8ncies ret\u00f2riques en el discurs anti-immigrant de Lou Dobbs a CNN<\/a><\/td>\n<td style=\"background-color: rgb(220, 220, 220);\">Silvia Alvarez Curbelo<\/td>\n<\/tr>\n<tr>\n<td style=\"background-color: rgb(176, 196, 222);\"><a href=\"#COL\">Ter\u00e0pia sentimental i control social en temps neoliberals: les narratives en Power Point i les comunitats virtuals<\/a><\/td>\n<td style=\"background-color: rgb(176, 196, 222);\">Eliseo Col\u00f3n<\/td>\n<\/tr>\n<tr>\n<td style=\"background-color: rgb(220, 220, 220);\"><a href=\"#VAL\">Nua despr\u00e9s de la m\u00e0scara de l&#8217;ordinador: Netnografia, performance i el ciberescenario er\u00f2tic<\/a><\/td>\n<td style=\"background-color: rgb(220, 220, 220);\">Vanessa M. Valed\u00f3n Izquierdo<\/td>\n<\/tr>\n<tr>\n<td style=\"background-color: rgb(176, 196, 222);\"><a href=\"#CAT\">De nou al barri: Imaginaris salseros i ciutat global<\/a><\/td>\n<td style=\"background-color: rgb(176, 196, 222);\">Carlos Eduardo Cata\u00f1o Arango<\/td>\n<\/tr>\n<tr>\n<td style=\"background-color: rgb(220, 220, 220);\"><a href=\"#LIM\">La pel.l\u00edcula de la SIDA: El discurs Hollywood i el de HBO<\/a><\/td>\n<td style=\"background-color: rgb(220, 220, 220);\">Laura Limbert<\/td>\n<\/tr>\n<tr>\n<td style=\"background-color: rgb(176, 196, 222);\"><a href=\"#GUT\">Espectacle populista i popular al <em>talk show<\/em> \u201cLaura\u201d<\/a><\/td>\n<td style=\"background-color: rgb(176, 196, 222);\">Merbby Giovanna Guti\u00e9rrez Campos<\/td>\n<\/tr>\n<tr>\n<td style=\"border: 1px solid rgb(255, 255, 255); background-color: rgb(220, 220, 220);\"><a href=\"#RAM\">Xarxes, mitjans emergents i articulacions. Apunts per a una ontologia de la resist\u00e8ncia al capitalisme<\/a><\/td>\n<td style=\"border: 1px solid rgb(255, 255, 255); background-color: rgb(220, 220, 220);\">Rub\u00e9n Ram\u00edrez S\u00e1nchez<\/td>\n<\/tr>\n<\/tbody>\n<\/table>\n<p style=\"text-align: justify;\">&nbsp;<\/p>\n<table style=\"background-color: rgb(58, 127, 187); width: 991px; height: 26px; border: 1px solid rgb(255, 255, 255);\" align=\"center\" border=\"0\">\n<tbody>\n<tr>\n<td style=\"border: 1px solid rgb(255, 255, 255);\"><span style=\"color: white;\"><strong><a name=\"RES\"><\/a>RESUMS<br \/><\/strong><\/span><\/td>\n<\/tr>\n<\/tbody>\n<\/table>\n<p><em><a name=\"REG\"><\/a>Ret\u00f2riques de la seguretat: Escenificacions i geopol\u00edtica de la por <\/em>. Rossana Reguillo <\/p>\n<p> Es proposa un apropament a la ret\u00f2rica de la por en les societats modernes i com s&#8217;instaura una agenda de seguretat, despr\u00e9s de l&#8217;atac terrorista al World Trade Center de la ciutat de Nova York el 11 de setembre de 2001. Si b\u00e9 l&#8217;Estat nord-americ\u00e0 hauria delineat molta d&#8217;aquesta agenda pr\u00e8viament, \u00e9s l&#8217;esdeveniment el que facilita les justifica cions de pes per a la seva implementaci\u00f3. <\/p>\n<p> Neix llavors una nova geopol\u00edtica de la por que criminalitza no nom\u00e9s al subjecte que porta a terme l&#8217;acte criminal, sin\u00f3 a tota la col.lectivitat representada pel subjecte. El lluny\u00e0 i el culturalment divers, l&#8217;altre, s&#8217;enquadren en un r\u00e8gim de sospites i exclusions. Aquest treball pret\u00e9n examinar les causes i argumentacions narratives i ideol\u00f2giques en qu\u00e8 descansa l&#8217;agenda de seguretat i el seu impacte global en les pr\u00e0ctiques i espais de socialitat. <\/p>\n<p> Paraules clau: criminalitzaci\u00f3 i comunicaci\u00f3, seguretat, espacialitzaci\u00f3 de la por , fronteres urbanes. <\/p>\n<p align=\"justify\">\n<hr>\n<p> <em> <a name=\"GRI\"> <\/a> Dial\u00e8ctica de l&#8217; culturalisme. Ret\u00f2riques de la seguretat i geopol\u00edtica de la difer\u00e8ncia <\/em>. Alejandro Grimson <\/p>\n<p> Com a part del seu projecte hegemonitzat, l&#8217;Estat configura una geopol\u00edtica de les difer\u00e8ncies en la que certes cultures s\u00f3n vistes com amenaces. El seg\u00fcent treball presenta diverses teories que ens permeten comprendre les noves ret\u00f2riques de la seguretat mobilitzades per la por a les alteritats. <\/p>\n<p> L&#8217;autor analitza els pressup\u00f2sits te\u00f2rics i \u00e8tic-pol\u00edtics d&#8217;aquestes visions. Aprofundeix en les noves ret\u00f2riques de la seguretat establertes por Samuel Huntington, que no nom\u00e9s proposa un sistema d&#8217;idees per al nou fonamentalisme cultural, sin\u00f3 que tamb\u00e9 legitimada moltes de les pol\u00edtiques &#8216;exclusi\u00f3 del Govern dels Estats Units. <\/p>\n<p> Paraules clau: geopol\u00edtica de la difer\u00e8ncia, hegemonia i seguretat, identitat, fronteres simb\u00f2liques, alteritats culturals. <\/p>\n<\/p>\n<hr>\n<p> <a name=\"ALV\"> <\/a> The hole in the border: <em> Equival\u00e8ncies ret\u00f2riques en el discurs anti-immigrant de Lou Dobbs a CNN <\/em>. Silvia Alvarez Curbelo <\/p>\n<p> La pon\u00e8ncia explora l&#8217;ofensiva discursiva al voltant del tema de la immigraci\u00f3 indocumentada als Estats Units per part de la cadena CNN, en particular, des del programa Lou Dobbs Tonight. La guerra a la frontera sud dels Estats Units es batalla cada dia a les pantalles televisives, on es dirimeixen nocions de naci\u00f3, cultura, ra\u00e7a i legalitat. El terror es torna en categoria organitzadora del social als Estats Units, per aquest motiu s&#8217;homologuin les categories d&#8217;immigrant, terrorista i criminal. <\/p>\n<p> Paraules clau: immigraci\u00f3, comunicaci\u00f3 i xenof\u00f2bia, CNN, discurs p\u00fablic, marcs ret\u00f2rics. <\/p>\n<\/p>\n<hr>\n<p> <em> <a name=\"COL\"> <\/a> Ter\u00e0pia sentimental i control social en temps neoliberals: les narratives en <\/em> Power Point <em> i les comunitats virtuals <\/em>. Eliseo Colom <\/p>\n<p> Aquest treball analitza un corpus narratiu constitu\u00eft per una s\u00e8rie de presentacions en <em> Power Point <\/em>, els dispositius ret\u00f2rics conformen nous espais simb\u00f2lics que promouen, entre altres efectes comunicatius, el control social en l&#8217;\u00e8poca neoliberal. Es plantegen per l&#8217;autor vinculacions importants entre els discursos terap\u00e8utics i de conselleria per a la reconstrucci\u00f3 emocional de poblacions, les pol\u00edtiques de control i la circulaci\u00f3 global de presentacions en <em> Power Point <\/em> que transiten a l&#8217;Internet. <\/p>\n<p> Des d&#8217;aquesta perspectiva, es confirma el rol de les narratives, formacions discursives i imatges com a constructors i estructurants simb\u00f2lics de la realitat i que operen com a mediadors entre les estructures econ\u00f2miques i pol\u00edtiques del neoliberalisme i els subjectes socials. <\/p>\n<p> Paraules clau: Formacions discursives, discurs sentimental, control social, ter\u00e0pia sentimental, literatura consoladora. <\/p>\n<\/p>\n<hr>\n<p> <em> <a name = \"VAL\" > <\/a> Nua despr\u00e9s de la m\u00e0scara de l&#8217;ordinador: Netnografia, performance i el ciberescenario er\u00f2tic <\/em>. Vanessa M. Valed\u00f3n Izquierdo <\/p>\n<p> La netnografia o l&#8217;etnografia virtual \u00e9s el m\u00e8tode emprat per a explorar els nous fen\u00f2mens socioculturals que s&#8217;estan desenvolupant dins d&#8217;una infinitat de xarxes de comunitats virtuals. \u00c9s important que assenyalem la import\u00e0ncia de la naturalesa preformativa de la netnografia. Els etnogr\u00e0fic han d&#8217;estar disposats a convertir-se en actors virtuals si pretenen comprendre el paisatge que permet interaccions virtuals que s&#8217;estudien. <\/p>\n<p> Qualsevol que tingui un nivell m\u00ednim d&#8217;habilitat tecnol\u00f2gica podr\u00e0 crear la seva pr\u00f2pia ciberpersona i de crear el seu propi performance en el seu ciberescenario personal. La blogosfera funciona com un ciberteatro que s&#8217;integra a una xarxa de ciberescenarios hiperconnectat. Els actors virtuals poden crear narratives interactives generades des d&#8217;un punt suposadament an\u00f2nim, dirigit a una audi\u00e8ncia aparentment infinita tamb\u00e9 an\u00f2nima. <\/p>\n<p> Podem despullar literalment o metaf\u00f2ricament enfront de les nostres computadores i ser virtualment qui vulguem ser al nostre bloc. Aix\u00ed, la m\u00e0scara de l&#8217;anonimat proveeix una sorra perfecta perqu\u00e8 es desenvolupin i fl orezcan els ciberescenarios er\u00f2tics de la blogosfera. La investigaci\u00f3 es canalitzar\u00e0 i concretar\u00e0 mitjan\u00e7ant l&#8217;escriptura d&#8217;un bloc. La presentaci\u00f3 fi nal de la mateixa s&#8217;estructurar\u00e0 a manera de petits assaigs \/ exposicions multim\u00e8dia que exploraran els diferents fen\u00f2mens que es registrin durant la investigaci\u00f3 dins del bloc. Les enunciacions d&#8217;aquest bloc serviran en principi de diari de recerca i despr\u00e9s configurar guraran els cap\u00edtols de la tesi seguint una estructura tradicional de tesi, per\u00f2 conservant el seu car\u00e0cter de projecte interactiu que permetr\u00e0 la retroalimentaci\u00f3 del p\u00fablic durant totes les etapes del projecte i encara despr\u00e9s que el projecte culmini, aprofitant aquesta nova possibilitat que ofereixen les noves plataformes socials de la xarxa cibern\u00e8tica, com ara Facebook. <\/p>\n<p> Paraules clau: blocs, blogosfera, netnografia, actuaci\u00f3, ciberescenario, er\u00f2tic, virtualitat, hiperconexi\u00f3n , m\u00e0scara. <\/p>\n<\/p>\n<hr>\n<p> <em> <a name=\"CAT\"> <\/a> De nou al barri: Imaginaris salseros i ciutat global <\/em>. Carlos Eduardo Cata\u00f1o Arango <\/p>\n<p> Tot i que el barri popular va arribar a representar la s\u00edntesi espacial (l&#8217;escenari) de l&#8217;est\u00e8tica salsera (ball, gaudi, afectes), sembla clar que aquest, com a unitat clau dins el proc\u00e9s d&#8217; modernitzaci\u00f3 urbana a la regi\u00f3 (El Carib i Am\u00e8rica Llatina), ha reconfigurat els lla\u00e7os solidaritat i afecte que el van conformar anteriorment. Aquells lla\u00e7os que precisament parlaven del rol mediador del barrial entre el rural \/ tradicional i l&#8217;urb\u00e0 \/ modern, en el qual es va recolzar la Salsa com narrativa i pr\u00e0ctica cultural. <\/p>\n<p> L&#8217;article s&#8217;entreveu les noves maneres de representaci\u00f3 que sorgirien de l&#8217;experi\u00e8ncia salsera contempor\u00e0nia, els quals apel \u00b7 larien a imatges d&#8217;una mem\u00f2ria cultural (el barri) subjacent despr\u00e9s dels rastres de modernitzaci\u00f3 i globalitzaci\u00f3 urbana. Ser\u00e0, llavors, en les coordenades de la ciutat multir\u00edtmica i \/ o polif\u00f2nica d&#8217;avui, on la sonoritat salsera propicia un efecte nost\u00e0lgic i \/ o una fetitxitzaci\u00f3 dels records, les enyorances i les despossessi\u00f3, tan presents en aquesta \u00e8poca de massives migracions f\u00edsiques i simb\u00f2liques. Presenta, a m\u00e9s, un resum de la metodologia proposada per a la investigaci\u00f3 formal, la qual consisteix en una etnografia dels espais i pr\u00e0ctiques vinculats a la cultura de la salsa en dues ciutats: Cali, Col\u00f2mbia i Sant Joan de Puerto Rico. <\/p>\n<p> Paraules clau: Salsa, barri, imaginaris, m\u00fasica popular, identitats, nost\u00e0lgia, mem\u00f2ria, Ciutat \/ Cultures urbanes. <\/p>\n<\/p>\n<hr>\n<p> <em> <a name = \"LIM\"> <\/a> La pel.l\u00edcula de la SIDA: El discurs Hollywood i el de HBO <\/em>. Laura Limbert <\/p>\n<p> Aquesta investigaci\u00f3 es proposa con\u00e8ixer com es construeix la imatge del VIH\/SIDA espec\u00edficament les representacions de l&#8217;homosexualitat i de la fam\u00edlia en funci\u00f3 de la s\u00edndrome en una mostra representativa de pel l\u00edcules produ\u00efdes per Hollywood. El cinema \u00e9s un sistema de representaci\u00f3 que genera discursos i al mateix temps atorga significats als objectes i pr\u00e0ctiques de la vida quotidiana. Aquests significats organitzen i regulen les nostres pr\u00e0ctiques socials, modulen la nostra conducta, ens proporcionen el sentit de la nostra identitat o de les identitats alienes. En aquest context, el cinema ens permet recrear i imaginar realitats a partir de certes hist\u00f2ries. A m\u00e9s, el cinema pot ser considerat com un agent que crea actituds i difon idees. Aix\u00ed mateix, s&#8217;indagar\u00e0 si el cinema pot contribuir al debat seri\u00f3s ia la conscienciaci\u00f3 sobre la gravetat de la sida, espec\u00edficament si els productors independents tenen una major llibertat creativa per manejar el tema. Per investigar com la ind\u00fastria f\u00edlmica nord-americana construeix discursos, imaginaris i identitats sobre el VIH \/ SIDA, especialment aquells que s&#8217;armen al voltant de l&#8217;homosexualitat i la fam\u00edlia, proposo desenvolupar una an\u00e0lisi dels discursos narratius en una mostra f\u00edlmica representativa, segons el model proposat per Casetti &#038; di Chio (1991). El component eix d&#8217;aquest model \u00e9s la transformaci\u00f3, tant l\u00f2gica com cronol\u00f2gica, en els personatges orientadors, \u00e9s a dir, aquells que porten les claus de la representaci\u00f3 i del discurs en el text f\u00edlmic. <\/p>\n<p> Paraules clau: comunicaci\u00f3 , societat, cinema, VIH\/SIDA, Hollywood. <\/p>\n<\/p>\n<hr>\n<p> <em> <a name=\"GUT\"> <\/a> Espectacle populista i popular a el <\/em> <em> talk show &#8220;Laura&#8221; <\/em>. Merbby Giovanna Guti\u00e9rrez Camps <\/p>\n<p> El <em> talk show <\/em> \u00abLaura\u00bb es caracteritza per ser un programa protagonitzat pel sector popular i condu\u00eft per un personatge que assumeix un rol paraestatal i que converteix el xou en un programa amb caracter\u00edstiques populistes En la meva recerca exploro els discursos que s&#8217;entrellacen en el <em> talk show <\/em> peru\u00e0 i la forma en qu\u00e8 el personatge principal, Laura Bozzo, s&#8217;apropia de discursos paraestatals, paternalistes, i populistes. A m\u00e9s, identifico els elements que participen en la construcci\u00f3 espectacular del <em> reality show <\/em>. Entre les troballes es pot esmentar que per als participants del programa, Bozzo es converteix en aquesta fil figura messi\u00e0nica, disposada a resoldre els seus problemes en el temps que dura l&#8217;emissi\u00f3 del xou. La recerca es complementa amb un registre etnogr\u00e0fic d&#8217;una fam\u00edlia observadora del programa. <\/p>\n<p> Paraules clau: Talk show, espectacle, populisme, paraestatal, sectors populars. <\/p>\n<\/p>\n<hr>\n<p> <em> <a name=\"RAM\"> <\/a> Xarxes, mitjans emergents i articulacions. Apunts per a una ontologia de la resist\u00e8ncia al capitalisme <\/em>. Rub\u00e9n Ram\u00edrez S\u00e1nchez <\/p>\n<p> Una caracter\u00edstica important dels moviments de resist\u00e8ncia que sorgeixen en el capitalisme \u00e9s que es valen de tecnologies d&#8217;auto-producci\u00f3 medi\u00e0tica per impulsar t\u00e0ctiques d&#8217;oposici\u00f3 al propi capitalisme. Aix\u00f2 representa una q\u00fcesti\u00f3 de teoria enfront d&#8217;una visi\u00f3 cl\u00e0ssica en la qual la revoluci\u00f3 i l&#8217;enderrocament d&#8217;un poder constitueixen els criteris d&#8217;\u00e8xit de la resist\u00e8ncia. Mitjan\u00e7ant una an\u00e0lisi de la producci\u00f3 cultural punk a trav\u00e9s de teories de la societat de xarxes i articulaci\u00f3, aquest treball explora la tensi\u00f3 inherent de resistir davant del capitalisme i alhora establir una ontologia de la resist\u00e8ncia al seu interior. <\/p>\n<p> Paraules clau: Punk, nous mitjans, MySpace, societat de xarxes, articulaci\u00f3.<\/p>\n","protected":false},"excerpt":{"rendered":"<p>Geopol\u00edtica de la por, ret\u00f2riques de la seguretat Conexiones. RevistaIberoamericana de Comunicaci\u00f3n. Vol. 1. N\u00ba 2. 128 p\u00e0gines. Any 2009. ISSN: 1697-3720. ISBN (edici\u00f3 impresa): 978-84-92860-50-0 &nbsp;&nbsp;&nbsp; \u00bb Presentaci\u00f3&nbsp;&nbsp;&nbsp; \u00bb Sumari&nbsp;&nbsp;&nbsp; \u00bb Resums PRESENTACI\u00d3 &nbsp; Aquesta edici\u00f3 de la revista Conexiones t\u00e9 armadura i complexitat americana i internacional. \u00c9s ja un lloc com\u00fa que l&#8217;11 [&hellip;]<\/p>\n","protected":false},"author":20,"featured_media":0,"parent":0,"menu_order":0,"comment_status":"closed","ping_status":"closed","template":"","meta":{"footnotes":""},"class_list":["post-368","page","type-page","status-publish","hentry"],"_links":{"self":[{"href":"https:\/\/webs.uab.cat\/oic\/wp-json\/wp\/v2\/pages\/368","targetHints":{"allow":["GET"]}}],"collection":[{"href":"https:\/\/webs.uab.cat\/oic\/wp-json\/wp\/v2\/pages"}],"about":[{"href":"https:\/\/webs.uab.cat\/oic\/wp-json\/wp\/v2\/types\/page"}],"author":[{"embeddable":true,"href":"https:\/\/webs.uab.cat\/oic\/wp-json\/wp\/v2\/users\/20"}],"replies":[{"embeddable":true,"href":"https:\/\/webs.uab.cat\/oic\/wp-json\/wp\/v2\/comments?post=368"}],"version-history":[{"count":0,"href":"https:\/\/webs.uab.cat\/oic\/wp-json\/wp\/v2\/pages\/368\/revisions"}],"wp:attachment":[{"href":"https:\/\/webs.uab.cat\/oic\/wp-json\/wp\/v2\/media?parent=368"}],"curies":[{"name":"wp","href":"https:\/\/api.w.org\/{rel}","templated":true}]}}