{"id":370,"date":"2011-02-18T20:46:57","date_gmt":"2011-02-18T18:46:57","guid":{"rendered":"https:\/\/webs.uab.cat\/oic\/xarxa-localcom\/"},"modified":"2022-10-05T12:10:24","modified_gmt":"2022-10-05T10:10:24","slug":"xarxa-localcom","status":"publish","type":"page","link":"https:\/\/webs.uab.cat\/oic\/xarxa-localcom\/","title":{"rendered":"Xarxa LOCALCOM"},"content":{"rendered":"\n<div class=\"wp-block-media-text alignwide is-stacked-on-mobile is-vertically-aligned-top\" style=\"grid-template-columns:20% auto\"><figure class=\"wp-block-media-text__media\"><img loading=\"lazy\" decoding=\"async\" width=\"600\" height=\"600\" src=\"https:\/\/webs.uab.cat\/oic\/wp-content\/uploads\/sites\/223\/2011\/02\/localcom-incono-cuadrado.png\" alt=\"\" class=\"wp-image-195 size-full\" srcset=\"https:\/\/webs.uab.cat\/oic\/wp-content\/uploads\/sites\/223\/2011\/02\/localcom-incono-cuadrado.png 600w, https:\/\/webs.uab.cat\/oic\/wp-content\/uploads\/sites\/223\/2011\/02\/localcom-incono-cuadrado-300x300.png 300w, https:\/\/webs.uab.cat\/oic\/wp-content\/uploads\/sites\/223\/2011\/02\/localcom-incono-cuadrado-150x150.png 150w\" sizes=\"auto, (max-width: 600px) 100vw, 600px\" \/><\/figure><div class=\"wp-block-media-text__content\">\n<p>El grup de recerca Localcom \u00e9s una xarxa interuniversit\u00e0ria estable integrada per les universitats Aut\u00f2noma de Barcelona (coordinadora), d&#8217;Alacant, de M\u00e0laga, de Santiago de Compostela, del Pa\u00eds Basc i Complutense i Carlos III de Madrid, que genera coneixements en el marc del desenvolupament de les comunicacions des de la perspectiva de les comunitats aut\u00f2nomes espanyoles, enteses com els nous espais locals. Aquestes representen un lloc d&#8217;an\u00e0lisi privilegiat en l&#8217;\u00e0mbit de les xarxes o infraestructures i de l&#8217;economia de les comunicacions; constitueixen a m\u00e9s un espai innovador i un f\u00e8rtil terreny d&#8217;investigaci\u00f3. En aquest sentit, Espanya ha protagonitzat un dels processos de descentralitzaci\u00f3 auton\u00f2mica m\u00e9s avan\u00e7ats a nivell internacional i, en aquest marc, la Xarxa Localcom busca establir l&#8217;impacte dels processos comunicatius en les diferents comunitats aut\u00f2nomes espanyoles, amb la mirada posada en tres actors fonamentals: els ciutadans, les empreses i l&#8217;administraci\u00f3 p\u00fablica.<\/p>\n\n\n\n<p>El Grup de Recerca en Estudis Locals de Comunicaci\u00f3 ha estat acreditat com a <strong>Grup de Recerca Reconegut<\/strong> per la Generalitat de Catalunya l&#8217;octubre de 2014 com a reconeixement a la seva traject\u00f2ria cient\u00edfica i acad\u00e8mica (2014SGR0407).<\/p>\n<\/div><\/div>\n\n\n\n<p><\/p>\n","protected":false},"excerpt":{"rendered":"<p>El grup de recerca Localcom \u00e9s una xarxa interuniversit\u00e0ria estable integrada per les universitats Aut\u00f2noma de Barcelona (coordinadora), d&#8217;Alacant, de M\u00e0laga, de Santiago de Compostela, del Pa\u00eds Basc i Complutense i Carlos III de Madrid, que genera coneixements en el marc del desenvolupament de les comunicacions des de la perspectiva de les comunitats aut\u00f2nomes espanyoles, [&hellip;]<\/p>\n","protected":false},"author":20,"featured_media":0,"parent":0,"menu_order":0,"comment_status":"closed","ping_status":"closed","template":"","meta":{"footnotes":""},"class_list":["post-370","page","type-page","status-publish","hentry"],"_links":{"self":[{"href":"https:\/\/webs.uab.cat\/oic\/wp-json\/wp\/v2\/pages\/370","targetHints":{"allow":["GET"]}}],"collection":[{"href":"https:\/\/webs.uab.cat\/oic\/wp-json\/wp\/v2\/pages"}],"about":[{"href":"https:\/\/webs.uab.cat\/oic\/wp-json\/wp\/v2\/types\/page"}],"author":[{"embeddable":true,"href":"https:\/\/webs.uab.cat\/oic\/wp-json\/wp\/v2\/users\/20"}],"replies":[{"embeddable":true,"href":"https:\/\/webs.uab.cat\/oic\/wp-json\/wp\/v2\/comments?post=370"}],"version-history":[{"count":2,"href":"https:\/\/webs.uab.cat\/oic\/wp-json\/wp\/v2\/pages\/370\/revisions"}],"predecessor-version":[{"id":2352,"href":"https:\/\/webs.uab.cat\/oic\/wp-json\/wp\/v2\/pages\/370\/revisions\/2352"}],"wp:attachment":[{"href":"https:\/\/webs.uab.cat\/oic\/wp-json\/wp\/v2\/media?parent=370"}],"curies":[{"name":"wp","href":"https:\/\/api.w.org\/{rel}","templated":true}]}}