{"id":372,"date":"2011-02-23T16:43:16","date_gmt":"2011-02-23T14:43:16","guid":{"rendered":"https:\/\/webs.uab.cat\/oic\/uacomunitatvalenciana\/"},"modified":"2022-10-05T17:03:35","modified_gmt":"2022-10-05T15:03:35","slug":"uacomunitatvalenciana","status":"publish","type":"page","link":"https:\/\/webs.uab.cat\/oic\/uacomunitatvalenciana\/","title":{"rendered":"Grup d&#8217;Estudis de Comunicaci\u00f3 Estrat\u00e8gica (E-COM)"},"content":{"rendered":"\n<p class=\"has-primary-background-color has-background\"><span class=\"inline inline-left\"><\/span>El Grup d&#8217;Estudis de Comunicaci\u00f3 Estrat\u00e8gica (E-COM) de la Universitat d&#8217;Alacant est\u00e0 format per investigadors i docents en comunicaci\u00f3, publicitat i sociologia. Congrega estudis efectuats pel propi grup i en col.laboraci\u00f3 amb altres equips.<\/p>\n\n\n\n<p>E-COM realitza investigacions al voltant dels seg\u00fcents temes:<\/p>\n\n\n\n<p><strong> An\u00e0lisi de la publicitat i de les estrat\u00e8gies de comunicaci\u00f3 <\/strong>: 1) Estudis de la publicitat convencional i no convencional (comercial, institucional, inter\u00e8s p\u00fablic) de diferents sectors i problem\u00e0tiques (ii publicitat sexista, publicitat farmac\u00e8utica, publicitat d&#8217;aliments, publicitat electoral). 2) Aspectes socials de la publicitat i efectes en el p\u00fablic al qual s&#8217;adre\u00e7a (ii infantil, juvenil, dones-homes, societat). 3) An\u00e0lisi i avaluaci\u00f3 de l&#8217;estrat\u00e8gia de comunicaci\u00f3 publicit\u00e0ria i dels mitjans publicitaris (amb especial atenci\u00f3 a la televisi\u00f3 i Internet). 4) Estudis sobre la comunicaci\u00f3 estrat\u00e8gica en les organitzacions.<\/p>\n\n\n\n<p><strong>An\u00e0lisi dels contextos de la comunicaci\u00f3<\/strong>: 1) Estudis sobre la professi\u00f3 i dels professionals de la comunicaci\u00f3. 2) Societat de la informaci\u00f3, noves tecnologies i pol\u00edtiques de comunicaci\u00f3. 3) Factors socials que puguin repercutir en la comunicaci\u00f3.<\/p>\n\n\n\n<p><strong> An\u00e0lisi de la producci\u00f3 cient\u00edfica en comunicaci\u00f3.<\/strong><\/p>\n\n\n\n<h2 class=\"wp-block-heading\"><strong>Directora<\/strong><\/h2>\n\n\n\n<p><a href=\"http:\/\/webs.uab.cat\/oic\/ca\/nataliapapi\">Dra. Natalia Pap\u00ed<\/a><\/p>\n\n\n\n<p>Universidad de Alicante<\/p>\n\n\n\n<p>Facultad de Ciencias Sociales<strong>&nbsp;<\/strong><\/p>\n\n\n\n<p>Natalia.p@ua.es<\/p>\n","protected":false},"excerpt":{"rendered":"<p>El Grup d&#8217;Estudis de Comunicaci\u00f3 Estrat\u00e8gica (E-COM) de la Universitat d&#8217;Alacant est\u00e0 format per investigadors i docents en comunicaci\u00f3, publicitat i sociologia. Congrega estudis efectuats pel propi grup i en col.laboraci\u00f3 amb altres equips. E-COM realitza investigacions al voltant dels seg\u00fcents temes: An\u00e0lisi de la publicitat i de les estrat\u00e8gies de comunicaci\u00f3 : 1) Estudis [&hellip;]<\/p>\n","protected":false},"author":20,"featured_media":0,"parent":0,"menu_order":0,"comment_status":"closed","ping_status":"closed","template":"","meta":{"footnotes":""},"class_list":["post-372","page","type-page","status-publish","hentry"],"_links":{"self":[{"href":"https:\/\/webs.uab.cat\/oic\/wp-json\/wp\/v2\/pages\/372","targetHints":{"allow":["GET"]}}],"collection":[{"href":"https:\/\/webs.uab.cat\/oic\/wp-json\/wp\/v2\/pages"}],"about":[{"href":"https:\/\/webs.uab.cat\/oic\/wp-json\/wp\/v2\/types\/page"}],"author":[{"embeddable":true,"href":"https:\/\/webs.uab.cat\/oic\/wp-json\/wp\/v2\/users\/20"}],"replies":[{"embeddable":true,"href":"https:\/\/webs.uab.cat\/oic\/wp-json\/wp\/v2\/comments?post=372"}],"version-history":[{"count":3,"href":"https:\/\/webs.uab.cat\/oic\/wp-json\/wp\/v2\/pages\/372\/revisions"}],"predecessor-version":[{"id":2693,"href":"https:\/\/webs.uab.cat\/oic\/wp-json\/wp\/v2\/pages\/372\/revisions\/2693"}],"wp:attachment":[{"href":"https:\/\/webs.uab.cat\/oic\/wp-json\/wp\/v2\/media?parent=372"}],"curies":[{"name":"wp","href":"https:\/\/api.w.org\/{rel}","templated":true}]}}