{"id":373,"date":"2011-02-23T16:45:18","date_gmt":"2011-02-23T14:45:18","guid":{"rendered":"https:\/\/webs.uab.cat\/oic\/usc-galicia\/"},"modified":"2022-10-05T12:48:30","modified_gmt":"2022-10-05T10:48:30","slug":"usc-galicia","status":"publish","type":"page","link":"https:\/\/webs.uab.cat\/oic\/usc-galicia\/","title":{"rendered":"Grup de recerca Nous Mitjans (tend\u00e8ncies, cibermitjans, impresos)"},"content":{"rendered":"\n<div class=\"wp-block-media-text alignwide is-stacked-on-mobile has-primary-background-color has-background\" style=\"grid-template-columns:15% auto\"><figure class=\"wp-block-media-text__media\"><img decoding=\"async\" src=\"http:\/\/centresderecerca.uab.cat\/oic\/sites\/centresderecerca.uab.cat.oic\/files\/images\/logo_usc.jpg\" alt=\"\"\/><\/figure><div class=\"wp-block-media-text__content\">\n<p class=\"has-small-font-size\">Nous Mitjans \u00e9s un grup d&#8217;investigaci\u00f3 adscrit a la Facultat de Ci\u00e8ncies de la Comunicaci\u00f3 de la Universitat de Santiago de Compostela. Les principals l\u00ednies de recerca del grup s\u00f3n els seg\u00fcents: la recerca de les noves exig\u00e8ncies dels consumidors, anunciants i audi\u00e8ncies, amb especial atenci\u00f3 als lectors i els sectors econ\u00f2mics emergents, l&#8217;estudi de les tend\u00e8ncies i perspectives en el camp de la comunicaci\u00f3 a la Uni\u00f3 Europea, el seguiment dels mitjans de comunicaci\u00f3 tradicionals i electr\u00f2nics, l&#8217;an\u00e0lisi de la informaci\u00f3 sobre els productes en els mercats globals i locals, la comunicaci\u00f3 organitzacional i la gesti\u00f3 de crisi.<\/p>\n\n\n\n<p class=\"has-small-font-size\">El grup Nous Mitjans gestiona l&#8217;Observatori Europeu de Comunicaci\u00f3 Local i el Laboratori de projectes i d&#8217;elaboraci\u00f3 d&#8217;informaci\u00f3, que presta especial atenci\u00f3 als fluxos de la comunicaci\u00f3.<\/p>\n<\/div><\/div>\n\n\n\n<h2 class=\"wp-block-heading\"><strong>Director: <\/strong><\/h2>\n\n\n\n<p><a href=\"http:\/\/webs.uab.cat\/oic\/ca\/xose-lopez\">Dr Xos\u00e9 L\u00f3pez Garc\u00eda <\/a><\/p>\n\n\n\n<p>Universitat de Santiago de Compostela<\/p>\n\n\n\n<p>Facultat de Ci\u00e8ncies de la Comunicaci\u00f3<\/p>\n\n\n\n<p>Xose.lopez.garcia@usc.es<\/p>\n\n\n\n<p>&nbsp;<\/p>\n","protected":false},"excerpt":{"rendered":"<p>Nous Mitjans \u00e9s un grup d&#8217;investigaci\u00f3 adscrit a la Facultat de Ci\u00e8ncies de la Comunicaci\u00f3 de la Universitat de Santiago de Compostela. Les principals l\u00ednies de recerca del grup s\u00f3n els seg\u00fcents: la recerca de les noves exig\u00e8ncies dels consumidors, anunciants i audi\u00e8ncies, amb especial atenci\u00f3 als lectors i els sectors econ\u00f2mics emergents, l&#8217;estudi de [&hellip;]<\/p>\n","protected":false},"author":20,"featured_media":0,"parent":0,"menu_order":0,"comment_status":"closed","ping_status":"closed","template":"","meta":{"footnotes":""},"class_list":["post-373","page","type-page","status-publish","hentry"],"_links":{"self":[{"href":"https:\/\/webs.uab.cat\/oic\/wp-json\/wp\/v2\/pages\/373","targetHints":{"allow":["GET"]}}],"collection":[{"href":"https:\/\/webs.uab.cat\/oic\/wp-json\/wp\/v2\/pages"}],"about":[{"href":"https:\/\/webs.uab.cat\/oic\/wp-json\/wp\/v2\/types\/page"}],"author":[{"embeddable":true,"href":"https:\/\/webs.uab.cat\/oic\/wp-json\/wp\/v2\/users\/20"}],"replies":[{"embeddable":true,"href":"https:\/\/webs.uab.cat\/oic\/wp-json\/wp\/v2\/comments?post=373"}],"version-history":[{"count":1,"href":"https:\/\/webs.uab.cat\/oic\/wp-json\/wp\/v2\/pages\/373\/revisions"}],"predecessor-version":[{"id":2364,"href":"https:\/\/webs.uab.cat\/oic\/wp-json\/wp\/v2\/pages\/373\/revisions\/2364"}],"wp:attachment":[{"href":"https:\/\/webs.uab.cat\/oic\/wp-json\/wp\/v2\/media?parent=373"}],"curies":[{"name":"wp","href":"https:\/\/api.w.org\/{rel}","templated":true}]}}