{"id":374,"date":"2011-02-23T16:53:54","date_gmt":"2011-02-23T14:53:54","guid":{"rendered":"https:\/\/webs.uab.cat\/oic\/uciiimadrid\/"},"modified":"2022-10-05T12:59:38","modified_gmt":"2022-10-05T10:59:38","slug":"uciiimadrid","status":"publish","type":"page","link":"https:\/\/webs.uab.cat\/oic\/uciiimadrid\/","title":{"rendered":"Grup Periodisme i An\u00e0lisi Social: Evoluci\u00f3, Efectes i Tend\u00e8ncies (PASEET)"},"content":{"rendered":"\n<div class=\"wp-block-media-text alignwide is-stacked-on-mobile has-primary-background-color has-background\" style=\"grid-template-columns:24% auto\"><figure class=\"wp-block-media-text__media\"><img decoding=\"async\" src=\"http:\/\/centresderecerca.uab.cat\/oic\/sites\/centresderecerca.uab.cat.oic\/files\/images\/Universidad%20Carlos%20III%20de%20Madrid%20peque%C3%B1o_0.png\" alt=\"\"\/><\/figure><div class=\"wp-block-media-text__content\">\n<p class=\"has-small-font-size\">Aquest equip de la Universitat Carlos III de Madrid (UC3M) aborda an\u00e0lisis sistem\u00e0tiques sobre tend\u00e8ncies en el tractament de la informaci\u00f3 en el panorama medi\u00e0tic espanyol. Es tracta de l&#8217;an\u00e0lisi tant de les tend\u00e8ncies dels continguts, com del sistema organitzatiu de les redaccions, el tractament de la informaci\u00f3, la configuraci\u00f3 de les agendes medi\u00e0tiques (en aquest cas, previstes fonamentalment davant, o en conviv\u00e8ncia amb l&#8217;esfera p\u00fablica, civil i pol\u00edtica), l&#8217;acc\u00e9s a les fonts &#8230; Tot aix\u00f2, sense perjudici d&#8217;altres l\u00ednies complement\u00e0ries de recerca com ara els nous g\u00e8neres i estils, formats, disseny, usabilitat, perfil del periodista, sense oblidar, finalment, el propi ensenyament del periodisme digital.<\/p>\n<\/div><\/div>\n\n\n\n<p>El sorgiment de nous llenguatges de comunicaci\u00f3 i el tractament dels continguts period\u00edstics que es transmeten a trav\u00e9s de la Xarxa centrar\u00e0, per tant, la tasca del grup investigador, que es desenvolupar\u00e0 fonamentalment en els mitjans en espanyol. El grup realitzar\u00e0 un seguiment i an\u00e0lisi sistem\u00e0tics de la situaci\u00f3 i evoluci\u00f3 dels mitjans digitals, de les funcions i la formaci\u00f3 dels nous periodistes, aix\u00ed com dels nous llenguatges i codis de comunicaci\u00f3 en els continguts period\u00edstics en l\u00ednia, recollint alhora la informaci\u00f3 i el coneixement dels especialistes en la mat\u00e8ria.&nbsp;<\/p>\n\n\n\n<p>Es preten deduir com es treballa en la professi\u00f3, tant en els mitjans tradicionals com en la Xarxa Poder aix\u00ed analitzar els m\u00e8todes i les recerques de la informaci\u00f3, la presa de decisions, els temes tractats, la iniciativa de la cobertura period\u00edstica, la valoraci\u00f3 de les not\u00edcies, els g\u00e8neres utilitzats (aquest apartat es completar\u00e0 amb el de l&#8217;an\u00e0lisi dels canvis que la Xarxa introdueix en el camp dels g\u00e8neres), les fonts informatives, els personatges que apareixen a les not\u00edcies.<\/p>\n\n\n\n<h2 class=\"wp-block-heading\"><strong>Directora<\/strong><\/h2>\n\n\n\n<p><a href=\"http:\/\/webs.uab.cat\/oic\/ca\/pilardiezhandino\">Dra. Mar\u00eda del Pilar Diezhandino Nieto<\/a><\/p>\n\n\n\n<p>Universidad Carlos III de Madrid<\/p>\n\n\n\n<p>Facultad de Humanidades, Comunicaci\u00f3n y Documentaci\u00f3n<\/p>\n\n\n\n<p>pdnieto@hum.uc3m.es<\/p>\n\n\n\n<p>&nbsp;<\/p>\n","protected":false},"excerpt":{"rendered":"<p>Aquest equip de la Universitat Carlos III de Madrid (UC3M) aborda an\u00e0lisis sistem\u00e0tiques sobre tend\u00e8ncies en el tractament de la informaci\u00f3 en el panorama medi\u00e0tic espanyol. Es tracta de l&#8217;an\u00e0lisi tant de les tend\u00e8ncies dels continguts, com del sistema organitzatiu de les redaccions, el tractament de la informaci\u00f3, la configuraci\u00f3 de les agendes medi\u00e0tiques (en [&hellip;]<\/p>\n","protected":false},"author":20,"featured_media":0,"parent":0,"menu_order":0,"comment_status":"closed","ping_status":"closed","template":"","meta":{"footnotes":""},"class_list":["post-374","page","type-page","status-publish","hentry"],"_links":{"self":[{"href":"https:\/\/webs.uab.cat\/oic\/wp-json\/wp\/v2\/pages\/374","targetHints":{"allow":["GET"]}}],"collection":[{"href":"https:\/\/webs.uab.cat\/oic\/wp-json\/wp\/v2\/pages"}],"about":[{"href":"https:\/\/webs.uab.cat\/oic\/wp-json\/wp\/v2\/types\/page"}],"author":[{"embeddable":true,"href":"https:\/\/webs.uab.cat\/oic\/wp-json\/wp\/v2\/users\/20"}],"replies":[{"embeddable":true,"href":"https:\/\/webs.uab.cat\/oic\/wp-json\/wp\/v2\/comments?post=374"}],"version-history":[{"count":1,"href":"https:\/\/webs.uab.cat\/oic\/wp-json\/wp\/v2\/pages\/374\/revisions"}],"predecessor-version":[{"id":2376,"href":"https:\/\/webs.uab.cat\/oic\/wp-json\/wp\/v2\/pages\/374\/revisions\/2376"}],"wp:attachment":[{"href":"https:\/\/webs.uab.cat\/oic\/wp-json\/wp\/v2\/media?parent=374"}],"curies":[{"name":"wp","href":"https:\/\/api.w.org\/{rel}","templated":true}]}}