{"id":375,"date":"2011-02-23T16:53:12","date_gmt":"2011-02-23T14:53:12","guid":{"rendered":"https:\/\/webs.uab.cat\/oic\/ucmmadrid-0\/"},"modified":"2022-10-05T13:09:43","modified_gmt":"2022-10-05T11:09:43","slug":"ucmmadrid-0","status":"publish","type":"page","link":"https:\/\/webs.uab.cat\/oic\/ucmmadrid-0\/","title":{"rendered":"Grup d&#8217;An\u00e0lisi de la divulgaci\u00f3 cultural i cient\u00edfica en els mitjans de comunicaci\u00f3 social"},"content":{"rendered":"\n<div class=\"wp-block-media-text alignwide is-stacked-on-mobile has-primary-background-color has-background\" style=\"grid-template-columns:20% auto\"><figure class=\"wp-block-media-text__media\"><img decoding=\"async\" src=\"http:\/\/centresderecerca.uab.cat\/oic\/sites\/centresderecerca.uab.cat.oic\/files\/images\/Logo UCM.jpg \" alt=\" \"\/><\/figure><div class=\"wp-block-media-text__content\">\n<p class=\"has-small-font-size\">El grup recerca sobre l&#8217;An\u00e0lisi de la divulgaci\u00f3 cultural i cient\u00edfica en els mitjans de comunicaci\u00f3 social de la Universitat Complutense de Madrid, t\u00e9 entre els seus objectius espec\u00edfics l&#8217;An\u00e0lisi de contingut dels missatges period\u00edstics, el estudi de les Pol\u00edtiques p\u00fabliques d&#8217;impuls a la societat de la informaci\u00f3, la Informaci\u00f3 internacional i de conflictes com divulgaci\u00f3 cultural i ideol\u00f2gica, la Deontologia period\u00edstica, les relacions entre Comunicaci\u00f3, pol\u00edtica i cooperaci\u00f3 per al desenvolupament; i la Divulgaci\u00f3 de la ci\u00e8ncia i la tecnologia.<\/p>\n<\/div><\/div>\n\n\n\n<h2 class=\"wp-block-heading\"><strong>Directores<\/strong>:<\/h2>\n\n\n\n<p><a href=\"http:\/\/webs.uab.cat\/oic\/ca\/pinar-agudiez\">Dra. Pinar Agudiez<\/a><\/p>\n\n\n\n<p><a href=\"http:\/\/webs.uab.cat\/oic\/ca\/elena-real\">Dra Elena Reial<\/a><\/p>\n\n\n\n<p>Universitat Complutense de Madrid<\/p>\n\n\n\n<p>Facultat de Ci\u00e8ncies de la Informaci\u00f3<\/p>\n\n\n\n<p>pagudiez@ccinf.ucm.es<\/p>\n\n\n\n<p>ereal@ccinf.ucm.es<\/p>\n","protected":false},"excerpt":{"rendered":"<p>El grup recerca sobre l&#8217;An\u00e0lisi de la divulgaci\u00f3 cultural i cient\u00edfica en els mitjans de comunicaci\u00f3 social de la Universitat Complutense de Madrid, t\u00e9 entre els seus objectius espec\u00edfics l&#8217;An\u00e0lisi de contingut dels missatges period\u00edstics, el estudi de les Pol\u00edtiques p\u00fabliques d&#8217;impuls a la societat de la informaci\u00f3, la Informaci\u00f3 internacional i de conflictes com [&hellip;]<\/p>\n","protected":false},"author":20,"featured_media":0,"parent":0,"menu_order":0,"comment_status":"closed","ping_status":"closed","template":"","meta":{"footnotes":""},"class_list":["post-375","page","type-page","status-publish","hentry"],"_links":{"self":[{"href":"https:\/\/webs.uab.cat\/oic\/wp-json\/wp\/v2\/pages\/375","targetHints":{"allow":["GET"]}}],"collection":[{"href":"https:\/\/webs.uab.cat\/oic\/wp-json\/wp\/v2\/pages"}],"about":[{"href":"https:\/\/webs.uab.cat\/oic\/wp-json\/wp\/v2\/types\/page"}],"author":[{"embeddable":true,"href":"https:\/\/webs.uab.cat\/oic\/wp-json\/wp\/v2\/users\/20"}],"replies":[{"embeddable":true,"href":"https:\/\/webs.uab.cat\/oic\/wp-json\/wp\/v2\/comments?post=375"}],"version-history":[{"count":1,"href":"https:\/\/webs.uab.cat\/oic\/wp-json\/wp\/v2\/pages\/375\/revisions"}],"predecessor-version":[{"id":2394,"href":"https:\/\/webs.uab.cat\/oic\/wp-json\/wp\/v2\/pages\/375\/revisions\/2394"}],"wp:attachment":[{"href":"https:\/\/webs.uab.cat\/oic\/wp-json\/wp\/v2\/media?parent=375"}],"curies":[{"name":"wp","href":"https:\/\/api.w.org\/{rel}","templated":true}]}}