{"id":377,"date":"2011-02-18T20:50:11","date_gmt":"2011-02-18T18:50:11","guid":{"rendered":"https:\/\/webs.uab.cat\/oic\/grup-gii\/"},"modified":"2022-10-05T13:55:38","modified_gmt":"2022-10-05T11:55:38","slug":"grup-gii","status":"publish","type":"page","link":"https:\/\/webs.uab.cat\/oic\/grup-gii\/","title":{"rendered":"Grup d&#8217;Investigacions sobre la Informaci\u00f3"},"content":{"rendered":"\n<div class=\"wp-block-media-text alignwide is-stacked-on-mobile\" style=\"grid-template-columns:30% auto\"><figure class=\"wp-block-media-text__media\"><img decoding=\"async\" src=\"http:\/\/centresderecerca.uab.cat\/oic\/sites\/centresderecerca.uab.cat.oic\/files\/images\/Logo%20GII%20modificado.png\" alt=\"\"\/><\/figure><div class=\"wp-block-media-text__content\">\n<p class=\"has-small-font-size\"><strong>El Grup d&#8217;Investigacions sobre la Informaci\u00f3<\/strong> (<strong>GII<\/strong>) est\u00e0 adscrit a l&#8217;Observatori Iberoameric\u00e0 de la Comunicaci\u00f3 de la Universitat Aut\u00f2noma de Barcelona i integrat per professors investigadors de la de la informaci\u00f3 pertanyents a dues universitats espanyoles: la Universitat Aut\u00f2noma de Barcelona (Marcial Murciano, Carmina Crusafon, Olga Del R\u00edo, Carlos Gonz\u00e1lez-Saavedra i Fernando Sab\u00e9s) i la Universitat Complutense de Madrid (Pineda Agud\u00edez, Rafael D\u00edaz, Ram\u00f3n Garc\u00eda, Raquel Mart\u00ednez, Sergio Pr\u00edncipe i Elena Real) . El GII t\u00e9 experi\u00e8ncia en l&#8217;estudi de la cobertura de la cooperaci\u00f3 per al desenvolupament a la premsa de refer\u00e8ncia europea i col.labora amb l&#8217;ag\u00e8ncia internacional Inter Press Service (IPS) i amb l&#8217;Ag\u00e8ncia Espanyola de Cooperaci\u00f3 Internacional per al Desenvolupament (AECID).<\/p>\n<\/div><\/div>\n\n\n\n<p><\/p>\n","protected":false},"excerpt":{"rendered":"<p>El Grup d&#8217;Investigacions sobre la Informaci\u00f3 (GII) est\u00e0 adscrit a l&#8217;Observatori Iberoameric\u00e0 de la Comunicaci\u00f3 de la Universitat Aut\u00f2noma de Barcelona i integrat per professors investigadors de la de la informaci\u00f3 pertanyents a dues universitats espanyoles: la Universitat Aut\u00f2noma de Barcelona (Marcial Murciano, Carmina Crusafon, Olga Del R\u00edo, Carlos Gonz\u00e1lez-Saavedra i Fernando Sab\u00e9s) i la [&hellip;]<\/p>\n","protected":false},"author":20,"featured_media":0,"parent":0,"menu_order":0,"comment_status":"closed","ping_status":"closed","template":"","meta":{"footnotes":""},"class_list":["post-377","page","type-page","status-publish","hentry"],"_links":{"self":[{"href":"https:\/\/webs.uab.cat\/oic\/wp-json\/wp\/v2\/pages\/377","targetHints":{"allow":["GET"]}}],"collection":[{"href":"https:\/\/webs.uab.cat\/oic\/wp-json\/wp\/v2\/pages"}],"about":[{"href":"https:\/\/webs.uab.cat\/oic\/wp-json\/wp\/v2\/types\/page"}],"author":[{"embeddable":true,"href":"https:\/\/webs.uab.cat\/oic\/wp-json\/wp\/v2\/users\/20"}],"replies":[{"embeddable":true,"href":"https:\/\/webs.uab.cat\/oic\/wp-json\/wp\/v2\/comments?post=377"}],"version-history":[{"count":1,"href":"https:\/\/webs.uab.cat\/oic\/wp-json\/wp\/v2\/pages\/377\/revisions"}],"predecessor-version":[{"id":2468,"href":"https:\/\/webs.uab.cat\/oic\/wp-json\/wp\/v2\/pages\/377\/revisions\/2468"}],"wp:attachment":[{"href":"https:\/\/webs.uab.cat\/oic\/wp-json\/wp\/v2\/media?parent=377"}],"curies":[{"name":"wp","href":"https:\/\/api.w.org\/{rel}","templated":true}]}}