{"id":380,"date":"2011-02-23T17:03:06","date_gmt":"2011-02-23T15:03:06","guid":{"rendered":"https:\/\/webs.uab.cat\/oic\/aecid-madrid\/"},"modified":"2022-10-05T14:11:03","modified_gmt":"2022-10-05T12:11:03","slug":"aecid-madrid","status":"publish","type":"page","link":"https:\/\/webs.uab.cat\/oic\/aecid-madrid\/","title":{"rendered":"Ag\u00e8ncia Espanyola de Cooperaci\u00f3 Internacional per al Desenvolupament (AECID)"},"content":{"rendered":"\n<div class=\"wp-block-media-text alignwide is-stacked-on-mobile has-primary-background-color has-background\" style=\"grid-template-columns:30% auto\"><figure class=\"wp-block-media-text__media\"><img decoding=\"async\" src=\"http:\/\/centresderecerca.uab.cat\/oic\/sites\/centresderecerca.uab.cat.oic\/files\/images\/logo_aecid_0_0.jpg\" alt=\"\"\/><\/figure><div class=\"wp-block-media-text__content\">\n<p class=\"has-small-font-size\">l&#8217;Ag\u00e8ncia Espanyola de Cooperaci\u00f3 Internacional per al Desenvolupament (AECID), \u00e9s una entitat de dret p\u00fablic adscrita al Ministeri d&#8217;Afers Exteriors i de Cooperaci\u00f3 a trav\u00e9s de la Secretaria d&#8217;Estat d&#8217;Cooperaci\u00f3 Internacional (SECI).<\/p>\n<\/div><\/div>\n\n\n\n<p>\u00c9s, com estableix la Llei 23\/1998, de 7 de juliol, de cooperaci\u00f3 internacional per al Desenvolupament, l&#8217;\u00f2rgan de gesti\u00f3 de la pol\u00edtica espanyola de cooperaci\u00f3 internacional per al desenvolupament, i el seu objecte, segons l&#8217;Estatut de l&#8217;Ag\u00e8ncia Espanyola de Cooperaci\u00f3 internacional per al desenvolupament, \u00e9s el foment, la gesti\u00f3 i l&#8217;execuci\u00f3 de les pol\u00edtiques p\u00fabliques de cooperaci\u00f3 internacional per al desenvolupament, dirigides a la lluita contra la pobresa i la consecuci\u00f3 d&#8217;un desenvolupament hum\u00e0 sostenible en els pa\u00efsos en desenvolupament, particularment els recollits en el Pla Director en vigor cada quatre a\u00f1os.La lluita contra la pobresa \u00e9s l&#8217;objectiu final de la pol\u00edtica espanyola de cooperaci\u00f3 internacional per al desenvolupament. Aquesta, \u00e9s part de l&#8217;acci\u00f3 exterior de l&#8217;Estat i est\u00e0 basada en una concepci\u00f3 interdependent i solid\u00e0ria de la societat internacional.<\/p>\n","protected":false},"excerpt":{"rendered":"<p>l&#8217;Ag\u00e8ncia Espanyola de Cooperaci\u00f3 Internacional per al Desenvolupament (AECID), \u00e9s una entitat de dret p\u00fablic adscrita al Ministeri d&#8217;Afers Exteriors i de Cooperaci\u00f3 a trav\u00e9s de la Secretaria d&#8217;Estat d&#8217;Cooperaci\u00f3 Internacional (SECI). \u00c9s, com estableix la Llei 23\/1998, de 7 de juliol, de cooperaci\u00f3 internacional per al Desenvolupament, l&#8217;\u00f2rgan de gesti\u00f3 de la pol\u00edtica espanyola [&hellip;]<\/p>\n","protected":false},"author":20,"featured_media":0,"parent":0,"menu_order":0,"comment_status":"closed","ping_status":"closed","template":"","meta":{"footnotes":""},"class_list":["post-380","page","type-page","status-publish","hentry"],"_links":{"self":[{"href":"https:\/\/webs.uab.cat\/oic\/wp-json\/wp\/v2\/pages\/380","targetHints":{"allow":["GET"]}}],"collection":[{"href":"https:\/\/webs.uab.cat\/oic\/wp-json\/wp\/v2\/pages"}],"about":[{"href":"https:\/\/webs.uab.cat\/oic\/wp-json\/wp\/v2\/types\/page"}],"author":[{"embeddable":true,"href":"https:\/\/webs.uab.cat\/oic\/wp-json\/wp\/v2\/users\/20"}],"replies":[{"embeddable":true,"href":"https:\/\/webs.uab.cat\/oic\/wp-json\/wp\/v2\/comments?post=380"}],"version-history":[{"count":1,"href":"https:\/\/webs.uab.cat\/oic\/wp-json\/wp\/v2\/pages\/380\/revisions"}],"predecessor-version":[{"id":2474,"href":"https:\/\/webs.uab.cat\/oic\/wp-json\/wp\/v2\/pages\/380\/revisions\/2474"}],"wp:attachment":[{"href":"https:\/\/webs.uab.cat\/oic\/wp-json\/wp\/v2\/media?parent=380"}],"curies":[{"name":"wp","href":"https:\/\/api.w.org\/{rel}","templated":true}]}}