{"id":381,"date":"2011-02-23T17:03:38","date_gmt":"2011-02-23T15:03:38","guid":{"rendered":"https:\/\/webs.uab.cat\/oic\/ips-roma\/"},"modified":"2022-10-05T14:12:20","modified_gmt":"2022-10-05T12:12:20","slug":"ips-roma","status":"publish","type":"page","link":"https:\/\/webs.uab.cat\/oic\/ips-roma\/","title":{"rendered":"Ag\u00e8ncia IPS-Inter Press Service"},"content":{"rendered":"\n<div class=\"wp-block-media-text alignwide is-stacked-on-mobile has-primary-background-color has-background\" style=\"grid-template-columns:30% auto\"><figure class=\"wp-block-media-text__media\"><img decoding=\"async\" src=\"http:\/\/centresderecerca.uab.cat\/oic\/sites\/centresderecerca.uab.cat.oic\/files\/images\/Logo IPS_0.jpg\" alt=\"\"\/><\/figure><div class=\"wp-block-media-text__content\">\n<p class=\"has-small-font-size\">l&#8217;Ag\u00e8ncia de Not\u00edcies Inter Press Service (IPS), la principal font mundial d&#8217;informaci\u00f3 sobre temes globals, compta amb el suport d&#8217;una xarxa de periodistes en m\u00e9s de 100 pa\u00efsos. Els seus clients inclouen a 3.000 mitjans de comunicaci\u00f3 i desenes de milers de grups de la societat civil, acad\u00e8mics i altres usuaris.<\/p>\n<\/div><\/div>\n\n\n\n<p>IPS proporciona an\u00e0lisi i comentaris de periodistes i experts sobre els esdeveniments i processos globals que afecten el desenvolupament econ\u00f2mic, social i pol\u00edtic dels pobles i les nacions, particularment al Sud. Les notes d&#8217;IPS analitzen els principals fets del dia i expliquen com i per qu\u00e8 succeeixen els esdeveniments. Els principals temes globals que cobreix IPS inclouen: Medi Ambient, Desenvolupament, Drets Humans, Cultura, Integraci\u00f3, Agricultura, Economia i Pol\u00edtica.<\/p>\n\n\n\n<p>IPS concentra la seva cobertura de not\u00edcies en els esdeveniments i processos globals que afecten el desenvolupament econ\u00f2mic, social i pol\u00edtic dels pobles i les nacions.<\/p>\n","protected":false},"excerpt":{"rendered":"<p>l&#8217;Ag\u00e8ncia de Not\u00edcies Inter Press Service (IPS), la principal font mundial d&#8217;informaci\u00f3 sobre temes globals, compta amb el suport d&#8217;una xarxa de periodistes en m\u00e9s de 100 pa\u00efsos. Els seus clients inclouen a 3.000 mitjans de comunicaci\u00f3 i desenes de milers de grups de la societat civil, acad\u00e8mics i altres usuaris. IPS proporciona an\u00e0lisi i [&hellip;]<\/p>\n","protected":false},"author":20,"featured_media":0,"parent":0,"menu_order":0,"comment_status":"closed","ping_status":"closed","template":"","meta":{"footnotes":""},"class_list":["post-381","page","type-page","status-publish","hentry"],"_links":{"self":[{"href":"https:\/\/webs.uab.cat\/oic\/wp-json\/wp\/v2\/pages\/381","targetHints":{"allow":["GET"]}}],"collection":[{"href":"https:\/\/webs.uab.cat\/oic\/wp-json\/wp\/v2\/pages"}],"about":[{"href":"https:\/\/webs.uab.cat\/oic\/wp-json\/wp\/v2\/types\/page"}],"author":[{"embeddable":true,"href":"https:\/\/webs.uab.cat\/oic\/wp-json\/wp\/v2\/users\/20"}],"replies":[{"embeddable":true,"href":"https:\/\/webs.uab.cat\/oic\/wp-json\/wp\/v2\/comments?post=381"}],"version-history":[{"count":1,"href":"https:\/\/webs.uab.cat\/oic\/wp-json\/wp\/v2\/pages\/381\/revisions"}],"predecessor-version":[{"id":2477,"href":"https:\/\/webs.uab.cat\/oic\/wp-json\/wp\/v2\/pages\/381\/revisions\/2477"}],"wp:attachment":[{"href":"https:\/\/webs.uab.cat\/oic\/wp-json\/wp\/v2\/media?parent=381"}],"curies":[{"name":"wp","href":"https:\/\/api.w.org\/{rel}","templated":true}]}}