{"id":382,"date":"2011-02-18T20:52:57","date_gmt":"2011-02-18T18:52:57","guid":{"rendered":"https:\/\/webs.uab.cat\/oic\/red-vitalis\/"},"modified":"2022-10-05T14:17:14","modified_gmt":"2022-10-05T12:17:14","slug":"red-vitalis","status":"publish","type":"page","link":"https:\/\/webs.uab.cat\/oic\/red-vitalis\/","title":{"rendered":"Xarxa VIT@LIS"},"content":{"rendered":"\n<div class=\"wp-block-media-text alignwide is-stacked-on-mobile\" style=\"grid-template-columns:25% auto\"><figure class=\"wp-block-media-text__media\"><img decoding=\"async\" src=\"http:\/\/centresderecerca.uab.cat\/oic\/sites\/centresderecerca.uab.cat.oic\/files\/images\/Red Vitalis_0.jpg\" alt=\"Red Vit@lis\"\/><\/figure><div class=\"wp-block-media-text__content\">\n<p class=\"has-normal-font-size\">L&#8217;Observatori Iberoameric\u00e0 de la Comunicaci\u00f3 (OIC) participa de la Xarxa Vit@lis (Xarxa Europa-Am\u00e8rica Llatina i el Carib per a la Societat de la Informaci\u00f3). Es tracta d&#8217;una iniciativa de sostenibilitat del programa @LIS, una comunitat de col laboraci\u00f3, integraci\u00f3 i inclusi\u00f3 digital entre Europa i Iberoam\u00e8rica. Entre els seus principals \u00e0mbits d&#8217;actuaci\u00f3 estan: la inclusi\u00f3 social i digital, la innovaci\u00f3 en totes les seves dimensions (tecnol\u00f2gica, social, econ\u00f2mica i institucional), des de la recerca fins a l&#8217;aplicaci\u00f3 a les comunitats locals.<\/p>\n<\/div><\/div>\n\n\n\n<p><\/p>\n","protected":false},"excerpt":{"rendered":"<p>L&#8217;Observatori Iberoameric\u00e0 de la Comunicaci\u00f3 (OIC) participa de la Xarxa Vit@lis (Xarxa Europa-Am\u00e8rica Llatina i el Carib per a la Societat de la Informaci\u00f3). Es tracta d&#8217;una iniciativa de sostenibilitat del programa @LIS, una comunitat de col laboraci\u00f3, integraci\u00f3 i inclusi\u00f3 digital entre Europa i Iberoam\u00e8rica. Entre els seus principals \u00e0mbits d&#8217;actuaci\u00f3 estan: la inclusi\u00f3 [&hellip;]<\/p>\n","protected":false},"author":20,"featured_media":0,"parent":0,"menu_order":0,"comment_status":"closed","ping_status":"closed","template":"","meta":{"footnotes":""},"class_list":["post-382","page","type-page","status-publish","hentry"],"_links":{"self":[{"href":"https:\/\/webs.uab.cat\/oic\/wp-json\/wp\/v2\/pages\/382","targetHints":{"allow":["GET"]}}],"collection":[{"href":"https:\/\/webs.uab.cat\/oic\/wp-json\/wp\/v2\/pages"}],"about":[{"href":"https:\/\/webs.uab.cat\/oic\/wp-json\/wp\/v2\/types\/page"}],"author":[{"embeddable":true,"href":"https:\/\/webs.uab.cat\/oic\/wp-json\/wp\/v2\/users\/20"}],"replies":[{"embeddable":true,"href":"https:\/\/webs.uab.cat\/oic\/wp-json\/wp\/v2\/comments?post=382"}],"version-history":[{"count":2,"href":"https:\/\/webs.uab.cat\/oic\/wp-json\/wp\/v2\/pages\/382\/revisions"}],"predecessor-version":[{"id":2486,"href":"https:\/\/webs.uab.cat\/oic\/wp-json\/wp\/v2\/pages\/382\/revisions\/2486"}],"wp:attachment":[{"href":"https:\/\/webs.uab.cat\/oic\/wp-json\/wp\/v2\/media?parent=382"}],"curies":[{"name":"wp","href":"https:\/\/api.w.org\/{rel}","templated":true}]}}