{"id":383,"date":"2011-02-22T17:09:07","date_gmt":"2011-02-22T15:09:07","guid":{"rendered":"https:\/\/webs.uab.cat\/oic\/universidadaustral\/"},"modified":"2022-10-05T13:27:58","modified_gmt":"2022-10-05T11:27:58","slug":"universidadaustral","status":"publish","type":"page","link":"https:\/\/webs.uab.cat\/oic\/universidadaustral\/","title":{"rendered":"Centre d&#8217;Estudis en Comunicaci\u00f3 Aplicada (CECAP)"},"content":{"rendered":"\n<div class=\"wp-block-media-text alignwide is-stacked-on-mobile has-primary-background-color has-background\" style=\"grid-template-columns:25% auto\"><figure class=\"wp-block-media-text__media\"><img decoding=\"async\" src=\"http:\/\/centresderecerca.uab.cat\/oic\/sites\/centresderecerca.uab.cat.oic\/files\/images\/Universidad%20Austral%20con%20texto%20horizontal.jpg\" alt=\"\"\/><\/figure><div class=\"wp-block-media-text__content\">\n<p class=\"has-small-font-size\">El CECAP \u00e9s un centre orientat a investigar, assessorar i capacitar, des de la recerca i la doc\u00e8ncia universit\u00e0ries, sobre q\u00fcestions de comunicaci\u00f3 p\u00fablica. Cerca incidir en la generaci\u00f3 de pol\u00edtiques justes que provoquin canvis positius en la societat argentina.<\/p>\n<\/div><\/div>\n\n\n\n<p>Objectius:-Exposar i presentar una an\u00e0lisi estrat\u00e8gica i estructural de la comunicaci\u00f3 p\u00fablica de l&#8217;Argentina i d&#8217;Am\u00e8rica Llatina. -Expandir la investigaci\u00f3 sobre q\u00fcestions de comunicaci\u00f3 amb conseq\u00fc\u00e8ncies socials, pol\u00edtiques, culturals i existencials en l&#8217;\u00e0mbit de l&#8217;Argentina i d&#8217;Am\u00e8rica Llatina, des d&#8217;una concepci\u00f3 cristiana i realista. -Transformar-se en un referent de consulta per la millora de la qualitat de les pol\u00edtiques p\u00fabliques, de les estrat\u00e8gies empresarials i de les pr\u00e0ctiques de responsabilitat social. -Generar un espai de reflexi\u00f3 que permeti transformar les grans idees en pr\u00e0ctiques de gesti\u00f3 aplicables.<\/p>\n\n\n\n<p>El CECAP divideix el seu \u00e0mbit d&#8217;estudi en dues grans \u00e0rees:<\/p>\n\n\n\n<p><strong>\u00c0rea de Comunicaci\u00f3 Corporativa<\/strong>: L&#8217;objectiu \u00e9s obtenir una massa cr\u00edtica d&#8217;informaci\u00f3 emp\u00edrica que permeti con\u00e8ixer de manera rigorosa el rol de les comunicacions com a part dels processos de gesti\u00f3 de les organitzacions, per contribuir, amb aquest coneixement, a identificar les solucions que la comunicaci\u00f3 pot generar als problemes de <em>management.<\/em><\/p>\n\n\n\n<p><em><strong>\u00c0rea de Mitjans<\/strong>: L&#8217;objectiu \u00e9s obtenir una massa cr\u00edtica d&#8217;informaci\u00f3 emp\u00edrica per a generar models, \u00edndexs, criteris, tipologies, entre altres resultats, que permetin con\u00e8ixer de manera rigorosa els continguts i la forma d&#8217;operar dels mitjans, per contribuir amb aquest coneixement a millorar el seu rol en la gesti\u00f3 dels problemes socials.<\/em><\/p>\n\n\n\n<h2 class=\"wp-block-heading\">Director<\/h2>\n\n\n\n<p><em><a href=\"http:\/\/webs.uab.cat\/oic\/ca\/damianfernandez\">Dr. Dami\u00e1n Fern\u00e1ndez Pedemonte<\/a><\/em><\/p>\n\n\n\n<p><em>Universidad Austral<\/em><\/p>\n\n\n\n<p><em>Facultad de Comunicaci\u00f3n<\/em><\/p>\n\n\n\n<p><em><a href=\"mailto:DFernandez@austral.edu.ar\">DFernandez@austral.edu.ar<\/a><\/em><\/p>\n","protected":false},"excerpt":{"rendered":"<p>El CECAP \u00e9s un centre orientat a investigar, assessorar i capacitar, des de la recerca i la doc\u00e8ncia universit\u00e0ries, sobre q\u00fcestions de comunicaci\u00f3 p\u00fablica. Cerca incidir en la generaci\u00f3 de pol\u00edtiques justes que provoquin canvis positius en la societat argentina. Objectius:-Exposar i presentar una an\u00e0lisi estrat\u00e8gica i estructural de la comunicaci\u00f3 p\u00fablica de l&#8217;Argentina i [&hellip;]<\/p>\n","protected":false},"author":20,"featured_media":0,"parent":0,"menu_order":0,"comment_status":"closed","ping_status":"closed","template":"","meta":{"footnotes":""},"class_list":["post-383","page","type-page","status-publish","hentry"],"_links":{"self":[{"href":"https:\/\/webs.uab.cat\/oic\/wp-json\/wp\/v2\/pages\/383","targetHints":{"allow":["GET"]}}],"collection":[{"href":"https:\/\/webs.uab.cat\/oic\/wp-json\/wp\/v2\/pages"}],"about":[{"href":"https:\/\/webs.uab.cat\/oic\/wp-json\/wp\/v2\/types\/page"}],"author":[{"embeddable":true,"href":"https:\/\/webs.uab.cat\/oic\/wp-json\/wp\/v2\/users\/20"}],"replies":[{"embeddable":true,"href":"https:\/\/webs.uab.cat\/oic\/wp-json\/wp\/v2\/comments?post=383"}],"version-history":[{"count":2,"href":"https:\/\/webs.uab.cat\/oic\/wp-json\/wp\/v2\/pages\/383\/revisions"}],"predecessor-version":[{"id":2430,"href":"https:\/\/webs.uab.cat\/oic\/wp-json\/wp\/v2\/pages\/383\/revisions\/2430"}],"wp:attachment":[{"href":"https:\/\/webs.uab.cat\/oic\/wp-json\/wp\/v2\/media?parent=383"}],"curies":[{"name":"wp","href":"https:\/\/api.w.org\/{rel}","templated":true}]}}