{"id":384,"date":"2011-09-20T15:52:22","date_gmt":"2011-09-20T13:52:22","guid":{"rendered":"https:\/\/webs.uab.cat\/oic\/udp-chile\/"},"modified":"2011-09-20T15:52:22","modified_gmt":"2011-09-20T13:52:22","slug":"udp-chile","status":"publish","type":"page","link":"https:\/\/webs.uab.cat\/oic\/udp-chile\/","title":{"rendered":"Centre de Recerca en Comunicaci\u00f3, Educaci\u00f3 i Ciutadania"},"content":{"rendered":"<p><img loading=\"lazy\" decoding=\"async\" alt=\"\" height=\"125\" src=\"http:\/\/centresderecerca.uab.cat\/oic\/sites\/centresderecerca.uab.cat.oic\/files\/images\/Logo%20UDP.JPG\" style=\"float:left\" width=\"406\" \/><\/p>\n<p class=\"rtejustify\">El Magister Internacional en Comunicaci\u00f3 de la Universitat Diego Portales (Santiago de Xile) t\u00e9 dues \u00e0rees de treball docent: Comunicaci\u00f3 Estrat\u00e8gica i Educaci\u00f3 i Cultura. En aquests \u00e0mbits hi participen docents i investigadors de diverses universitats iberoamericanes. Com a fonament i suport a aquesta funci\u00f3 es crea el <strong>Centre de Recerca en Comunicaci\u00f3, Educaci\u00f3 i Ciutadania<\/strong> t\u00e9 com a finalitat investigar i difondre coneixements especialitzats que contribueixin al debat cient\u00edfic ia la consolidaci\u00f3 del camp d&#8217;estudi. Per al bienni del 2010-2011 es treballa espec\u00edficament en el tema Empoderament comunicacional i Ciutadania. Les primeres conclusions d&#8217;aquesta l\u00ednia de treball poden trobar-se en l&#8217;article <em>Empoderament comunicacional: compet\u00e8ncies narratives dels subjectes<\/em> reci\u00e9n publicat a la <a href=\"http:\/\/www.revistacomunicar.com\/index.php?contenido=revista&amp;numero=actual\">Revista Cient\u00edfica Comunicar n\u00b0 36<\/a>.<\/p>\n<p class=\"rtejustify\"><strong>Director:<\/strong><\/p>\n<p class=\"rtejustify\"><a href=\"http:\/\/centresderecerca.uab.cat\/oic\/content\/claudioavendano\">Dr. Claudio Avenda\u00f1o<\/a><\/p>\n<p class=\"rtejustify\">Universidad Diego Portales<\/p>\n<p class=\"rtejustify\">Facultad de Comunicaci\u00f3n y Letras<\/p>\n<p class=\"rtejustify\">claudio.avendano@udp.cl<\/p>\n<p class=\"rtejustify\">&nbsp;<\/p>\n","protected":false},"excerpt":{"rendered":"<p>El Magister Internacional en Comunicaci\u00f3 de la Universitat Diego Portales (Santiago de Xile) t\u00e9 dues \u00e0rees de treball docent: Comunicaci\u00f3 Estrat\u00e8gica i Educaci\u00f3 i Cultura. En aquests \u00e0mbits hi participen docents i investigadors de diverses universitats iberoamericanes. Com a fonament i suport a aquesta funci\u00f3 es crea el Centre de Recerca en Comunicaci\u00f3, Educaci\u00f3 i [&hellip;]<\/p>\n","protected":false},"author":20,"featured_media":0,"parent":0,"menu_order":0,"comment_status":"closed","ping_status":"closed","template":"","meta":{"footnotes":""},"class_list":["post-384","page","type-page","status-publish","hentry"],"_links":{"self":[{"href":"https:\/\/webs.uab.cat\/oic\/wp-json\/wp\/v2\/pages\/384","targetHints":{"allow":["GET"]}}],"collection":[{"href":"https:\/\/webs.uab.cat\/oic\/wp-json\/wp\/v2\/pages"}],"about":[{"href":"https:\/\/webs.uab.cat\/oic\/wp-json\/wp\/v2\/types\/page"}],"author":[{"embeddable":true,"href":"https:\/\/webs.uab.cat\/oic\/wp-json\/wp\/v2\/users\/20"}],"replies":[{"embeddable":true,"href":"https:\/\/webs.uab.cat\/oic\/wp-json\/wp\/v2\/comments?post=384"}],"version-history":[{"count":0,"href":"https:\/\/webs.uab.cat\/oic\/wp-json\/wp\/v2\/pages\/384\/revisions"}],"wp:attachment":[{"href":"https:\/\/webs.uab.cat\/oic\/wp-json\/wp\/v2\/media?parent=384"}],"curies":[{"name":"wp","href":"https:\/\/api.w.org\/{rel}","templated":true}]}}