{"id":386,"date":"2011-09-20T15:54:45","date_gmt":"2011-09-20T13:54:45","guid":{"rendered":"https:\/\/webs.uab.cat\/oic\/unam\/"},"modified":"2011-09-20T15:54:45","modified_gmt":"2011-09-20T13:54:45","slug":"unam","status":"publish","type":"page","link":"https:\/\/webs.uab.cat\/oic\/unam\/","title":{"rendered":"Grup de Recerca Acad\u00e8mica en Teories de la Comunicaci\u00f3 (GIATCOM-UACM)"},"content":{"rendered":"<p><img loading=\"lazy\" decoding=\"async\" alt=\"\" height=\"139\" src=\"http:\/\/centresderecerca.uab.cat\/oic\/sites\/centresderecerca.uab.cat.oic\/files\/images\/logoUACM.jpg\" style=\"float:left\" width=\"234\" \/><\/p>\n<p class=\"rtejustify\">El Grup de Recerca Acad\u00e8mica en Teories de la Comunicaci\u00f3 de la Universitat Aut\u00f2noma de la Ciutat de M\u00e8xic t\u00e9 com a objectiu fonamental indagar en els sistemes de formaci\u00f3 en les llicenciatures i postgraus en comunicaci\u00f3. El grup treballa en dues vessants cient\u00edfiques: 1) La reflexi\u00f3 sobre la teoria de la comunicaci\u00f3 per se, en el marc acad\u00e8mic i educatiu, i 2) La sistematitzaci\u00f3 de les experi\u00e8ncies de l&#8217;ensenyament de les teories de la comunicaci\u00f3 a M\u00e8xic, \u00e9s a dir , la recerca documental i de camp al voltant de com s&#8217;ha format als estudiants en teoria de la comunicaci\u00f3, i quin paper juguen les teories en la formaci\u00f3 global dels comunic\u00f2legs. El treball d&#8217;aquest nucli d&#8217;investigadors entronca amb els objectius de la Xarxa RIEC per observar, sistematitzar i difondre l&#8217;estat de la recerca en comunicaci\u00f3 a Iberoam\u00e8rica, fent \u00e8mfasi no nom\u00e9s en la vessant investigadora sin\u00f3 tamb\u00e9 en el vessant docent del camp de la comunicaci\u00f3.<\/p>\n<p class=\"rtejustify\">Directora:<\/p>\n<p class=\"rtejustify\"><a href=\"http:\/\/centresderecerca.uab.cat\/oic\/ca\/content\/martarizo\">Dra Marta Rizo Garc\u00eda <\/a><\/p>\n<p class=\"rtejustify\">Universitat Aut\u00f2noma de la Ciutat de M\u00e8xic<\/p>\n<p class=\"rtejustify\">marta.rizo@uacm.edu.mx<\/p>\n<p class=\"rtejustify\">&nbsp;<\/p>\n","protected":false},"excerpt":{"rendered":"<p>El Grup de Recerca Acad\u00e8mica en Teories de la Comunicaci\u00f3 de la Universitat Aut\u00f2noma de la Ciutat de M\u00e8xic t\u00e9 com a objectiu fonamental indagar en els sistemes de formaci\u00f3 en les llicenciatures i postgraus en comunicaci\u00f3. El grup treballa en dues vessants cient\u00edfiques: 1) La reflexi\u00f3 sobre la teoria de la comunicaci\u00f3 per se, [&hellip;]<\/p>\n","protected":false},"author":20,"featured_media":0,"parent":0,"menu_order":0,"comment_status":"closed","ping_status":"closed","template":"","meta":{"footnotes":""},"class_list":["post-386","page","type-page","status-publish","hentry"],"_links":{"self":[{"href":"https:\/\/webs.uab.cat\/oic\/wp-json\/wp\/v2\/pages\/386","targetHints":{"allow":["GET"]}}],"collection":[{"href":"https:\/\/webs.uab.cat\/oic\/wp-json\/wp\/v2\/pages"}],"about":[{"href":"https:\/\/webs.uab.cat\/oic\/wp-json\/wp\/v2\/types\/page"}],"author":[{"embeddable":true,"href":"https:\/\/webs.uab.cat\/oic\/wp-json\/wp\/v2\/users\/20"}],"replies":[{"embeddable":true,"href":"https:\/\/webs.uab.cat\/oic\/wp-json\/wp\/v2\/comments?post=386"}],"version-history":[{"count":0,"href":"https:\/\/webs.uab.cat\/oic\/wp-json\/wp\/v2\/pages\/386\/revisions"}],"wp:attachment":[{"href":"https:\/\/webs.uab.cat\/oic\/wp-json\/wp\/v2\/media?parent=386"}],"curies":[{"name":"wp","href":"https:\/\/api.w.org\/{rel}","templated":true}]}}