{"id":387,"date":"2011-02-22T17:24:36","date_gmt":"2011-02-22T15:24:36","guid":{"rendered":"https:\/\/webs.uab.cat\/oic\/upr\/"},"modified":"2022-10-05T13:46:32","modified_gmt":"2022-10-05T11:46:32","slug":"upr","status":"publish","type":"page","link":"https:\/\/webs.uab.cat\/oic\/upr\/","title":{"rendered":"Centre d&#8217;Investigacions en Comunicaci\u00f3 (CICOM)"},"content":{"rendered":"\n<div class=\"wp-block-media-text alignwide is-stacked-on-mobile has-primary-background-color has-background\" style=\"grid-template-columns:20% auto\"><figure class=\"wp-block-media-text__media\"><img decoding=\"async\" src=\"http:\/\/centresderecerca.uab.cat\/oic\/sites\/centresderecerca.uab.cat.oic\/files\/images\/UPR.png\" alt=\"\"\/><\/figure><div class=\"wp-block-media-text__content\">\n<p class=\"has-small-font-size\">El Centre d&#8217;Investigacions en Comunicaci\u00f3 (CICOM), adscrit a l&#8217;Escola de Comunicaci\u00f3 i dirigit per la Dra. Silvia \u00c1lvarez Curbelo, t\u00e9 com a objectiu l&#8217;est\u00edmul de la investigaci\u00f3 com a eina de creaci\u00f3 de coneixement en aquest camp.<\/p>\n<\/div><\/div>\n\n\n\n<p>El CICOM ofereix els seg\u00fcents serveis a la comunitat universit\u00e0ria: 1) Tallers dirigits principalment als estudiants de batxillerat sobre com investigar i sobre t\u00e8cniques d&#8217;investigaci\u00f3 en periodisme, i 2) Assist\u00e8ncia a l&#8217;estudiant sobre el proc\u00e9s de planificaci\u00f3 i execuci\u00f3 d&#8217;investigacions segons especifica el manual d&#8217;estil de la <em>American Psychological Association<\/em> (APA).<\/p>\n\n\n\n<p>La funci\u00f3 principal de l&#8217;CICOM \u00e9s realitzar projectes de recerca tant per part del personal docent, com dels estudiants de postgrau. Els resultats d&#8217;aquestes investigacions han estat difosos com llibres, cap\u00edtols de llibres, pon\u00e8ncies en congressos internacionals, entre altres projectes. Entre d&#8217;altres investigacions, poden consultar: <em>Violencia medi\u00e1tica: antagonismos y agonismos en los medios de comunicaci\u00f3n en Puerto Rico<\/em> (Silvia Alvarez Curbelo), Comunicaci\u00f3n y Exclusi\u00f3n en la Ciudad. Vida cotidiana en el residencial p\u00fablico de Puerto Rico (Guadalupe Escalante, Yomarie Garc\u00eda, Yolanda Toro y Javier Valent\u00edn); <em>La Violencia en Puerto Rico y su cobertura medi\u00e1tica: Conversaciones entre los comunicadores y la Academia<\/em> (Silvia Alvarez Curbelo); <em>Convergencias, interactividad y multimedialidad en el campo period\u00edstico puertorrique\u00f1o. La cobertura de la campa\u00f1a electoral 2008<\/em> (Jorge Santiago Pintor y Mario Roche Morales).<\/p>\n\n\n\n<h2 class=\"wp-block-heading\"><strong>Directora<\/strong><\/h2>\n\n\n\n<p><a href=\"http:\/\/webs.uab.cat\/oic\/ca\/silvia-alvarez-curbelo\">Dra. Silvia \u00c1lvarez Curbelo<\/a><\/p>\n\n\n\n<p>Universidad de Puerto Rico<\/p>\n\n\n\n<p>Escuela de Comunicaci\u00f3n<\/p>\n\n\n\n<p><a href=\"mailto:salvarezcurbelo@gmail.com\">salvarezcurbelo@gmail.com<\/a><\/p>\n\n\n\n<p>&nbsp;<\/p>\n\n\n\n<p>&nbsp;<\/p>\n","protected":false},"excerpt":{"rendered":"<p>El Centre d&#8217;Investigacions en Comunicaci\u00f3 (CICOM), adscrit a l&#8217;Escola de Comunicaci\u00f3 i dirigit per la Dra. Silvia \u00c1lvarez Curbelo, t\u00e9 com a objectiu l&#8217;est\u00edmul de la investigaci\u00f3 com a eina de creaci\u00f3 de coneixement en aquest camp. El CICOM ofereix els seg\u00fcents serveis a la comunitat universit\u00e0ria: 1) Tallers dirigits principalment als estudiants de batxillerat [&hellip;]<\/p>\n","protected":false},"author":20,"featured_media":0,"parent":0,"menu_order":0,"comment_status":"closed","ping_status":"closed","template":"","meta":{"footnotes":""},"class_list":["post-387","page","type-page","status-publish","hentry"],"_links":{"self":[{"href":"https:\/\/webs.uab.cat\/oic\/wp-json\/wp\/v2\/pages\/387","targetHints":{"allow":["GET"]}}],"collection":[{"href":"https:\/\/webs.uab.cat\/oic\/wp-json\/wp\/v2\/pages"}],"about":[{"href":"https:\/\/webs.uab.cat\/oic\/wp-json\/wp\/v2\/types\/page"}],"author":[{"embeddable":true,"href":"https:\/\/webs.uab.cat\/oic\/wp-json\/wp\/v2\/users\/20"}],"replies":[{"embeddable":true,"href":"https:\/\/webs.uab.cat\/oic\/wp-json\/wp\/v2\/comments?post=387"}],"version-history":[{"count":2,"href":"https:\/\/webs.uab.cat\/oic\/wp-json\/wp\/v2\/pages\/387\/revisions"}],"predecessor-version":[{"id":2442,"href":"https:\/\/webs.uab.cat\/oic\/wp-json\/wp\/v2\/pages\/387\/revisions\/2442"}],"wp:attachment":[{"href":"https:\/\/webs.uab.cat\/oic\/wp-json\/wp\/v2\/media?parent=387"}],"curies":[{"name":"wp","href":"https:\/\/api.w.org\/{rel}","templated":true}]}}