{"id":392,"date":"2011-11-03T13:11:40","date_gmt":"2011-11-03T11:11:40","guid":{"rendered":"https:\/\/webs.uab.cat\/oic\/doctorat\/"},"modified":"2011-11-03T13:11:40","modified_gmt":"2011-11-03T11:11:40","slug":"doctorat","status":"publish","type":"page","link":"https:\/\/webs.uab.cat\/oic\/doctorat\/","title":{"rendered":"Doctorat"},"content":{"rendered":"<h2>Doctorat<\/h2>\n<p style=\"text-align: justify;\">Els investigadors de l&#8217;OIC imparteixen doc\u00e8ncia en doctorats oficials de diferents universitats espanyoles i iberoamericanes.<\/p>\n<p style=\"text-align: justify;\">A la Universitat Aut\u00f2noma de Barcelona, els docents del OIC dirigeixen tesis doctorals en el marc del programa de doctorat en <a href=\"http:\/\/www.uab.cat\/servlet\/Satellite\/postgrado\/doctorados\/ciencias-sociales\/informacion-general\/comunicacion-y-periodismo-1096483530891.html?param1=2011&amp;param2=1090573141859\">Comunicaci\u00f3 i Periodisme<\/a>.<\/p>\n<p style=\"text-align: justify;\">Per a la orientaci\u00f3 i direcci\u00f3 de tesis doctorals, els professors del OIC accepten projectes que es troben dins de les <a href=\"http:\/\/centresderecerca.uab.cat\/oic\/ca\/content\/recerca\">l\u00ednies de recerca<\/a> priorit\u00e0ries per al grup:<\/p>\n<ul>\n<li>Societat de la informaci\u00f3, tecnologia i globalitzaci\u00f3&nbsp;<\/li>\n<li>Pol\u00edtiques  de comunicaci\u00f3, regulaci\u00f3 i sistema de mitjans&nbsp;<\/li>\n<li>Sector  audiovisual, integraci\u00f3 regional i diversitat cultural&nbsp;<\/li>\n<li>Continguts  dels mitjans i noves din\u00e0miques socials <\/li>\n<\/ul>\n<p style=\"text-align: justify;\">&nbsp;<\/p>\n","protected":false},"excerpt":{"rendered":"<p>Doctorat Els investigadors de l&#8217;OIC imparteixen doc\u00e8ncia en doctorats oficials de diferents universitats espanyoles i iberoamericanes. A la Universitat Aut\u00f2noma de Barcelona, els docents del OIC dirigeixen tesis doctorals en el marc del programa de doctorat en Comunicaci\u00f3 i Periodisme. Per a la orientaci\u00f3 i direcci\u00f3 de tesis doctorals, els professors del OIC accepten projectes [&hellip;]<\/p>\n","protected":false},"author":20,"featured_media":0,"parent":0,"menu_order":0,"comment_status":"closed","ping_status":"closed","template":"","meta":{"footnotes":""},"class_list":["post-392","page","type-page","status-publish","hentry"],"_links":{"self":[{"href":"https:\/\/webs.uab.cat\/oic\/wp-json\/wp\/v2\/pages\/392","targetHints":{"allow":["GET"]}}],"collection":[{"href":"https:\/\/webs.uab.cat\/oic\/wp-json\/wp\/v2\/pages"}],"about":[{"href":"https:\/\/webs.uab.cat\/oic\/wp-json\/wp\/v2\/types\/page"}],"author":[{"embeddable":true,"href":"https:\/\/webs.uab.cat\/oic\/wp-json\/wp\/v2\/users\/20"}],"replies":[{"embeddable":true,"href":"https:\/\/webs.uab.cat\/oic\/wp-json\/wp\/v2\/comments?post=392"}],"version-history":[{"count":0,"href":"https:\/\/webs.uab.cat\/oic\/wp-json\/wp\/v2\/pages\/392\/revisions"}],"wp:attachment":[{"href":"https:\/\/webs.uab.cat\/oic\/wp-json\/wp\/v2\/media?parent=392"}],"curies":[{"name":"wp","href":"https:\/\/api.w.org\/{rel}","templated":true}]}}