{"id":438,"date":"2011-02-19T12:19:28","date_gmt":"2011-02-19T10:19:28","guid":{"rendered":"https:\/\/webs.uab.cat\/oic\/metrica-sociedad-informacion\/"},"modified":"2022-10-06T08:54:17","modified_gmt":"2022-10-06T06:54:17","slug":"metrica-sociedad-informacion","status":"publish","type":"page","link":"https:\/\/webs.uab.cat\/oic\/metrica-sociedad-informacion\/","title":{"rendered":"M\u00e8trica de la societat de la informaci\u00f3"},"content":{"rendered":"\n<p>La investigaci\u00f3 <em>Nova tecnologia de la informaci\u00f3 i canvi comunicatiu en les comunitats aut\u00f2nomes espanyoles<\/em> ha estat realitzada per les universitats Aut\u00f2noma de Barcelona (coordinadora del projecte), de Alacant, de M\u00e0laga, de Santiago de Compostela, del Pa\u00eds Basc i Europea de Madrid, en el marc del programa d&#8217;ajuts a Projectes d&#8217;Investigaci\u00f3 Cient\u00edfica i Desenvolupament Tecnol\u00f2gic del Ministeri d&#8217;Educaci\u00f3 i Ci\u00e8ncia (refer\u00e8ncia SEC-2003\/07024). Aquest grup de recerca, constitu\u00eft a partir de l&#8217;execuci\u00f3 del projecte en xarxa interuniversit\u00e0ria estable (Xarxa LOCALCOM), ha creat un model d&#8217;indicadors que permet comparar la incid\u00e8ncia de les noves tecnologies de la informaci\u00f3 i la comunicaci\u00f3 (TIC) a les comunitats aut\u00f2nomes espanyoles, que avalua les diferents realitats locals i que facilita als responsables p\u00fablics i empresaris la presa de decisions en pol\u00edtiques d&#8217;impuls a la Societat de la Informaci\u00f3.<\/p>\n\n\n\n<p>En s\u00edntesi, la investigaci\u00f3 quantifica el canvi comunicatiu en els diferents espais locals analitzats i ho fa a partir de l&#8217;an\u00e0lisi comparativa de les oportunitats, les infraestructures i els usos que configuren les noves relacions digitals ; l&#8217;estudi de les pol\u00edtiques de reequilibri territorial en tecnologies de la informaci\u00f3 i la comunicaci\u00f3, i de la interpretaci\u00f3 del paper realitzat per les institucions locals i els actors socials per definir les estrat\u00e8gies en els \u00e0mbits de les infraestructures, els continguts i els serveis.<\/p>\n\n\n\n<p>&nbsp;<\/p>\n","protected":false},"excerpt":{"rendered":"<p>La investigaci\u00f3 Nova tecnologia de la informaci\u00f3 i canvi comunicatiu en les comunitats aut\u00f2nomes espanyoles ha estat realitzada per les universitats Aut\u00f2noma de Barcelona (coordinadora del projecte), de Alacant, de M\u00e0laga, de Santiago de Compostela, del Pa\u00eds Basc i Europea de Madrid, en el marc del programa d&#8217;ajuts a Projectes d&#8217;Investigaci\u00f3 Cient\u00edfica i Desenvolupament Tecnol\u00f2gic [&hellip;]<\/p>\n","protected":false},"author":20,"featured_media":0,"parent":0,"menu_order":0,"comment_status":"closed","ping_status":"closed","template":"","meta":{"footnotes":""},"class_list":["post-438","page","type-page","status-publish","hentry"],"_links":{"self":[{"href":"https:\/\/webs.uab.cat\/oic\/wp-json\/wp\/v2\/pages\/438","targetHints":{"allow":["GET"]}}],"collection":[{"href":"https:\/\/webs.uab.cat\/oic\/wp-json\/wp\/v2\/pages"}],"about":[{"href":"https:\/\/webs.uab.cat\/oic\/wp-json\/wp\/v2\/types\/page"}],"author":[{"embeddable":true,"href":"https:\/\/webs.uab.cat\/oic\/wp-json\/wp\/v2\/users\/20"}],"replies":[{"embeddable":true,"href":"https:\/\/webs.uab.cat\/oic\/wp-json\/wp\/v2\/comments?post=438"}],"version-history":[{"count":1,"href":"https:\/\/webs.uab.cat\/oic\/wp-json\/wp\/v2\/pages\/438\/revisions"}],"predecessor-version":[{"id":2703,"href":"https:\/\/webs.uab.cat\/oic\/wp-json\/wp\/v2\/pages\/438\/revisions\/2703"}],"wp:attachment":[{"href":"https:\/\/webs.uab.cat\/oic\/wp-json\/wp\/v2\/media?parent=438"}],"curies":[{"name":"wp","href":"https:\/\/api.w.org\/{rel}","templated":true}]}}