{"id":439,"date":"2012-11-06T19:13:40","date_gmt":"2012-11-06T17:13:40","guid":{"rendered":"https:\/\/webs.uab.cat\/oic\/modelo-localcom\/"},"modified":"2012-11-06T19:13:40","modified_gmt":"2012-11-06T17:13:40","slug":"modelo-localcom","status":"publish","type":"page","link":"https:\/\/webs.uab.cat\/oic\/modelo-localcom\/","title":{"rendered":"Model Localcom"},"content":{"rendered":"<p class=\"rtejustify\">El model Localcom creat pel grup de recerca per analitzar el c\u00famul de circumst\u00e0ncies socials, econ\u00f2miques, tecnol\u00f2giques i culturals que impulsen o alenteixen el desplegament de l&#8217;anomenada Societat de la Informaci\u00f3 en les comunitats aut\u00f2nomes espanyoles, es val, en el pla quantitatiu, de una s\u00e8rie d&#8217;indicadors estad\u00edstics que, entre els disponibles per l&#8217;univers estudiat, s\u00f3n els que reflecteixen amb major fidelitat les relacions org\u00e0niques que es pret\u00e9n descriure. Des d&#8217;aquesta perspectiva, el model, m\u00e9s que una mera abstracci\u00f3 te\u00f2rica, constitueix una eina metodol\u00f2gica apropiada per analitzar l&#8217;impacte que sobre l&#8217;espai local t\u00e9 el canvi comunicatiu producte de la difusi\u00f3 de les TIC.<\/p>\n<p style=\"text-align:center\"><img loading=\"lazy\" decoding=\"async\" alt=\"\" height=\"765\" src=\"http:\/\/centresderecerca.uab.cat\/oic\/sites\/centresderecerca.uab.cat.oic\/files\/images\/Modelo Localcom.jpg\" width=\"1162\" \/><\/p>\n<p class=\"rtejustify\">De l&#8217;an\u00e0lisi estad\u00edstica es va construir un model de capes amb depend\u00e8ncia seq\u00fcencial, compost per vint indicadors. A l&#8217;eix vertical es situen les tres categories fonamentals: oportunitats, definides com els recursos econ\u00f2mics i educatius que serveixen de base per a la implantaci\u00f3 de les TIC, les infraestructures, \u00e9s a dir, les xarxes i equipaments que garanteixen la connectivitat de les llars i de els ciutadans en el nou entorn digital, i els usos avan\u00e7ats de les xarxes tant a escala institucional (empreses, ajuntaments), com per part d&#8217;aquells usuaris que aprofiten de manera intensiva aquests recursos.<\/p>\n<p class=\"rtejustify\">L&#8217;eix horitzontal permet una segona lectura perqu\u00e8 agrupa els indicadors segons el rol que juguen dins del model, \u00e9s a dir, si constitueixen recursos disponibles que permeten satisfer una necessitat, o si s\u00f3n actuacions que afegeixen valor a aquells recursos preexistents.<\/p>\n<p class=\"rtejustify\">Per mesurar la incid\u00e8ncia del canvi comunicatiu en les comunitats aut\u00f2nomes espanyoles, es va dissenyar l&#8217;\u00cdndex Localcom que segueix la mateixa metodologia que l&#8217;\u00cdndex d&#8217;Acc\u00e9s Digital, IAD (UIT), el \u00cdndex de Desenvolupament Hum\u00e0, IDH (PNUD) i l&#8217;\u00cdndex d&#8217;Oportunitats Digitals, IOD (UIT). L&#8217;\u00edndex Localcom permet agrupar els indicadors i usar punts de refer\u00e8ncia m\u00e0xims i m\u00ednims per normalitzar les xifres. Aquesta metodologia ofereix diversos avantatges. En primer lloc, \u00e9s una eina directa i transparent, ja que els valors referencials s\u00f3n identificables i els c\u00e0lculs clars. En segon lloc, l&#8217;\u00fas d&#8217;aquest tipus de pautes estableix metes a les quals les comunitats aut\u00f2nomes poden aspirar i es creen par\u00e0metres per assolir-les. Tercer, agrupar d&#8217;aquesta manera els indicadors permet que les comunitats identifiquin les seves fortaleses i debilitats, el que \u00e9s indispensable perqu\u00e8 els responsables dissenyin pol\u00edtiques en el context de la Societat de la Informaci\u00f3. Quart, \u00e9s factible fer un seguiment temporal de l&#8217;\u00edndex, imprescindible per a l&#8217;avaluaci\u00f3 de les pol\u00edtiques.<\/p>\n<p>&nbsp;<\/p>\n","protected":false},"excerpt":{"rendered":"<p>El model Localcom creat pel grup de recerca per analitzar el c\u00famul de circumst\u00e0ncies socials, econ\u00f2miques, tecnol\u00f2giques i culturals que impulsen o alenteixen el desplegament de l&#8217;anomenada Societat de la Informaci\u00f3 en les comunitats aut\u00f2nomes espanyoles, es val, en el pla quantitatiu, de una s\u00e8rie d&#8217;indicadors estad\u00edstics que, entre els disponibles per l&#8217;univers estudiat, s\u00f3n [&hellip;]<\/p>\n","protected":false},"author":20,"featured_media":0,"parent":0,"menu_order":0,"comment_status":"closed","ping_status":"closed","template":"","meta":{"footnotes":""},"class_list":["post-439","page","type-page","status-publish","hentry"],"_links":{"self":[{"href":"https:\/\/webs.uab.cat\/oic\/wp-json\/wp\/v2\/pages\/439","targetHints":{"allow":["GET"]}}],"collection":[{"href":"https:\/\/webs.uab.cat\/oic\/wp-json\/wp\/v2\/pages"}],"about":[{"href":"https:\/\/webs.uab.cat\/oic\/wp-json\/wp\/v2\/types\/page"}],"author":[{"embeddable":true,"href":"https:\/\/webs.uab.cat\/oic\/wp-json\/wp\/v2\/users\/20"}],"replies":[{"embeddable":true,"href":"https:\/\/webs.uab.cat\/oic\/wp-json\/wp\/v2\/comments?post=439"}],"version-history":[{"count":0,"href":"https:\/\/webs.uab.cat\/oic\/wp-json\/wp\/v2\/pages\/439\/revisions"}],"wp:attachment":[{"href":"https:\/\/webs.uab.cat\/oic\/wp-json\/wp\/v2\/media?parent=439"}],"curies":[{"name":"wp","href":"https:\/\/api.w.org\/{rel}","templated":true}]}}