{"id":441,"date":"2011-02-19T12:37:37","date_gmt":"2011-02-19T10:37:37","guid":{"rendered":"https:\/\/webs.uab.cat\/oic\/espacio-audiovisual-oic\/"},"modified":"2022-10-05T14:52:43","modified_gmt":"2022-10-05T12:52:43","slug":"espacio-audiovisual-oic","status":"publish","type":"page","link":"https:\/\/webs.uab.cat\/oic\/espacio-audiovisual-oic\/","title":{"rendered":"L&#8217;espai audiovisual"},"content":{"rendered":"\n<p>El <a href=\"http:\/\/webs.uab.cat\/oic\/volumen1n1\"> N\u00famero 1 de <em>Conexiones. Revista Iberoamericana de Comunicaci\u00f3n<\/em><\/a> t\u00e9 car\u00e0cter monogr\u00e0fic i est\u00e0 dedicat a presentar diverses aproximacions nacionals a l&#8217;espai audiovisual iberoameric\u00e0. Es recullen en ell sis contribucions originals sobre l&#8217;estat del sector a Argentina, Brasil, Xile, Col\u00f2mbia, M\u00e8xic i Vene\u00e7uela. En general, els autors aborden unes situacions hist\u00f2riques i unes d\u00e8cades durant les quals la ind\u00fastria audiovisual de la regi\u00f3 es va transformar en un potent actor de la ind\u00fastria cultural mundial, generant un significatiu mercat geocultural en llengua portuguesa i espanyola, al mateix temps que es consolidaven grans grups empresarials com Globus o Televisa.<\/p>\n\n\n\n<p>&nbsp;<\/p>\n","protected":false},"excerpt":{"rendered":"<p>El N\u00famero 1 de Conexiones. Revista Iberoamericana de Comunicaci\u00f3n t\u00e9 car\u00e0cter monogr\u00e0fic i est\u00e0 dedicat a presentar diverses aproximacions nacionals a l&#8217;espai audiovisual iberoameric\u00e0. Es recullen en ell sis contribucions originals sobre l&#8217;estat del sector a Argentina, Brasil, Xile, Col\u00f2mbia, M\u00e8xic i Vene\u00e7uela. En general, els autors aborden unes situacions hist\u00f2riques i unes d\u00e8cades durant [&hellip;]<\/p>\n","protected":false},"author":20,"featured_media":0,"parent":0,"menu_order":0,"comment_status":"closed","ping_status":"closed","template":"","meta":{"footnotes":""},"class_list":["post-441","page","type-page","status-publish","hentry"],"_links":{"self":[{"href":"https:\/\/webs.uab.cat\/oic\/wp-json\/wp\/v2\/pages\/441","targetHints":{"allow":["GET"]}}],"collection":[{"href":"https:\/\/webs.uab.cat\/oic\/wp-json\/wp\/v2\/pages"}],"about":[{"href":"https:\/\/webs.uab.cat\/oic\/wp-json\/wp\/v2\/types\/page"}],"author":[{"embeddable":true,"href":"https:\/\/webs.uab.cat\/oic\/wp-json\/wp\/v2\/users\/20"}],"replies":[{"embeddable":true,"href":"https:\/\/webs.uab.cat\/oic\/wp-json\/wp\/v2\/comments?post=441"}],"version-history":[{"count":1,"href":"https:\/\/webs.uab.cat\/oic\/wp-json\/wp\/v2\/pages\/441\/revisions"}],"predecessor-version":[{"id":2517,"href":"https:\/\/webs.uab.cat\/oic\/wp-json\/wp\/v2\/pages\/441\/revisions\/2517"}],"wp:attachment":[{"href":"https:\/\/webs.uab.cat\/oic\/wp-json\/wp\/v2\/media?parent=441"}],"curies":[{"name":"wp","href":"https:\/\/api.w.org\/{rel}","templated":true}]}}