{"id":442,"date":"2011-02-19T12:42:34","date_gmt":"2011-02-19T10:42:34","guid":{"rendered":"https:\/\/webs.uab.cat\/oic\/cooperacion-desarrollo\/"},"modified":"2022-10-05T14:29:22","modified_gmt":"2022-10-05T12:29:22","slug":"cooperacion-desarrollo","status":"publish","type":"page","link":"https:\/\/webs.uab.cat\/oic\/cooperacion-desarrollo\/","title":{"rendered":"Cooperaci\u00f3 internacional per al desenvolupament"},"content":{"rendered":"<div class=\"wp-block-image\">\n<figure class=\"aligncenter is-resized\"><a href=\"http:\/\/www.comunicacionsocial.es\/cs\/index.php?option=com_wrapper&amp;view=wrapper&amp;Itemid=78&amp;CADENA=978-84-92860-39-5&amp;BUSQUEDA=NO&amp;MODO=DETALLE&amp;CB=0\"><img loading=\"lazy\" decoding=\"async\" src=\"http:\/\/centresderecerca.uab.cat\/oic\/sites\/centresderecerca.uab.cat.oic\/files\/images\/Libro IPS.jpg\" alt=\"\" width=\"221\" height=\"309\"\/><\/a><\/figure>\n<\/div>\n\n\n<p>En el context d&#8217;un debat ampli i en construcci\u00f3 sobre el comprom\u00eds que tenen expl\u00edcitament o impl\u00edcitament els mitjans de comunicaci\u00f3 com a actors del proc\u00e9s social vinculat a l&#8217;ajuda i la cooperaci\u00f3 internacional per al desenvolupament, el nostre grup ha realitzat la investigaci\u00f3 <em>La premsa i la cooperaci\u00f3 internacional. Cobertura de la cooperaci\u00f3 per al desenvolupament en nou diaris europeus<\/em>. \u00c9s el resultat d&#8217;un projecte de col.laboraci\u00f3 entre l&#8217;ag\u00e8ncia internacional Inter Press Service (IPS), l&#8217;Ag\u00e8ncia Espanyola de Cooperaci\u00f3 Internacional per al Desenvolupament (AECID) i el Grup d&#8217;Investigacions sobre la Informaci\u00f3 (GII) de l&#8217;Observatori Iberoameric\u00e0 de la Comunicaci\u00f3 de la Universitat Aut\u00f2noma de Barcelona (UAB).<\/p>\n\n\n\n<p>Al llarg de tres mesos es van analitzar nou diaris de refer\u00e8ncia europeus: tres espanyols (ABC, El Pa\u00eds i La Vanguardia), tres francesos (Le Figaro, Le Monde i Lib\u00e9ration) i tres anglesos (The Daily Telegraph, The Guardian i The Times). Cada un dels diaris seleccionats es va codificar a dos nivells: En un primer nivell es va procedir al buidatge dels continguts redaccionals dels diaris en funci\u00f3 de les seccions, identificant un total de 86.859 unitats Period\u00edstiques (UP). D&#8217;aquestes, es discriminar 3025 relacionades amb la Cooperaci\u00f3 per al Desenvolupament (UPC). En el segon nivell es va aplicar un q\u00fcestionari d&#8217;an\u00e0lisi de contingut integrat per variables vinculades a aspectes period\u00edstics (extensi\u00f3 de la informaci\u00f3, secci\u00f3, autoria, jerarquitzaci\u00f3, etc.), Contextuals (pa\u00eds d&#8217;edici\u00f3, cap\u00e7alera, protagonisme institucional, etc.) I tem\u00e0tics (acc\u00e9s a la salut, a l&#8217;educaci\u00f3, governabilitat, protecci\u00f3 del medi ambient, etc.).<\/p>\n\n\n\n<p>Per a la realitzaci\u00f3 d&#8217;aquest estudi s&#8217;ha dissenyat una eina electr\u00f2nica integrada per un Formulari de Codificaci\u00f3 de setanta-set entrades (disset variables b\u00e0siques i seixanta descriptors tem\u00e0tics) que en emplenar en l\u00ednia alimenta autom\u00e0ticament una base de dades permanentment disponible per al treball en xarxa. La disponibilitat permanent dels formularis enviats per l&#8217;eina de treball en l\u00ednia permet processar peri\u00f2dicament les dades mitjan\u00e7ant el programari d&#8217;an\u00e0lisi estad\u00edstica, generar les taules i gr\u00e0fics amb resultats parcials i finals, escometre la corresponent an\u00e0lisi i arribar a conclusions.<\/p>\n\n\n\n<p>&nbsp;<\/p>\n","protected":false},"excerpt":{"rendered":"<p>En el context d&#8217;un debat ampli i en construcci\u00f3 sobre el comprom\u00eds que tenen expl\u00edcitament o impl\u00edcitament els mitjans de comunicaci\u00f3 com a actors del proc\u00e9s social vinculat a l&#8217;ajuda i la cooperaci\u00f3 internacional per al desenvolupament, el nostre grup ha realitzat la investigaci\u00f3 La premsa i la cooperaci\u00f3 internacional. Cobertura de la cooperaci\u00f3 per [&hellip;]<\/p>\n","protected":false},"author":20,"featured_media":0,"parent":0,"menu_order":0,"comment_status":"closed","ping_status":"closed","template":"","meta":{"footnotes":""},"class_list":["post-442","page","type-page","status-publish","hentry"],"_links":{"self":[{"href":"https:\/\/webs.uab.cat\/oic\/wp-json\/wp\/v2\/pages\/442","targetHints":{"allow":["GET"]}}],"collection":[{"href":"https:\/\/webs.uab.cat\/oic\/wp-json\/wp\/v2\/pages"}],"about":[{"href":"https:\/\/webs.uab.cat\/oic\/wp-json\/wp\/v2\/types\/page"}],"author":[{"embeddable":true,"href":"https:\/\/webs.uab.cat\/oic\/wp-json\/wp\/v2\/users\/20"}],"replies":[{"embeddable":true,"href":"https:\/\/webs.uab.cat\/oic\/wp-json\/wp\/v2\/comments?post=442"}],"version-history":[{"count":1,"href":"https:\/\/webs.uab.cat\/oic\/wp-json\/wp\/v2\/pages\/442\/revisions"}],"predecessor-version":[{"id":2502,"href":"https:\/\/webs.uab.cat\/oic\/wp-json\/wp\/v2\/pages\/442\/revisions\/2502"}],"wp:attachment":[{"href":"https:\/\/webs.uab.cat\/oic\/wp-json\/wp\/v2\/media?parent=442"}],"curies":[{"name":"wp","href":"https:\/\/api.w.org\/{rel}","templated":true}]}}