{"id":479,"date":"2014-10-20T13:38:11","date_gmt":"2014-10-20T11:38:11","guid":{"rendered":"https:\/\/webs.uab.cat\/oic\/presentacio-icc\/"},"modified":"2022-10-05T15:18:46","modified_gmt":"2022-10-05T13:18:46","slug":"presentacio-icc","status":"publish","type":"page","link":"https:\/\/webs.uab.cat\/oic\/presentacio-icc\/","title":{"rendered":"Presentacio-ICC"},"content":{"rendered":"\n<h2 class=\"wp-block-heading\">La transformaci\u00f3 de les ind\u00fastries culturals i creatives a Espanya: canvi digital, competitivitat, ocupaci\u00f3 i contribuci\u00f3 al benestar social en l&#8217;Horitz\u00f3 2020<\/h2>\n\n\n\n<p>El projecte <em>La transformaci\u00f3 de les ind\u00fastries culturals i creatives a Espanya: canvi digital, competitivitat, ocupaci\u00f3 i contribuci\u00f3 al benestar social en l&#8217;Horitz\u00f3 2020<\/em> forma part del Pla Nacional d&#8217;I + D + I, finan\u00e7at pel Ministerio de Econom\u00eda y Competitividad.<\/p>\n\n\n\n<p>\u00a0\u00a0\u00a0 \u00bb <a href=\"#RESU\"><strong>Resum<\/strong><\/a><br>\u00a0\u00a0\u00a0 \u00bb <strong><a href=\"#EQU\">Finalitat del projecte<\/a><\/strong><\/p>\n\n\n\n<h3 class=\"wp-block-heading\" id=\"RESU\">Resum<\/h3>\n\n\n\n<p>Les ind\u00fastries culturals i creatives (ICC) s\u00f3n un dels sectors considerats claus per la Uni\u00f3 Europea en el marc de l&#8217;estrat\u00e8gia Horitz\u00f3 2020 (COM-2011 808 final). No obstant aix\u00f2, les estad\u00edstiques oficials (Eurostat, INE, Ministeri d&#8217;Educaci\u00f3, Cultura i Esports) demostren que Espanya no es troba harmonitzada respecte a la mitjana europea en aquest \u00e0mbit i que no s&#8217;utilitzen criteris homogenis per avaluar el seu desenvolupament i les seves potencialitats.<\/p>\n\n\n\n<p>Davant d&#8217;aquest escenari, el present projecte t\u00e9 com a objectius principals: establir un model innovador per a l&#8217;an\u00e0lisi de les ind\u00fastries culturals i creatives a les comunitats aut\u00f2nomes espanyoles amb \u00e8mfasi en el desenvolupament de les tecnologies digitals emergents; elaborar una cartografia dels recursos i infraestructures existents que identifiqui els nuclis d&#8217;excel\u00b7l\u00e8ncia per a la competitivitat internacional; i crear un bar\u00f2metre de les ICC a Espanya els resultats proporcionin informaci\u00f3 clau per a la presa de decisions estrat\u00e8giques en aquest sector.<\/p>\n\n\n\n<p>El projecte desenvolupar\u00e0 un nou enfocament de mesurament de les ICC a Espanya, alineat amb els criteris europeus i internacionals; aportar\u00e0 indicadors estad\u00edstics renovats i una plataforma de difusi\u00f3 accessible que permetin al sector prendre decisions estrat\u00e8giques; i identificar sota quines condicions aquestes ind\u00fastries poden generar din\u00e0miques de desenvolupament, ocupaci\u00f3 i benestar social.<\/p>\n\n\n\n<h2 class=\"wp-block-heading\" id=\"EQU\">Finalitat del projecte<\/h2>\n\n\n\n<p>El projecte t\u00e9 la finalitat d&#8217;aportar un nou enfocament a l&#8217;estudi de les ind\u00fastries culturals i creatives (ICC) a Espanya, identificant, mitjan\u00e7ant una metodologia harmonitzada i comparable, com evolucionen en l&#8217;actual context de canvi digital i en quina mesura contribueixen a la generaci\u00f3 d&#8217;ocupaci\u00f3 i al benestar social.<\/p>\n\n\n\n<p>La investigaci\u00f3 ha de facilitar a les empreses ia les administracions p\u00fabliques informaci\u00f3 estrat\u00e8gica \u00fatil per al desplegament de les ICC. Desitgem d&#8217;aquesta manera: a) definir les estructures, necessitats i reptes d&#8217;aquestes ind\u00fastries; b) avaluar el potencial de les ICC en la generaci\u00f3 de noves oportunitats d&#8217;ocupaci\u00f3 i benestar social; ic) millorar la seva viabilitat en el marc de l&#8217;estrat\u00e8gia europea Horitz\u00f3 2020.<\/p>\n\n\n\n<p>L&#8217;enfocament proposat per estudiar i intervenir sobre les ICC t\u00e9 en compte dos aspectes fonamentals: en primer lloc, la necessitat de proporcionar coneixement i an\u00e0lisi des de la perspectiva de l&#8217;espai local -tamb\u00e9 denominat com regional a la bibliografia internacional- ent\u00e8s jur\u00eddica i constitucionalment en el nostre pa\u00eds com territoris auton\u00f2mics o autonomies; i, en segon lloc, l&#8217;oportunitat de mesurar l&#8217;impacte i les possibilitats que obren per al sector analitzat les innovacions associades al tr\u00e0nsit als entorns digitals.<\/p>\n\n\n\n<p>Aquest projecte est\u00e0 en sintonia amb els objectius de l&#8217;Estrat\u00e8gia espanyola de ci\u00e8ncia i tecnologia i d&#8217;innovaci\u00f3 2013-2020, que ent\u00e9n que: &#8220;La realitat territorial -regional i local constitueix un element crucial que determina la promoci\u00f3 del desenvolupament econ\u00f2mic i social, propicia o inhibeix la competitivitat de les petites i mitjanes empreses i condiciona la capacitat de resposta davant els reptes de la globalitzaci\u00f3. Els sistemes regionals i locals de producci\u00f3 s&#8217;han d&#8217;enfrontar aquests reptes recolzant-se en un nou enfocament que permeti al seu teixit empresarial, particularment les Pimes, desenvolupar un alt potencial de creixement a partir la seva obertura cap a mercats globals i especialment cap demandes especialitzades, moltes d&#8217;elles en n\u00ednxols de mercat emergents i amb un elevat component d&#8217;innovaci\u00f3 que facilita la seva inserci\u00f3 en les cadenes i xarxes globals de producci\u00f3 &#8220;(Ministeri d&#8217;Economia i Competitivitat, 2013, p\u00e0g. 36).<\/p>\n\n\n\n<p>Es tracta per tant de dotar les ind\u00fastries de base creativa i cultural espanyoles de sistemes d&#8217;informaci\u00f3 estrat\u00e8gica que puguin contribuir a millorar les capacitats t\u00e8cniques, d&#8217;innovaci\u00f3 i productives existents a les comunitats aut\u00f2nomes a fi d&#8217;impulsar un enfocament complementari territorialment i que proporcioni una visi\u00f3 panor\u00e0mica en el pla nacional, establint una millor connexi\u00f3 amb els objectius de l&#8217;Horitz\u00f3 2020 (Programa Marc COM-2011).<\/p>\n\n\n\n<p>En s\u00edntesi, el projecte es planteja l&#8217;elaboraci\u00f3 d&#8217;una metodologia espec\u00edfica per a la recerca i sistematitzaci\u00f3 de dades auton\u00f2mics sobre les ICC; aix\u00ed com la seva representaci\u00f3 inform\u00e0tica, amb an\u00e0lisi de recursos i infraestructures existents i la generaci\u00f3 d&#8217;un bar\u00f2metre a partir de l&#8217;elaboraci\u00f3 d&#8217;una base de dades pr\u00f2pia. Finalment, el projecte es proposa establir un model d&#8217;an\u00e0lisi sobre les ind\u00fastries culturals i creatives en les comunitats aut\u00f2nomes d&#8217;Espanya, els instruments de mesura continguin categories que permetin extreure informaci\u00f3 tant dels indicadors vinculats directament a l&#8217;objecte d&#8217;estudi, com d&#8217;aquells altres indicadors que aportin elements per a la representaci\u00f3 del context o per al de an\u00e0lisi prospectiva.<\/p>\n","protected":false},"excerpt":{"rendered":"<p>La transformaci\u00f3 de les ind\u00fastries culturals i creatives a Espanya: canvi digital, competitivitat, ocupaci\u00f3 i contribuci\u00f3 al benestar social en l&#8217;Horitz\u00f3 2020 El projecte La transformaci\u00f3 de les ind\u00fastries culturals i creatives a Espanya: canvi digital, competitivitat, ocupaci\u00f3 i contribuci\u00f3 al benestar social en l&#8217;Horitz\u00f3 2020 forma part del Pla Nacional d&#8217;I + D + [&hellip;]<\/p>\n","protected":false},"author":20,"featured_media":0,"parent":0,"menu_order":0,"comment_status":"closed","ping_status":"closed","template":"","meta":{"footnotes":""},"class_list":["post-479","page","type-page","status-publish","hentry"],"_links":{"self":[{"href":"https:\/\/webs.uab.cat\/oic\/wp-json\/wp\/v2\/pages\/479","targetHints":{"allow":["GET"]}}],"collection":[{"href":"https:\/\/webs.uab.cat\/oic\/wp-json\/wp\/v2\/pages"}],"about":[{"href":"https:\/\/webs.uab.cat\/oic\/wp-json\/wp\/v2\/types\/page"}],"author":[{"embeddable":true,"href":"https:\/\/webs.uab.cat\/oic\/wp-json\/wp\/v2\/users\/20"}],"replies":[{"embeddable":true,"href":"https:\/\/webs.uab.cat\/oic\/wp-json\/wp\/v2\/comments?post=479"}],"version-history":[{"count":1,"href":"https:\/\/webs.uab.cat\/oic\/wp-json\/wp\/v2\/pages\/479\/revisions"}],"predecessor-version":[{"id":2618,"href":"https:\/\/webs.uab.cat\/oic\/wp-json\/wp\/v2\/pages\/479\/revisions\/2618"}],"wp:attachment":[{"href":"https:\/\/webs.uab.cat\/oic\/wp-json\/wp\/v2\/media?parent=479"}],"curies":[{"name":"wp","href":"https:\/\/api.w.org\/{rel}","templated":true}]}}